{"id":24509,"date":"2025-12-22T11:32:32","date_gmt":"2025-12-22T03:32:32","guid":{"rendered":"https:\/\/yebodaglass.com\/?post_type=product&#038;p=24509"},"modified":"2026-04-13T15:43:41","modified_gmt":"2026-04-13T07:43:41","slug":"borosilicate-big-glass-jar-with-lid-for-storage-wholesale","status":"publish","type":"product","link":"https:\/\/yebodaglass.com\/es\/borosilicate-big-glass-jar-with-lid-for-storage-wholesale\/","title":{"rendered":"Frasco grande de vidrio de borosilicato con tapa (1360 ml y 1800 ml) para almacenamiento al por mayor"},"content":{"rendered":"<p>El tarro de cristal con tapa tiene forma cil\u00edndrica y est\u00e1 fabricado con vidrio de borosilicato ultratransparente. El producto cuenta con un cuerpo de vidrio sin juntas visibles, dise\u00f1ado para crear un cierre herm\u00e9tico contra la humedad gracias a su tapa de bamb\u00fa natural y su anillo de sellado de silicona apta para uso alimentario.<\/p>\n<h2>Caracter\u00edsticas del producto<\/h2>\n<ul>\n<li><strong>Material de vidrio de borosilicato:<\/strong> El producto est\u00e1 fabricado con vidrio de borosilicato apto para uso alimentario, que proporciona una alta transparencia y protege contra cambios extremos de temperatura, a la vez que resulta seguro e inodoro.<\/li>\n<li><strong>Dise\u00f1o de tapa con cierre herm\u00e9tico de bamb\u00fa natural:<\/strong> La combinaci\u00f3n de la tapa de bamb\u00fa natural y el anillo de sellado de silicona apta para uso alimentario crea un sistema de sellado que ofrece una capacidad de sellado superior.<\/li>\n<li><strong>Boca ancha para facilitar la limpieza:<\/strong> Su dise\u00f1o de boca ancha permite a los usuarios acceder a sus alimentos y realizar una limpieza a fondo, a la vez que se adapta a las diferentes necesidades de almacenamiento en la cocina.<\/li>\n<\/ul>\n<h2>Especificaciones clave<\/h2>\n<table style=\"border-collapse: collapse; width: 80%; margin-left: auto; margin-right: auto;\" border=\"0\" width=\"360\" cellspacing=\"0\" cellpadding=\"0\">\n<tbody>\n<tr style=\"height: 13.50pt;\">\n<td style=\"height: 13.5pt; width: 54pt; text-align: center;\" width=\"72\" height=\"18\">Capacidad (ml)<\/td>\n<td style=\"width: 54pt; text-align: center;\" width=\"72\">Tama\u00f1o (cm)<\/td>\n<td style=\"width: 54pt; text-align: center;\" width=\"72\">Di\u00e1metro de la boca<\/td>\n<td style=\"width: 54pt; text-align: center;\" width=\"72\">Material<\/td>\n<td style=\"width: 54pt; text-align: center;\" width=\"72\">Caracter\u00edsticas<\/td>\n<\/tr>\n<tr style=\"height: 13.50pt;\">\n<td style=\"height: 13.5pt; text-align: center;\" height=\"18\">1360<\/td>\n<td style=\"text-align: center;\">12,0 x 15,0<\/td>\n<td class=\"et2\" style=\"text-align: center;\" rowspan=\"2\">120 mm<\/td>\n<td class=\"et2\" style=\"text-align: center;\" rowspan=\"2\">vidrio de borosilicato<\/td>\n<td class=\"et2\" style=\"text-align: center;\" rowspan=\"2\">Tapa de 120 mm de lados rectos<\/td>\n<\/tr>\n<tr style=\"height: 13.50pt;\">\n<td style=\"height: 13.5pt; text-align: center;\" height=\"18\">1800<\/td>\n<td style=\"text-align: center;\">12,0 x 20,0<\/td>\n<\/tr>\n<\/tbody>\n<\/table>\n<h2>Caso de \u00e9xito: Un pedido personalizado de una cadena de supermercados de cero residuos.<\/h2>\n<p>Nuestros tarros de cocina fueron elegidos por una cadena nacional de supermercados que solicit\u00f3 marcas de volumen personalizadas. Estos tarros de vidrio personalizados se hicieron populares entre los clientes gracias a su cierre herm\u00e9tico que ayuda a conservar los alimentos un 30 % m\u00e1s de tiempo, y a que las marcas de volumen les permiten reducir su compra en un 15 %. Tras el pedido inicial, realizaron un pedido de 580 000 tarros de vidrio para crear una nueva l\u00ednea de kits de almacenamiento de alimentos preenvasados.<\/p>\n<h2>Opciones de personalizaci\u00f3n de tarros de cocina<\/h2>\n<ol>\n<li><strong>Material de la tapa y estructura de sellado:<\/strong> Un frasco plano con borde de 120 mm se puede combinar con tapas de sellado de bamb\u00fa, madera o material compuesto, y se puede aumentar el espesor del anillo de sellado de silicona para lograr una mejor resistencia a la humedad y conservaci\u00f3n de la frescura.<\/li>\n<li><strong>Personalizaci\u00f3n del cuerpo del frasco:\u00a0<\/strong>El cuerpo del frasco es un soporte de soporte con pantalla, impresi\u00f3n, aplicaci\u00f3n de calcoman\u00edas, reserva de \u00e1rea de etiqueta o acabado esmerilado para cumplir con los requisitos de marca y provisi\u00f3n de informaci\u00f3n.<\/li>\n<li><strong>Espesor del vidrio e impacto:<\/strong> El vidrio de borosilicato engrosado se puede personalizar a\u00fan m\u00e1s para escenarios de rotaci\u00f3n muy frecuente en supermercados para reducir la tasa de roturas durante el proceso de transporte y almacenamiento en estanter\u00edas.<\/li>\n<\/ol>","protected":false},"excerpt":{"rendered":"<p>Elegante tarro de cristal grande con tapa y dise\u00f1o de bamb\u00fa natural. Tarros de cocina ideales para soluciones de almacenamiento modernas. Se admiten opciones de personalizaci\u00f3n con su marca. Muestras gratuitas.<\/p>","protected":false},"featured_media":24510,"template":"","meta":[],"product_brand":[],"product_cat":[137,124,122],"product_tag":[],"class_list":{"0":"post-24509","1":"product","2":"type-product","3":"status-publish","4":"has-post-thumbnail","6":"product_cat-glass-jars-with-lids","7":"product_cat-custom-glass-jars","8":"product_cat-custom-glass-packaging","10":"first","11":"instock","12":"shipping-taxable","13":"product-type-simple"},"jetpack_sharing_enabled":true,"_links":{"self":[{"href":"https:\/\/yebodaglass.com\/es\/wp-json\/wp\/v2\/product\/24509","targetHints":{"allow":["GET"]}}],"collection":[{"href":"https:\/\/yebodaglass.com\/es\/wp-json\/wp\/v2\/product"}],"about":[{"href":"https:\/\/yebodaglass.com\/es\/wp-json\/wp\/v2\/types\/product"}],"version-history":[{"count":5,"href":"https:\/\/yebodaglass.com\/es\/wp-json\/wp\/v2\/product\/24509\/revisions"}],"predecessor-version":[{"id":25766,"href":"https:\/\/yebodaglass.com\/es\/wp-json\/wp\/v2\/product\/24509\/revisions\/25766"}],"wp:featuredmedia":[{"embeddable":true,"href":"https:\/\/yebodaglass.com\/es\/wp-json\/wp\/v2\/media\/24510"}],"wp:attachment":[{"href":"https:\/\/yebodaglass.com\/es\/wp-json\/wp\/v2\/media?parent=24509"}],"wp:term":[{"taxonomy":"product_brand","embeddable":true,"href":"https:\/\/yebodaglass.com\/es\/wp-json\/wp\/v2\/product_brand?post=24509"},{"taxonomy":"product_cat","embeddable":true,"href":"https:\/\/yebodaglass.com\/es\/wp-json\/wp\/v2\/product_cat?post=24509"},{"taxonomy":"product_tag","embeddable":true,"href":"https:\/\/yebodaglass.com\/es\/wp-json\/wp\/v2\/product_tag?post=24509"}],"curies":[{"name":"wp","href":"https:\/\/api.w.org\/{rel}","templated":true}]}}