{"id":24500,"date":"2025-12-19T17:46:32","date_gmt":"2025-12-19T09:46:32","guid":{"rendered":"https:\/\/yebodaglass.com\/?post_type=product&#038;p=24500"},"modified":"2025-12-22T10:08:45","modified_gmt":"2025-12-22T02:08:45","slug":"glass-jars-with-airtight-lids-for-storage-wholesale","status":"publish","type":"product","link":"https:\/\/yebodaglass.com\/es\/glass-jars-with-airtight-lids-for-storage-wholesale\/","title":{"rendered":"Frascos de vidrio de 335 ml, 580 ml y 800 ml con tapas herm\u00e9ticas para almacenamiento al por mayor"},"content":{"rendered":"<p data-start=\"66\" data-end=\"288\">Estos frascos de vidrio resistentes y duraderos con tapas herm\u00e9ticas est\u00e1n fabricados con vidrio de borosilicato de alta calidad, lo que los hace muy transparentes y duraderos. La tapa plana con veta de madera oscura no solo es atractiva, sino que tambi\u00e9n proporciona un sellado firme y est\u00e1 disponible en tres tama\u00f1os diferentes.<\/p>\n<h2>Caracter\u00edsticas del producto<\/h2>\n<ul>\n<li><strong>Dise\u00f1o cil\u00edndrico robusto:<\/strong> El cuerpo del frasco es grueso y estable, lo que hace que sea dif\u00edcil que se vuelque y, adem\u00e1s, es lo suficientemente duradero para usarse a diario.<\/li>\n<li><strong>Sellado de alta calidad:<\/strong> La tapa de madera veteada, fabricada mediante un m\u00e9todo especial, cierra herm\u00e9ticamente el recipiente y, de este modo, los alimentos se mantienen frescos durante mucho tiempo.<\/li>\n<li><strong>Vidrio de borosilicato de grado:<\/strong> Adem\u00e1s de su excelente resistencia a los choques t\u00e9rmicos, el vidrio tambi\u00e9n es muy transparente y, por lo tanto, el contenido es visible durante mucho tiempo.<\/li>\n<\/ul>\n<h2 style=\"text-align: left;\">Especificaciones clave<\/h2>\n<table class=\"aligncenter\" style=\"border-collapse: collapse; width: 424.52pt;\" border=\"0\" width=\"566\" cellspacing=\"0\" cellpadding=\"0\">\n<tbody>\n<tr style=\"height: 13.50pt;\">\n<td style=\"height: 13.50pt; width: 107.25pt;\" width=\"143\" height=\"18\">Especificaci\u00f3n<\/td>\n<td style=\"width: 317.25pt;\" width=\"423\">Detalles<\/td>\n<\/tr>\n<tr style=\"height: 13.50pt;\">\n<td style=\"height: 13.50pt;\" height=\"18\">Capacidad<\/td>\n<td>335 ml \/ 580 ml \/ 800 ml<\/td>\n<\/tr>\n<tr style=\"height: 13.50pt;\">\n<td style=\"height: 13.50pt;\" height=\"18\">Dimensiones<\/td>\n<td>8\u00d710cm \/ 8\u00d715cm \/ 8\u00d720cm<\/td>\n<\/tr>\n<tr style=\"height: 13.50pt;\">\n<td style=\"height: 13.50pt;\" height=\"18\">Material<\/td>\n<td>Vidrio de borosilicato alto<\/td>\n<\/tr>\n<tr style=\"height: 13.50pt;\">\n<td style=\"height: 13.50pt;\" height=\"18\">Tipo de tapa<\/td>\n<td>Tapa plana con veta de madera oscura (herm\u00e9tica)<\/td>\n<\/tr>\n<tr style=\"height: 13.50pt;\">\n<td style=\"height: 13.50pt;\" height=\"18\">Di\u00e1metro de la tapa<\/td>\n<td>80 mm (uniforme en todos los tama\u00f1os)<\/td>\n<\/tr>\n<tr style=\"height: 13.50pt;\">\n<td style=\"height: 13.50pt;\" height=\"18\">Caracter\u00edstica del material<\/td>\n<td>Alta resistencia t\u00e9rmica y qu\u00edmica, claridad superior<\/td>\n<\/tr>\n<tr style=\"height: 13.50pt;\">\n<td style=\"height: 13.50pt;\" height=\"18\">Ideal para<\/td>\n<td>Frascos de vidrio con tapa herm\u00e9tica, Frascos de vidrio al por mayor<\/td>\n<\/tr>\n<\/tbody>\n<\/table>\n<h2>Caso de \u00e9xito: Soluci\u00f3n para la cadena de suministro de una tostadora de caf\u00e9<\/h2>\n<p>Esta tostadora de caf\u00e9 de tama\u00f1o mediano envas\u00f3 su producto m\u00e1s vendido en nuestros frascos de vidrio de 580 ml con tapas herm\u00e9ticas. Gracias al uso de los duraderos frascos de vidrio de borosilicato, la tostadora de caf\u00e9 vio una reducci\u00f3n del 85% en la incidencia de roturas durante el transporte y el almacenamiento. La tapa herm\u00e9tica de madera con veta fue muy eficaz para mantener los granos de caf\u00e9 frescos, y los clientes de las cafeter\u00edas informaron que el tiempo \u00f3ptimo de preparaci\u00f3n se extendi\u00f3 un 30%. Tras comprobar los beneficios operativos y financieros, han realizado un pedido de 250.000 frascos adicionales para facilitar la expansi\u00f3n de su producci\u00f3n.<\/p>\n<h2>Opciones de personalizaci\u00f3n de frascos de vidrio al por mayor<\/h2>\n<ul>\n<li>Tapas de madera maciza. Transici\u00f3n a tapas de madera maciza resistentes, seguras para los alimentos, con acabados como nogal o acacia como su elecci\u00f3n.<\/li>\n<li>Marcado de tapa, su logotipo estampado o grabado con l\u00e1ser en la madera.<\/li>\n<li>Indicaci\u00f3n de capacidad: La capacidad del frasco (por ejemplo, \u201c580 ml\u201d) se indica mediante el relieve en la parte inferior del frasco.<\/li>\n<li>Mejor sellado con una junta de silicona de grado alimenticio m\u00e1s ancha o de color. Una junta de silicona de grado alimenticio m\u00e1s ancha o de color ayuda a lograr un mejor sellado.<\/li>\n<\/ul>","protected":false},"excerpt":{"rendered":"<p>Elegantes frascos de vidrio con tapas herm\u00e9ticas para mayoristas, con cuerpos de vidrio grueso y tapas de madera natural. Descuentos disponibles por pedido al por mayor.<\/p>","protected":false},"featured_media":24504,"template":"","meta":[],"product_brand":[],"product_cat":[122,124,137],"product_tag":[],"class_list":{"0":"post-24500","1":"product","2":"type-product","3":"status-publish","4":"has-post-thumbnail","6":"product_cat-custom-glass-packaging","7":"product_cat-custom-glass-jars","8":"product_cat-glass-jars-with-lids","10":"first","11":"instock","12":"shipping-taxable","13":"product-type-simple"},"jetpack_sharing_enabled":true,"_links":{"self":[{"href":"https:\/\/yebodaglass.com\/es\/wp-json\/wp\/v2\/product\/24500","targetHints":{"allow":["GET"]}}],"collection":[{"href":"https:\/\/yebodaglass.com\/es\/wp-json\/wp\/v2\/product"}],"about":[{"href":"https:\/\/yebodaglass.com\/es\/wp-json\/wp\/v2\/types\/product"}],"version-history":[{"count":4,"href":"https:\/\/yebodaglass.com\/es\/wp-json\/wp\/v2\/product\/24500\/revisions"}],"predecessor-version":[{"id":24508,"href":"https:\/\/yebodaglass.com\/es\/wp-json\/wp\/v2\/product\/24500\/revisions\/24508"}],"wp:featuredmedia":[{"embeddable":true,"href":"https:\/\/yebodaglass.com\/es\/wp-json\/wp\/v2\/media\/24504"}],"wp:attachment":[{"href":"https:\/\/yebodaglass.com\/es\/wp-json\/wp\/v2\/media?parent=24500"}],"wp:term":[{"taxonomy":"product_brand","embeddable":true,"href":"https:\/\/yebodaglass.com\/es\/wp-json\/wp\/v2\/product_brand?post=24500"},{"taxonomy":"product_cat","embeddable":true,"href":"https:\/\/yebodaglass.com\/es\/wp-json\/wp\/v2\/product_cat?post=24500"},{"taxonomy":"product_tag","embeddable":true,"href":"https:\/\/yebodaglass.com\/es\/wp-json\/wp\/v2\/product_tag?post=24500"}],"curies":[{"name":"wp","href":"https:\/\/api.w.org\/{rel}","templated":true}]}}