{"id":24486,"date":"2025-12-19T16:52:38","date_gmt":"2025-12-19T08:52:38","guid":{"rendered":"https:\/\/yebodaglass.com\/?post_type=product&#038;p=24486"},"modified":"2026-04-10T10:09:38","modified_gmt":"2026-04-10T02:09:38","slug":"straight-sided-round-borosilicate-huge-glass-jars-bulk","status":"publish","type":"product","link":"https:\/\/yebodaglass.com\/es\/straight-sided-round-borosilicate-huge-glass-jars-bulk\/","title":{"rendered":"Frascos de vidrio de borosilicato redondos de lados rectos de 3200 ml y 4800 ml a granel"},"content":{"rendered":"<p>\u00bfEst\u00e1s harto de los tarros peque\u00f1os que hacen que la comida se derrame por toda la cocina? Creamos soluciones de tarros de vidrio gigantes, ideales para marcas que realmente necesitan almacenamiento. Estas opciones de tarros a granel transforman el inventario diario en un momento de marca premium. En el caso de pedidos al por mayor, los colores se personalizan para que combinen con tu marca.<\/p>\n<h2>Caracter\u00edsticas del producto<\/h2>\n<p><strong>Dise\u00f1o de lados rectos:\u00a0<\/strong>Con una capacidad de 4800 ml, el tarro puede contener polvo, granos, cereales, granos de caf\u00e9, hierbas, condimentos, etc., evitando as\u00ed el desperdicio de productos en envases peque\u00f1os.<\/p>\n<p><strong>Vidrio de borosilicato resistente al calor:\u00a0<\/strong>Estos enormes frascos de vidrio se pueden usar para almacenar alimentos calientes, fr\u00edos y congelados, sin causar nunca un choque t\u00e9rmico; tambi\u00e9n se pueden usar como jarrones, portavelas tipo hurac\u00e1n, etc.<\/p>\n<p><strong>Tapa de 150 mm de ancho para un f\u00e1cil acceso:\u00a0<\/strong>Con la ayuda de la cuchara de vidrio, extraiga el polvo o cualquier producto seco sin esfuerzo; es a prueba de fugas y f\u00e1cil de sujetar.<\/p>\n<h2>Especificaciones clave<\/h2>\n<table style=\"border-collapse: collapse; width: 80%; margin-left: auto; margin-right: auto;\" border=\"0\" width=\"360\" cellspacing=\"0\" cellpadding=\"0\">\n<tbody>\n<tr style=\"height: 13.50pt;\">\n<td style=\"height: 13.5pt; width: 54pt; text-align: center;\" width=\"72\" height=\"18\">Capacidad (ml)<\/td>\n<td style=\"width: 54pt; text-align: center;\" width=\"72\">Tama\u00f1o (cm)<\/td>\n<td style=\"width: 54pt; text-align: center;\" width=\"72\">Di\u00e1metro de la boca<\/td>\n<td style=\"width: 54pt; text-align: center;\" width=\"72\">Material<\/td>\n<td style=\"width: 54pt; text-align: center;\" width=\"72\">Forma<\/td>\n<\/tr>\n<tr style=\"height: 13.50pt;\">\n<td style=\"height: 13.5pt; text-align: center;\" align=\"right\" height=\"18\">3200<\/td>\n<td style=\"text-align: center;\">15,0 x 20,0<\/td>\n<td class=\"et2\" style=\"text-align: center;\" rowspan=\"2\">150 mm<\/td>\n<td class=\"et2\" style=\"text-align: center;\" rowspan=\"2\">Borosilicato<\/td>\n<td class=\"et2\" style=\"text-align: center;\" rowspan=\"2\">Redonda de lados rectos<\/td>\n<\/tr>\n<tr style=\"height: 13.50pt;\">\n<td style=\"height: 13.5pt; text-align: center;\" align=\"right\" height=\"18\">4800<\/td>\n<td style=\"text-align: center;\">15,0 x 30,0<\/td>\n<\/tr>\n<\/tbody>\n<\/table>\n<h2>Caso de \u00e9xito<\/h2>\n<p>Tras cambiar a estos contenedores de almacenamiento de vidrio de borosilicato de alta calidad, de lados rectos y boca plana, con tapas de bamb\u00fa, una cadena minorista canadiense que vende productos secos y t\u00e9 a granel en grandes cantidades, renov\u00f3 toda su l\u00ednea de productos, pasando de envases de pl\u00e1stico a envases de vidrio para exhibici\u00f3n. Las exhibiciones mejoradas en las tiendas se volvieron muy atractivas visualmente gracias a la mejor iluminaci\u00f3n de los productos, resultado de la alta transparencia de los contenedores de vidrio, su gran di\u00e1metro de 150 mm para una r\u00e1pida reposici\u00f3n y su sellado estable. Como resultado, la calidad percibida de los productos tambi\u00e9n mejor\u00f3.<\/p>\n<p>Durante los primeros tres meses de la implementaci\u00f3n del lado del cliente, este registr\u00f3 un incremento anual de alrededor del 28% en las ventas minoristas de productos a granel similares, siendo el crecimiento m\u00e1s significativo en la categor\u00eda de t\u00e9 de alta gama.<\/p>\n<h2>Tu manual de personalizaci\u00f3n<\/h2>\n<ol>\n<li>La tapa se puede elegir entre tapas de sellado de bamb\u00fa, madera o material compuesto, y la tapa presenta un logotipo grabado con l\u00e1ser en la parte superior.<\/li>\n<li>Al aplicar graduaciones, serigraf\u00eda o estampaci\u00f3n en caliente de logotipos de marca en el cuerpo de la lata, se puede mejorar el reconocimiento de la marca para los clientes mayoristas.<\/li>\n<\/ol>","protected":false},"excerpt":{"rendered":"<p>Grandes tarros de vidrio para almacenar alimentos, fabricados por un fabricante profesional. Suministro directo de f\u00e1brica a granel con tama\u00f1os personalizados, tapas y precios al por mayor.<\/p>","protected":false},"featured_media":24487,"template":"","meta":[],"product_brand":[],"product_cat":[137,124,122],"product_tag":[],"class_list":{"0":"post-24486","1":"product","2":"type-product","3":"status-publish","4":"has-post-thumbnail","6":"product_cat-glass-jars-with-lids","7":"product_cat-custom-glass-jars","8":"product_cat-custom-glass-packaging","10":"first","11":"instock","12":"shipping-taxable","13":"product-type-simple"},"jetpack_sharing_enabled":true,"_links":{"self":[{"href":"https:\/\/yebodaglass.com\/es\/wp-json\/wp\/v2\/product\/24486","targetHints":{"allow":["GET"]}}],"collection":[{"href":"https:\/\/yebodaglass.com\/es\/wp-json\/wp\/v2\/product"}],"about":[{"href":"https:\/\/yebodaglass.com\/es\/wp-json\/wp\/v2\/types\/product"}],"version-history":[{"count":5,"href":"https:\/\/yebodaglass.com\/es\/wp-json\/wp\/v2\/product\/24486\/revisions"}],"predecessor-version":[{"id":25713,"href":"https:\/\/yebodaglass.com\/es\/wp-json\/wp\/v2\/product\/24486\/revisions\/25713"}],"wp:featuredmedia":[{"embeddable":true,"href":"https:\/\/yebodaglass.com\/es\/wp-json\/wp\/v2\/media\/24487"}],"wp:attachment":[{"href":"https:\/\/yebodaglass.com\/es\/wp-json\/wp\/v2\/media?parent=24486"}],"wp:term":[{"taxonomy":"product_brand","embeddable":true,"href":"https:\/\/yebodaglass.com\/es\/wp-json\/wp\/v2\/product_brand?post=24486"},{"taxonomy":"product_cat","embeddable":true,"href":"https:\/\/yebodaglass.com\/es\/wp-json\/wp\/v2\/product_cat?post=24486"},{"taxonomy":"product_tag","embeddable":true,"href":"https:\/\/yebodaglass.com\/es\/wp-json\/wp\/v2\/product_tag?post=24486"}],"curies":[{"name":"wp","href":"https:\/\/api.w.org\/{rel}","templated":true}]}}