{"id":24485,"date":"2025-12-19T15:29:18","date_gmt":"2025-12-19T07:29:18","guid":{"rendered":"https:\/\/yebodaglass.com\/?post_type=product&#038;p=24485"},"modified":"2025-12-19T16:44:27","modified_gmt":"2025-12-19T08:44:27","slug":"clear-small-glass-jars-with-lids-bulk","status":"publish","type":"product","link":"https:\/\/yebodaglass.com\/es\/clear-small-glass-jars-with-lids-bulk\/","title":{"rendered":"Frascos de vidrio peque\u00f1os transparentes con tapa de 120 ml, 210 ml y 260 ml a granel"},"content":{"rendered":"<p data-start=\"66\" data-end=\"288\">Elegantes y a la vez fiables, estos peque\u00f1os frascos de vidrio est\u00e1n hechos de vidrio de borosilicato. Las tapas presentan un atractivo acabado con vetas de madera oscura y est\u00e1n disponibles en diferentes tama\u00f1os, desde muy peque\u00f1os hasta un poco m\u00e1s grandes. Su cuerpo de vidrio totalmente transparente te permitir\u00e1 ver f\u00e1cilmente los objetos peque\u00f1os que contienen (por ejemplo, especias, alfileres o aperitivos).<\/p>\n<h2>Caracter\u00edsticas del producto<\/h2>\n<ul>\n<li><strong>Dise\u00f1o cil\u00edndrico:<\/strong> Los frascos tienen un dise\u00f1o de fondo redondeado que los hace muy estables y, por lo tanto, no se caer\u00e1n de su mostrador o estantes desordenados.<\/li>\n<li><strong>Beneficios del vidrio de borosilicato:<\/strong> Los frascos fabricados en vidrio de borosilicato alto son resistentes a cambios bruscos de temperatura, por lo que pueden usarse para almacenar alimentos tanto calientes como fr\u00edos y pueden mantenerse seguros para un uso a largo plazo.<\/li>\n<li><strong>Dise\u00f1o de tapa de rosca de madera oscura:<\/strong> La tapa de rosca de madera con vetas agradables no solo le da al frasco un buen aspecto, sino que tambi\u00e9n es la mejor y m\u00e1s sencilla manera de mantener los alimentos almacenados en el frasco secos, frescos y sabrosos.<\/li>\n<\/ul>\n<h2 style=\"text-align: left;\">Especificaciones clave<\/h2>\n<table class=\"aligncenter\" style=\"border-collapse: collapse; width: 486.02pt;\" border=\"0\" width=\"648\" cellspacing=\"0\" cellpadding=\"0\">\n<tbody>\n<tr style=\"height: 13.50pt;\">\n<td style=\"height: 13.50pt; width: 117.00pt;\" width=\"156\" height=\"18\">Especificaci\u00f3n<\/td>\n<td style=\"width: 369.00pt;\" width=\"492\">Detalles<\/td>\n<\/tr>\n<tr style=\"height: 13.50pt;\">\n<td style=\"height: 13.50pt;\" height=\"18\">Capacidad<\/td>\n<td>120 ml \/ 210 ml \/ 260 ml<\/td>\n<\/tr>\n<tr style=\"height: 13.50pt;\">\n<td style=\"height: 13.50pt;\" height=\"18\">Dimensiones<\/td>\n<td>6,5\u00d75,5 cm \/ 9\u00d78 cm \/ 9\u00d710,2 cm<\/td>\n<\/tr>\n<tr style=\"height: 13.50pt;\">\n<td style=\"height: 13.50pt;\" height=\"18\">Material<\/td>\n<td>Vidrio de borosilicato alto<\/td>\n<\/tr>\n<tr style=\"height: 13.50pt;\">\n<td style=\"height: 13.50pt;\" height=\"18\">Forma de tarro<\/td>\n<td>Cilindro de perfil bajo<\/td>\n<\/tr>\n<tr style=\"height: 13.50pt;\">\n<td style=\"height: 13.50pt;\" height=\"18\">Tipo de tapa<\/td>\n<td>Tapa plana con veta de madera oscura<\/td>\n<\/tr>\n<tr style=\"height: 13.50pt;\">\n<td style=\"height: 13.50pt;\" height=\"18\">Di\u00e1metro de la tapa<\/td>\n<td>65 mm (uniforme en todos los tama\u00f1os)<\/td>\n<\/tr>\n<tr style=\"height: 13.50pt;\">\n<td style=\"height: 13.50pt;\" height=\"18\">Caracter\u00edstica del material<\/td>\n<td>Resistente al calor y a los qu\u00edmicos, alta claridad, resistente a los ara\u00f1azos.<\/td>\n<\/tr>\n<tr style=\"height: 13.50pt;\">\n<td style=\"height: 13.50pt;\" height=\"18\">Ideal para<\/td>\n<td>Frascos de vidrio peque\u00f1os con tapa, frascos de vidrio cil\u00edndricos<\/td>\n<\/tr>\n<\/tbody>\n<\/table>\n<h2>Estudio de caso del mundo real: C\u00f3mo la calidad conduce a clientes recurrentes<\/h2>\n<p>Un tostador de caf\u00e9 de especialidad de Norteam\u00e9rica ha elegido nuestros frascos de vidrio peque\u00f1os de 210 ml con tapa. Gracias a su cuerpo robusto y al vidrio resistente, las roturas durante el env\u00edo se han reducido en un 70 %. Su dise\u00f1o compacto y elegante les ha permitido crear sets de regalo atractivos y compactos, que ahora pueden vender a un precio un 40 % superior al de sus productos anteriores. Adem\u00e1s de estar totalmente satisfechos con el rendimiento del producto y los comentarios de los clientes, realizaron un pedido posterior de 300\u00a0000 frascos de vidrio para el empaque de su nueva l\u00ednea de productos de suscripci\u00f3n.<\/p>\n<h2>Personaliza tus peque\u00f1os frascos de vidrio con tapas<\/h2>\n<ul>\n<li>Tapas de madera maciza: c\u00e1mbielas por tapas de madera maciza, que pueden ser de nogal, \u00e9bano o bamb\u00fa para darle un toque lujoso.<\/li>\n<li>Grabado de tapa: utilice el l\u00e1ser para grabar un logotipo atractivo o un patr\u00f3n decorativo en la superficie de la tapa de madera.<\/li>\n<li>Marcas de capacidad serigrafiadas: coloque algunas marcas de capacidad peque\u00f1as y elegantes en el frasco.<\/li>\n<li>Anillo de sellado de silicona: coloque un anillo de sellado de silicona de grado alimenticio en la tapa para un mejor \u200b\u200d\u200b\u200c\u200d\u200b\u200d\u200c\u200d\u200b\u200c\u200d\u200b\u200d\u200csellado.<\/li>\n<\/ul>","protected":false},"excerpt":{"rendered":"<p>Descubra peque\u00f1os frascos de vidrio con tapas redondas y gruesas y tapas planas de madera oscura. Vidrio de borosilicato transparente. Env\u00edo r\u00e1pido disponible.<\/p>","protected":false},"featured_media":24490,"template":"","meta":[],"product_brand":[],"product_cat":[122,124,137],"product_tag":[],"class_list":{"0":"post-24485","1":"product","2":"type-product","3":"status-publish","4":"has-post-thumbnail","6":"product_cat-custom-glass-packaging","7":"product_cat-custom-glass-jars","8":"product_cat-glass-jars-with-lids","10":"first","11":"instock","12":"shipping-taxable","13":"product-type-simple"},"jetpack_sharing_enabled":true,"_links":{"self":[{"href":"https:\/\/yebodaglass.com\/es\/wp-json\/wp\/v2\/product\/24485","targetHints":{"allow":["GET"]}}],"collection":[{"href":"https:\/\/yebodaglass.com\/es\/wp-json\/wp\/v2\/product"}],"about":[{"href":"https:\/\/yebodaglass.com\/es\/wp-json\/wp\/v2\/types\/product"}],"version-history":[{"count":2,"href":"https:\/\/yebodaglass.com\/es\/wp-json\/wp\/v2\/product\/24485\/revisions"}],"predecessor-version":[{"id":24492,"href":"https:\/\/yebodaglass.com\/es\/wp-json\/wp\/v2\/product\/24485\/revisions\/24492"}],"wp:featuredmedia":[{"embeddable":true,"href":"https:\/\/yebodaglass.com\/es\/wp-json\/wp\/v2\/media\/24490"}],"wp:attachment":[{"href":"https:\/\/yebodaglass.com\/es\/wp-json\/wp\/v2\/media?parent=24485"}],"wp:term":[{"taxonomy":"product_brand","embeddable":true,"href":"https:\/\/yebodaglass.com\/es\/wp-json\/wp\/v2\/product_brand?post=24485"},{"taxonomy":"product_cat","embeddable":true,"href":"https:\/\/yebodaglass.com\/es\/wp-json\/wp\/v2\/product_cat?post=24485"},{"taxonomy":"product_tag","embeddable":true,"href":"https:\/\/yebodaglass.com\/es\/wp-json\/wp\/v2\/product_tag?post=24485"}],"curies":[{"name":"wp","href":"https:\/\/api.w.org\/{rel}","templated":true}]}}