{"id":24478,"date":"2025-12-19T11:04:51","date_gmt":"2025-12-19T03:04:51","guid":{"rendered":"https:\/\/yebodaglass.com\/?post_type=product&#038;p=24478"},"modified":"2026-04-14T10:56:07","modified_gmt":"2026-04-14T02:56:07","slug":"clear-glass-jars-with-wood-lids-bulk","status":"publish","type":"product","link":"https:\/\/yebodaglass.com\/es\/clear-glass-jars-with-wood-lids-bulk\/","title":{"rendered":"Frascos de vidrio transparente con tapa de madera de 450 ml a 1550 ml (a granel)"},"content":{"rendered":"<p data-start=\"66\" data-end=\"288\">Estos tarros de cristal con tapa de madera presentan una elegante forma cil\u00edndrica, con cristal transparente y tapones de rosca de madera natural. El producto est\u00e1 disponible en varios tama\u00f1os.<\/p>\n<h2>Caracter\u00edsticas del producto<\/h2>\n<ul>\n<li><strong>Vidrio de borosilicato de primera calidad:<\/strong> El vidrio es extremadamente resistente al calor y es absolutamente transparente a la vista.<\/li>\n<li><strong>Dise\u00f1o de tap\u00f3n de rosca de madera texturizado:<\/strong> La madera clara de los tapones de rosca est\u00e1 decorada con texturas circulares que ayudan al sellado aunque el tap\u00f3n es f\u00e1cil de abrir.<\/li>\n<li><strong>Construcci\u00f3n transparente y f\u00e1cil de limpiar:<\/strong> El cuerpo transparente del frasco proporciona una vista abierta de los art\u00edculos almacenados y la superficie de vidrio lisa es muy f\u00e1cil de limpiar.<\/li>\n<\/ul>\n<h2 style=\"text-align: left;\">Especificaciones clave<\/h2>\n<table class=\"aligncenter\" style=\"border-collapse: collapse; width: 452.27pt;\" border=\"0\" width=\"603\" cellspacing=\"0\" cellpadding=\"0\">\n<tbody>\n<tr style=\"height: 13.50pt;\">\n<td style=\"height: 13.50pt; width: 135.00pt;\" width=\"180\" height=\"18\">Especificaci\u00f3n<\/td>\n<td style=\"width: 317.25pt;\" width=\"423\">Detalles<\/td>\n<\/tr>\n<tr style=\"height: 13.50pt;\">\n<td style=\"height: 13.50pt;\" height=\"18\">Capacidad<\/td>\n<td>450 ml \/ 750 ml \/ 950 ml \/ 1550 ml<\/td>\n<\/tr>\n<tr style=\"height: 13.50pt;\">\n<td style=\"height: 13.50pt;\" height=\"18\">Dimensiones<\/td>\n<td>9\u00d710cm \/ 9\u00d715cm \/ 9\u00d719cm \/ 9\u00d729,5cm<\/td>\n<\/tr>\n<tr style=\"height: 13.50pt;\">\n<td style=\"height: 13.50pt;\" height=\"18\">Material<\/td>\n<td>Vidrio de borosilicato alto<\/td>\n<\/tr>\n<tr style=\"height: 13.50pt;\">\n<td style=\"height: 13.50pt;\" height=\"18\">Tipo de tapa<\/td>\n<td>Tapa de rosca de madera clara con textura de veta circular<\/td>\n<\/tr>\n<tr style=\"height: 13.50pt;\">\n<td style=\"height: 13.50pt;\" height=\"18\">Di\u00e1metro de la tapa<\/td>\n<td>90 mm (uniforme en todos los tama\u00f1os)<\/td>\n<\/tr>\n<tr style=\"height: 13.50pt;\">\n<td style=\"height: 13.50pt;\" height=\"18\">Caracter\u00edstica del material<\/td>\n<td>Resistente al calor y a los qu\u00edmicos, alta claridad, duradero.<\/td>\n<\/tr>\n<tr style=\"height: 13.50pt;\">\n<td style=\"height: 13.50pt;\" height=\"18\">Ideal para<\/td>\n<td>Frascos de vidrio con tapa de madera, frascos de vidrio a granel<\/td>\n<\/tr>\n<\/tbody>\n<\/table>\n<h2>Historia de \u00e9xito: Un pedido personalizado de un tostador de caf\u00e9 del noroeste del Pac\u00edfico.<\/h2>\n<p>Una tostadora de caf\u00e9 de especialidad en Oreg\u00f3n seleccion\u00f3 nuestros recipientes de vidrio con tapa, fabricados con madera de nogal oscuro y vidrio \u00e1mbar resistente a los rayos UV. Estos recipientes personalizados ofrecieron un rendimiento \u00f3ptimo gracias a que su vidrio resistente a los rayos UV conserv\u00f3 mejor la frescura y el aroma de los granos de caf\u00e9 que el vidrio transparente, lo que result\u00f3 en una vida \u00fatil un 35 % mayor. El dise\u00f1o atractivo de estos recipientes aument\u00f3 en un 200 % la interacci\u00f3n de los clientes en las redes sociales. La tostadora qued\u00f3 tan satisfecha que realiz\u00f3 un pedido adicional de 320\u00a0000 recipientes para su nueva l\u00ednea de ingredientes premezclados para tostar.<\/p>\n<h2>Recipiente de vidrio personalizable con opciones de tapa<\/h2>\n<ul>\n<li>Material de tapa de madera real: las tapas pueden estar hechas de diferentes tipos de madera, como bamb\u00fa, haya o arce.<\/li>\n<li>Tinte de madera personalizado: puede elegir entre una amplia gama de opciones de tintes, desde madera natural clara hasta nogal oscuro.<\/li>\n<li>Patr\u00f3n de base decorado: se crea un patr\u00f3n de textura fina en la base de la botella a trav\u00e9s del proceso de producci\u00f3n.<\/li>\n<\/ul>","protected":false},"excerpt":{"rendered":"<p>Frascos de vidrio premium con tapa de madera, frascos transparentes de vidrio de borosilicato transparente, varios tama\u00f1os, ideales para guardar en la despensa. Muestras gratuitas disponibles.<\/p>","protected":false},"featured_media":24482,"template":"","meta":[],"product_brand":[],"product_cat":[137,124,122],"product_tag":[],"class_list":{"0":"post-24478","1":"product","2":"type-product","3":"status-publish","4":"has-post-thumbnail","6":"product_cat-glass-jars-with-lids","7":"product_cat-custom-glass-jars","8":"product_cat-custom-glass-packaging","10":"first","11":"instock","12":"shipping-taxable","13":"product-type-simple"},"jetpack_sharing_enabled":true,"_links":{"self":[{"href":"https:\/\/yebodaglass.com\/es\/wp-json\/wp\/v2\/product\/24478","targetHints":{"allow":["GET"]}}],"collection":[{"href":"https:\/\/yebodaglass.com\/es\/wp-json\/wp\/v2\/product"}],"about":[{"href":"https:\/\/yebodaglass.com\/es\/wp-json\/wp\/v2\/types\/product"}],"version-history":[{"count":5,"href":"https:\/\/yebodaglass.com\/es\/wp-json\/wp\/v2\/product\/24478\/revisions"}],"predecessor-version":[{"id":25776,"href":"https:\/\/yebodaglass.com\/es\/wp-json\/wp\/v2\/product\/24478\/revisions\/25776"}],"wp:featuredmedia":[{"embeddable":true,"href":"https:\/\/yebodaglass.com\/es\/wp-json\/wp\/v2\/media\/24482"}],"wp:attachment":[{"href":"https:\/\/yebodaglass.com\/es\/wp-json\/wp\/v2\/media?parent=24478"}],"wp:term":[{"taxonomy":"product_brand","embeddable":true,"href":"https:\/\/yebodaglass.com\/es\/wp-json\/wp\/v2\/product_brand?post=24478"},{"taxonomy":"product_cat","embeddable":true,"href":"https:\/\/yebodaglass.com\/es\/wp-json\/wp\/v2\/product_cat?post=24478"},{"taxonomy":"product_tag","embeddable":true,"href":"https:\/\/yebodaglass.com\/es\/wp-json\/wp\/v2\/product_tag?post=24478"}],"curies":[{"name":"wp","href":"https:\/\/api.w.org\/{rel}","templated":true}]}}