{"id":24457,"date":"2025-12-18T10:59:35","date_gmt":"2025-12-18T02:59:35","guid":{"rendered":"https:\/\/yebodaglass.com\/?post_type=product&#038;p=24457"},"modified":"2026-04-13T16:19:06","modified_gmt":"2026-04-13T08:19:06","slug":"wholesale-glass-jars-with-lids-for-storage","status":"publish","type":"product","link":"https:\/\/yebodaglass.com\/es\/wholesale-glass-jars-with-lids-for-storage\/","title":{"rendered":"Frascos de vidrio con tapa de 600 ml a 1400 ml para almacenamiento al por mayor\u00a0"},"content":{"rendered":"<p>Los frascos de vidrio al por mayor tienen forma cuadrada con esquinas redondeadas y est\u00e1n fabricados con vidrio ultratransparente apto para uso alimentario gracias a su composici\u00f3n de borosilicato. Incluyen tapas de rosca de bamb\u00fa natural y juntas de silicona integradas para garantizar un cierre herm\u00e9tico.<\/p>\n<h2>Caracter\u00edsticas del producto<\/h2>\n<ul>\n<li><strong>Dise\u00f1o simple, cuadrado y de cilindro recto:<\/strong> Su forma cil\u00edndrica cuadrada con esquinas redondeadas permite apilarlas y su dise\u00f1o facilita su identificaci\u00f3n.<\/li>\n<li><strong>Dise\u00f1o de tapa con cierre herm\u00e9tico de bamb\u00fa natural:<\/strong> La tapa de bamb\u00fa natural, combinada con una junta de silicona apta para uso alimentario, proporciona un excelente sellado que previene eficazmente la entrada de humedad e insectos.<\/li>\n<li><strong>Disponemos de varios tama\u00f1os:<\/strong> La variedad de tama\u00f1os se adapta a diferentes necesidades de almacenamiento, que incluyen desde peque\u00f1os recipientes para especias hasta soluciones de almacenamiento de gran capacidad para cereales o aperitivos.<\/li>\n<\/ul>\n<h2>Especificaciones clave<\/h2>\n<table style=\"border-collapse: collapse; width: 80%; margin-right: auto; margin-left: auto;\" border=\"0\" width=\"432\" cellspacing=\"0\" cellpadding=\"0\">\n<tbody>\n<tr style=\"height: 13.50pt;\">\n<td style=\"height: 13.5pt; width: 54pt; text-align: center;\" width=\"72\" height=\"18\">Capacidad<\/td>\n<td style=\"width: 54pt; text-align: center;\" width=\"72\">Tama\u00f1o (cm)<\/td>\n<td style=\"width: 54pt; text-align: center;\" width=\"72\">Di\u00e1metro de la boca (mm)<\/td>\n<td style=\"width: 54pt; text-align: center;\" width=\"72\">Material<\/td>\n<td style=\"width: 54pt; text-align: center;\" width=\"72\">Color<\/td>\n<td style=\"width: 54pt; text-align: center;\" width=\"72\">Forma<\/td>\n<\/tr>\n<tr style=\"height: 13.50pt;\">\n<td style=\"height: 13.5pt; text-align: center;\" height=\"18\">600 ml<\/td>\n<td style=\"text-align: center;\">10 x 10 x 10,5<\/td>\n<td class=\"et2\" style=\"text-align: center;\" rowspan=\"5\">94&#215;100<\/td>\n<td class=\"et2\" style=\"text-align: center;\" rowspan=\"5\">Borosilicato<\/td>\n<td class=\"et2\" style=\"text-align: center;\" rowspan=\"5\">Claro, personalizado<\/td>\n<td class=\"et2\" style=\"text-align: center;\" rowspan=\"5\">Cuadrado<\/td>\n<\/tr>\n<tr style=\"height: 13.50pt;\">\n<td style=\"height: 13.5pt; text-align: center;\" height=\"18\">800 ml<\/td>\n<td style=\"text-align: center;\">10 x 10 x 13<\/td>\n<\/tr>\n<tr style=\"height: 13.50pt;\">\n<td style=\"height: 13.5pt; text-align: center;\" height=\"18\">1000 ml<\/td>\n<td style=\"text-align: center;\">10 x 10 x 16<\/td>\n<\/tr>\n<tr style=\"height: 13.50pt;\">\n<td style=\"height: 13.5pt; text-align: center;\" height=\"18\">1200 ml<\/td>\n<td style=\"text-align: center;\">10 x 10 x 19<\/td>\n<\/tr>\n<tr style=\"height: 13.50pt;\">\n<td style=\"height: 13.5pt; text-align: center;\" height=\"18\">1400 ml<\/td>\n<td style=\"text-align: center;\">10 x 10 x 21<\/td>\n<\/tr>\n<\/tbody>\n<\/table>\n<h2>Caso de \u00e9xito: Envases de t\u00e9 a granel para una marca nacional de t\u00e9.<\/h2>\n<p>Una marca nacional de t\u00e9 seleccion\u00f3 frascos de vidrio al por mayor de 250 ml con tapas de bamb\u00fa personalizadas. El nombre y el origen del t\u00e9 se imprimieron en las tapas. Los frascos de vidrio personalizados al por mayor tuvieron un \u00e9xito rotundo, ya que su dise\u00f1o cuadrado aument\u00f3 la eficiencia del empaquetado en el almac\u00e9n en un 20 % y su sellado superior prolong\u00f3 el sabor y el aroma del t\u00e9 un 40 % m\u00e1s que las bolsitas de t\u00e9 anteriores. La marca qued\u00f3 muy satisfecha con el nuevo empaque y, posteriormente, realiz\u00f3 un pedido adicional de 520 000 frascos de vidrio para su nueva colecci\u00f3n de t\u00e9s de hierbas y estuches de regalo.<\/p>\n<h2>Opciones de personalizaci\u00f3n de frascos de vidrio al por mayor<\/h2>\n<ol>\n<li>Admite la adici\u00f3n de l\u00edneas de graduaci\u00f3n o marcas de capacidad al recipiente de vidrio de borosilicato alto, lo que facilita su uso por parte de clientes profesionales en las industrias de procesamiento de alimentos, caf\u00e9 y panader\u00eda.<\/li>\n<li>Est\u00e1n disponibles diferentes niveles de transparencia o un acabado ligeramente \u00e1mbar, equilibrando la calidad de visualizaci\u00f3n con la necesidad de protecci\u00f3n solar para el contenido.<\/li>\n<li>Admite cucharas medidoras de formas y tama\u00f1os personalizados para dispensar con precisi\u00f3n polvos, condimentos o alimentos funcionales.<\/li>\n<\/ol>","protected":false},"excerpt":{"rendered":"<p>Tarros de vidrio al por mayor, de dise\u00f1o cuadrado de borosilicato con tapas de bamb\u00fa. Ideales para guardar t\u00e9, cereales y aperitivos. Muestras gratuitas disponibles. Env\u00edo r\u00e1pido.<\/p>","protected":false},"featured_media":24458,"template":"","meta":[],"product_brand":[],"product_cat":[137,124,122],"product_tag":[],"class_list":{"0":"post-24457","1":"product","2":"type-product","3":"status-publish","4":"has-post-thumbnail","6":"product_cat-glass-jars-with-lids","7":"product_cat-custom-glass-jars","8":"product_cat-custom-glass-packaging","10":"first","11":"instock","12":"shipping-taxable","13":"product-type-simple"},"jetpack_sharing_enabled":true,"_links":{"self":[{"href":"https:\/\/yebodaglass.com\/es\/wp-json\/wp\/v2\/product\/24457","targetHints":{"allow":["GET"]}}],"collection":[{"href":"https:\/\/yebodaglass.com\/es\/wp-json\/wp\/v2\/product"}],"about":[{"href":"https:\/\/yebodaglass.com\/es\/wp-json\/wp\/v2\/types\/product"}],"version-history":[{"count":5,"href":"https:\/\/yebodaglass.com\/es\/wp-json\/wp\/v2\/product\/24457\/revisions"}],"predecessor-version":[{"id":25770,"href":"https:\/\/yebodaglass.com\/es\/wp-json\/wp\/v2\/product\/24457\/revisions\/25770"}],"wp:featuredmedia":[{"embeddable":true,"href":"https:\/\/yebodaglass.com\/es\/wp-json\/wp\/v2\/media\/24458"}],"wp:attachment":[{"href":"https:\/\/yebodaglass.com\/es\/wp-json\/wp\/v2\/media?parent=24457"}],"wp:term":[{"taxonomy":"product_brand","embeddable":true,"href":"https:\/\/yebodaglass.com\/es\/wp-json\/wp\/v2\/product_brand?post=24457"},{"taxonomy":"product_cat","embeddable":true,"href":"https:\/\/yebodaglass.com\/es\/wp-json\/wp\/v2\/product_cat?post=24457"},{"taxonomy":"product_tag","embeddable":true,"href":"https:\/\/yebodaglass.com\/es\/wp-json\/wp\/v2\/product_tag?post=24457"}],"curies":[{"name":"wp","href":"https:\/\/api.w.org\/{rel}","templated":true}]}}