{"id":24455,"date":"2025-12-18T09:55:12","date_gmt":"2025-12-18T01:55:12","guid":{"rendered":"https:\/\/yebodaglass.com\/?post_type=product&#038;p=24455"},"modified":"2025-12-18T11:55:49","modified_gmt":"2025-12-18T03:55:49","slug":"airtight-clear-jars-with-wooden-lids-bulk","status":"publish","type":"product","link":"https:\/\/yebodaglass.com\/es\/airtight-clear-jars-with-wooden-lids-bulk\/","title":{"rendered":"Frascos transparentes herm\u00e9ticos con tapa de madera de 250 ml a 1550 ml (a granel)"},"content":{"rendered":"<p data-start=\"66\" data-end=\"288\">Estos hermosos frascos de borosilicato con tapa de madera tienen la forma redonda tradicional y un cuello ligeramente m\u00e1s peque\u00f1o. El cuerpo del frasco es de vidrio de borosilicato transparente y cuenta con una tapa plana con veta de madera y ranuras redondeadas.<\/p>\n<h2>Caracter\u00edsticas del producto<\/h2>\n<ul>\n<li><strong>Dise\u00f1o de fondo convexo:<\/strong> El dise\u00f1o de fondo redondeado y convexo hace que el frasco sea m\u00e1s estable cuando se coloca en el piso y, al mismo tiempo, es un poco m\u00e1s elevado en t\u00e9rminos de dise\u00f1o.<\/li>\n<li><strong>Tapa con veta de madera acanalada natural:<\/strong> La tapa es sencilla, de tipo veta de madera con ranuras curvas, lo que hace que sea muy c\u00f3moda para el usuario abrirla y cerrarla, y adem\u00e1s sella el frasco herm\u00e9ticamente.<\/li>\n<li><strong>Se ofrecen cinco capacidades diferentes:<\/strong> Una persona puede decidir comprar un recipiente de cualquiera de las cinco capacidades diferentes, es decir desde 250 ml hasta 1550 ml de almacenamiento.<\/li>\n<\/ul>\n<h2 style=\"text-align: left;\">Especificaciones clave<\/h2>\n<table class=\"aligncenter\" style=\"border-collapse: collapse; width: 422.27pt;\" border=\"0\" width=\"563\" cellspacing=\"0\" cellpadding=\"0\">\n<tbody>\n<tr style=\"height: 13.50pt;\">\n<td style=\"height: 13.50pt; width: 99.75pt;\" width=\"133\" height=\"18\">Especificaci\u00f3n<\/td>\n<td style=\"width: 322.50pt;\" width=\"430\">Detalles<\/td>\n<\/tr>\n<tr style=\"height: 13.50pt;\">\n<td style=\"height: 13.50pt;\" height=\"18\">Capacidad<\/td>\n<td>250 ml \/ 450 ml \/ 750 ml \/ 950 ml \/ 1550 ml<\/td>\n<\/tr>\n<tr style=\"height: 13.50pt;\">\n<td style=\"height: 13.50pt;\" height=\"18\">Dimensiones<\/td>\n<td>9\u00d77cm \/ 9\u00d710cm \/ 9\u00d715cm \/ 9\u00d719cm \/ 9\u00d729,5cm<\/td>\n<\/tr>\n<tr style=\"height: 13.50pt;\">\n<td style=\"height: 13.50pt;\" height=\"18\">Material<\/td>\n<td>Vidrio de borosilicato alto<\/td>\n<\/tr>\n<tr style=\"height: 13.50pt;\">\n<td style=\"height: 13.50pt;\" height=\"18\">Tipo de tapa<\/td>\n<td>Tapa plana con textura de madera y agarre circular<\/td>\n<\/tr>\n<tr style=\"height: 13.50pt;\">\n<td style=\"height: 13.50pt;\" height=\"18\">Di\u00e1metro de la tapa<\/td>\n<td>90 mm (uniforme en todos los tama\u00f1os)<\/td>\n<\/tr>\n<tr style=\"height: 13.50pt;\">\n<td style=\"height: 13.50pt;\" height=\"18\">Caracter\u00edstica del material<\/td>\n<td>Alta resistencia t\u00e9rmica y qu\u00edmica, claridad superior<\/td>\n<\/tr>\n<tr style=\"height: 13.50pt;\">\n<td style=\"height: 13.50pt;\" height=\"18\">Ideal para<\/td>\n<td>Frascos con tapa de madera \/ Frascos de vidrio con tapa<\/td>\n<\/tr>\n<\/tbody>\n<\/table>\n<h2>La transformaci\u00f3n de una marca de tostadores de caf\u00e9: el auge de la marca<\/h2>\n<p>Un tostador de caf\u00e9 de especialidad buscaba un empaque lujoso para realzar la imagen de su marca. Por ello, opt\u00f3 por nuestros frascos transparentes de 750 ml con tapa de madera para envasar sus granos de caf\u00e9. Este vidrio de borosilicato de alta resistencia es muy duradero. De hecho, las roturas durante el transporte se reducen en un 65 % en comparaci\u00f3n con el promedio del sector para productos similares. La tapa con veta de madera es muy herm\u00e9tica y, seg\u00fan los comentarios de los clientes, prolonga la frescura y el aroma de los granos de caf\u00e9 en un 50 %. Tras este gran \u00e9xito, encarg\u00f3 un nuevo pedido de 50\u00a0000 frascos para estrenar una nueva l\u00ednea de granos de caf\u00e9 de origen \u00fanico.<\/p>\n<h2>Opciones de personalizaci\u00f3n de frascos transparentes<\/h2>\n<ul>\n<li>Tapas de madera maciza: cambie de veta de madera a tapas de bamb\u00fa real, roble o nogal.<\/li>\n<li>Arte de tapa grabado con l\u00e1ser: decora tu tapa de madera con un logotipo, un patr\u00f3n o letras elegantes.<\/li>\n<li>Indicadores de capacidad serigrafiados: indicadores de capacidad del frasco f\u00e1ciles y permanentes, impresos en el lateral del frasco.<\/li>\n<li>Colores del anillo de sellado de silicona: el anillo de sellado interior se puede fabricar en cualquiera de varios colores de silicona de grado alimenticio.<\/li>\n<li>\u00c1rea texturizada antideslizante: acabado inferior arenado o texturizado para un mejor agarre de la mano \u200b\u200d\u200b\u200c\u200d\u200b\u200d\u200c\u200b\u200d\u200b\u200c\u200d\u200b\u200d\u200cseguridad.<\/li>\n<\/ul>","protected":false},"excerpt":{"rendered":"<p>Estos frascos transparentes con tapa de madera est\u00e1n hechos de vidrio de borosilicato grueso y tapas de madera lisas. Elegantes y pr\u00e1cticos para la cocina. Ofrecemos muestras gratuitas. Env\u00edo r\u00e1pido.<\/p>","protected":false},"featured_media":24465,"template":"","meta":[],"product_brand":[],"product_cat":[122,124,137],"product_tag":[],"class_list":{"0":"post-24455","1":"product","2":"type-product","3":"status-publish","4":"has-post-thumbnail","6":"product_cat-custom-glass-packaging","7":"product_cat-custom-glass-jars","8":"product_cat-glass-jars-with-lids","10":"first","11":"instock","12":"shipping-taxable","13":"product-type-simple"},"jetpack_sharing_enabled":true,"_links":{"self":[{"href":"https:\/\/yebodaglass.com\/es\/wp-json\/wp\/v2\/product\/24455","targetHints":{"allow":["GET"]}}],"collection":[{"href":"https:\/\/yebodaglass.com\/es\/wp-json\/wp\/v2\/product"}],"about":[{"href":"https:\/\/yebodaglass.com\/es\/wp-json\/wp\/v2\/types\/product"}],"version-history":[{"count":4,"href":"https:\/\/yebodaglass.com\/es\/wp-json\/wp\/v2\/product\/24455\/revisions"}],"predecessor-version":[{"id":24472,"href":"https:\/\/yebodaglass.com\/es\/wp-json\/wp\/v2\/product\/24455\/revisions\/24472"}],"wp:featuredmedia":[{"embeddable":true,"href":"https:\/\/yebodaglass.com\/es\/wp-json\/wp\/v2\/media\/24465"}],"wp:attachment":[{"href":"https:\/\/yebodaglass.com\/es\/wp-json\/wp\/v2\/media?parent=24455"}],"wp:term":[{"taxonomy":"product_brand","embeddable":true,"href":"https:\/\/yebodaglass.com\/es\/wp-json\/wp\/v2\/product_brand?post=24455"},{"taxonomy":"product_cat","embeddable":true,"href":"https:\/\/yebodaglass.com\/es\/wp-json\/wp\/v2\/product_cat?post=24455"},{"taxonomy":"product_tag","embeddable":true,"href":"https:\/\/yebodaglass.com\/es\/wp-json\/wp\/v2\/product_tag?post=24455"}],"curies":[{"name":"wp","href":"https:\/\/api.w.org\/{rel}","templated":true}]}}