{"id":24443,"date":"2025-12-17T11:52:45","date_gmt":"2025-12-17T03:52:45","guid":{"rendered":"https:\/\/yebodaglass.com\/?post_type=product&#038;p=24443"},"modified":"2025-12-18T11:56:27","modified_gmt":"2025-12-18T03:56:27","slug":"borosilicate-glass-jars-with-lids-bulk","status":"publish","type":"product","link":"https:\/\/yebodaglass.com\/es\/borosilicate-glass-jars-with-lids-bulk\/","title":{"rendered":"Frascos de vidrio de borosilicato con tapa (16 oz, 25 oz y 32 oz) a granel"},"content":{"rendered":"<p data-start=\"66\" data-end=\"288\">Estos frascos de vidrio de borosilicato con tapa presentan un cuerpo delgado y redondeado con bordes lisos y redondeados. Est\u00e1n hechos de vidrio de borosilicato transparente, lo que permite ver los alimentos desde el exterior. La tapa plana de bamb\u00fa de color claro con anillo de sellado incorporado proporciona un sellado herm\u00e9tico y, al mismo tiempo, le da un aspecto natural y agradable.<\/p>\n<h2>Caracter\u00edsticas del producto<\/h2>\n<ul>\n<li><strong>Beneficios del vidrio de borosilicato alto:<\/strong> Dado que est\u00e1 hecho de vidrio de borosilicato alto, su resistencia superior al calor y a los qu\u00edmicos hacen que mantenga su dureza durante mucho tiempo incluso si se utiliza en un entorno hostil.<\/li>\n<li><strong>Dise\u00f1o de sellado para tapa de bamb\u00fa:<\/strong> La tapa plana de bamb\u00fa de color claro junto con la capa de sellado interna forman una combinaci\u00f3n ideal para prevenir la hermeticidad.<\/li>\n<li><strong>Diferentes combinaciones de tama\u00f1os:<\/strong> La opci\u00f3n de tres tama\u00f1os es una forma ideal para diferentes necesidades de volumen (frascos peque\u00f1os para especias, frascos grandes para \u200b\u200d\u200b\u200c\u200d\u200b\u200d\u200c\u200d\u200b\u200c\u200d\u200b\u200d\u200cgranos).<\/li>\n<\/ul>\n<h2 style=\"text-align: left;\">Especificaciones clave<\/h2>\n<table class=\"aligncenter\" style=\"border-collapse: collapse; width: 440.27pt;\" border=\"0\" width=\"587\" cellspacing=\"0\" cellpadding=\"0\">\n<tbody>\n<tr style=\"height: 13.50pt;\">\n<td style=\"height: 13.50pt; width: 99.75pt;\" width=\"133\" height=\"18\">Especificaci\u00f3n<\/td>\n<td style=\"width: 340.50pt;\" width=\"454\">Detalles<\/td>\n<\/tr>\n<tr style=\"height: 13.50pt;\">\n<td style=\"height: 13.50pt;\" height=\"18\">Capacidad<\/td>\n<td>500 ml \/ 750 ml \/ 1000 ml<\/td>\n<\/tr>\n<tr style=\"height: 13.50pt;\">\n<td style=\"height: 13.50pt;\" height=\"18\">Dimensiones<\/td>\n<td>9\u00d710cm \/ 9\u00d715cm \/ 9\u00d720cm<\/td>\n<\/tr>\n<tr style=\"height: 13.50pt;\">\n<td style=\"height: 13.50pt;\" height=\"18\">Material<\/td>\n<td>vidrio de borosilicato alto<\/td>\n<\/tr>\n<tr style=\"height: 13.50pt;\">\n<td style=\"height: 13.50pt;\" height=\"18\">Tipo de tapa<\/td>\n<td>Tapa plana de bamb\u00fa con anillo de sellado integrado<\/td>\n<\/tr>\n<tr style=\"height: 13.50pt;\">\n<td style=\"height: 13.50pt;\" height=\"18\">Di\u00e1metro de la tapa<\/td>\n<td>90 mm (uniforme en todos los tama\u00f1os)<\/td>\n<\/tr>\n<tr style=\"height: 13.50pt;\">\n<td style=\"height: 13.50pt;\" height=\"18\">Caracter\u00edstica del material<\/td>\n<td>Resistente al choque t\u00e9rmico, qu\u00edmicamente estable, alta claridad.<\/td>\n<\/tr>\n<tr style=\"height: 13.50pt;\">\n<td style=\"height: 13.50pt;\" height=\"18\">Ideal para<\/td>\n<td>Frascos de vidrio con tapa a granel, frasco de vidrio con tapa de bamb\u00fa<\/td>\n<\/tr>\n<\/tbody>\n<\/table>\n<h2>Historia de \u00e9xito: Expansi\u00f3n de un minorista de t\u00e9s especiales<\/h2>\n<p>La empresa de t\u00e9, en r\u00e1pido crecimiento, necesitaba un embalaje uniforme y de alta calidad para sus productos de t\u00e9 a granel. Finalmente, eligieron nuestros frascos de vidrio con tapa de 750 ml como el embalaje est\u00e1ndar para todos sus productos minoristas. La excepcional durabilidad del vidrio de borosilicato redujo la tasa de rotura en un 70 %. Las tapas de bamb\u00fa proporcionan un sellado excelente, lo que prolonga la vida \u00fatil del producto en un promedio de 8 meses, lo que reduce considerablemente los residuos en un 40 %. Realizaron un pedido adicional de 120\u00a0000 frascos de vidrio para distribuci\u00f3n local gracias al excelente rendimiento del producto.<\/p>\n<h2>Frascos de vidrio con tapas con opciones de personalizaci\u00f3n a granel<\/h2>\n<ul>\n<li>Grabado personalizado de tapas de bamb\u00fa: grabado l\u00e1ser de logotipos o patrones en tapas de bamb\u00fa.<\/li>\n<li>Anillos de sellado de silicona de colores: El color de la silicona utilizada para el anillo de sellado se puede cambiar. Existen diferentes opciones de color para los anillos de sellado de silicona de grado alimenticio.<\/li>\n<li>Marcas de capacidad serigrafiadas: se pueden imprimir marcas absolutas en ml y tazas, lo que garantiza que las marcas permanezcan efectivas de forma permanente.<\/li>\n<li>Base o hombro esmerilado: mediante el proceso de chorro de arena se crea un efecto mate de alta calidad de la superficie en las zonas seleccionadas.<\/li>\n<li>Colores de vidrio personalizados: el vidrio puede estar hecho de color \u00e1mbar claro o verde con la caracter\u00edstica adicional de protecci\u00f3n UV.<\/li>\n<\/ul>","protected":false},"excerpt":{"rendered":"<p>Frascos de vidrio premium con tapa a granel, frascos de vidrio con tapa de borosilicato transparente y tapas de bamb\u00fa natural. Dise\u00f1o elegante y precios al por mayor.<\/p>","protected":false},"featured_media":24450,"template":"","meta":[],"product_brand":[],"product_cat":[122,124,137],"product_tag":[],"class_list":{"0":"post-24443","1":"product","2":"type-product","3":"status-publish","4":"has-post-thumbnail","6":"product_cat-custom-glass-packaging","7":"product_cat-custom-glass-jars","8":"product_cat-glass-jars-with-lids","10":"first","11":"instock","12":"shipping-taxable","13":"product-type-simple"},"jetpack_sharing_enabled":true,"_links":{"self":[{"href":"https:\/\/yebodaglass.com\/es\/wp-json\/wp\/v2\/product\/24443","targetHints":{"allow":["GET"]}}],"collection":[{"href":"https:\/\/yebodaglass.com\/es\/wp-json\/wp\/v2\/product"}],"about":[{"href":"https:\/\/yebodaglass.com\/es\/wp-json\/wp\/v2\/types\/product"}],"version-history":[{"count":4,"href":"https:\/\/yebodaglass.com\/es\/wp-json\/wp\/v2\/product\/24443\/revisions"}],"predecessor-version":[{"id":24473,"href":"https:\/\/yebodaglass.com\/es\/wp-json\/wp\/v2\/product\/24443\/revisions\/24473"}],"wp:featuredmedia":[{"embeddable":true,"href":"https:\/\/yebodaglass.com\/es\/wp-json\/wp\/v2\/media\/24450"}],"wp:attachment":[{"href":"https:\/\/yebodaglass.com\/es\/wp-json\/wp\/v2\/media?parent=24443"}],"wp:term":[{"taxonomy":"product_brand","embeddable":true,"href":"https:\/\/yebodaglass.com\/es\/wp-json\/wp\/v2\/product_brand?post=24443"},{"taxonomy":"product_cat","embeddable":true,"href":"https:\/\/yebodaglass.com\/es\/wp-json\/wp\/v2\/product_cat?post=24443"},{"taxonomy":"product_tag","embeddable":true,"href":"https:\/\/yebodaglass.com\/es\/wp-json\/wp\/v2\/product_tag?post=24443"}],"curies":[{"name":"wp","href":"https:\/\/api.w.org\/{rel}","templated":true}]}}