{"id":24435,"date":"2025-12-17T10:37:34","date_gmt":"2025-12-17T02:37:34","guid":{"rendered":"https:\/\/yebodaglass.com\/?post_type=product&#038;p=24435"},"modified":"2025-12-23T10:15:44","modified_gmt":"2025-12-23T02:15:44","slug":"large-glass-food-storage-canisters-with-lids-bulk","status":"publish","type":"product","link":"https:\/\/yebodaglass.com\/es\/large-glass-food-storage-canisters-with-lids-bulk\/","title":{"rendered":"Recipientes grandes de vidrio para almacenar alimentos de 2750 ml con tapas a granel"},"content":{"rendered":"<p data-start=\"66\" data-end=\"288\">Estos frascos grandes de vidrio con tapa son de vidrio de borosilicato, con formas delgadas y curvas que realzan est\u00e9ticamente su amplio volumen. Est\u00e1n fabricados con vidrio de borosilicato transparente y, combinados con tapas planas con vetas de madera, crean un estilo natural y minimalista que combina a la perfecci\u00f3n con el vidrio transparente.<\/p>\n<h2>Caracter\u00edsticas del producto<\/h2>\n<ul>\n<li><strong>Gran capacidad y dise\u00f1o delgado:<\/strong> Gracias a su dise\u00f1o delgado y redondo, se puede almacenar una gran cantidad de alimentos y el frasco se puede guardar ingeniosamente en el armario, ahorrando as\u00ed espacio de almacenamiento.<\/li>\n<li><strong>Ventajas del vidrio de borosilicato alto:<\/strong> Al ser un producto de vidrio de borosilicato alto, es muy resistente a los cambios de temperatura, no tiene olores y es duradero.<\/li>\n<li><strong>Tapa plana cerrada con veta de madera:<\/strong> La tapa plana con textura de veta de madera se ajusta perfectamente a la abertura del frasco, por lo que el sello es casi \u200b\u200d\u200b\u200c\u200d\u200b\u200d\u200c\u200b\u200d\u200b\u200c\u200d\u200b\u200d\u200cherm\u00e9tico.<\/li>\n<\/ul>\n<h2 style=\"text-align: left;\">Especificaciones clave<\/h2>\n<table class=\"aligncenter\" style=\"border-collapse: collapse; width: 458.27pt;\" border=\"0\" width=\"611\" cellspacing=\"0\" cellpadding=\"0\">\n<tbody>\n<tr style=\"height: 13.50pt;\">\n<td style=\"height: 13.50pt; width: 99.75pt;\" width=\"133\" height=\"18\">Especificaci\u00f3n<\/td>\n<td style=\"width: 358.50pt;\" width=\"478\">Detalles<\/td>\n<\/tr>\n<tr style=\"height: 13.50pt;\">\n<td style=\"height: 13.50pt;\" height=\"18\">Capacidad<\/td>\n<td>2750 ml (2,75 l)<\/td>\n<\/tr>\n<tr style=\"height: 13.50pt;\">\n<td style=\"height: 13.50pt;\" height=\"18\">Dimensiones<\/td>\n<td>14\u00d729.5cm<\/td>\n<\/tr>\n<tr style=\"height: 13.50pt;\">\n<td style=\"height: 13.50pt;\" height=\"18\">Material<\/td>\n<td>Vidrio de borosilicato alto<\/td>\n<\/tr>\n<tr style=\"height: 13.50pt;\">\n<td style=\"height: 13.50pt;\" height=\"18\">Tipo de tapa<\/td>\n<td>Tapa plana con textura de madera<\/td>\n<\/tr>\n<tr style=\"height: 13.50pt;\">\n<td style=\"height: 13.50pt;\" height=\"18\">Caracter\u00edstica del material<\/td>\n<td>Resistente a choques t\u00e9rmicos y qu\u00edmicos, alta claridad, duradero<\/td>\n<\/tr>\n<tr style=\"height: 13.50pt;\">\n<td style=\"height: 13.50pt;\" height=\"18\">Ideal para<\/td>\n<td>Botes para almacenar alimentos con tapa, frascos de vidrio con tapas de madera<\/td>\n<\/tr>\n<\/tbody>\n<\/table>\n<h2>Repensando los ingredientes a granel: c\u00f3mo una panader\u00eda se transform\u00f3<\/h2>\n<p>Una panader\u00eda en expansi\u00f3n necesitaba urgentemente un sistema confiable para contenedores de almid\u00f3n y az\u00facar de 22,7 kg. Los departamentos de ingredientes de sus f\u00e1bricas estaban equipados con nuestros contenedores grandes de 2,75 litros con tapa para almacenar alimentos, que utilizaban para todo el proceso. Estos contenedores de vidrio de borosilicato de alta resistencia soportaban los cambios diarios de temperatura entre la c\u00e1mara frigor\u00edfica y la cocina caliente sin sufrir da\u00f1os, garantizando as\u00ed una resistencia total a las grietas. La tapa con veta de madera, que se ajusta perfectamente al contenedor, ayuda a mantener la harina fresca y segura, evitando la infestaci\u00f3n de plagas, y tambi\u00e9n ha reducido el deterioro de los ingredientes en tan solo un 55 %. Adem\u00e1s, la panader\u00eda no solo realiz\u00f3 otro pedido masivo de 350\u00a0000 contenedores para equipar sus nuevas plantas, sino que tambi\u00e9n lo hizo porque estaban muy satisfechos con la durabilidad y el rendimiento del producto.<\/p>\n<h2>Frascos de vidrio grandes con tapas. Opciones personalizadas.<\/h2>\n<ul>\n<li>Actualizaci\u00f3n de tapa de madera maciza: cambie la tapa con veta de madera por una de bamb\u00fa o roble real.<\/li>\n<li>Marcas de capacidad grabadas con l\u00e1ser: coloque marcas precisas de litros y tazas.<\/li>\n<li>Fondo reforzado: la parte inferior del vidrio est\u00e1 engrosada para poder soportar cosas pesadas.<\/li>\n<li>Anillo de sellado de silicona de una pieza: el anillo de silicona de grado alimenticio para sellar est\u00e1 en la tapa.<\/li>\n<li>Acentos de vidrieras: coloque un peque\u00f1o parche verde claro o \u00e1mbar en el hombro del frasco.<\/li>\n<\/ul>","protected":false},"excerpt":{"rendered":"<p>Frascos grandes de vidrio con tapa, de cuerpo alto y transparente de borosilicato y tapa plana de madera. Ideales para almacenar alimentos, con tapa, suministro directo de f\u00e1brica.<\/p>","protected":false},"featured_media":24438,"template":"","meta":[],"product_brand":[],"product_cat":[122,124,137],"product_tag":[],"class_list":{"0":"post-24435","1":"product","2":"type-product","3":"status-publish","4":"has-post-thumbnail","6":"product_cat-custom-glass-packaging","7":"product_cat-custom-glass-jars","8":"product_cat-glass-jars-with-lids","10":"first","11":"instock","12":"shipping-taxable","13":"product-type-simple"},"jetpack_sharing_enabled":true,"_links":{"self":[{"href":"https:\/\/yebodaglass.com\/es\/wp-json\/wp\/v2\/product\/24435","targetHints":{"allow":["GET"]}}],"collection":[{"href":"https:\/\/yebodaglass.com\/es\/wp-json\/wp\/v2\/product"}],"about":[{"href":"https:\/\/yebodaglass.com\/es\/wp-json\/wp\/v2\/types\/product"}],"version-history":[{"count":5,"href":"https:\/\/yebodaglass.com\/es\/wp-json\/wp\/v2\/product\/24435\/revisions"}],"predecessor-version":[{"id":24534,"href":"https:\/\/yebodaglass.com\/es\/wp-json\/wp\/v2\/product\/24435\/revisions\/24534"}],"wp:featuredmedia":[{"embeddable":true,"href":"https:\/\/yebodaglass.com\/es\/wp-json\/wp\/v2\/media\/24438"}],"wp:attachment":[{"href":"https:\/\/yebodaglass.com\/es\/wp-json\/wp\/v2\/media?parent=24435"}],"wp:term":[{"taxonomy":"product_brand","embeddable":true,"href":"https:\/\/yebodaglass.com\/es\/wp-json\/wp\/v2\/product_brand?post=24435"},{"taxonomy":"product_cat","embeddable":true,"href":"https:\/\/yebodaglass.com\/es\/wp-json\/wp\/v2\/product_cat?post=24435"},{"taxonomy":"product_tag","embeddable":true,"href":"https:\/\/yebodaglass.com\/es\/wp-json\/wp\/v2\/product_tag?post=24435"}],"curies":[{"name":"wp","href":"https:\/\/api.w.org\/{rel}","templated":true}]}}