{"id":24427,"date":"2025-12-17T08:59:15","date_gmt":"2025-12-17T00:59:15","guid":{"rendered":"https:\/\/yebodaglass.com\/?post_type=product&#038;p=24427"},"modified":"2025-12-23T10:15:27","modified_gmt":"2025-12-23T02:15:27","slug":"bulk-big-glass-jars-with-lids-for-food-storage","status":"publish","type":"product","link":"https:\/\/yebodaglass.com\/es\/bulk-big-glass-jars-with-lids-for-food-storage\/","title":{"rendered":"Frascos de vidrio grandes con tapa para almacenar alimentos (1250 ml y 1950 ml)"},"content":{"rendered":"<p data-start=\"66\" data-end=\"288\">Estos grandes frascos de vidrio con tapa, de forma redonda, elegante y cl\u00e1sica, est\u00e1n hechos de vidrio de borosilicato para garantizar su durabilidad y amplia capacidad. Est\u00e1n hechos de vidrio de borosilicato transparente con una tapa plana con vetas de madera; esta combinaci\u00f3n da como resultado un producto sencillo y de aspecto natural que combina a la perfecci\u00f3n con el cuerpo transparente.<\/p>\n<h2>Caracter\u00edsticas del producto<\/h2>\n<ul>\n<li><strong>\u00bfPor qu\u00e9 utilizar vidrio de borosilicato?<\/strong> Gracias a que estos frascos est\u00e1n hechos de vidrio de alto borosilicato, pueden tolerar cambios de temperatura, no emiten olores y tambi\u00e9n son seguros para almacenar alimentos fr\u00edos y calientes, productos secos o cualquier otro tipo de art\u00edculos.<\/li>\n<li><strong>Tapa con veta de madera:<\/strong> La tapa plana con textura de veta de madera junto con el vidrio de borosililicato transparente no solo ofrece un ajuste perfecto sino tambi\u00e9n una apariencia acogedora y terrosa.<\/li>\n<li><strong>Opci\u00f3n de dos tama\u00f1os:<\/strong> Los tama\u00f1os grandes y peque\u00f1os est\u00e1n ah\u00ed para satisfacer las necesidades cambiantes de los usuarios (por ejemplo, frascos grandes para cereales, frascos peque\u00f1os para frutos secos).<\/li>\n<\/ul>\n<h2 style=\"text-align: left;\">Especificaciones clave<\/h2>\n<table class=\"aligncenter\" style=\"border-collapse: collapse; width: 382.52pt;\" border=\"0\" width=\"510\" cellspacing=\"0\" cellpadding=\"0\">\n<tbody>\n<tr style=\"height: 13.50pt;\">\n<td style=\"height: 13.50pt; width: 99.75pt;\" width=\"133\" height=\"18\">Especificaci\u00f3n<\/td>\n<td style=\"width: 282.75pt;\" width=\"377\">Detalles<\/td>\n<\/tr>\n<tr style=\"height: 13.50pt;\">\n<td style=\"height: 13.50pt;\" height=\"18\">Capacidad<\/td>\n<td>1250 ml\/1950 ml<\/td>\n<\/tr>\n<tr style=\"height: 13.50pt;\">\n<td style=\"height: 13.50pt;\" height=\"18\">Dimensiones<\/td>\n<td>11.5\u00d716cm\/13\u00d719.5cm<\/td>\n<\/tr>\n<tr style=\"height: 13.50pt;\">\n<td style=\"height: 13.50pt;\" height=\"18\">Material<\/td>\n<td>Vidrio de borosilicato alto<\/td>\n<\/tr>\n<tr style=\"height: 13.50pt;\">\n<td style=\"height: 13.50pt;\" height=\"18\">Tipo de tapa<\/td>\n<td>Tapa plana con textura de madera<\/td>\n<\/tr>\n<tr style=\"height: 13.50pt;\">\n<td style=\"height: 13.50pt;\" height=\"18\">Caracter\u00edstica del material<\/td>\n<td>Resistente al choque t\u00e9rmico, alta claridad, duradero<\/td>\n<\/tr>\n<tr style=\"height: 13.50pt;\">\n<td style=\"height: 13.50pt;\" height=\"18\">Ideal para<\/td>\n<td>Frascos de vidrio a granel, frascos de vidrio grandes<\/td>\n<\/tr>\n<\/tbody>\n<\/table>\n<h2>Ejemplo de \u00e9xito: Soluci\u00f3n de almacenamiento para una cadena de cafeter\u00edas<\/h2>\n<p>\u00bfC\u00f3mo pod\u00eda una cadena de cafeter\u00edas en r\u00e1pido crecimiento almacenar de forma sostenible a granel los granos de caf\u00e9 y otros productos necesarios para tostar? Respondieron a esta pregunta seleccionando nuestros grandes frascos de vidrio con tapa de 1950 ml para gestionar su cocina. Las tapas con textura de madera son la principal raz\u00f3n de un cierre eficaz, lo que prolonga la vida \u00fatil de los granos de caf\u00e9 en un 40 % y reduce dr\u00e1sticamente el desperdicio. Los frascos de vidrio de gran capacidad ayudaron al personal a ahorrar aproximadamente un 60 % del tiempo de reposici\u00f3n, al reducir la frecuencia de la tarea. Gracias a estas mejoras de rendimiento, la cadena decidi\u00f3 adquirir 50\u00a0000 frascos para facilitar la estandarizaci\u00f3n de las pr\u00e1cticas de almacenamiento en todas sus tiendas.<\/p>\n<h2>Los frascos de vidrio a granel ofrecen opciones de personalizaci\u00f3n<\/h2>\n<ul>\n<li>Actualizaci\u00f3n de tapa de madera real: cambie la tapa con veta de madera por una tapa de bamb\u00fa o roble macizo.<\/li>\n<li>Marcas de capacidad serigrafiadas: coloque marcas de medici\u00f3n permanentes en el frasco<\/li>\n<li>Tiras decorativas esmeriladas: cree tiras de contraste mate mediante un proceso de chorro de arena<\/li>\n<li>Anillo de sellado de silicona: instale un anillo de sellado de silicona en la tapa para un mejor sellado<\/li>\n<li>Vidrieras: Hay frascos con vidrio \u00e1mbar claro o verde disponibles para una mejor protecci\u00f3n contra los rayos UV.<\/li>\n<\/ul>","protected":false},"excerpt":{"rendered":"<p>Recipiente de vidrio premium con tapa de madera, fabricado en vidrio de borosilicato transparente con un dise\u00f1o moderno. Suministro directo de f\u00e1brica, env\u00edo r\u00e1pido.<\/p>","protected":false},"featured_media":24429,"template":"","meta":[],"product_brand":[],"product_cat":[122,124,137],"product_tag":[],"class_list":{"0":"post-24427","1":"product","2":"type-product","3":"status-publish","4":"has-post-thumbnail","6":"product_cat-custom-glass-packaging","7":"product_cat-custom-glass-jars","8":"product_cat-glass-jars-with-lids","10":"first","11":"instock","12":"shipping-taxable","13":"product-type-simple"},"jetpack_sharing_enabled":true,"_links":{"self":[{"href":"https:\/\/yebodaglass.com\/es\/wp-json\/wp\/v2\/product\/24427","targetHints":{"allow":["GET"]}}],"collection":[{"href":"https:\/\/yebodaglass.com\/es\/wp-json\/wp\/v2\/product"}],"about":[{"href":"https:\/\/yebodaglass.com\/es\/wp-json\/wp\/v2\/types\/product"}],"version-history":[{"count":5,"href":"https:\/\/yebodaglass.com\/es\/wp-json\/wp\/v2\/product\/24427\/revisions"}],"predecessor-version":[{"id":24533,"href":"https:\/\/yebodaglass.com\/es\/wp-json\/wp\/v2\/product\/24427\/revisions\/24533"}],"wp:featuredmedia":[{"embeddable":true,"href":"https:\/\/yebodaglass.com\/es\/wp-json\/wp\/v2\/media\/24429"}],"wp:attachment":[{"href":"https:\/\/yebodaglass.com\/es\/wp-json\/wp\/v2\/media?parent=24427"}],"wp:term":[{"taxonomy":"product_brand","embeddable":true,"href":"https:\/\/yebodaglass.com\/es\/wp-json\/wp\/v2\/product_brand?post=24427"},{"taxonomy":"product_cat","embeddable":true,"href":"https:\/\/yebodaglass.com\/es\/wp-json\/wp\/v2\/product_cat?post=24427"},{"taxonomy":"product_tag","embeddable":true,"href":"https:\/\/yebodaglass.com\/es\/wp-json\/wp\/v2\/product_tag?post=24427"}],"curies":[{"name":"wp","href":"https:\/\/api.w.org\/{rel}","templated":true}]}}