{"id":24404,"date":"2025-12-16T10:55:52","date_gmt":"2025-12-16T02:55:52","guid":{"rendered":"https:\/\/yebodaglass.com\/?post_type=product&#038;p=24404"},"modified":"2025-12-23T10:16:06","modified_gmt":"2025-12-23T02:16:06","slug":"clear-glass-canister-with-wood-lid-bulk","status":"publish","type":"product","link":"https:\/\/yebodaglass.com\/es\/clear-glass-canister-with-wood-lid-bulk\/","title":{"rendered":"Recipiente de vidrio transparente con tapa de madera (500 ml, 800 ml y 1200 ml)"},"content":{"rendered":"<p data-start=\"66\" data-end=\"288\">Este atractivo bote de vidrio con tapa de madera presenta un cuerpo delgado y recto que se estrecha con elegancia, y se cierra con un tap\u00f3n redondo de corcho natural. Fabricado en vidrio de borosilicato transparente de alta pureza, es muy resistente.<\/p>\n<h2>Caracter\u00edsticas del producto<\/h2>\n<ul>\n<li><strong>Dise\u00f1o de tap\u00f3n de corcho esf\u00e9rico:<\/strong> El tap\u00f3n de corcho natural esf\u00e9rico hace que el frasco luzca m\u00e1s atractivo y tambi\u00e9n hace que sea f\u00e1cil abrir y sacar el contenido.<\/li>\n<li><strong>\u00bfCu\u00e1les son los beneficios del vidrio de borosilicato alto?<\/strong> El vidrio de alto borosilicato utilizado en la fabricaci\u00f3n del frasco lo hace resistente al choque t\u00e9rmico y a la corrosi\u00f3n qu\u00edmica, por lo que mantiene su durabilidad durante mucho tiempo.<\/li>\n<li><strong>Material de primera calidad, muy transparente:<\/strong> El tarro es perfectamente transparente y esta caracter\u00edstica es muy \u00fatil para la visualizaci\u00f3n de los productos almacenados en el tarro.<\/li>\n<\/ul>\n<h2 style=\"text-align: left;\">Especificaciones clave<\/h2>\n<table class=\"aligncenter\" style=\"border-collapse: collapse; width: 452.27pt;\" border=\"0\" width=\"603\" cellspacing=\"0\" cellpadding=\"0\">\n<tbody>\n<tr style=\"height: 13.50pt;\">\n<td style=\"height: 13.50pt; width: 101.25pt;\" width=\"135\" height=\"18\">Especificaci\u00f3n<\/td>\n<td style=\"width: 351.00pt;\" width=\"468\">Detalles<\/td>\n<\/tr>\n<tr style=\"height: 13.50pt;\">\n<td style=\"height: 13.50pt;\" height=\"18\">Capacidad<\/td>\n<td>500 ml \/ 800 ml \/ 1200 ml<\/td>\n<\/tr>\n<tr style=\"height: 13.50pt;\">\n<td style=\"height: 13.50pt;\" height=\"18\">Dimensiones<\/td>\n<td>9\u00d710cm\/9\u00d715.5cm\/9\u00d720cm<\/td>\n<\/tr>\n<tr style=\"height: 13.50pt;\">\n<td style=\"height: 13.50pt;\" height=\"18\">Material<\/td>\n<td>Vidrio de borosilicato alto<\/td>\n<\/tr>\n<tr style=\"height: 13.50pt;\">\n<td style=\"height: 13.50pt;\" height=\"18\">Tipo de tapa<\/td>\n<td>Tap\u00f3n de corcho natural esf\u00e9rico (opci\u00f3n de tapa de madera disponible)<\/td>\n<\/tr>\n<tr style=\"height: 13.50pt;\">\n<td style=\"height: 13.50pt;\" height=\"18\">Caracter\u00edstica del material<\/td>\n<td>Resistente al choque t\u00e9rmico, alta claridad, qu\u00edmicamente estable.<\/td>\n<\/tr>\n<tr style=\"height: 13.50pt;\">\n<td style=\"height: 13.50pt;\" height=\"18\">Ideal para<\/td>\n<td>Recipiente de vidrio con tapa de madera, recipientes de vidrio con tapa<\/td>\n<\/tr>\n<\/tbody>\n<\/table>\n<h2>Historia de \u00e9xito de mercado de una marca de alimentos artesanales<\/h2>\n<p>Un productor de alimentos especializados quer\u00eda aumentar el conocimiento de su marca. Para ello, adopt\u00f3 nuestro envase de vidrio de 1200 ml con tapa de madera para sus cereales de autor. Las tapas de madera herm\u00e9ticas personalizadas permitieron prolongar la vida \u00fatil del producto en m\u00e1s de 12 meses y reducir la tasa de deterioro en un 65 %. El dise\u00f1o moderno hizo el producto m\u00e1s atractivo para los minoristas y, como resultado, las nuevas adquisiciones en tiendas aumentaron un 45 %. Por consiguiente, realizaron un pedido adicional de 350\u00a0000 unidades.<\/p>\n<h2>Opciones de recipientes de vidrio personalizados con tapa<\/h2>\n<ul>\n<li>Acabado de tapa de madera personalizado: roble, bamb\u00fa o nogal, usted elige, y tambi\u00e9n hay una variedad de opciones de tinte para elegir.<\/li>\n<li>Marca grabada con l\u00e1ser: colocaci\u00f3n de un logotipo o dise\u00f1o en la superficie del vidrio con precisi\u00f3n mediante grabado l\u00e1ser.<\/li>\n<li>Marcas de capacidad serigrafiadas: coloque marcas de medici\u00f3n claras y que no se puedan usar de vez en cuando sobre el vidrio mediante serigraf\u00eda.<\/li>\n<li>Tapa de madera revestida de corcho: una tapa de madera con un revestimiento de corcho ser\u00e1 perfecta para sellar.<\/li>\n<li>Caracter\u00edsticas del vidrio coloreado: puedes tenerlo en un frasco de vidrio con un ligero tinte \u00e1mbar o verde en el \u200b\u200d\u200b\u200c\u200d\u200b\u200d\u200c\u200d\u200b\u200c\u200d\u200b\u200d\u200chombro.<\/li>\n<\/ul>","protected":false},"excerpt":{"rendered":"<p>Recipiente de vidrio premium con tapa de madera, fabricado en vidrio de borosilicato transparente con un dise\u00f1o moderno. Suministro directo de f\u00e1brica, env\u00edo r\u00e1pido.<\/p>","protected":false},"featured_media":24411,"template":"","meta":[],"product_brand":[],"product_cat":[122,124,137],"product_tag":[],"class_list":{"0":"post-24404","1":"product","2":"type-product","3":"status-publish","4":"has-post-thumbnail","6":"product_cat-custom-glass-packaging","7":"product_cat-custom-glass-jars","8":"product_cat-glass-jars-with-lids","10":"first","11":"instock","12":"shipping-taxable","13":"product-type-simple"},"jetpack_sharing_enabled":true,"_links":{"self":[{"href":"https:\/\/yebodaglass.com\/es\/wp-json\/wp\/v2\/product\/24404","targetHints":{"allow":["GET"]}}],"collection":[{"href":"https:\/\/yebodaglass.com\/es\/wp-json\/wp\/v2\/product"}],"about":[{"href":"https:\/\/yebodaglass.com\/es\/wp-json\/wp\/v2\/types\/product"}],"version-history":[{"count":5,"href":"https:\/\/yebodaglass.com\/es\/wp-json\/wp\/v2\/product\/24404\/revisions"}],"predecessor-version":[{"id":24535,"href":"https:\/\/yebodaglass.com\/es\/wp-json\/wp\/v2\/product\/24404\/revisions\/24535"}],"wp:featuredmedia":[{"embeddable":true,"href":"https:\/\/yebodaglass.com\/es\/wp-json\/wp\/v2\/media\/24411"}],"wp:attachment":[{"href":"https:\/\/yebodaglass.com\/es\/wp-json\/wp\/v2\/media?parent=24404"}],"wp:term":[{"taxonomy":"product_brand","embeddable":true,"href":"https:\/\/yebodaglass.com\/es\/wp-json\/wp\/v2\/product_brand?post=24404"},{"taxonomy":"product_cat","embeddable":true,"href":"https:\/\/yebodaglass.com\/es\/wp-json\/wp\/v2\/product_cat?post=24404"},{"taxonomy":"product_tag","embeddable":true,"href":"https:\/\/yebodaglass.com\/es\/wp-json\/wp\/v2\/product_tag?post=24404"}],"curies":[{"name":"wp","href":"https:\/\/api.w.org\/{rel}","templated":true}]}}