{"id":24383,"date":"2025-12-16T10:19:41","date_gmt":"2025-12-16T02:19:41","guid":{"rendered":"https:\/\/yebodaglass.com\/?post_type=product&#038;p=24383"},"modified":"2025-12-16T10:19:42","modified_gmt":"2025-12-16T02:19:42","slug":"square-high-borosilicate-large-glass-jars-with-lids-and-spoons-wholesale","status":"publish","type":"product","link":"https:\/\/yebodaglass.com\/es\/square-high-borosilicate-large-glass-jars-with-lids-and-spoons-wholesale\/","title":{"rendered":"Frascos grandes de vidrio de borosilicato cuadrados de 800 ml a 1200 ml con tapa y cuchara, venta al por mayor"},"content":{"rendered":"<p>\u00bfCansado de los frascos de vidrio que se agrietan o gotean? Fabricamos los mejores frascos de vidrio, pensados \u200b\u200bpara marcas que buscan calidad. Estos frascos grandes con tapa convierten el almacenamiento diario en una declaraci\u00f3n de estilo para tu marca. Los pedidos al por mayor incluyen acabados personalizados que combinan con tu marca.<\/p>\n<h2>Caracter\u00edsticas del producto<\/h2>\n<p><strong>Dise\u00f1o cuadrado para un almacenamiento vers\u00e1til<\/strong><\/p>\n<p>Contiene granos de caf\u00e9, miel y salsas a la perfecci\u00f3n: no m\u00e1s derrames desordenados durante el almacenamiento.<\/p>\n<p><strong>Vidrio de borosilicato duradero<\/strong><\/p>\n<p>Resistente al calor: seguro para jarabes calientes, miel fr\u00eda y almacenamiento en congelador.<\/p>\n<p><strong>Frascos con tapa para protecci\u00f3n contra el polvo<\/strong><\/p>\n<p>Las tapas herm\u00e9ticas mantienen el contenido fresco: sin polvo, sin fugas, solo almacenamiento puro.<\/p>\n<p><strong>\u00c1mbar o transparente personalizable<\/strong><\/p>\n<p>Agregue su logotipo: har\u00e1 que sus frascos de vidrio al por mayor se destaquen en los estantes.<\/p>\n<h2>Especificaciones clave<\/h2>\n<table style=\"border-collapse: collapse; width: 80%; margin-left: auto; margin-right: auto;\" border=\"0\" width=\"432\" cellspacing=\"0\" cellpadding=\"0\">\n<tbody>\n<tr style=\"height: 13.50pt;\">\n<td style=\"height: 13.5pt; width: 54pt; text-align: center;\" width=\"72\" height=\"18\">Capacidad<\/td>\n<td style=\"width: 54pt; text-align: center;\" width=\"72\">Tama\u00f1o (cm)<\/td>\n<td style=\"width: 54pt; text-align: center;\" width=\"72\">Di\u00e1metro<\/td>\n<td style=\"width: 54pt; text-align: center;\" width=\"72\">Material<\/td>\n<td style=\"width: 54pt; text-align: center;\" width=\"72\">Forma<\/td>\n<td style=\"width: 54pt; text-align: center;\" width=\"72\">Accesorios<\/td>\n<\/tr>\n<tr style=\"height: 13.50pt;\">\n<td style=\"height: 13.5pt; text-align: center;\" height=\"18\">800 ml<\/td>\n<td style=\"text-align: center;\">10 x 10 x 13<\/td>\n<td class=\"et2\" style=\"text-align: center;\" rowspan=\"3\">100 mm<\/td>\n<td class=\"et2\" style=\"text-align: center;\" rowspan=\"3\">Borosilicato<\/td>\n<td class=\"et2\" style=\"text-align: center;\" rowspan=\"3\">Cuadrado<\/td>\n<td class=\"et2\" style=\"text-align: center;\" rowspan=\"3\">Cucharas y tapas<\/td>\n<\/tr>\n<tr style=\"height: 13.50pt;\">\n<td style=\"height: 13.5pt; text-align: center;\" height=\"18\">1000 ml (1 cuarto de gal\u00f3n)<\/td>\n<td style=\"text-align: center;\">10 x 10 x 16<\/td>\n<\/tr>\n<tr style=\"height: 13.50pt;\">\n<td style=\"height: 13.5pt; text-align: center;\" height=\"18\">1200 ml (40 onzas)<\/td>\n<td style=\"text-align: center;\">10 x 10 x 19<\/td>\n<\/tr>\n<\/tbody>\n<\/table>\n<h2>Caso de \u00e9xito de los grandes tarros de cristal con tapa<\/h2>\n<p>Una cadena de tiendas de art\u00edculos de cocina necesitaba actualizar su colecci\u00f3n de almacenamiento. Por ello, un mayorista europeo de art\u00edculos para el hogar decidi\u00f3 optar por estos frascos grandes de vidrio de borosilicato con tapa para la presentaci\u00f3n uniforme de granos de caf\u00e9, t\u00e9 y productos secos. La forma cuadrada encajaba a la perfecci\u00f3n en los estantes, y la tapa herm\u00e9tica de 100 mm y la cuchara de madera que la acompa\u00f1aba eran ideales tanto por su funcionalidad como por su aspecto m\u00e1s lujoso.<\/p>\n<p>De hecho, la serie recibi\u00f3 el doble de pedidos de reposici\u00f3n del plan inicial en los tres meses siguientes a su lanzamiento.<\/p>\n<h2>Tu manual de personalizaci\u00f3n<\/h2>\n<ol>\n<li>La tapa admite varios tipos de madera o acabados de superficie, lo que mejora la consistencia del estilo de la marca.<\/li>\n<li>Los frascos de vidrio se pueden imprimir o serigrafiar con un logotipo, adecuado para aplicaciones minoristas y en cajas de regalo.<\/li>\n<li>La longitud de la cuchara y el m\u00e9todo de fijaci\u00f3n son ajustables, lo que mejora la facilidad de uso y la diferenciaci\u00f3n.<\/li>\n<li>Admite soluciones de embalaje personalizadas a granel, adecuadas para suministro directo de f\u00e1brica y necesidades de compra al por mayor.<\/li>\n<\/ol>","protected":false},"excerpt":{"rendered":"<p>Frascos de vidrio grandes con tapa de f\u00e1brica, ideales para personalizar y para pedidos al por mayor. Frascos resistentes con tapa para suministro a granel.<\/p>","protected":false},"featured_media":24385,"template":"","meta":[],"product_brand":[],"product_cat":[124,122,137],"product_tag":[],"class_list":{"0":"post-24383","1":"product","2":"type-product","3":"status-publish","4":"has-post-thumbnail","6":"product_cat-custom-glass-jars","7":"product_cat-custom-glass-packaging","8":"product_cat-glass-jars-with-lids","10":"first","11":"instock","12":"shipping-taxable","13":"product-type-simple"},"jetpack_sharing_enabled":true,"_links":{"self":[{"href":"https:\/\/yebodaglass.com\/es\/wp-json\/wp\/v2\/product\/24383","targetHints":{"allow":["GET"]}}],"collection":[{"href":"https:\/\/yebodaglass.com\/es\/wp-json\/wp\/v2\/product"}],"about":[{"href":"https:\/\/yebodaglass.com\/es\/wp-json\/wp\/v2\/types\/product"}],"version-history":[{"count":5,"href":"https:\/\/yebodaglass.com\/es\/wp-json\/wp\/v2\/product\/24383\/revisions"}],"predecessor-version":[{"id":24393,"href":"https:\/\/yebodaglass.com\/es\/wp-json\/wp\/v2\/product\/24383\/revisions\/24393"}],"wp:featuredmedia":[{"embeddable":true,"href":"https:\/\/yebodaglass.com\/es\/wp-json\/wp\/v2\/media\/24385"}],"wp:attachment":[{"href":"https:\/\/yebodaglass.com\/es\/wp-json\/wp\/v2\/media?parent=24383"}],"wp:term":[{"taxonomy":"product_brand","embeddable":true,"href":"https:\/\/yebodaglass.com\/es\/wp-json\/wp\/v2\/product_brand?post=24383"},{"taxonomy":"product_cat","embeddable":true,"href":"https:\/\/yebodaglass.com\/es\/wp-json\/wp\/v2\/product_cat?post=24383"},{"taxonomy":"product_tag","embeddable":true,"href":"https:\/\/yebodaglass.com\/es\/wp-json\/wp\/v2\/product_tag?post=24383"}],"curies":[{"name":"wp","href":"https:\/\/api.w.org\/{rel}","templated":true}]}}