{"id":24381,"date":"2025-12-16T09:05:30","date_gmt":"2025-12-16T01:05:30","guid":{"rendered":"https:\/\/yebodaglass.com\/?post_type=product&#038;p=24381"},"modified":"2025-12-23T10:16:46","modified_gmt":"2025-12-23T02:16:46","slug":"bulk-high-borosilicate-glass-canisters-with-cork-lids","status":"publish","type":"product","link":"https:\/\/yebodaglass.com\/es\/bulk-high-borosilicate-glass-canisters-with-cork-lids\/","title":{"rendered":"Recipientes de vidrio de borosilicato de alta pureza con tapas de corcho (150 ml, 300 ml, 600 ml y 1100 ml)"},"content":{"rendered":"<p data-start=\"66\" data-end=\"288\">Estos botes de vidrio presentan un concepto moderno y simplificado de botella de leche sellada con un corcho. Est\u00e1n hechos de vidrio de borosilicato de primera calidad, por lo que son muy transparentes y repelen eficazmente el choque t\u00e9rmico.<\/p>\n<h2>Caracter\u00edsticas del producto<\/h2>\n<ul>\n<li><strong>Alto rendimiento del vidrio de borosilicato:<\/strong> El vidrio de borosilicato de alta\u200b\u200d\u200b\u200c\u200d\u200b\u200d\u200c\u200b\u200d\u200b\u200c\u200d\u200b\u200d\u200c puede soportar diferentes temperaturas incluso si cambian muy r\u00e1pidamente y el material no se agrietar\u00e1.<\/li>\n<li><strong>Sellado de corcho puro:<\/strong> El tap\u00f3n de corcho es un sello eficaz que mantiene el aire y la humedad fuera.<\/li>\n<li><strong>Forma elegante de la botella de leche:<\/strong> Un modelo de dise\u00f1o que hace que cualquier cocina resulte atractiva y atemporal.<\/li>\n<li><strong>Variantes en Volumen:<\/strong> Cuatro vol\u00famenes diferentes para satisfacer distintas necesidades de almacenamiento.<\/li>\n<\/ul>\n<h2 style=\"text-align: left;\">Especificaciones clave<\/h2>\n<table class=\"aligncenter\" style=\"border-collapse: collapse; width: 419.27pt;\" border=\"0\" width=\"559\" cellspacing=\"0\" cellpadding=\"0\">\n<tbody>\n<tr style=\"height: 13.50pt;\">\n<td style=\"height: 13.50pt; width: 101.25pt;\" width=\"135\" height=\"18\">Especificaci\u00f3n<\/td>\n<td style=\"width: 318.00pt;\" width=\"424\">Detalles<\/td>\n<\/tr>\n<tr style=\"height: 13.50pt;\">\n<td style=\"height: 13.50pt;\" height=\"18\">Capacidad<\/td>\n<td>150 ml \/ 300 ml \/ 600 ml \/ 1100 ml<\/td>\n<\/tr>\n<tr style=\"height: 13.50pt;\">\n<td style=\"height: 13.50pt;\" height=\"18\">Dimensiones<\/td>\n<td>6\u00d711cm\/6.5\u00d715cm\/8\u00d719cm\/8.5\u00d726cm<\/td>\n<\/tr>\n<tr style=\"height: 13.50pt;\">\n<td style=\"height: 13.50pt;\" height=\"18\">Material<\/td>\n<td>Vidrio de borosilicato alto<\/td>\n<\/tr>\n<tr style=\"height: 13.50pt;\">\n<td style=\"height: 13.50pt;\" height=\"18\">Tipo de tapa<\/td>\n<td>Tap\u00f3n de corcho natural<\/td>\n<\/tr>\n<tr style=\"height: 13.50pt;\">\n<td style=\"height: 13.50pt;\" height=\"18\">Caracter\u00edstica del material<\/td>\n<td>Resistente al choque t\u00e9rmico, alta claridad<\/td>\n<\/tr>\n<tr style=\"height: 13.50pt;\">\n<td style=\"height: 13.50pt;\" height=\"18\">Ideal para<\/td>\n<td>Botes de vidrio, botes de vidrio para cocina<\/td>\n<\/tr>\n<\/tbody>\n<\/table>\n<h2>Historia de \u00e9xito: Mejora de la marca para una tostadora de caf\u00e9 de especialidad<\/h2>\n<p>Una empresa de caf\u00e9 de alta gama buscaba un envase \u00fanico para su gama de granos de caf\u00e9. Se decidieron por nuestros botes de vidrio de 600 ml con tapa. El excelente vidrio de borosilicato de alta calidad puede soportar los cambios de temperatura del refrigerador a la temperatura ambiente sin agrietarse. Por lo tanto, la tasa de rotura se reduce en un 40 %. Los comentarios de los clientes indican que el sellado de corcho natural ha permitido que la frescura de los granos de caf\u00e9 se mantenga un 50 % m\u00e1s que con el envase anterior. Los minoristas indican que el aspecto premium ha resultado en un aumento del 25 % en el precio, mientras que las ventas, de hecho, se han incrementado en un 30 %. Bas\u00e1ndose en estos hallazgos, la empresa ha realizado un nuevo pedido de 200\u00a0000 botes de vidrio y planea lanzar la nueva l\u00ednea de productos minoristas en varios mercados.<\/p>\n<h2>Opciones de personalizaci\u00f3n de botes de vidrio<\/h2>\n<ul>\n<li>Estampado de corcho personalizado: tenga el logotipo o dise\u00f1o de su marca grabado en corcho natural.<\/li>\n<li>Etiquetas serigrafiadas: utilice tinta cer\u00e1mica duradera para imprimir informaci\u00f3n del producto.<\/li>\n<li>Marcas de capacidad en relieve: produce graduaciones delicadas en relieve.<\/li>\n<li>Opciones de vidrieras: al estar coloreadas, son adecuadas para contenidos sensibles a la luz.<\/li>\n<li>Colores de corcho personalizados: hay varios tonos de corcho natural entre los que puede elegir.<\/li>\n<\/ul>","protected":false},"excerpt":{"rendered":"<p>Recipientes de vidrio resistentes con tapas de vidrio de borosilicato de alta pureza y tapas de corcho. Control de calidad de f\u00e1brica. Descuentos disponibles por pedido al por mayor.<\/p>","protected":false},"featured_media":24399,"template":"","meta":[],"product_brand":[],"product_cat":[122,124,137],"product_tag":[],"class_list":{"0":"post-24381","1":"product","2":"type-product","3":"status-publish","4":"has-post-thumbnail","6":"product_cat-custom-glass-packaging","7":"product_cat-custom-glass-jars","8":"product_cat-glass-jars-with-lids","10":"first","11":"instock","12":"shipping-taxable","13":"product-type-simple"},"jetpack_sharing_enabled":true,"_links":{"self":[{"href":"https:\/\/yebodaglass.com\/es\/wp-json\/wp\/v2\/product\/24381","targetHints":{"allow":["GET"]}}],"collection":[{"href":"https:\/\/yebodaglass.com\/es\/wp-json\/wp\/v2\/product"}],"about":[{"href":"https:\/\/yebodaglass.com\/es\/wp-json\/wp\/v2\/types\/product"}],"version-history":[{"count":5,"href":"https:\/\/yebodaglass.com\/es\/wp-json\/wp\/v2\/product\/24381\/revisions"}],"predecessor-version":[{"id":24536,"href":"https:\/\/yebodaglass.com\/es\/wp-json\/wp\/v2\/product\/24381\/revisions\/24536"}],"wp:featuredmedia":[{"embeddable":true,"href":"https:\/\/yebodaglass.com\/es\/wp-json\/wp\/v2\/media\/24399"}],"wp:attachment":[{"href":"https:\/\/yebodaglass.com\/es\/wp-json\/wp\/v2\/media?parent=24381"}],"wp:term":[{"taxonomy":"product_brand","embeddable":true,"href":"https:\/\/yebodaglass.com\/es\/wp-json\/wp\/v2\/product_brand?post=24381"},{"taxonomy":"product_cat","embeddable":true,"href":"https:\/\/yebodaglass.com\/es\/wp-json\/wp\/v2\/product_cat?post=24381"},{"taxonomy":"product_tag","embeddable":true,"href":"https:\/\/yebodaglass.com\/es\/wp-json\/wp\/v2\/product_tag?post=24381"}],"curies":[{"name":"wp","href":"https:\/\/api.w.org\/{rel}","templated":true}]}}