{"id":24324,"date":"2025-12-12T12:00:03","date_gmt":"2025-12-12T04:00:03","guid":{"rendered":"https:\/\/yebodaglass.com\/?post_type=product&#038;p=24324"},"modified":"2025-12-16T11:42:50","modified_gmt":"2025-12-16T03:42:50","slug":"glass-empty-water-bottles-for-drinking-wholesale","status":"publish","type":"product","link":"https:\/\/yebodaglass.com\/es\/glass-empty-water-bottles-for-drinking-wholesale\/","title":{"rendered":"Botellas de agua vac\u00edas de vidrio de 550 ml para beber al por mayor"},"content":{"rendered":"<p>\u00bfCansado de las botellas de vidrio que no combinan con el estilo de tu marca? Creamos botellas de agua vac\u00edas de vidrio, dise\u00f1adas para marcas que buscan calidad. Estas botellas convierten la hidrataci\u00f3n diaria en una declaraci\u00f3n de estilo. Los pedidos al por mayor incluyen acabados personalizados que combinan con tu marca.<\/p>\n<h2>Caracter\u00edsticas del producto<\/h2>\n<p><strong>Amplia apertura de 38 mm<\/strong><\/p>\n<p>F\u00e1cil de llenar con fruta o hielo: no m\u00e1s infusiones desordenadas para hidratarse.<\/p>\n<p><strong>Vidrio de borosilicato duradero<\/strong><\/p>\n<p>Sin choque t\u00e9rmico: apto para congelador y lavavajillas, y fabricado para durar.<\/p>\n<p><strong>Tapa de acero inoxidable a prueba de fugas<\/strong><\/p>\n<p>Mantiene el contenido seguro: perfecto para mantenerse hidratado mientras viaja.<\/p>\n<p><strong>Funda de silicona personalizable<\/strong><\/p>\n<p>Agregue su logotipo: har\u00e1 que su botella de agua de vidrio reutilizable sea inolvidable.<\/p>\n<h2>Especificaciones clave<\/h2>\n<table style=\"border-collapse: collapse; width: 80%; margin-left: auto; margin-right: auto;\" border=\"0\" width=\"360\" cellspacing=\"0\" cellpadding=\"0\">\n<tbody>\n<tr style=\"height: 13.50pt;\">\n<td style=\"height: 13.5pt; width: 54pt; text-align: center;\" width=\"72\" height=\"18\">Capacidad<\/td>\n<td style=\"width: 54pt; text-align: center;\" width=\"72\">Tama\u00f1o (cm)<\/td>\n<td style=\"width: 54pt; text-align: center;\" width=\"72\">Di\u00e1metro<\/td>\n<td style=\"width: 54pt; text-align: center;\" width=\"72\">Material<\/td>\n<td style=\"width: 54pt; text-align: center;\" width=\"72\">Color<\/td>\n<\/tr>\n<tr style=\"height: 13.50pt;\">\n<td style=\"height: 13.5pt; text-align: center;\" height=\"18\">550 ml<\/td>\n<td style=\"text-align: center;\">6.6&#215;22.3<\/td>\n<td style=\"text-align: center;\">38 mm<\/td>\n<td style=\"text-align: center;\">Borosilicato<\/td>\n<td style=\"text-align: center;\">Claro o personalizado<\/td>\n<\/tr>\n<\/tbody>\n<\/table>\n<h2>Caso de \u00e9xito<\/h2>\n<p>Una de las principales cadenas de jugos prensados \u200b\u200ben fr\u00edo del sudeste asi\u00e1tico, que buscaba expandir su negocio de bebidas embotelladas, necesitaba un envase resistente al transporte en cadena de fr\u00edo y que, adem\u00e1s, tuviera un aspecto m\u00e1s atractivo y lujoso en el lineal. Eligieron esta botella de agua vac\u00eda de boca ancha y personalizamos el tama\u00f1o de la tapa y la etiqueta para que se ajustaran a los colores de su marca.<\/p>\n<p>Una vez que se realizaron los cambios, sus ventas de jugo premium aumentaron casi un 30%.\u3001<\/p>\n<h2>Tu manual de personalizaci\u00f3n<\/h2>\n<ol>\n<li>Al modificar el di\u00e1metro del cuello, el dise\u00f1o de la base o las proporciones del cuerpo de la botella, podemos garantizar la mejor compatibilidad posible con las l\u00edneas de llenado y tambi\u00e9n aumentar el nivel de distinci\u00f3n visual.<\/li>\n<li>Nuestras instalaciones est\u00e1n equipadas para atender sus solicitudes de serigraf\u00eda, estampado en caliente, etiquetado y acabado mate. Le damos la libertad de seleccionar la presentaci\u00f3n visual m\u00e1s adecuada a la imagen de su marca.<\/li>\n<li>Tenemos la capacidad de dise\u00f1ar las tapas de las botellas en varios tonos o podemos utilizar diferentes materiales (es decir, acero inoxidable, galvanoplastia y recubrimiento en aerosol) para ayudarlo a hacer de sus productos el centro de atracci\u00f3n en el estante.<\/li>\n<\/ol>","protected":false},"excerpt":{"rendered":"<p>Botellas de agua vac\u00edas de boca ancha, ideales para marcas de bebidas. Proveedor confiable que ofrece botellas de agua personalizables y pedidos al por mayor. Muestra gratuita.<\/p>","protected":false},"featured_media":24336,"template":"","meta":[],"product_brand":[],"product_cat":[123,122,136],"product_tag":[],"class_list":{"0":"post-24324","1":"product","2":"type-product","3":"status-publish","4":"has-post-thumbnail","6":"product_cat-custom-glass-bottles","7":"product_cat-custom-glass-packaging","8":"product_cat-glass-water-bottles","10":"first","11":"instock","12":"shipping-taxable","13":"product-type-simple"},"jetpack_sharing_enabled":true,"_links":{"self":[{"href":"https:\/\/yebodaglass.com\/es\/wp-json\/wp\/v2\/product\/24324","targetHints":{"allow":["GET"]}}],"collection":[{"href":"https:\/\/yebodaglass.com\/es\/wp-json\/wp\/v2\/product"}],"about":[{"href":"https:\/\/yebodaglass.com\/es\/wp-json\/wp\/v2\/types\/product"}],"version-history":[{"count":5,"href":"https:\/\/yebodaglass.com\/es\/wp-json\/wp\/v2\/product\/24324\/revisions"}],"predecessor-version":[{"id":24413,"href":"https:\/\/yebodaglass.com\/es\/wp-json\/wp\/v2\/product\/24324\/revisions\/24413"}],"wp:featuredmedia":[{"embeddable":true,"href":"https:\/\/yebodaglass.com\/es\/wp-json\/wp\/v2\/media\/24336"}],"wp:attachment":[{"href":"https:\/\/yebodaglass.com\/es\/wp-json\/wp\/v2\/media?parent=24324"}],"wp:term":[{"taxonomy":"product_brand","embeddable":true,"href":"https:\/\/yebodaglass.com\/es\/wp-json\/wp\/v2\/product_brand?post=24324"},{"taxonomy":"product_cat","embeddable":true,"href":"https:\/\/yebodaglass.com\/es\/wp-json\/wp\/v2\/product_cat?post=24324"},{"taxonomy":"product_tag","embeddable":true,"href":"https:\/\/yebodaglass.com\/es\/wp-json\/wp\/v2\/product_tag?post=24324"}],"curies":[{"name":"wp","href":"https:\/\/api.w.org\/{rel}","templated":true}]}}