{"id":24249,"date":"2025-12-03T10:18:31","date_gmt":"2025-12-03T02:18:31","guid":{"rendered":"https:\/\/yebodaglass.com\/?post_type=product&#038;p=24249"},"modified":"2026-03-12T16:37:09","modified_gmt":"2026-03-12T08:37:09","slug":"double-walled-glass-drinking-bottles-with-stainless-steel-lid","status":"publish","type":"product","link":"https:\/\/yebodaglass.com\/es\/double-walled-glass-drinking-bottles-with-stainless-steel-lid\/","title":{"rendered":"Botellas de vidrio de doble pared con tapa de acero inoxidable."},"content":{"rendered":"<p>Estas botellas de vidrio presentan un elegante perfil cil\u00edndrico fabricado con vidrio de borosilicato resistente, combinado con una moderna estructura de doble pared. El cuerpo de la botella es transparente, lo que realza la bebida, ayuda a conservar el calor y elimina el choque t\u00e9rmico. Cuentan con una tapa roscada de acero inoxidable y un filtro extra\u00edble de acero inoxidable 304 para filtrar hojas de t\u00e9 o pulpa de fruta. Su dise\u00f1o de boca ancha facilita el llenado y la limpieza, y su dise\u00f1o minimalista es ideal para oficinas, gimnasios y viajes. Al ser ecol\u00f3gicas, estas botellas de vidrio reutilizables ayudan a los usuarios a mantenerse hidratados y promueven estilos de vida sostenibles.<\/p>\n<h2>Especificaciones clave<\/h2>\n<table style=\"border-collapse: collapse; width: 80%; margin-left: auto; margin-right: auto;\" border=\"0\" width=\"873\" cellspacing=\"0\" cellpadding=\"0\">\n<tbody>\n<tr style=\"height: 13.50pt;\">\n<td style=\"height: 13.50pt; width: 117.75pt;\" width=\"157\" height=\"18\">Opciones de capacidad<\/td>\n<td style=\"width: 537.00pt;\" width=\"716\">350 ml \/ 500 ml \/ 700 ml<\/td>\n<\/tr>\n<tr style=\"height: 13.50pt;\">\n<td style=\"height: 13.50pt;\" height=\"18\">Material<\/td>\n<td>Vidrio de borosilicato, tapa de acero inoxidable, filtro de acero inoxidable 304, junta de silicona<\/td>\n<\/tr>\n<tr style=\"height: 13.50pt;\">\n<td style=\"height: 13.50pt;\" height=\"18\">Estructura<\/td>\n<td>Botella de agua cil\u00edndrica de doble pared<\/td>\n<\/tr>\n<tr style=\"height: 13.50pt;\">\n<td style=\"height: 13.50pt;\" height=\"18\">Tipo de tapa<\/td>\n<td>Tapa roscada de acero inoxidable, a prueba de fugas.<\/td>\n<\/tr>\n<tr style=\"height: 13.50pt;\">\n<td style=\"height: 13.50pt;\" height=\"18\">Filtrar<\/td>\n<td>Filtro de t\u00e9 extra\u00edble de acero inoxidable con asa de agarre<\/td>\n<\/tr>\n<tr style=\"height: 13.50pt;\">\n<td style=\"height: 13.50pt;\" height=\"18\">Sello<\/td>\n<td>Anillo de sellado de silicona grueso para un rendimiento sin goteos.<\/td>\n<\/tr>\n<tr style=\"height: 13.50pt;\">\n<td style=\"height: 13.50pt;\" height=\"18\">Opciones personalizadas<\/td>\n<td>Impresi\u00f3n de logotipos, recubrimiento de color, funda de silicona, dise\u00f1o de tapa, marcas de escala, embalaje<\/td>\n<\/tr>\n<tr style=\"height: 13.50pt;\">\n<td style=\"height: 13.50pt;\" height=\"18\">Seguridad<\/td>\n<td>Apto para lavavajillas, apto para congelador, resistente a los cambios bruscos de temperatura.<\/td>\n<\/tr>\n<tr style=\"height: 13.50pt;\">\n<td style=\"height: 13.50pt;\" height=\"18\">Uso<\/td>\n<td>T\u00e9, infusi\u00f3n de frutas, caf\u00e9, bebidas fr\u00edas, hidrataci\u00f3n diaria.<\/td>\n<\/tr>\n<\/tbody>\n<\/table>\n<h2>Caracter\u00edsticas principales del producto<\/h2>\n<ol>\n<li><strong>Protecci\u00f3n t\u00e9rmica de doble pared<\/strong>El dise\u00f1o de doble cara de la botella ayuda a aislar las bebidas, evitando la condensaci\u00f3n y mejorando la comodidad del usuario.<\/li>\n<li><strong>Construcci\u00f3n de vidrio de borosilicato de primera calidad<\/strong>Nuestras botellas de agua ecol\u00f3gicas est\u00e1n fabricadas con vidrio de borosilicato resistente al calor, al fr\u00edo y a los cambios bruscos de temperatura, por lo que pueden utilizarse para t\u00e9 caliente o hielo.<\/li>\n<li><strong>A prueba de fugas y apto para viajes<\/strong>Su tapa de acero inoxidable de alta precisi\u00f3n y su sello de silicona proporcionan un dise\u00f1o a prueba de fugas, f\u00e1cil de transportar para ir al trabajo, de viaje o para hidratarse a diario.<\/li>\n<\/ol>\n<h2>Caso B2B exitoso<\/h2>\n<p>Una empresa comercial holandesa colabor\u00f3 \u200b\u200bcon nosotros como su principal distribuidor de botellas de agua de vidrio de alta calidad, que venden como parte de sus paquetes de regalo. La empresa encarg\u00f3 8000 botellas de 500 ml y 700 ml.<\/p>\n<p>Personalizaci\u00f3n incluida:<\/p>\n<ul>\n<li>Logotipo cortado con l\u00e1ser en la tapa de acero inoxidable.<\/li>\n<li>Recubrimiento brillante en el cuerpo de las botellas de vidrio.<\/li>\n<li>Caja de embalaje de marca<\/li>\n<li>Se puede utilizar una funda de silicona para mejorar el agarre.<\/li>\n<\/ul>\n<p>Tras su lanzamiento, estas botellas de vidrio se presentaron como uno de sus productos de agua de vidrio m\u00e1s exitosos para los amantes del t\u00e9 de hojas sueltas. Tras un trimestre, la marca registr\u00f3 un crecimiento del 35 % en la cantidad de sets de regalo vendidos y realiz\u00f3 un segundo pedido al por mayor de 12\u00a0000 unidades. Sus clientes, comprometidos con la sostenibilidad, quedaron muy impresionados con su posicionamiento como reutilizables y respetuosos con el medio ambiente.<\/p>\n<h2>Recomendaciones de personalizaci\u00f3n de software B2B<\/h2>\n<ol>\n<li><strong>Programas de bienestar corporativo<\/strong>:Muestre logotipos de marca y marcadores de medici\u00f3n para recordar a los empleados que deben beber agua diariamente y hacer que beban agua durante todo el d\u00eda.<\/li>\n<li><strong>Venta minorista de art\u00edculos para actividades al aire libre y fitness:<\/strong> Agregue una funda de silicona y un asa de transporte a la versi\u00f3n para aumentar el agarre y la capacidad de empaque para los mercados de deportes, senderismo y viajes.<\/li>\n<li><strong>Marcas de estilo de vida ecol\u00f3gico<\/strong>Los recubrimientos de colores, el empaque minimalista y los mensajes de sustentabilidad ayudar\u00e1n a posicionar la botella como una botella de agua ecol\u00f3gica y un producto de estilo de vida reutilizable.<\/li>\n<\/ol>\n<p>Somos fabricantes profesionales de botellas de agua de vidrio y, por lo tanto, ofrecemos soluciones de abastecimiento mayorista a marcas, distribuidores y minoristas de todo el mundo. Nuestra f\u00e1brica ofrece un pedido m\u00ednimo flexible, dise\u00f1o personalizado y un suministro confiable de botellas de agua ecol\u00f3gicas en los mercados globales.<\/p>","protected":false},"excerpt":{"rendered":"<p>Premium glass drinking bottles made from durable borosilicate glass. Eco friendly water bottle design with double wall insulation, leak-proof lid, ideal for wholesale.<\/p>","protected":false},"featured_media":24250,"template":"","meta":[],"product_brand":[],"product_cat":[136,123,122],"product_tag":[],"class_list":{"0":"post-24249","1":"product","2":"type-product","3":"status-publish","4":"has-post-thumbnail","6":"product_cat-glass-water-bottles","7":"product_cat-custom-glass-bottles","8":"product_cat-custom-glass-packaging","10":"first","11":"instock","12":"shipping-taxable","13":"product-type-simple"},"jetpack_sharing_enabled":true,"_links":{"self":[{"href":"https:\/\/yebodaglass.com\/es\/wp-json\/wp\/v2\/product\/24249","targetHints":{"allow":["GET"]}}],"collection":[{"href":"https:\/\/yebodaglass.com\/es\/wp-json\/wp\/v2\/product"}],"about":[{"href":"https:\/\/yebodaglass.com\/es\/wp-json\/wp\/v2\/types\/product"}],"version-history":[{"count":5,"href":"https:\/\/yebodaglass.com\/es\/wp-json\/wp\/v2\/product\/24249\/revisions"}],"predecessor-version":[{"id":25420,"href":"https:\/\/yebodaglass.com\/es\/wp-json\/wp\/v2\/product\/24249\/revisions\/25420"}],"wp:featuredmedia":[{"embeddable":true,"href":"https:\/\/yebodaglass.com\/es\/wp-json\/wp\/v2\/media\/24250"}],"wp:attachment":[{"href":"https:\/\/yebodaglass.com\/es\/wp-json\/wp\/v2\/media?parent=24249"}],"wp:term":[{"taxonomy":"product_brand","embeddable":true,"href":"https:\/\/yebodaglass.com\/es\/wp-json\/wp\/v2\/product_brand?post=24249"},{"taxonomy":"product_cat","embeddable":true,"href":"https:\/\/yebodaglass.com\/es\/wp-json\/wp\/v2\/product_cat?post=24249"},{"taxonomy":"product_tag","embeddable":true,"href":"https:\/\/yebodaglass.com\/es\/wp-json\/wp\/v2\/product_tag?post=24249"}],"curies":[{"name":"wp","href":"https:\/\/api.w.org\/{rel}","templated":true}]}}