{"id":24239,"date":"2025-12-02T13:16:32","date_gmt":"2025-12-02T05:16:32","guid":{"rendered":"https:\/\/yebodaglass.com\/?post_type=product&#038;p=24239"},"modified":"2026-03-23T13:24:29","modified_gmt":"2026-03-23T05:24:29","slug":"bulk-small-hexagon-glass-food-storage-jars-with-clamp-lids","status":"publish","type":"product","link":"https:\/\/yebodaglass.com\/es\/bulk-small-hexagon-glass-food-storage-jars-with-clamp-lids\/","title":{"rendered":"Frascos de vidrio hexagonales peque\u00f1os de 100 ml para almacenar alimentos con tapas de abrazadera"},"content":{"rendered":"<p data-start=\"66\" data-end=\"288\">Estos tarros de vidrio para almacenar alimentos tienen una forma hexagonal sencilla y est\u00e1n fabricados con vidrio transparente. Su cierre de clip de acero inoxidable, con junta de silicona integrada, mantiene la tapa firmemente cerrada. Para sellarla, basta con presionar la palanca de control.<\/p>\n<h2>Caracter\u00edsticas del producto<\/h2>\n<ul>\n<li><strong>Dise\u00f1o hexagonal geom\u00e9trico:<\/strong> Con una forma hexagonal y paredes planas que no rueda y que adem\u00e1s es apilable, se trata de una forma contempor\u00e1nea que ahorra espacio.<\/li>\n<li><strong>Cierre herm\u00e9tico con abrazadera:<\/strong> Cierre herm\u00e9tico: Se trata de un cierre herm\u00e9tico fiable, de calidad de laboratorio, que se consigue presionando la tapa de vidrio sobre la junta de silicona mediante una abrazadera de acero inoxidable.<\/li>\n<li><strong>Vidrio de alta visibilidad:<\/strong> Tiene paredes de cristal transparente, lo que permite identificar el contenido y realizar controles cuantitativos sin necesidad de abrirlas.<\/li>\n<\/ul>\n<h2 style=\"text-align: left;\">Especificaciones clave<\/h2>\n<table class=\"aligncenter\" style=\"border-collapse: collapse; width: 366.02pt;\" border=\"0\" width=\"488\" cellspacing=\"0\" cellpadding=\"0\">\n<tbody>\n<tr style=\"height: 13.50pt;\">\n<td style=\"height: 13.50pt; width: 92.25pt;\" width=\"123\" height=\"18\">Especificaci\u00f3n<\/td>\n<td style=\"width: 273.75pt;\" width=\"365\">Detalles<\/td>\n<\/tr>\n<tr style=\"height: 13.50pt;\">\n<td style=\"height: 13.50pt;\" height=\"18\">Capacidad<\/td>\n<td>100 ml<\/td>\n<\/tr>\n<tr style=\"height: 13.50pt;\">\n<td style=\"height: 13.50pt;\" height=\"18\">Dimensiones<\/td>\n<td>5,7\u00d78,7 cm<\/td>\n<\/tr>\n<tr style=\"height: 13.50pt;\">\n<td style=\"height: 13.50pt;\" height=\"18\">Material<\/td>\n<td>Vidrio transparente<\/td>\n<\/tr>\n<tr style=\"height: 13.50pt;\">\n<td style=\"height: 13.50pt;\" height=\"18\">Tipo de tapa<\/td>\n<td>Tapa de abrazadera de metal con asa de alambre<\/td>\n<\/tr>\n<tr style=\"height: 13.50pt;\">\n<td style=\"height: 13.50pt;\" height=\"18\">Ideal para<\/td>\n<td>Frascos de vidrio para almacenar alimentos, frascos con tapas de abrazadera<\/td>\n<\/tr>\n<\/tbody>\n<\/table>\n<h2>Caso de \u00e9xito: Transformaci\u00f3n del packaging de una empresa de t\u00e9s especiales<\/h2>\n<p>Una empresa de t\u00e9 de lujo buscaba un empaque distintivo para su l\u00ednea especializada de t\u00e9s reci\u00e9n lanzada. Finalmente, eligieron nuestros frascos hexagonales de vidrio de 100 ml para almacenar alimentos por su dise\u00f1o \u00fanico. Era fundamental que las tapas fueran de cierre a presi\u00f3n: seg\u00fan las rese\u00f1as, los productos sufr\u00edan menos oxidaci\u00f3n, lo que prolongaba su vida \u00fatil un 40 % en comparaci\u00f3n con el empaque anterior. Su nuevo estilo distintivo, geom\u00e9trico, gener\u00f3 un aumento del 50 % en las menciones en redes sociales. Aprovechando este \u00e9xito, realizaron un pedido adicional de 200\u00a0000 frascos para su lanzamiento a nivel nacional.<\/p>\n<h2>Opciones de personalizaci\u00f3n de frascos de vidrio para almacenar alimentos<\/h2>\n<ul>\n<li>Acabado de panel esmerilado: cree una apariencia atractiva con acabados esmerilados alternados en ambos lados del frasco.<\/li>\n<li>Logotipo de marca serigrafiado: logotipo de marca de larga duraci\u00f3n impreso junto con los paneles laterales planos.<\/li>\n<li>Clasificaci\u00f3n de capacidad en relieve: coloque algunas hermosas graduaciones para medir el volumen en un lado del frasco.<\/li>\n<li>Variaciones en el redondeo de bordes: cambie el radio de redondeo para obtener diferentes aspectos.<\/li>\n<\/ul>\n<p>\u00bfListo para llevar tu almacenamiento al siguiente nivel? \u00a1Cont\u00e1ctanos hoy mismo para obtener precios al por mayor de este exclusivo frasco hexagonal de vidrio para almacenar alimentos (con tapa a presi\u00f3n)!<\/p>","protected":false},"excerpt":{"rendered":"<p>Este frasco hexagonal de vidrio para almacenar alimentos ofrece l\u00edneas limpias y una frescura segura. Nuestros frascos compactos con tapa de cierre son perfectos para especias y regalos. Env\u00edo r\u00e1pido.<\/p>","protected":false},"featured_media":25502,"template":"","meta":[],"product_brand":[],"product_cat":[134,124,122],"product_tag":[],"class_list":{"0":"post-24239","1":"product","2":"type-product","3":"status-publish","4":"has-post-thumbnail","6":"product_cat-airtight-jars","7":"product_cat-custom-glass-jars","8":"product_cat-custom-glass-packaging","10":"first","11":"instock","12":"shipping-taxable","13":"product-type-simple"},"jetpack_sharing_enabled":true,"_links":{"self":[{"href":"https:\/\/yebodaglass.com\/es\/wp-json\/wp\/v2\/product\/24239","targetHints":{"allow":["GET"]}}],"collection":[{"href":"https:\/\/yebodaglass.com\/es\/wp-json\/wp\/v2\/product"}],"about":[{"href":"https:\/\/yebodaglass.com\/es\/wp-json\/wp\/v2\/types\/product"}],"version-history":[{"count":5,"href":"https:\/\/yebodaglass.com\/es\/wp-json\/wp\/v2\/product\/24239\/revisions"}],"predecessor-version":[{"id":25548,"href":"https:\/\/yebodaglass.com\/es\/wp-json\/wp\/v2\/product\/24239\/revisions\/25548"}],"wp:featuredmedia":[{"embeddable":true,"href":"https:\/\/yebodaglass.com\/es\/wp-json\/wp\/v2\/media\/25502"}],"wp:attachment":[{"href":"https:\/\/yebodaglass.com\/es\/wp-json\/wp\/v2\/media?parent=24239"}],"wp:term":[{"taxonomy":"product_brand","embeddable":true,"href":"https:\/\/yebodaglass.com\/es\/wp-json\/wp\/v2\/product_brand?post=24239"},{"taxonomy":"product_cat","embeddable":true,"href":"https:\/\/yebodaglass.com\/es\/wp-json\/wp\/v2\/product_cat?post=24239"},{"taxonomy":"product_tag","embeddable":true,"href":"https:\/\/yebodaglass.com\/es\/wp-json\/wp\/v2\/product_tag?post=24239"}],"curies":[{"name":"wp","href":"https:\/\/api.w.org\/{rel}","templated":true}]}}