{"id":24229,"date":"2025-12-02T10:26:17","date_gmt":"2025-12-02T02:26:17","guid":{"rendered":"https:\/\/yebodaglass.com\/?post_type=product&#038;p=24229"},"modified":"2025-12-02T11:37:09","modified_gmt":"2025-12-02T03:37:09","slug":"bulk-pumpkin-glass-airtight-jars-with-clamp-lids","status":"publish","type":"product","link":"https:\/\/yebodaglass.com\/es\/bulk-pumpkin-glass-airtight-jars-with-clamp-lids\/","title":{"rendered":"Frascos herm\u00e9ticos de vidrio con forma de calabaza de 100 ml con tapas de abrazadera"},"content":{"rendered":"<p data-start=\"66\" data-end=\"288\">Estos frascos herm\u00e9ticos de vidrio transparente tienen la forma de adorables calabacitas. Gracias a su transparencia, todos pueden encontrar bocadillos, especias o materiales para manualidades de un vistazo sin necesidad de abrirlos.<\/p>\n<h2>Caracter\u00edsticas del producto<\/h2>\n<ul>\n<li><strong>Forma de calabaza transparente:<\/strong> El recipiente de cristal absolutamente transparente, junto con la figura de calabaza redondeada y de forma bonita, no solo permite ver el interior desde el exterior sino que tambi\u00e9n produce el parpadeo de la luz decorativa.<\/li>\n<li><strong>Dise\u00f1o de sellado a presi\u00f3n:<\/strong> La tapa met\u00e1lica con cierre a presi\u00f3n sella muy bien, manteniendo el producto completamente fresco y evitando pr\u00e1cticamente la entrada de humedad. Adem\u00e1s, es f\u00e1cil de abrir y cerrar.<\/li>\n<li><strong>Peque\u00f1a capacidad:<\/strong> La peque\u00f1a capacidad es ideal para piezas peque\u00f1as de art\u00edculos como dulces, t\u00e9 de hierbas y peque\u00f1os bocadillos, por lo que no habr\u00e1 desperdicio al abrir frascos m\u00e1s grandes.<\/li>\n<\/ul>\n<h2 style=\"text-align: left;\">Especificaciones clave<\/h2>\n<table class=\"aligncenter\" style=\"border-collapse: collapse; width: 342.77pt;\" border=\"0\" width=\"457\" cellspacing=\"0\" cellpadding=\"0\">\n<tbody>\n<tr style=\"height: 13.50pt;\">\n<td style=\"height: 13.50pt; width: 92.25pt;\" width=\"123\" height=\"18\">Especificaci\u00f3n<\/td>\n<td style=\"width: 250.50pt;\" width=\"334\">Detalles<\/td>\n<\/tr>\n<tr style=\"height: 13.50pt;\">\n<td style=\"height: 13.50pt;\" height=\"18\">Capacidad<\/td>\n<td>100 ml<\/td>\n<\/tr>\n<tr style=\"height: 13.50pt;\">\n<td style=\"height: 13.50pt;\" height=\"18\">Dimensiones<\/td>\n<td>6,4 \u00d7 8 cm (base \u00d7 altura)<\/td>\n<\/tr>\n<tr style=\"height: 13.50pt;\">\n<td style=\"height: 13.50pt;\" height=\"18\">Material<\/td>\n<td>Vidrio transparente<\/td>\n<\/tr>\n<tr style=\"height: 13.50pt;\">\n<td style=\"height: 13.50pt;\" height=\"18\">Tipo de tapa<\/td>\n<td>Tapa de abrazadera de metal con asa de alambre<\/td>\n<\/tr>\n<tr style=\"height: 13.50pt;\">\n<td style=\"height: 13.50pt;\" height=\"18\">Ideal para<\/td>\n<td>Frascos herm\u00e9ticos de vidrio, frascos de vidrio para almacenar<\/td>\n<\/tr>\n<\/tbody>\n<\/table>\n<h2>Historia de \u00e9xito: El resurgimiento de una empresa de especias especiales<\/h2>\n<p>Entre las posibles opciones de productos para renovar su imagen, una empresa de especias al borde de la quiebra opt\u00f3 por un envase que permitiera la visibilidad de sus productos y, por lo tanto, su competitividad en el mercado. Fuimos nosotros quienes eligieron los frascos para su prestigiosa nueva l\u00ednea de productos: frascos de vidrio de 100 ml con forma de calabaza y tapas de cierre. Las tapas a presi\u00f3n desempe\u00f1an un papel importante: reducen en un 45 % el deterioro del producto en comparaci\u00f3n con el envase anterior, lo que se traduce en un aumento del 35 % en las tasas de recompra. Su singular forma de calabaza se convirti\u00f3 en su sello distintivo, lo que impuls\u00f3 un aumento del 60 % en la interacci\u00f3n en redes sociales y el n\u00famero de fotos de clientes. Realizaron un nuevo pedido de 150\u00a0000 frascos para su l\u00ednea nacional de productos, con el objetivo de expandirse a\u00fan m\u00e1s tras este gran \u00e9xito.<\/p>\n<h2>Opciones de personalizaci\u00f3n<\/h2>\n<ul>\n<li>Opciones de vidrieras: los frascos pueden ser de color \u00e1mbar o verde para los art\u00edculos que deben mantenerse alejados de la luz.<\/li>\n<li>Acabados de clip personalizados: el acabado del clip puede ser negro, cobre o metal de estilo antiguo.<\/li>\n<li>Anillo decorativo esmerilado: mediante el m\u00e9todo de consumo de \u00e1cido, el centro del frasco se convierte en una elegante franja mate.<\/li>\n<li>Rejilla de capacidad: mediante el uso de graduaciones para una dosificaci\u00f3n precisa se realizan<\/li>\n<\/ul>","protected":false},"excerpt":{"rendered":"<p>Adorables frascos herm\u00e9ticos de vidrio que conservan la frescura sin esfuerzo. Elegantes y compactos frascos de vidrio con tapa de cierre, ideales para la cocina o para regalar. Incluyen muestras gratuitas.<\/p>","protected":false},"featured_media":24231,"template":"","meta":[],"product_brand":[],"product_cat":[122,134,124],"product_tag":[],"class_list":{"0":"post-24229","1":"product","2":"type-product","3":"status-publish","4":"has-post-thumbnail","6":"product_cat-custom-glass-packaging","7":"product_cat-airtight-jars","8":"product_cat-custom-glass-jars","10":"first","11":"instock","12":"shipping-taxable","13":"product-type-simple"},"jetpack_sharing_enabled":true,"_links":{"self":[{"href":"https:\/\/yebodaglass.com\/es\/wp-json\/wp\/v2\/product\/24229","targetHints":{"allow":["GET"]}}],"collection":[{"href":"https:\/\/yebodaglass.com\/es\/wp-json\/wp\/v2\/product"}],"about":[{"href":"https:\/\/yebodaglass.com\/es\/wp-json\/wp\/v2\/types\/product"}],"version-history":[{"count":4,"href":"https:\/\/yebodaglass.com\/es\/wp-json\/wp\/v2\/product\/24229\/revisions"}],"predecessor-version":[{"id":24238,"href":"https:\/\/yebodaglass.com\/es\/wp-json\/wp\/v2\/product\/24229\/revisions\/24238"}],"wp:featuredmedia":[{"embeddable":true,"href":"https:\/\/yebodaglass.com\/es\/wp-json\/wp\/v2\/media\/24231"}],"wp:attachment":[{"href":"https:\/\/yebodaglass.com\/es\/wp-json\/wp\/v2\/media?parent=24229"}],"wp:term":[{"taxonomy":"product_brand","embeddable":true,"href":"https:\/\/yebodaglass.com\/es\/wp-json\/wp\/v2\/product_brand?post=24229"},{"taxonomy":"product_cat","embeddable":true,"href":"https:\/\/yebodaglass.com\/es\/wp-json\/wp\/v2\/product_cat?post=24229"},{"taxonomy":"product_tag","embeddable":true,"href":"https:\/\/yebodaglass.com\/es\/wp-json\/wp\/v2\/product_tag?post=24229"}],"curies":[{"name":"wp","href":"https:\/\/api.w.org\/{rel}","templated":true}]}}