{"id":24213,"date":"2025-12-02T10:19:55","date_gmt":"2025-12-02T02:19:55","guid":{"rendered":"https:\/\/yebodaglass.com\/?post_type=product&#038;p=24213"},"modified":"2026-03-25T13:18:27","modified_gmt":"2026-03-25T05:18:27","slug":"custom-water-bottle-for-beverage-filling-bulk","status":"publish","type":"product","link":"https:\/\/yebodaglass.com\/es\/custom-water-bottle-for-beverage-filling-bulk\/","title":{"rendered":"Botella de agua personalizada para bebidas a granel, de 300 ml a 650 ml"},"content":{"rendered":"<p>La forma cil\u00edndrica y sencilla de esta botella de agua personalizada, junto con su base ancha y plana y un vaso de agua cristalina, la hacen muy pr\u00e1ctica. El cuello roscado es compatible con una gran variedad de tapones y est\u00e1 disponible en diferentes tama\u00f1os.<\/p>\n<h2>Caracter\u00edsticas del producto<\/h2>\n<ul>\n<li><strong>Material de vidrio de alta claridad:<\/strong> La botella est\u00e1 fabricada con vidrio de alta transparencia, lo que le confiere un dise\u00f1o limpio y transparente; de \u200b\u200beste modo, permite al usuario ver claramente el l\u00edquido que contiene, adem\u00e1s de tener una excelente apariencia y tacto.<\/li>\n<li><strong>Dise\u00f1o de cuello roscado:<\/strong> El dise\u00f1o general del cuello roscado permite el uso de m\u00faltiples tapones de sellado, maximizando as\u00ed la estanqueidad y la seguridad del almacenamiento de l\u00edquidos.<\/li>\n<li><strong>Forma cil\u00edndrica recta simple:<\/strong> Su forma cil\u00edndrica recta b\u00e1sica facilita su agarre y apilamiento.<\/li>\n<\/ul>\n<h2>Especificaciones clave<\/h2>\n<table style=\"border-collapse: collapse; width: 80%; margin-left: auto; margin-right: auto;\" border=\"0\" width=\"360\" cellspacing=\"0\" cellpadding=\"0\">\n<tbody>\n<tr style=\"height: 13.50pt;\">\n<td style=\"height: 13.5pt; width: 54pt; text-align: center;\" width=\"72\" height=\"18\">Capacidad (ml)<\/td>\n<td style=\"width: 54pt; text-align: center;\" width=\"72\">Tama\u00f1o (cm)<\/td>\n<td style=\"width: 54pt; text-align: center;\" width=\"72\">Di\u00e1metro<\/td>\n<td style=\"width: 54pt; text-align: center;\" width=\"72\">Material<\/td>\n<td style=\"width: 54pt; text-align: center;\" width=\"72\">Color<\/td>\n<\/tr>\n<tr style=\"height: 13.50pt;\">\n<td style=\"height: 13.5pt; text-align: center;\" align=\"right\" height=\"18\">300<\/td>\n<td style=\"text-align: center;\">6,6 x 13,7<\/td>\n<td class=\"et2\" style=\"text-align: center;\" rowspan=\"4\">38 mm<\/td>\n<td class=\"et2\" style=\"text-align: center;\" rowspan=\"4\">Borosilicato<\/td>\n<td class=\"et2\" style=\"text-align: center;\" rowspan=\"4\">Claro o personalizado<\/td>\n<\/tr>\n<tr style=\"height: 13.50pt;\">\n<td style=\"height: 13.5pt; text-align: center;\" align=\"right\" height=\"18\">480<\/td>\n<td style=\"text-align: center;\">6,6 x 19,5<\/td>\n<\/tr>\n<tr style=\"height: 13.50pt;\">\n<td style=\"height: 13.5pt; text-align: center;\" align=\"right\" height=\"18\">550<\/td>\n<td style=\"text-align: center;\">6,6 x 22,5<\/td>\n<\/tr>\n<tr style=\"height: 13.50pt;\">\n<td style=\"height: 13.5pt; text-align: center;\" align=\"right\" height=\"18\">650<\/td>\n<td style=\"text-align: center;\">7.0 x 22.0<\/td>\n<\/tr>\n<\/tbody>\n<\/table>\n<h2>Historia de \u00e9xito<\/h2>\n<p>Una cadena hotelera de todo el pa\u00eds deseaba reemplazar sus botellas de agua de pl\u00e1stico en las habitaciones. Eligieron nuestra botella de 473 ml (16 oz), con funda de silicona, tap\u00f3n de bamb\u00fa y logotipo grabado con chorro de arena. El hotel ha adoptado esta botella como su sello distintivo y numerosas rese\u00f1as en l\u00ednea la han valorado positivamente en el 15% de los casos. Su resistencia se tradujo en una tasa de rotura inferior al 1% durante el transporte. El \u00e9xito fue tal que el hotel encarg\u00f3 otras 250\u00a0000 botellas para decorar todas sus habitaciones y venderlas en el vest\u00edbulo.<\/p>\n<h2>Tu manual de personalizaci\u00f3n<\/h2>\n<ol>\n<li><strong>Acabado exterior de la botella:<\/strong> Se puede elegir entre efectos transparentes, mate, degradados, con recubrimiento en aerosol, esmalte horneado o parcialmente brillantes.<\/li>\n<li><strong>Acabado del logotipo:<\/strong> Se puede elegir entre serigraf\u00eda, impresi\u00f3n UV, estampado de etiquetas, etiquetas met\u00e1licas e impresi\u00f3n por transferencia t\u00e9rmica.<\/li>\n<li><strong>Accesorios:<\/strong> Es posible el uso de fundas de silicona, infusores de t\u00e9 o pajitas.<\/li>\n<\/ol>","protected":false},"excerpt":{"rendered":"<p>Botella de agua personalizada con base gruesa, disponible como una botella de agua duradera de 16 oz para marcas de bebidas que buscan una entrega r\u00e1pida y servicio directo de f\u00e1brica.<\/p>","protected":false},"featured_media":24214,"template":"","meta":[],"product_brand":[],"product_cat":[136,123,122],"product_tag":[],"class_list":{"0":"post-24213","1":"product","2":"type-product","3":"status-publish","4":"has-post-thumbnail","6":"product_cat-glass-water-bottles","7":"product_cat-custom-glass-bottles","8":"product_cat-custom-glass-packaging","10":"first","11":"instock","12":"shipping-taxable","13":"product-type-simple"},"jetpack_sharing_enabled":true,"_links":{"self":[{"href":"https:\/\/yebodaglass.com\/es\/wp-json\/wp\/v2\/product\/24213","targetHints":{"allow":["GET"]}}],"collection":[{"href":"https:\/\/yebodaglass.com\/es\/wp-json\/wp\/v2\/product"}],"about":[{"href":"https:\/\/yebodaglass.com\/es\/wp-json\/wp\/v2\/types\/product"}],"version-history":[{"count":5,"href":"https:\/\/yebodaglass.com\/es\/wp-json\/wp\/v2\/product\/24213\/revisions"}],"predecessor-version":[{"id":25598,"href":"https:\/\/yebodaglass.com\/es\/wp-json\/wp\/v2\/product\/24213\/revisions\/25598"}],"wp:featuredmedia":[{"embeddable":true,"href":"https:\/\/yebodaglass.com\/es\/wp-json\/wp\/v2\/media\/24214"}],"wp:attachment":[{"href":"https:\/\/yebodaglass.com\/es\/wp-json\/wp\/v2\/media?parent=24213"}],"wp:term":[{"taxonomy":"product_brand","embeddable":true,"href":"https:\/\/yebodaglass.com\/es\/wp-json\/wp\/v2\/product_brand?post=24213"},{"taxonomy":"product_cat","embeddable":true,"href":"https:\/\/yebodaglass.com\/es\/wp-json\/wp\/v2\/product_cat?post=24213"},{"taxonomy":"product_tag","embeddable":true,"href":"https:\/\/yebodaglass.com\/es\/wp-json\/wp\/v2\/product_tag?post=24213"}],"curies":[{"name":"wp","href":"https:\/\/api.w.org\/{rel}","templated":true}]}}