{"id":24212,"date":"2025-12-01T11:58:09","date_gmt":"2025-12-01T03:58:09","guid":{"rendered":"https:\/\/yebodaglass.com\/?post_type=product&#038;p=24212"},"modified":"2025-12-02T13:23:40","modified_gmt":"2025-12-02T05:23:40","slug":"bulk-unique-airtight-small-glass-jars-for-food-storage","status":"publish","type":"product","link":"https:\/\/yebodaglass.com\/es\/bulk-unique-airtight-small-glass-jars-for-food-storage\/","title":{"rendered":"Frascos de vidrio peque\u00f1os herm\u00e9ticos \u00fanicos de 100 ml a granel para almacenar alimentos"},"content":{"rendered":"<p data-start=\"66\" data-end=\"288\">Estos\u200b\u200d\u200b\u200c\u200d\u200b\u200d\u200c\u200b\u200d\u200b\u200c\u200d\u200b\u200d\u200c peque\u00f1os frascos herm\u00e9ticos hechos de vidrio y sus formas redondeadas le dar\u00e1n vida a la encimera de tu cocina de una manera elegante.<\/p>\n<h2>Caracter\u00edsticas del producto<\/h2>\n<ul>\n<li><strong>Forma \u00fanica transparente:<\/strong> Un recipiente de vidrio totalmente transparente y con forma redondeada no solo ayuda a que los productos que contiene sean visibles, sino que tambi\u00e9n puede usarse para decoraci\u00f3n.<\/li>\n<li><strong>Dise\u00f1o de sellado a presi\u00f3n:<\/strong> La tapa met\u00e1lica con cierre a presi\u00f3n ofrece un excelente sellado, evitando eficazmente la entrada de humedad y manteniendo el producto fresco. Su apertura y cierre son muy f\u00e1ciles y pr\u00e1cticos.<\/li>\n<li><strong>Peque\u00f1a capacidad:<\/strong> El peque\u00f1o volumen es ideal para almacenar cosas peque\u00f1as como dulces, t\u00e9 de hierbas y bocadillos para evitar el desperdicio de abrir frascos m\u00e1s grandes que ya se han abierto.<\/li>\n<\/ul>\n<h2 style=\"text-align: left;\">Especificaciones clave<\/h2>\n<table class=\"aligncenter\" style=\"border-collapse: collapse; width: 394.52pt;\" border=\"0\" width=\"526\" cellspacing=\"0\" cellpadding=\"0\">\n<tbody>\n<tr style=\"height: 13.50pt;\">\n<td style=\"height: 13.50pt; width: 92.25pt;\" width=\"123\" height=\"18\">Especificaci\u00f3n<\/td>\n<td style=\"width: 302.25pt;\" width=\"403\">Detalles<\/td>\n<\/tr>\n<tr style=\"height: 13.50pt;\">\n<td style=\"height: 13.50pt;\" height=\"18\">Capacidad<\/td>\n<td>100 ml<\/td>\n<\/tr>\n<tr style=\"height: 13.50pt;\">\n<td style=\"height: 13.50pt;\" height=\"18\">Dimensiones<\/td>\n<td>5,6 \u00d7 8,4 cm (base \u00d7 altura)<\/td>\n<\/tr>\n<tr style=\"height: 13.50pt;\">\n<td style=\"height: 13.50pt;\" height=\"18\">Material<\/td>\n<td>Vidrio transparente<\/td>\n<\/tr>\n<tr style=\"height: 13.50pt;\">\n<td style=\"height: 13.50pt;\" height=\"18\">Tipo de tapa<\/td>\n<td>Tapa de abrazadera de metal con asa de alambre<\/td>\n<\/tr>\n<tr style=\"height: 13.50pt;\">\n<td style=\"height: 13.50pt;\" height=\"18\">Ideal para<\/td>\n<td>Frascos de vidrio para almacenar alimentos, peque\u00f1os frascos herm\u00e9ticos.<\/td>\n<\/tr>\n<\/tbody>\n<\/table>\n<h2>Historia de \u00e9xito: La l\u00ednea de regalos de una marca de t\u00e9 premium se convirti\u00f3 en una gran historia de \u00e9xito<\/h2>\n<p>Una marca de t\u00e9 de lujo necesitaba un envase que se ajustara a su reci\u00e9n lanzada l\u00ednea de muestras de t\u00e9s premium. Finalmente, optaron por nuestros frascos herm\u00e9ticos de vidrio de 100 ml para almacenar alimentos, principalmente por su forma inusual. Esto se convirti\u00f3 en su sello distintivo, lo que result\u00f3 en un aumento del 40 % en las menciones en redes sociales y el contenido generado por los usuarios. Los minoristas han informado que su forma \u00fanica ha generado un aumento del 35 % en las compras espont\u00e1neas de sus productos. Debido a este excelente rendimiento, decidieron realizar un pedido de m\u00e1s de 200\u00a0000 frascos para la l\u00ednea de regalos navide\u00f1os.<\/p>\n<h2>Posibilidades de personalizaci\u00f3n de frascos herm\u00e9ticos peque\u00f1os<\/h2>\n<ul>\n<li>Opciones de vidrieras: hay frascos de vidrio tintado disponibles para art\u00edculos sensibles a la luz.<\/li>\n<li>Logotipo serigrafiado: el producto utiliza tinta cer\u00e1mica de larga duraci\u00f3n que se adapta perfectamente a las curvas del frasco.<\/li>\n<li>Acabado mate: una capa suave al tacto en todo el frasco para un mejor agarre.<\/li>\n<li>Rejilla de capacidad: divisiones muy peque\u00f1as para una medici\u00f3n precisa<\/li>\n<\/ul>\n<p>\u00bfTienes productos a los que quieres a\u00f1adir un toque especial? Cont\u00e1ctanos de inmediato para consultar precios al por mayor de estos frascos herm\u00e9ticos \u00fanicos.<\/p>","protected":false},"excerpt":{"rendered":"<p>Descubra frascos peque\u00f1os herm\u00e9ticos dise\u00f1ados para garantizar una frescura segura: frascos de vidrio transparente de primera calidad para almacenar alimentos con un sello compacto con clip, disponibles con env\u00edo r\u00e1pido.<\/p>","protected":false},"featured_media":24225,"template":"","meta":[],"product_brand":[],"product_cat":[122,134,124],"product_tag":[],"class_list":{"0":"post-24212","1":"product","2":"type-product","3":"status-publish","4":"has-post-thumbnail","6":"product_cat-custom-glass-packaging","7":"product_cat-airtight-jars","8":"product_cat-custom-glass-jars","10":"first","11":"instock","12":"shipping-taxable","13":"product-type-simple"},"jetpack_sharing_enabled":true,"_links":{"self":[{"href":"https:\/\/yebodaglass.com\/es\/wp-json\/wp\/v2\/product\/24212","targetHints":{"allow":["GET"]}}],"collection":[{"href":"https:\/\/yebodaglass.com\/es\/wp-json\/wp\/v2\/product"}],"about":[{"href":"https:\/\/yebodaglass.com\/es\/wp-json\/wp\/v2\/types\/product"}],"version-history":[{"count":4,"href":"https:\/\/yebodaglass.com\/es\/wp-json\/wp\/v2\/product\/24212\/revisions"}],"predecessor-version":[{"id":24247,"href":"https:\/\/yebodaglass.com\/es\/wp-json\/wp\/v2\/product\/24212\/revisions\/24247"}],"wp:featuredmedia":[{"embeddable":true,"href":"https:\/\/yebodaglass.com\/es\/wp-json\/wp\/v2\/media\/24225"}],"wp:attachment":[{"href":"https:\/\/yebodaglass.com\/es\/wp-json\/wp\/v2\/media?parent=24212"}],"wp:term":[{"taxonomy":"product_brand","embeddable":true,"href":"https:\/\/yebodaglass.com\/es\/wp-json\/wp\/v2\/product_brand?post=24212"},{"taxonomy":"product_cat","embeddable":true,"href":"https:\/\/yebodaglass.com\/es\/wp-json\/wp\/v2\/product_cat?post=24212"},{"taxonomy":"product_tag","embeddable":true,"href":"https:\/\/yebodaglass.com\/es\/wp-json\/wp\/v2\/product_tag?post=24212"}],"curies":[{"name":"wp","href":"https:\/\/api.w.org\/{rel}","templated":true}]}}