{"id":24205,"date":"2025-12-01T11:14:09","date_gmt":"2025-12-01T03:14:09","guid":{"rendered":"https:\/\/yebodaglass.com\/?post_type=product&#038;p=24205"},"modified":"2025-12-01T11:52:30","modified_gmt":"2025-12-01T03:52:30","slug":"bulk-small-square-glass-food-storage-jars","status":"publish","type":"product","link":"https:\/\/yebodaglass.com\/es\/bulk-small-square-glass-food-storage-jars\/","title":{"rendered":"Frascos de vidrio cuadrados peque\u00f1os de 100 ml para almacenar alimentos con tapas herm\u00e9ticas"},"content":{"rendered":"<p data-start=\"66\" data-end=\"288\"><span class=\"bg-green-200\">Estos\u200b\u200d\u200b\u200c\u200d\u200b\u200d\u200c\u200b\u200d\u200b\u200c\u200d\u200b\u200d\u200c elegantes,<\/span> limpio <span class=\"bg-green-200\">peque\u00f1o<\/span> Los frascos de vidrio herm\u00e9ticos est\u00e1n hechos <span class=\"bg-green-200\">de<\/span> vidrio transparente y claro <span class=\"bg-green-200\">que tengas una incre\u00edble<\/span> forma cuadrada. <span class=\"bg-green-200\">Ser\u00edan ideales para guardar o almacenar cosas peque\u00f1as en tu cocina debido a su<\/span> peque\u00f1o <span class=\"bg-green-200\">Tama\u00f1o, superficie lisa y estilo funcional.<\/span><\/p>\n<h2>Caracter\u00edsticas del producto<\/h2>\n<ul>\n<li><strong>Dise\u00f1o cuadrado claro:<\/strong> Un recipiente de vidrio perfectamente transparente y una forma mini cuadrada le dan al usuario la posibilidad de verificar visualmente el contenido; su peque\u00f1o tama\u00f1o lo hace ideal para encimeras, cajas de almacenamiento y otras \u00e1reas restringidas.<\/li>\n<li><strong>Dise\u00f1o de sellado a presi\u00f3n:<\/strong> Una tapa met\u00e1lica a presi\u00f3n ofrece un sellado herm\u00e9tico, manteniendo as\u00ed la humedad alejada del contenido y conservando la frescura. Es muy f\u00e1cil y c\u00f3modo abrirlo y cerrarlo.<\/li>\n<li><strong>Peque\u00f1a capacidad adecuada:<\/strong> Un art\u00edculo de tama\u00f1o peque\u00f1o es el m\u00e1s apropiado para almacenar peque\u00f1as porciones de cosas, por ejemplo, aretes, cuentas de velas arom\u00e1ticas y peque\u00f1as muestras de especias, sin ensuciar el almacenamiento.<\/li>\n<\/ul>\n<h2 style=\"text-align: left;\">Especificaciones clave<\/h2>\n<table class=\"aligncenter\" style=\"border-collapse: collapse; width: 414.77pt;\" border=\"0\" width=\"553\" cellspacing=\"0\" cellpadding=\"0\">\n<tbody>\n<tr style=\"height: 13.50pt;\">\n<td style=\"height: 13.50pt; width: 99.75pt;\" width=\"133\" height=\"18\">Especificaci\u00f3n<\/td>\n<td style=\"width: 315.00pt;\" width=\"420\">Detalles<\/td>\n<\/tr>\n<tr style=\"height: 13.50pt;\">\n<td style=\"height: 13.50pt;\" height=\"18\">Capacidad<\/td>\n<td>100 ml<\/td>\n<\/tr>\n<tr style=\"height: 13.50pt;\">\n<td style=\"height: 13.50pt;\" height=\"18\">Dimensiones<\/td>\n<td>5,1 \u00d7 7,9 cm (base \u00d7 altura)<\/td>\n<\/tr>\n<tr style=\"height: 13.50pt;\">\n<td style=\"height: 13.50pt;\" height=\"18\">Di\u00e1metro de la boca<\/td>\n<td>4,3 cm<\/td>\n<\/tr>\n<tr style=\"height: 13.50pt;\">\n<td style=\"height: 13.50pt;\" height=\"18\">Material<\/td>\n<td>Vidrio transparente<\/td>\n<\/tr>\n<tr style=\"height: 13.50pt;\">\n<td style=\"height: 13.50pt;\" height=\"18\">Tipo de tapa<\/td>\n<td>Tapa de abrazadera de metal con asa de alambre<\/td>\n<\/tr>\n<tr style=\"height: 13.50pt;\">\n<td style=\"height: 13.50pt;\" height=\"18\">Ideal para<\/td>\n<td>Frascos de vidrio cuadrados para almacenar alimentos, frascos de vidrio herm\u00e9ticos<\/td>\n<\/tr>\n<\/tbody>\n<\/table>\n<h2>Caso de \u00e9xito: Soluci\u00f3n de envasado para una empresa de especias especiales<\/h2>\n<p>Una empresa de especias de lujo necesitaba frascos de vidrio peque\u00f1os, herm\u00e9ticos y de aspecto elegante para envasar su nueva l\u00ednea de condimentos especiales. Decidieron optar por nuestros frascos cuadrados de vidrio de 100 ml para almacenar alimentos, y los comentarios de los clientes indican que este envase ha prolongado la vida \u00fatil en un 40 % en comparaci\u00f3n con sus envases anteriores. Adem\u00e1s, el dise\u00f1o cuadrado y transparente contribuy\u00f3 a aumentar las ventas en un 30 %. Tras estos excelentes resultados, han realizado un nuevo pedido de 150\u00a0000 frascos para ampliar su l\u00ednea de productos.<\/p>\n<h2>Opciones de personalizaci\u00f3n de peque\u00f1os frascos de vidrio herm\u00e9ticos<\/h2>\n<ul>\n<li>Marcadores de capacidad en relieve: agregando graduaciones finas para una dispensaci\u00f3n precisa<\/li>\n<li>Opciones de anillos de sellado de colores: los anillos de sellado de silicona pueden ser de diferentes colores para corresponder con los sistemas de almacenamiento codificados por colores.<\/li>\n<li>Revestimiento texturizado mate: el revestimiento suave al tacto proporciona un mejor agarre.<\/li>\n<li>Variaciones de formas personalizadas: cambio de radios de esquinas para una apariencia \u00fanica<\/li>\n<\/ul>","protected":false},"excerpt":{"rendered":"<p>Our small glass jars with airtight lids and small airtight jars deliver clean sealing and sleek design for food and craft use\u2014request free samples today.<\/p>","protected":false},"featured_media":24207,"template":"","meta":[],"product_brand":[],"product_cat":[122,134,124],"product_tag":[],"class_list":{"0":"post-24205","1":"product","2":"type-product","3":"status-publish","4":"has-post-thumbnail","6":"product_cat-custom-glass-packaging","7":"product_cat-airtight-jars","8":"product_cat-custom-glass-jars","10":"first","11":"instock","12":"shipping-taxable","13":"product-type-simple"},"jetpack_sharing_enabled":true,"_links":{"self":[{"href":"https:\/\/yebodaglass.com\/es\/wp-json\/wp\/v2\/product\/24205","targetHints":{"allow":["GET"]}}],"collection":[{"href":"https:\/\/yebodaglass.com\/es\/wp-json\/wp\/v2\/product"}],"about":[{"href":"https:\/\/yebodaglass.com\/es\/wp-json\/wp\/v2\/types\/product"}],"version-history":[{"count":2,"href":"https:\/\/yebodaglass.com\/es\/wp-json\/wp\/v2\/product\/24205\/revisions"}],"predecessor-version":[{"id":24211,"href":"https:\/\/yebodaglass.com\/es\/wp-json\/wp\/v2\/product\/24205\/revisions\/24211"}],"wp:featuredmedia":[{"embeddable":true,"href":"https:\/\/yebodaglass.com\/es\/wp-json\/wp\/v2\/media\/24207"}],"wp:attachment":[{"href":"https:\/\/yebodaglass.com\/es\/wp-json\/wp\/v2\/media?parent=24205"}],"wp:term":[{"taxonomy":"product_brand","embeddable":true,"href":"https:\/\/yebodaglass.com\/es\/wp-json\/wp\/v2\/product_brand?post=24205"},{"taxonomy":"product_cat","embeddable":true,"href":"https:\/\/yebodaglass.com\/es\/wp-json\/wp\/v2\/product_cat?post=24205"},{"taxonomy":"product_tag","embeddable":true,"href":"https:\/\/yebodaglass.com\/es\/wp-json\/wp\/v2\/product_tag?post=24205"}],"curies":[{"name":"wp","href":"https:\/\/api.w.org\/{rel}","templated":true}]}}