{"id":24195,"date":"2025-12-01T09:53:22","date_gmt":"2025-12-01T01:53:22","guid":{"rendered":"https:\/\/yebodaglass.com\/?post_type=product&#038;p=24195"},"modified":"2025-12-01T11:13:59","modified_gmt":"2025-12-01T03:13:59","slug":"wholesale-cylindrical-small-airtight-jars-with-lids","status":"publish","type":"product","link":"https:\/\/yebodaglass.com\/es\/wholesale-cylindrical-small-airtight-jars-with-lids\/","title":{"rendered":"Frascos herm\u00e9ticos cil\u00edndricos peque\u00f1os con tapa, venta al por mayor, 45 ml, 60 ml, 100 ml y 130 ml"},"content":{"rendered":"<p data-start=\"66\" data-end=\"288\">Estos peque\u00f1os frascos herm\u00e9ticos son todos id\u00e9nticos y tienen un cierre met\u00e1lico a presi\u00f3n. Est\u00e1n hechos de vidrio cil\u00edndrico transparente. Cada recipiente tambi\u00e9n cuenta con un cierre met\u00e1lico a presi\u00f3n. Son perfectos para espacios peque\u00f1os e ideales para guardar peque\u00f1os utensilios de cocina o materiales para manualidades.<\/p>\n<h2>Caracter\u00edsticas del producto<\/h2>\n<ul>\n<li><strong>Material transparente y delgado:<\/strong> Estos recipientes est\u00e1n hechos completamente de vidrio, que es transparente y permite ver su contenido sin necesidad de abrirlos. Adem\u00e1s, son compactos, perfectos para espacios peque\u00f1os.<\/li>\n<li><strong>Dise\u00f1o de sellado Snap-Lock:<\/strong> El cierre met\u00e1lico a presi\u00f3n de estos frascos proporciona un sellado perfecto que impide la entrada de humedad y, al mismo tiempo, conserva la frescura. Adem\u00e1s, abrir y cerrar es muy f\u00e1cil.<\/li>\n<li><strong>Tama\u00f1o compacto y capacidad:<\/strong> Estos peque\u00f1os frascos son suficientes para almacenar peque\u00f1as cantidades de cosas, como especias reenvasadas o peque\u00f1as muestras de t\u00e9s de hierbas, reduciendo as\u00ed el desperdicio que resulta de abrir frascos grandes.<\/li>\n<\/ul>\n<h2 style=\"text-align: left;\">Especificaciones clave<\/h2>\n<table class=\"aligncenter\" style=\"border-collapse: collapse; width: 414.77pt;\" border=\"0\" width=\"553\" cellspacing=\"0\" cellpadding=\"0\">\n<tbody>\n<tr style=\"height: 13.50pt;\">\n<td style=\"height: 13.50pt; width: 99.75pt;\" width=\"133\" height=\"18\">Especificaci\u00f3n<\/td>\n<td style=\"width: 315.00pt;\" width=\"420\">Detalles<\/td>\n<\/tr>\n<tr style=\"height: 13.50pt;\">\n<td style=\"height: 13.50pt;\" height=\"18\">Capacidad<\/td>\n<td>45 ml \/ 60 ml \/ 100 ml \/ 130 ml<\/td>\n<\/tr>\n<tr style=\"height: 13.50pt;\">\n<td style=\"height: 13.50pt;\" height=\"18\">Dimensiones<\/td>\n<td>4,5 \u00d7 6,5 cm \/ 4,4 \u00d7 8,5 cm \/ 4,4 \u00d7 10,8 cm \/ 4,4 \u00d7 13,2 cm<\/td>\n<\/tr>\n<tr style=\"height: 13.50pt;\">\n<td style=\"height: 13.50pt;\" height=\"18\">Material<\/td>\n<td>Vidrio transparente<\/td>\n<\/tr>\n<tr style=\"height: 13.50pt;\">\n<td style=\"height: 13.50pt;\" height=\"18\">Tipo de tapa<\/td>\n<td>Tapa de abrazadera met\u00e1lica con asa de alambre (plateada)<\/td>\n<\/tr>\n<tr style=\"height: 13.50pt;\">\n<td style=\"height: 13.50pt;\" height=\"18\">Ideal para<\/td>\n<td>Peque\u00f1os frascos herm\u00e9ticos, frascos de vidrio para almacenar.<\/td>\n<\/tr>\n<\/tbody>\n<\/table>\n<h2>Caso de \u00e9xito: Soluci\u00f3n de muestra de Fine Tea Company<\/h2>\n<p>Una empresa de t\u00e9 premium necesitaba frascos herm\u00e9ticos, peque\u00f1os y con un dise\u00f1o atractivo para guardar sus muestras de productos y sets de regalo. Decidieron usar nuestros frascos de vidrio peque\u00f1os de 60 ml con tapa herm\u00e9tica para guardar sus muestras de t\u00e9 de alta calidad. Su dise\u00f1o delgado les permiti\u00f3 crear elegantes cajas de muestra, que permitieron que 12 t\u00e9s diferentes cupieran ingeniosamente en un recipiente compacto. La satisfacci\u00f3n del cliente con las muestras aument\u00f3 un 40% y la tasa de conversi\u00f3n de muestras a compras de tama\u00f1o completo tambi\u00e9n aument\u00f3 un 25%. Por ello, realizaron un pedido de 200.000 frascos de vidrio para apoyar una campa\u00f1a de cata de t\u00e9s que se realiza en todo el pa\u00eds.<\/p>\n<h2>Opciones de personalizaci\u00f3n de frascos herm\u00e9ticos peque\u00f1os<\/h2>\n<ul>\n<li>Tapas de vidrio tintado: tapas de vidrio tintado para art\u00edculos sensibles a la luz<\/li>\n<li>Serigraf\u00eda de precisi\u00f3n: micrologotipos muy peque\u00f1os impresos con tinta cer\u00e1mica<\/li>\n<li>Rejillas de capacidad: peque\u00f1as l\u00edneas de graduaci\u00f3n agregadas para una dosificaci\u00f3n precisa<\/li>\n<li>Tiras decorativas esmeriladas: hermosas rayas mate creadas mediante grabado selectivo<\/li>\n<\/ul>\n<p>\u00bfListo para ordenar tus cosas peque\u00f1as? Cont\u00e1ctanos hoy mismo para obtener precios al por mayor en estos peque\u00f1os frascos de vidrio con tapa herm\u00e9tica que ahorran espacio.<\/p>","protected":false},"excerpt":{"rendered":"<p>Frascos de vidrio cil\u00edndricos peque\u00f1os herm\u00e9ticos con tapa y frascos herm\u00e9ticos peque\u00f1os para especias, muestras y almacenamiento: calidad superior, env\u00edo r\u00e1pido para compradores mayoristas.<\/p>","protected":false},"featured_media":24199,"template":"","meta":[],"product_brand":[],"product_cat":[122,134,124],"product_tag":[],"class_list":{"0":"post-24195","1":"product","2":"type-product","3":"status-publish","4":"has-post-thumbnail","6":"product_cat-custom-glass-packaging","7":"product_cat-airtight-jars","8":"product_cat-custom-glass-jars","10":"first","11":"instock","12":"shipping-taxable","13":"product-type-simple"},"jetpack_sharing_enabled":true,"_links":{"self":[{"href":"https:\/\/yebodaglass.com\/es\/wp-json\/wp\/v2\/product\/24195","targetHints":{"allow":["GET"]}}],"collection":[{"href":"https:\/\/yebodaglass.com\/es\/wp-json\/wp\/v2\/product"}],"about":[{"href":"https:\/\/yebodaglass.com\/es\/wp-json\/wp\/v2\/types\/product"}],"version-history":[{"count":4,"href":"https:\/\/yebodaglass.com\/es\/wp-json\/wp\/v2\/product\/24195\/revisions"}],"predecessor-version":[{"id":24204,"href":"https:\/\/yebodaglass.com\/es\/wp-json\/wp\/v2\/product\/24195\/revisions\/24204"}],"wp:featuredmedia":[{"embeddable":true,"href":"https:\/\/yebodaglass.com\/es\/wp-json\/wp\/v2\/media\/24199"}],"wp:attachment":[{"href":"https:\/\/yebodaglass.com\/es\/wp-json\/wp\/v2\/media?parent=24195"}],"wp:term":[{"taxonomy":"product_brand","embeddable":true,"href":"https:\/\/yebodaglass.com\/es\/wp-json\/wp\/v2\/product_brand?post=24195"},{"taxonomy":"product_cat","embeddable":true,"href":"https:\/\/yebodaglass.com\/es\/wp-json\/wp\/v2\/product_cat?post=24195"},{"taxonomy":"product_tag","embeddable":true,"href":"https:\/\/yebodaglass.com\/es\/wp-json\/wp\/v2\/product_tag?post=24195"}],"curies":[{"name":"wp","href":"https:\/\/api.w.org\/{rel}","templated":true}]}}