{"id":24164,"date":"2025-12-01T11:25:52","date_gmt":"2025-12-01T03:25:52","guid":{"rendered":"https:\/\/yebodaglass.com\/?post_type=product&#038;p=24164"},"modified":"2025-12-01T11:25:53","modified_gmt":"2025-12-01T03:25:53","slug":"custom-glass-water-bottle-storage-with-infuser-wholesale","status":"publish","type":"product","link":"https:\/\/yebodaglass.com\/es\/custom-glass-water-bottle-storage-with-infuser-wholesale\/","title":{"rendered":"Botella de agua de vidrio personalizada con infusor, 450 ml y 550 ml, venta al por mayor"},"content":{"rendered":"<p>\u00bfCansado de las botellas de vidrio que no son aptas para t\u00e9? Dise\u00f1amos las mejores botellas de agua de vidrio con infusor de t\u00e9 incorporado. Estas botellas de agua con infusor hacen que la hidrataci\u00f3n diaria sea moderna. Los pedidos al por mayor reciben acabados personalizados para que sean coherentes con tu marca.<\/p>\n<h2>Caracter\u00edsticas del producto<\/h2>\n<p><strong>Infusor de t\u00e9 incorporado<\/strong><\/p>\n<p>El filtro de acero inoxidable le permite preparar t\u00e9 directamente en la botella, sin necesidad de equipo adicional.<\/p>\n<p><strong>Vidrio de borosilicato duradero<\/strong><\/p>\n<p>Sin choque t\u00e9rmico: se puede usar en el congelador, se puede lavar en el lavavajillas y dura mucho tiempo.<\/p>\n<p><strong>Dise\u00f1o personalizable<\/strong><\/p>\n<p>Vidrio transparente con opci\u00f3n de color del cliente: una excelente soluci\u00f3n para almacenar botellas de agua con marca.<\/p>\n<h2>Especificaciones clave<\/h2>\n<table style=\"border-collapse: collapse; width: 80%; margin-left: auto; margin-right: auto;\" border=\"0\" width=\"360\" cellspacing=\"0\" cellpadding=\"0\">\n<tbody>\n<tr style=\"height: 13.50pt;\">\n<td style=\"height: 13.5pt; width: 54pt; text-align: center;\" width=\"72\" height=\"18\">Capacidad (ml)<\/td>\n<td style=\"width: 54pt; text-align: center;\" width=\"72\">Tama\u00f1o (cm)<\/td>\n<td style=\"width: 54pt; text-align: center;\" width=\"72\">Di\u00e1metro<\/td>\n<td style=\"width: 54pt; text-align: center;\" width=\"72\">Material<\/td>\n<td style=\"width: 54pt; text-align: center;\" width=\"72\">Tipo de infusor<\/td>\n<\/tr>\n<tr style=\"height: 13.50pt;\">\n<td style=\"height: 13.5pt; text-align: center;\" align=\"right\" height=\"18\">550<\/td>\n<td style=\"text-align: center;\">6,5 x 23,5<\/td>\n<td class=\"et2\" style=\"text-align: center;\" rowspan=\"2\">28 mm<\/td>\n<td class=\"et2\" style=\"text-align: center;\" rowspan=\"2\">Borosilicato<\/td>\n<td class=\"et2\" style=\"text-align: center;\" rowspan=\"2\">Acero inoxidable<\/td>\n<\/tr>\n<tr style=\"height: 13.50pt;\">\n<td style=\"height: 13.5pt; text-align: center;\" align=\"right\" height=\"18\">450<\/td>\n<td style=\"text-align: center;\">5,6 x 24,6<\/td>\n<\/tr>\n<\/tbody>\n<\/table>\n<h2>Caso de \u00e9xito<\/h2>\n<p>Una lujosa marca europea de t\u00e9s de hierbas necesitaba urgentemente una botella de agua que sirviera como una herramienta visual y de experiencia de preparaci\u00f3n perfecta para elevar el valor general del producto al lanzar su set de regalo anual de t\u00e9s de hierbas y frutas de edici\u00f3n limitada. Por lo tanto, creamos esta botella de agua de acero inoxidable con un vaso y un infusor personalizado para ellos y cambiamos el tama\u00f1o de los poros del infusor para que se correspondiera con el tama\u00f1o de la hoja de t\u00e9 para que las flores pudieran desplegarse completamente durante la infusi\u00f3n sin perder la suavidad de la infusi\u00f3n. Como resultado del lanzamiento del producto, las ventas de los sets de regalo aumentaron casi un 40% en comparaci\u00f3n con el trimestre anterior, y la marca tambi\u00e9n hizo una gran referencia al aumento en las tasas de recompra de los clientes.<\/p>\n<h2>Tu manual de personalizaci\u00f3n<\/h2>\n<ol>\n<li><strong>Estructura de filtro personalizable:<\/strong>La estructura del filtro admite filtros reemplazables de poros gruesos o finos, filtros extendidos y filtros de doble capa extra\u00edbles, que se pueden usar para t\u00e9, hierbas, rodajas de frutas y caf\u00e9 fr\u00edo.<\/li>\n<li><strong>Dise\u00f1o inferior antideslizante\/anticolisi\u00f3n:<\/strong>Se pueden agregar almohadillas de silicona o una estructura inferior engrosada para reducir los da\u00f1os durante el transporte y aumentar la seguridad.<\/li>\n<li><strong>Accesorios personalizables:<\/strong>Los accesorios opcionales incluyen una bolsa de terciopelo port\u00e1til, una funda de nailon para botella y una correa de transporte para facilitar la experiencia de transporte al aire libre.<\/li>\n<\/ol>","protected":false},"excerpt":{"rendered":"<p>Botella de vidrio con infusor, ideal para preparar t\u00e9 y guardar agua embotellada. Admite pedidos al por mayor, suministro directo de f\u00e1brica y personalizaci\u00f3n de marca.<\/p>","protected":false},"featured_media":24165,"template":"","meta":[],"product_brand":[],"product_cat":[122,123,136],"product_tag":[],"class_list":{"0":"post-24164","1":"product","2":"type-product","3":"status-publish","4":"has-post-thumbnail","6":"product_cat-custom-glass-packaging","7":"product_cat-custom-glass-bottles","8":"product_cat-glass-water-bottles","10":"first","11":"instock","12":"shipping-taxable","13":"product-type-simple"},"jetpack_sharing_enabled":true,"_links":{"self":[{"href":"https:\/\/yebodaglass.com\/es\/wp-json\/wp\/v2\/product\/24164","targetHints":{"allow":["GET"]}}],"collection":[{"href":"https:\/\/yebodaglass.com\/es\/wp-json\/wp\/v2\/product"}],"about":[{"href":"https:\/\/yebodaglass.com\/es\/wp-json\/wp\/v2\/types\/product"}],"version-history":[{"count":4,"href":"https:\/\/yebodaglass.com\/es\/wp-json\/wp\/v2\/product\/24164\/revisions"}],"predecessor-version":[{"id":24194,"href":"https:\/\/yebodaglass.com\/es\/wp-json\/wp\/v2\/product\/24164\/revisions\/24194"}],"wp:featuredmedia":[{"embeddable":true,"href":"https:\/\/yebodaglass.com\/es\/wp-json\/wp\/v2\/media\/24165"}],"wp:attachment":[{"href":"https:\/\/yebodaglass.com\/es\/wp-json\/wp\/v2\/media?parent=24164"}],"wp:term":[{"taxonomy":"product_brand","embeddable":true,"href":"https:\/\/yebodaglass.com\/es\/wp-json\/wp\/v2\/product_brand?post=24164"},{"taxonomy":"product_cat","embeddable":true,"href":"https:\/\/yebodaglass.com\/es\/wp-json\/wp\/v2\/product_cat?post=24164"},{"taxonomy":"product_tag","embeddable":true,"href":"https:\/\/yebodaglass.com\/es\/wp-json\/wp\/v2\/product_tag?post=24164"}],"curies":[{"name":"wp","href":"https:\/\/api.w.org\/{rel}","templated":true}]}}