{"id":24163,"date":"2025-11-28T10:31:40","date_gmt":"2025-11-28T02:31:40","guid":{"rendered":"https:\/\/yebodaglass.com\/?post_type=product&#038;p=24163"},"modified":"2025-11-28T11:43:27","modified_gmt":"2025-11-28T03:43:27","slug":"bulk-large-square-glass-food-storage-jars-with-lids","status":"publish","type":"product","link":"https:\/\/yebodaglass.com\/es\/bulk-large-square-glass-food-storage-jars-with-lids\/","title":{"rendered":"Frascos de vidrio cuadrados grandes para almacenar alimentos con tapas (50 oz, 64 oz y 100 oz)"},"content":{"rendered":"<p data-start=\"66\" data-end=\"288\">Estos grandes frascos de vidrio con tapa para almacenar alimentos est\u00e1n hechos de vidrio transparente y tienen tres formas rectangulares modernas. Cada recipiente tiene una tapa met\u00e1lica con cierre a presi\u00f3n.<\/p>\n<h2>Caracter\u00edsticas del producto<\/h2>\n<ul>\n<li><strong>Material rectangular transparente:<\/strong> El cuerpo de vidrio es transparente, lo que le permite conocer el contenido de inmediato y realizar un seguimiento del stock sin abrir el frasco.<\/li>\n<li><strong>Dise\u00f1o de sellado Snap-Lock:<\/strong> Con una tapa met\u00e1lica con cierre a presi\u00f3n, ofrece un excelente sellado, manteniendo el frasco completamente libre de vapor de agua y conservando la frescura del contenido. El frasco se puede cerrar y abrir f\u00e1cilmente.<\/li>\n<li><strong>Gran capacidad:<\/strong> Estos contenedores de almacenamiento de gran capacidad le brindar\u00e1n suficiente espacio para su cocina, por lo tanto, son perfectos para almacenar una gran cantidad de arroz, granos o cualquier otra materia prima, etc. y reducir sus compras de contenedores.<\/li>\n<\/ul>\n<h2 style=\"text-align: left;\">Especificaciones clave<\/h2>\n<table class=\"aligncenter\" style=\"border-collapse: collapse; width: 438.02pt;\" border=\"0\" width=\"584\" cellspacing=\"0\" cellpadding=\"0\">\n<tbody>\n<tr style=\"height: 13.50pt;\">\n<td style=\"height: 13.50pt; width: 99.75pt;\" width=\"133\" height=\"18\">Especificaci\u00f3n<\/td>\n<td style=\"width: 338.25pt;\" width=\"451\">Detalles<\/td>\n<\/tr>\n<tr style=\"height: 13.50pt;\">\n<td style=\"height: 13.50pt;\" height=\"18\">Capacidad<\/td>\n<td>1500 ml (50 oz) \/ 2000 ml (64 oz) \/ 3000 ml (100 oz)<\/td>\n<\/tr>\n<tr style=\"height: 13.50pt;\">\n<td style=\"height: 13.50pt;\" height=\"18\">Dimensiones<\/td>\n<td>11,4\u00d719,5 cm \/ 11,4\u00d725,8 cm \/ 14,2\u00d723,9 cm<\/td>\n<\/tr>\n<tr style=\"height: 13.50pt;\">\n<td style=\"height: 13.50pt;\" height=\"18\">Material<\/td>\n<td>Vidrio grueso transparente<\/td>\n<\/tr>\n<tr style=\"height: 13.50pt;\">\n<td style=\"height: 13.50pt;\" height=\"18\">Tipo\/color de tapa<\/td>\n<td>Tapa de abrazadera de metal con asa de alambre<\/td>\n<\/tr>\n<tr style=\"height: 13.50pt;\">\n<td style=\"height: 13.50pt;\" height=\"18\">Ideal para<\/td>\n<td>Frascos de vidrio para almacenar alimentos con tapa, frascos de vidrio para almacenar<\/td>\n<\/tr>\n<\/tbody>\n<\/table>\n<h2>Historia de \u00e9xito: Soluci\u00f3n de ingredientes para una panader\u00eda comercial<\/h2>\n<p>Una panader\u00eda artesanal en pleno crecimiento que necesitaba un m\u00e9todo m\u00e1s eficiente para almacenar harina y az\u00facar a granel, opt\u00f3 por nuestros frascos cuadrados de vidrio de 2000 ml para almacenar sus ingredientes. El sellado fue el factor m\u00e1s importante: no solo aument\u00f3 la vida \u00fatil de la harina en un 60 %, sino que tambi\u00e9n redujo por completo la aparici\u00f3n de plagas. Gracias a su forma rectangular, pudieron almacenar un 40 % m\u00e1s de ingredientes en el mismo espacio, optimizando as\u00ed la distribuci\u00f3n de su peque\u00f1a cocina. Como resultado, han estandarizado el almacenamiento en todas sus tiendas y han realizado un nuevo pedido de 500\u00a0000 frascos de vidrio.<\/p>\n<h2>Opciones de personalizaci\u00f3n de frascos de vidrio para almacenar alimentos:<\/h2>\n<ul>\n<li>Marcas de volumen elevadas: agregue marcas elevadas permanentes para un f\u00e1cil control de las porciones.<\/li>\n<li>Etiquetas serigrafiadas: logotipos de marca grandes y duraderos impresos con tinta cer\u00e1mica.<\/li>\n<li>Dise\u00f1o de base reforzada: vidrio engrosado para soportar elementos m\u00e1s pesados, como harina o granos.<\/li>\n<li>Manijas integradas: Manijas de vidrio moldeado opcionales para manipular f\u00e1cilmente frascos llenos.<\/li>\n<\/ul>\n<p>\u00bfQuieres aumentar tu almacenamiento de forma m\u00e1s eficiente? Cont\u00e1ctanos si quieres conocer los precios al por mayor de estos frascos de vidrio cuadrados grandes que ahorran espacio.<\/p>","protected":false},"excerpt":{"rendered":"<p>Elija frascos de vidrio resistentes con tapa y frascos cuadrados grandes de vidrio para almacenar alimentos, fabricados con materiales de alta calidad. Venta directa de f\u00e1brica. Muestras gratis.<\/p>","protected":false},"featured_media":24166,"template":"","meta":[],"product_brand":[],"product_cat":[122,134,124],"product_tag":[],"class_list":{"0":"post-24163","1":"product","2":"type-product","3":"status-publish","4":"has-post-thumbnail","6":"product_cat-custom-glass-packaging","7":"product_cat-airtight-jars","8":"product_cat-custom-glass-jars","10":"first","11":"instock","12":"shipping-taxable","13":"product-type-simple"},"jetpack_sharing_enabled":true,"_links":{"self":[{"href":"https:\/\/yebodaglass.com\/es\/wp-json\/wp\/v2\/product\/24163","targetHints":{"allow":["GET"]}}],"collection":[{"href":"https:\/\/yebodaglass.com\/es\/wp-json\/wp\/v2\/product"}],"about":[{"href":"https:\/\/yebodaglass.com\/es\/wp-json\/wp\/v2\/types\/product"}],"version-history":[{"count":4,"href":"https:\/\/yebodaglass.com\/es\/wp-json\/wp\/v2\/product\/24163\/revisions"}],"predecessor-version":[{"id":24190,"href":"https:\/\/yebodaglass.com\/es\/wp-json\/wp\/v2\/product\/24163\/revisions\/24190"}],"wp:featuredmedia":[{"embeddable":true,"href":"https:\/\/yebodaglass.com\/es\/wp-json\/wp\/v2\/media\/24166"}],"wp:attachment":[{"href":"https:\/\/yebodaglass.com\/es\/wp-json\/wp\/v2\/media?parent=24163"}],"wp:term":[{"taxonomy":"product_brand","embeddable":true,"href":"https:\/\/yebodaglass.com\/es\/wp-json\/wp\/v2\/product_brand?post=24163"},{"taxonomy":"product_cat","embeddable":true,"href":"https:\/\/yebodaglass.com\/es\/wp-json\/wp\/v2\/product_cat?post=24163"},{"taxonomy":"product_tag","embeddable":true,"href":"https:\/\/yebodaglass.com\/es\/wp-json\/wp\/v2\/product_tag?post=24163"}],"curies":[{"name":"wp","href":"https:\/\/api.w.org\/{rel}","templated":true}]}}