{"id":24154,"date":"2025-11-28T08:55:51","date_gmt":"2025-11-28T00:55:51","guid":{"rendered":"https:\/\/yebodaglass.com\/?post_type=product&#038;p=24154"},"modified":"2025-11-28T11:44:03","modified_gmt":"2025-11-28T03:44:03","slug":"bulk-clear-square-glass-storage-jars-with-glass-lids","status":"publish","type":"product","link":"https:\/\/yebodaglass.com\/es\/bulk-clear-square-glass-storage-jars-with-glass-lids\/","title":{"rendered":"Frascos de vidrio transparente cuadrados con tapas de vidrio (380 ml, 500 ml, 750 ml y 1000 ml)"},"content":{"rendered":"<p data-start=\"66\" data-end=\"288\">Estos frascos cuadrados de vidrio para almacenar son de vidrio transparente y est\u00e1n disponibles en cuatro tama\u00f1os diferentes. Tienen forma cuadrada y redondeada. Cada frasco incluye una tapa de vidrio con un sencillo cierre met\u00e1lico.<\/p>\n<h2>Caracter\u00edsticas del producto<\/h2>\n<ul>\n<li><strong>Material cuadrado transparente:<\/strong> El uso de vidrio totalmente transparente con esquinas cuadradas redondeadas hace que el contenido sea f\u00e1cilmente visible mientras que los frascos ahorran m\u00e1s espacio de almacenamiento que si fueran puramente cil\u00edndricos.<\/li>\n<li><strong>Dise\u00f1o de sellado a presi\u00f3n:<\/strong> El frasco cuenta con una tapa met\u00e1lica con cierre a presi\u00f3n que proporciona un excelente sellado, evitando eficazmente la entrada de humedad y manteniendo la frescura del producto. Abrir y cerrar el envase es muy sencillo y c\u00f3modo.<\/li>\n<li><strong>Cuatro tama\u00f1os diferentes:<\/strong> Los cuatro tama\u00f1os tienen como objetivo acomodar cosas de distintos tama\u00f1os (por ejemplo, frascos peque\u00f1os para guardar especias, frascos grandes para productos secos).<\/li>\n<\/ul>\n<h2 style=\"text-align: left;\">Especificaciones clave<\/h2>\n<table class=\"aligncenter\" style=\"border-collapse: collapse; width: 435.02pt;\" border=\"0\" width=\"580\" cellspacing=\"0\" cellpadding=\"0\">\n<tbody>\n<tr style=\"height: 13.50pt;\">\n<td style=\"height: 13.50pt; width: 99.75pt;\" width=\"133\" height=\"18\">Especificaci\u00f3n<\/td>\n<td style=\"width: 335.25pt;\" width=\"447\">Detalles<\/td>\n<\/tr>\n<tr style=\"height: 13.50pt;\">\n<td style=\"height: 13.50pt;\" height=\"18\">Capacidad<\/td>\n<td>380 ml \/ 500 ml \/ 750 ml \/ 1000 ml<\/td>\n<\/tr>\n<tr style=\"height: 13.50pt;\">\n<td style=\"height: 13.50pt;\" height=\"18\">Dimensiones<\/td>\n<td>8,7\u00d710 cm \/ 10,8\u00d710 cm \/ 11\u00d712,3 cm \/ 11,3\u00d715 cm<\/td>\n<\/tr>\n<tr style=\"height: 13.50pt;\">\n<td style=\"height: 13.50pt;\" height=\"18\">Material<\/td>\n<td>Vidrio transparente (tarro y tapa)<\/td>\n<\/tr>\n<tr style=\"height: 13.50pt;\">\n<td style=\"height: 13.50pt;\" height=\"18\">Tipo\/color de tapa<\/td>\n<td>Tapa de vidrio con cierre de abrazadera de acero<\/td>\n<\/tr>\n<tr style=\"height: 13.50pt;\">\n<td style=\"height: 13.50pt;\" height=\"18\">Ideal para<\/td>\n<td>Frascos de vidrio para almacenar, frascos de vidrio para almacenar con tapas de vidrio.<\/td>\n<\/tr>\n<\/tbody>\n<\/table>\n<h2>Historia de \u00e9xito: C\u00f3mo una tienda de t\u00e9 mejor\u00f3 su \u200b\u200d\u200b\u200c\u200d\u200b\u200d\u200c\u200b\u200d\u200b\u200c\u200d\u200b\u200d\u200cExhibici\u00f3n<\/h2>\n<p>Una costosa empresa de t\u00e9 necesitaba una soluci\u00f3n de almacenamiento que permitiera presentar y mantener frescos los productos. Decidieron usar nuestros frascos cuadrados de vidrio de 500 ml en sus tiendas. Gracias a su dise\u00f1o cuadrado, pudieron exhibir un 30 % m\u00e1s de producto en el mismo espacio. El sellado es tan bueno que el t\u00e9 se mantiene fresco durante meses, lo que reduce el desperdicio en un 40 %. Tras este \u00e9xito, la empresa realiz\u00f3 un pedido de 25\u00a0000 frascos de vidrio para abrir nuevos puntos de venta.<\/p>\n<h2>Opciones de personalizaci\u00f3n de frascos de vidrio para almacenamiento<\/h2>\n<ul>\n<li>Gradientes serigrafiados: a\u00f1aden marcas de capacidad \u00fatiles para facilitar la dosificaci\u00f3n de la cantidad de producto.<\/li>\n<li>Tapas de vidrio coloreado: en el caso de art\u00edculos sensibles a la luz, aseg\u00farese de utilizar tapas de vidrio coloreado.<\/li>\n<li>Colores de clip personalizados: puede elegir entre bronce, negro o n\u00edquel para sus clips<\/li>\n<li>Opciones de anillo de sellado de silicona: el color del anillo de sellado puede ser el color de su marca para mantener la combinaci\u00f3n de colores.<\/li>\n<\/ul>\n<p>\u00bfQuieres aprovechar al m\u00e1ximo tu espacio de almacenamiento? Cont\u00e1ctanos ahora para obtener precios al por mayor en estos hermosos frascos cuadrados de vidrio con tapa.<\/p>","protected":false},"excerpt":{"rendered":"<p>Nuestros frascos de vidrio cuadrados para almacenamiento y frascos de vidrio con tapa son altamente transparentes, duraderos y tienen buenas propiedades de sellado; hay muestras gratuitas disponibles.<\/p>","protected":false},"featured_media":24157,"template":"","meta":[],"product_brand":[],"product_cat":[122,134,124],"product_tag":[],"class_list":{"0":"post-24154","1":"product","2":"type-product","3":"status-publish","4":"has-post-thumbnail","6":"product_cat-custom-glass-packaging","7":"product_cat-airtight-jars","8":"product_cat-custom-glass-jars","10":"first","11":"instock","12":"shipping-taxable","13":"product-type-simple"},"jetpack_sharing_enabled":true,"_links":{"self":[{"href":"https:\/\/yebodaglass.com\/es\/wp-json\/wp\/v2\/product\/24154","targetHints":{"allow":["GET"]}}],"collection":[{"href":"https:\/\/yebodaglass.com\/es\/wp-json\/wp\/v2\/product"}],"about":[{"href":"https:\/\/yebodaglass.com\/es\/wp-json\/wp\/v2\/types\/product"}],"version-history":[{"count":5,"href":"https:\/\/yebodaglass.com\/es\/wp-json\/wp\/v2\/product\/24154\/revisions"}],"predecessor-version":[{"id":24189,"href":"https:\/\/yebodaglass.com\/es\/wp-json\/wp\/v2\/product\/24154\/revisions\/24189"}],"wp:featuredmedia":[{"embeddable":true,"href":"https:\/\/yebodaglass.com\/es\/wp-json\/wp\/v2\/media\/24157"}],"wp:attachment":[{"href":"https:\/\/yebodaglass.com\/es\/wp-json\/wp\/v2\/media?parent=24154"}],"wp:term":[{"taxonomy":"product_brand","embeddable":true,"href":"https:\/\/yebodaglass.com\/es\/wp-json\/wp\/v2\/product_brand?post=24154"},{"taxonomy":"product_cat","embeddable":true,"href":"https:\/\/yebodaglass.com\/es\/wp-json\/wp\/v2\/product_cat?post=24154"},{"taxonomy":"product_tag","embeddable":true,"href":"https:\/\/yebodaglass.com\/es\/wp-json\/wp\/v2\/product_tag?post=24154"}],"curies":[{"name":"wp","href":"https:\/\/api.w.org\/{rel}","templated":true}]}}