{"id":24141,"date":"2025-11-27T11:41:17","date_gmt":"2025-11-27T03:41:17","guid":{"rendered":"https:\/\/yebodaglass.com\/?post_type=product&#038;p=24141"},"modified":"2025-11-27T18:27:41","modified_gmt":"2025-11-27T10:27:41","slug":"wholesale-clear-large-glass-food-storage-jars","status":"publish","type":"product","link":"https:\/\/yebodaglass.com\/es\/wholesale-clear-large-glass-food-storage-jars\/","title":{"rendered":"Frascos de vidrio transparente grandes para almacenar alimentos, venta al por mayor, de 64 oz y 100 oz"},"content":{"rendered":"<p data-start=\"66\" data-end=\"288\">Estos grandes frascos de vidrio para almacenar est\u00e1n hechos de vidrio transparente y vienen en dos elegantes y delgados dise\u00f1os redondos. Cada frasco incluye una tapa met\u00e1lica a presi\u00f3n, lo que los convierte en una opci\u00f3n c\u00f3moda para almacenar grandes cantidades de alimentos en la cocina.<\/p>\n<h2>Caracter\u00edsticas del producto<\/h2>\n<ul>\n<li><strong>Gran capacidad:<\/strong> 2 litros y 3 litros son las opciones de volumen para estos frascos que pueden almacenar una gran cantidad de los mismos art\u00edculos, minimizando as\u00ed el embalaje y las frecuentes recargas.<\/li>\n<li><strong>Sellado perfecto:<\/strong> Las abrazaderas y la junta de goma trabajan juntas para excluir completamente la humedad, las plagas y el aire y, de esta manera, el almacenamiento mantiene los alimentos frescos durante un mes o m\u00e1s.<\/li>\n<li><strong>Dise\u00f1o de boca ancha para f\u00e1cil llenado y rellenado:<\/strong> El dise\u00f1o de boca ancha hace que cargar y descargar alimentos sea r\u00e1pido y f\u00e1cil, incluso para personas con manos grandes o que usan cucharas grandes.<\/li>\n<\/ul>\n<h2 style=\"text-align: left;\">Especificaciones clave<\/h2>\n<table class=\"aligncenter\" style=\"border-collapse: collapse; width: 402.77pt;\" border=\"0\" width=\"537\" cellspacing=\"0\" cellpadding=\"0\">\n<tbody>\n<tr style=\"height: 13.50pt;\">\n<td style=\"height: 13.50pt; width: 99.75pt;\" width=\"133\" height=\"18\">Especificaci\u00f3n<\/td>\n<td style=\"width: 303.00pt;\" width=\"404\">Detalles<\/td>\n<\/tr>\n<tr style=\"height: 13.50pt;\">\n<td style=\"height: 13.50pt;\" height=\"18\">Capacidad<\/td>\n<td>2000 ml (64 oz) \/ 3000 ml (100 oz)<\/td>\n<\/tr>\n<tr style=\"height: 13.50pt;\">\n<td style=\"height: 13.50pt;\" height=\"18\">Dimensiones<\/td>\n<td>12,7\u00d725,3 cm \/ 14,5\u00d726,5 cm<\/td>\n<\/tr>\n<tr style=\"height: 13.50pt;\">\n<td style=\"height: 13.50pt;\" height=\"18\">Material<\/td>\n<td>Vidrio grueso transparente<\/td>\n<\/tr>\n<tr style=\"height: 13.50pt;\">\n<td style=\"height: 13.50pt;\" height=\"18\">Tipo de tapa<\/td>\n<td>Tapa de abrazadera met\u00e1lica con asa de alambre (plateada)<\/td>\n<\/tr>\n<tr style=\"height: 13.50pt;\">\n<td style=\"height: 13.50pt;\" height=\"18\">Ideal para<\/td>\n<td>Frascos de vidrio grandes para almacenar alimentos<\/td>\n<\/tr>\n<\/tbody>\n<\/table>\n<h2>Historia de \u00e9xito: La historia de \u00e9xito de una tienda de comestibles de cero residuos<\/h2>\n<p>Una tienda de comestibles con cero residuos necesitaba frascos de vidrio de gran capacidad para almacenar alimentos, pr\u00e1cticos y elegantes, para almacenar alimentos a granel. Utilizaron nuestros frascos de vidrio de 3 litros de capacidad para almacenar granos, frutos secos y pasta. El excelente sellado prolong\u00f3 considerablemente la vida \u00fatil de los productos, lo que result\u00f3 en una reducci\u00f3n del 40 % en el desperdicio de alimentos y un aumento del 65 % en las tasas de recompra. Gracias a la buena acogida del mercado, la tienda realiz\u00f3 un nuevo pedido de 500\u00a0000 frascos para abrir otras tiendas.<\/p>\n<h2>Soluciones de tarros de vidrio personalizados<\/h2>\n<ul>\n<li>Marcas de capacidad en relieve: haga que las graduaciones sean f\u00e1ciles y permanentes realz\u00e1ndolas.<\/li>\n<li>Etiquetas serigrafiadas: utilice tinta cer\u00e1mica para imprimir etiquetas de marca o contenido claras y destacadas.<\/li>\n<li>Base reforzada: una base de vidrio m\u00e1s gruesa para poder transportar art\u00edculos pesados.<\/li>\n<li>Asa integrada: se puede equipar con asa de vidrio integrada para transportarlo c\u00f3modamente.<\/li>\n<\/ul>","protected":false},"excerpt":{"rendered":"<p>Nuestros frascos grandes de vidrio para almacenar y frascos grandes de vidrio para alimentos son transparentes, duraderos e ideales para guardar suministros e ingredientes de despensa. Muestras gratis.<\/p>","protected":false},"featured_media":24152,"template":"","meta":[],"product_brand":[],"product_cat":[122,134,124],"product_tag":[],"class_list":{"0":"post-24141","1":"product","2":"type-product","3":"status-publish","4":"has-post-thumbnail","6":"product_cat-custom-glass-packaging","7":"product_cat-airtight-jars","8":"product_cat-custom-glass-jars","10":"first","11":"instock","12":"shipping-taxable","13":"product-type-simple"},"jetpack_sharing_enabled":true,"_links":{"self":[{"href":"https:\/\/yebodaglass.com\/es\/wp-json\/wp\/v2\/product\/24141","targetHints":{"allow":["GET"]}}],"collection":[{"href":"https:\/\/yebodaglass.com\/es\/wp-json\/wp\/v2\/product"}],"about":[{"href":"https:\/\/yebodaglass.com\/es\/wp-json\/wp\/v2\/types\/product"}],"version-history":[{"count":3,"href":"https:\/\/yebodaglass.com\/es\/wp-json\/wp\/v2\/product\/24141\/revisions"}],"predecessor-version":[{"id":24153,"href":"https:\/\/yebodaglass.com\/es\/wp-json\/wp\/v2\/product\/24141\/revisions\/24153"}],"wp:featuredmedia":[{"embeddable":true,"href":"https:\/\/yebodaglass.com\/es\/wp-json\/wp\/v2\/media\/24152"}],"wp:attachment":[{"href":"https:\/\/yebodaglass.com\/es\/wp-json\/wp\/v2\/media?parent=24141"}],"wp:term":[{"taxonomy":"product_brand","embeddable":true,"href":"https:\/\/yebodaglass.com\/es\/wp-json\/wp\/v2\/product_brand?post=24141"},{"taxonomy":"product_cat","embeddable":true,"href":"https:\/\/yebodaglass.com\/es\/wp-json\/wp\/v2\/product_cat?post=24141"},{"taxonomy":"product_tag","embeddable":true,"href":"https:\/\/yebodaglass.com\/es\/wp-json\/wp\/v2\/product_tag?post=24141"}],"curies":[{"name":"wp","href":"https:\/\/api.w.org\/{rel}","templated":true}]}}