{"id":24128,"date":"2025-11-28T12:00:50","date_gmt":"2025-11-28T04:00:50","guid":{"rendered":"https:\/\/yebodaglass.com\/?post_type=product&#038;p=24128"},"modified":"2026-04-14T13:10:55","modified_gmt":"2026-04-14T05:10:55","slug":"custom-clear-water-bottle-with-sleeve-wholesale","status":"publish","type":"product","link":"https:\/\/yebodaglass.com\/es\/custom-clear-water-bottle-with-sleeve-wholesale\/","title":{"rendered":"Botella de agua transparente personalizada con funda, venta al por mayor, 550 ml \u2013 1000 ml"},"content":{"rendered":"<p>La botella de agua transparente presenta un dise\u00f1o cil\u00edndrico sencillo y est\u00e1 fabricada con vidrio de borosilicato apto para uso alimentario. El cuerpo de vidrio tiene un acabado liso e incluye una tapa de rosca met\u00e1lica plateada con un anillo de sellado de silicona apta para uso alimentario, que crea un cierre herm\u00e9tico e impermeable.<\/p>\n<h2>Caracter\u00edsticas del producto<\/h2>\n<p><strong>Vidrio de borosilicato duradero<\/strong><\/p>\n<p>Sin choque t\u00e9rmico: se puede colocar en el congelador o en el lavavajillas y est\u00e1 dise\u00f1ado para un uso prolongado.<\/p>\n<p><strong>Amplia apertura de 38 mm<\/strong><\/p>\n<p>El llenado, la limpieza y el vertido son muy f\u00e1ciles: ideales para el consumo diario de agua o para botellas deportivas.<\/p>\n<p><strong>Dise\u00f1o de manga personalizable<\/strong><\/p>\n<p>Coloque su logotipo en la funda de silicona: ayudar\u00e1 a que su botella de agua transparente se convierta en una marca de recuerdo.<\/p>\n<h2>Especificaciones clave<\/h2>\n<table style=\"border-collapse: collapse; width: 80%; margin-left: auto; margin-right: auto;\" border=\"0\" width=\"360\" cellspacing=\"0\" cellpadding=\"0\">\n<tbody>\n<tr style=\"height: 13.50pt;\">\n<td style=\"height: 13.5pt; width: 54pt; text-align: center;\" width=\"72\" height=\"18\">Capacidad (ml)<\/td>\n<td style=\"width: 54pt; text-align: center;\" width=\"72\">Tama\u00f1o (cm)<\/td>\n<td style=\"width: 54pt; text-align: center;\" width=\"72\">Di\u00e1metro<\/td>\n<td style=\"width: 54pt; text-align: center;\" width=\"72\">Material<\/td>\n<td style=\"width: 54pt; text-align: center;\" width=\"72\">Color<\/td>\n<\/tr>\n<tr style=\"height: 13.50pt;\">\n<td style=\"height: 13.5pt; text-align: center;\" align=\"right\" height=\"18\">550<\/td>\n<td style=\"text-align: center;\">6.6&#215;23.0<\/td>\n<td class=\"et2\" style=\"text-align: center;\" rowspan=\"3\">38 mm<\/td>\n<td class=\"et2\" style=\"text-align: center;\" rowspan=\"3\">Borosilicato<\/td>\n<td class=\"et2\" style=\"text-align: center;\" rowspan=\"3\">Claro<\/td>\n<\/tr>\n<tr style=\"height: 13.50pt;\">\n<td style=\"height: 13.5pt; text-align: center;\" align=\"right\" height=\"18\">750<\/td>\n<td style=\"text-align: center;\">7.0&#215;27.2<\/td>\n<\/tr>\n<tr style=\"height: 13.50pt;\">\n<td style=\"height: 13.5pt; text-align: center;\" align=\"right\" height=\"18\">1000<\/td>\n<td style=\"text-align: center;\">7.9&#215;29.1<\/td>\n<\/tr>\n<\/tbody>\n<\/table>\n<h2>Caso de \u00e9xito: Un pedido personalizado de una caja de suscripci\u00f3n nacional de salud.<\/h2>\n<p>La empresa estadounidense de suscripci\u00f3n de productos de salud seleccion\u00f3 nuestra botella de agua de 500 ml con funda, la cual personalizaron con una funda de neopreno y un eslogan inspirador grabado con l\u00e1ser. El sistema de funda con botella demostr\u00f3 un alto rendimiento, ya que los clientes la utilizaron para prevenir el 70 % de roturas entre botellas de vidrio protegidas y sin protecci\u00f3n gracias al dise\u00f1o de vidrio de borosilicato duradero. El dise\u00f1o de la botella facilita la limpieza sin alterar el sabor, lo que resulta en que los suscriptores la utilicen el 95 % del tiempo durante el d\u00eda. Tras el \u00e9xito de sus productos existentes, realizaron un pedido adicional de 380 000 botellas para respaldar su nueva l\u00ednea de bebidas funcionales en polvo.<\/p>\n<h2>Opciones de personalizaci\u00f3n de botellas de agua transparente<\/h2>\n<ul>\n<li>Dise\u00f1o de la tapa: El producto ofrece m\u00faltiples acabados met\u00e1licos que incluyen materiales en negro, dorado, oro rosa y bamb\u00fa.<\/li>\n<li>Fundas personalizables para botellas: El producto ofrece tres materiales para las fundas: neopreno, silicona y tela. Los clientes pueden elegir entre varias opciones de color, dise\u00f1os y la impresi\u00f3n de logotipos.<\/li>\n<li>Accesorios: Compatible con cepillos de limpieza, recipientes para remojar la fruta o correas de transporte.<\/li>\n<\/ul>","protected":false},"excerpt":{"rendered":"<p>Botella de agua transparente con funda para mayor protecci\u00f3n. Su suministro directo de f\u00e1brica, disponibilidad inmediata y env\u00edo r\u00e1pido la hacen ideal para pedidos al por mayor y para el abastecimiento de tiendas.<\/p>","protected":false},"featured_media":24129,"template":"","meta":[],"product_brand":[],"product_cat":[136,123,122],"product_tag":[],"class_list":{"0":"post-24128","1":"product","2":"type-product","3":"status-publish","4":"has-post-thumbnail","6":"product_cat-glass-water-bottles","7":"product_cat-custom-glass-bottles","8":"product_cat-custom-glass-packaging","10":"first","11":"instock","12":"shipping-taxable","13":"product-type-simple"},"jetpack_sharing_enabled":true,"_links":{"self":[{"href":"https:\/\/yebodaglass.com\/es\/wp-json\/wp\/v2\/product\/24128","targetHints":{"allow":["GET"]}}],"collection":[{"href":"https:\/\/yebodaglass.com\/es\/wp-json\/wp\/v2\/product"}],"about":[{"href":"https:\/\/yebodaglass.com\/es\/wp-json\/wp\/v2\/types\/product"}],"version-history":[{"count":5,"href":"https:\/\/yebodaglass.com\/es\/wp-json\/wp\/v2\/product\/24128\/revisions"}],"predecessor-version":[{"id":25780,"href":"https:\/\/yebodaglass.com\/es\/wp-json\/wp\/v2\/product\/24128\/revisions\/25780"}],"wp:featuredmedia":[{"embeddable":true,"href":"https:\/\/yebodaglass.com\/es\/wp-json\/wp\/v2\/media\/24129"}],"wp:attachment":[{"href":"https:\/\/yebodaglass.com\/es\/wp-json\/wp\/v2\/media?parent=24128"}],"wp:term":[{"taxonomy":"product_brand","embeddable":true,"href":"https:\/\/yebodaglass.com\/es\/wp-json\/wp\/v2\/product_brand?post=24128"},{"taxonomy":"product_cat","embeddable":true,"href":"https:\/\/yebodaglass.com\/es\/wp-json\/wp\/v2\/product_cat?post=24128"},{"taxonomy":"product_tag","embeddable":true,"href":"https:\/\/yebodaglass.com\/es\/wp-json\/wp\/v2\/product_tag?post=24128"}],"curies":[{"name":"wp","href":"https:\/\/api.w.org\/{rel}","templated":true}]}}