{"id":24111,"date":"2025-11-27T12:00:19","date_gmt":"2025-11-27T04:00:19","guid":{"rendered":"https:\/\/yebodaglass.com\/?post_type=product&#038;p=24111"},"modified":"2026-04-13T09:34:01","modified_gmt":"2026-04-13T01:34:01","slug":"28mm-diameter-custom-water-bottles-bulk","status":"publish","type":"product","link":"https:\/\/yebodaglass.com\/es\/28mm-diameter-custom-water-bottles-bulk\/","title":{"rendered":"Botellas de agua personalizadas de 28 mm de di\u00e1metro, a granel, de 280 ml a 1000 ml"},"content":{"rendered":"<p>Las botellas de agua personalizadas presentan un dise\u00f1o minimalista y moderno gracias a su forma cil\u00edndrica. Su composici\u00f3n se aprecia a trav\u00e9s de un vidrio de borosilicato transparente que ofrece alta durabilidad y protecci\u00f3n contra cambios bruscos de temperatura. El sistema utiliza una conexi\u00f3n roscada est\u00e1ndar junto con un tap\u00f3n de rosca met\u00e1lico plateado brillante que crea un mecanismo de sellado eficaz.<\/p>\n<h2>Caracter\u00edsticas del producto<\/h2>\n<ul>\n<li><strong>Dise\u00f1o cil\u00edndrico minimalista:<\/strong> El cilindro de vidrio con paredes rectas facilita la sujeci\u00f3n del recipiente de vidrio, que se puede limpiar y etiquetar manteniendo su dise\u00f1o b\u00e1sico.<\/li>\n<li><strong>Vidrio de borosilicato duradero:<\/strong> El material de vidrio de borosilicato proporciona resistencia al choque t\u00e9rmico, lo que permite contener de forma segura tanto bebidas calientes como fr\u00edas sin que retengan ning\u00fan olor.<\/li>\n<li><strong>Tap\u00f3n de rosca met\u00e1lico elegante:<\/strong> La tapa met\u00e1lica plateada con acabado brillante crea una apariencia moderna que protege contra fugas gracias a su mecanismo de cierre seguro.<\/li>\n<\/ul>\n<h2>Especificaciones clave<\/h2>\n<table style=\"border-collapse: collapse; width: 80%; margin-left: auto; margin-right: auto;\" border=\"0\" width=\"360\" cellspacing=\"0\" cellpadding=\"0\">\n<tbody>\n<tr style=\"height: 13.50pt;\">\n<td style=\"height: 13.5pt; width: 54pt; text-align: center;\" width=\"72\" height=\"18\">Capacidad (ml)<\/td>\n<td style=\"width: 54pt; text-align: center;\" width=\"72\">Tama\u00f1o (cm)<\/td>\n<td style=\"width: 54pt; text-align: center;\" width=\"72\">Di\u00e1metro (mm)<\/td>\n<td style=\"width: 54pt; text-align: center;\" width=\"72\">Material<\/td>\n<td style=\"width: 54pt; text-align: center;\" width=\"72\">Color<\/td>\n<\/tr>\n<tr style=\"height: 13.50pt;\">\n<td style=\"height: 13.5pt; text-align: center;\" align=\"right\" height=\"18\">280<\/td>\n<td style=\"text-align: center;\">5,5 x 17,5<\/td>\n<td class=\"et2\" style=\"text-align: center;\" rowspan=\"6\">28<\/td>\n<td class=\"et2\" style=\"text-align: center;\" rowspan=\"6\">Borosilicato<\/td>\n<td class=\"et2\" style=\"text-align: center;\" rowspan=\"6\">Claro o personalizado<\/td>\n<\/tr>\n<tr style=\"height: 13.50pt;\">\n<td style=\"height: 13.5pt; text-align: center;\" align=\"right\" height=\"18\">360<\/td>\n<td style=\"text-align: center;\">6,0 x 19,0<\/td>\n<\/tr>\n<tr style=\"height: 13.50pt;\">\n<td style=\"height: 13.5pt; text-align: center;\" align=\"right\" height=\"18\">450<\/td>\n<td style=\"text-align: center;\">6,6 x 21,5<\/td>\n<\/tr>\n<tr style=\"height: 13.50pt;\">\n<td style=\"height: 13.5pt; text-align: center;\" align=\"right\" height=\"18\">550<\/td>\n<td style=\"text-align: center;\">6,6 x 22,5<\/td>\n<\/tr>\n<tr style=\"height: 13.50pt;\">\n<td style=\"height: 13.5pt; text-align: center;\" align=\"right\" height=\"18\">750<\/td>\n<td style=\"text-align: center;\">7,0 x 25,9<\/td>\n<\/tr>\n<tr style=\"height: 13.50pt;\">\n<td style=\"height: 13.5pt; text-align: center;\" align=\"right\" height=\"18\">1000<\/td>\n<td style=\"text-align: center;\">7,9 x 27,8<\/td>\n<\/tr>\n<\/tbody>\n<\/table>\n<h2>Caso de \u00e9xito: Pedido personalizado de una marca de bienestar de la costa oeste.<\/h2>\n<p>Una empresa de suscripci\u00f3n de bienestar de California seleccion\u00f3 nuestras botellas de agua personalizadas de 500 ml, que dise\u00f1aron con sus propias etiquetas serigrafiadas y fundas de silicona negra. Las botellas personalizadas obtuvieron resultados excepcionales, ya que los clientes afirmaron que el vidrio de borosilicato ten\u00eda un 60 % menos de roturas que las botellas est\u00e1ndar de vidrio de cal sodada. Los suscriptores que disfrutaron del servicio premium, junto con interacciones personalizadas, mostraron un aumento de retenci\u00f3n del 40 %. La empresa cosech\u00f3 un \u00e9xito a\u00fan mayor al adquirir 350 000 botellas de agua para su l\u00ednea de productos, que incluye bebidas con adapt\u00f3genos.<\/p>\n<h2>Sugerencias para personalizar botellas de agua a granel<\/h2>\n<ul>\n<li>Dise\u00f1o de la tapa: El producto ofrece m\u00faltiples opciones de acabado met\u00e1lico, que incluyen oro, oro rosa, negro, cobre y material de bamb\u00fa.<\/li>\n<li>Accesorios: Los clientes pueden elegir entre fundas de silicona que proporcionan un mejor agarre y aislamiento o asas personalizadas.<\/li>\n<li>Filtro incorporado: El producto cuenta con un filtro desmontable que utiliza vidrio o acero inoxidable para filtrar las frutas, hierbas y t\u00e9s a\u00f1adidos.<\/li>\n<\/ul>","protected":false},"excerpt":{"rendered":"<p>El suministro directo de f\u00e1brica de botellas de agua personalizadas de 28 mm de di\u00e1metro ofrece una soluci\u00f3n confiable para el llenado de diversas bebidas. Muestra gratuita.<\/p>","protected":false},"featured_media":24112,"template":"","meta":[],"product_brand":[],"product_cat":[136,123,122],"product_tag":[],"class_list":{"0":"post-24111","1":"product","2":"type-product","3":"status-publish","4":"has-post-thumbnail","6":"product_cat-glass-water-bottles","7":"product_cat-custom-glass-bottles","8":"product_cat-custom-glass-packaging","10":"first","11":"instock","12":"shipping-taxable","13":"product-type-simple"},"jetpack_sharing_enabled":true,"_links":{"self":[{"href":"https:\/\/yebodaglass.com\/es\/wp-json\/wp\/v2\/product\/24111","targetHints":{"allow":["GET"]}}],"collection":[{"href":"https:\/\/yebodaglass.com\/es\/wp-json\/wp\/v2\/product"}],"about":[{"href":"https:\/\/yebodaglass.com\/es\/wp-json\/wp\/v2\/types\/product"}],"version-history":[{"count":5,"href":"https:\/\/yebodaglass.com\/es\/wp-json\/wp\/v2\/product\/24111\/revisions"}],"predecessor-version":[{"id":25752,"href":"https:\/\/yebodaglass.com\/es\/wp-json\/wp\/v2\/product\/24111\/revisions\/25752"}],"wp:featuredmedia":[{"embeddable":true,"href":"https:\/\/yebodaglass.com\/es\/wp-json\/wp\/v2\/media\/24112"}],"wp:attachment":[{"href":"https:\/\/yebodaglass.com\/es\/wp-json\/wp\/v2\/media?parent=24111"}],"wp:term":[{"taxonomy":"product_brand","embeddable":true,"href":"https:\/\/yebodaglass.com\/es\/wp-json\/wp\/v2\/product_brand?post=24111"},{"taxonomy":"product_cat","embeddable":true,"href":"https:\/\/yebodaglass.com\/es\/wp-json\/wp\/v2\/product_cat?post=24111"},{"taxonomy":"product_tag","embeddable":true,"href":"https:\/\/yebodaglass.com\/es\/wp-json\/wp\/v2\/product_tag?post=24111"}],"curies":[{"name":"wp","href":"https:\/\/api.w.org\/{rel}","templated":true}]}}