{"id":24110,"date":"2025-11-27T09:30:57","date_gmt":"2025-11-27T01:30:57","guid":{"rendered":"https:\/\/yebodaglass.com\/?post_type=product&#038;p=24110"},"modified":"2025-11-27T10:43:48","modified_gmt":"2025-11-27T02:43:48","slug":"bulk-round-glass-pantry-storage-jars-with-airtight-lids","status":"publish","type":"product","link":"https:\/\/yebodaglass.com\/es\/bulk-round-glass-pantry-storage-jars-with-airtight-lids\/","title":{"rendered":"Frascos redondos de vidrio para despensa con tapas herm\u00e9ticas (150 ml, 380 ml y 500 ml)"},"content":{"rendered":"<p data-start=\"66\" data-end=\"288\">Estos frascos de vidrio para despensa tienen una forma redonda, sencilla pero elegante, y est\u00e1n hechos completamente de vidrio transparente. Cada frasco incluye una elegante tapa met\u00e1lica de vidrio a presi\u00f3n y un tap\u00f3n de sellado. Su forma suave y curvada iluminar\u00e1 cualquier rinc\u00f3n oscuro de cualquier armario.<\/p>\n<h2>Caracter\u00edsticas del producto<\/h2>\n<ul>\n<li><strong>Dise\u00f1o de sellado a presi\u00f3n:<\/strong> La tapa met\u00e1lica a presi\u00f3n proporciona un buen sellado, impidiendo eficazmente la entrada de humedad y manteniendo los productos frescos. Abrir y cerrar es muy sencillo y se realiza en segundos.<\/li>\n<li><strong>Varios tama\u00f1os con un dise\u00f1o de base ancha:<\/strong> Un juego de frascos de almacenamiento redondos viene en tama\u00f1os peque\u00f1o, mediano y grande que se pueden usar para art\u00edculos de diferentes tama\u00f1os, y el dise\u00f1o encantador es bonito.<\/li>\n<li><strong>C\u00f3modo y seguro:<\/strong> La base ancha de la caja la hace muy estable y evita que se caiga. Las l\u00edneas suaves y redondeadas del frasco ahorran espacio, lo que es ideal para cocinas, encimeras y cualquier otro entorno de almacenamiento.<\/li>\n<\/ul>\n<h2 style=\"text-align: left;\">Especificaciones clave<\/h2>\n<table class=\"aligncenter\" style=\"border-collapse: collapse; width: 521.27pt;\" border=\"0\" width=\"695\" cellspacing=\"0\" cellpadding=\"0\">\n<tbody>\n<tr style=\"height: 13.50pt;\">\n<td style=\"height: 13.50pt; width: 99.75pt;\" width=\"133\" height=\"18\">Caracter\u00edstica<\/td>\n<td style=\"width: 421.50pt;\" width=\"562\">Detalles<\/td>\n<\/tr>\n<tr style=\"height: 13.50pt;\">\n<td style=\"height: 13.50pt;\" height=\"18\">Dimensiones<\/td>\n<td>150 ml: 7,6 \u00d7 7,8 cm \/ 380 ml: 9,5 \u00d7 9,8 cm \/ 500 ml: 11 \u00d7 10,5 cm<\/td>\n<\/tr>\n<tr style=\"height: 13.50pt;\">\n<td style=\"height: 13.50pt;\" height=\"18\">Material<\/td>\n<td>Tarro de vidrio s\u00f3dico-c\u00e1lcico transparente + tapa de vidrio templado<\/td>\n<\/tr>\n<tr style=\"height: 13.50pt;\">\n<td style=\"height: 13.50pt;\" height=\"18\">Adecuado para<\/td>\n<td>tarro de cristal con tapa herm\u00e9tica, tarros de cristal para almacenar<\/td>\n<\/tr>\n<\/tbody>\n<\/table>\n<h2>Historia de \u00e9xito: La historia de \u00e9xito de una empresa gourmet en el sector minorista<\/h2>\n<p>Una empresa de alimentos especializados buscaba un envase que destacara sus productos entre la competencia de galletas y snacks. Como resultado, eligieron nuestros frascos de vidrio de 500 ml para su l\u00ednea de productos de alta gama. La funci\u00f3n del tap\u00f3n de sellado fue fundamental: prolong\u00f3 la vida \u00fatil de los productos horneados en un 40 %. Su encantador dise\u00f1o &#034;rellenito&#034; se asoci\u00f3 r\u00e1pidamente con su marca, lo que increment\u00f3 sus compras impulsivas en un 35 %. Ante este notable rendimiento, realizaron un pedido adicional de m\u00e1s de 300\u00a0000 frascos para continuar su expansi\u00f3n en la cadena nacional de tiendas.<\/p>\n<h2>Opciones de personalizaci\u00f3n de frascos de vidrio para almacenamiento<\/h2>\n<ul>\n<li>Acabado de vidrio esmerilado: un aspecto mate elegante es el resultado de un proceso de grabado \u00e1cido.<\/li>\n<li>Opciones de anillos de sellado de colores: los anillos de sellado de silicona est\u00e1n disponibles en los colores de su marca.<\/li>\n<li>Rejilla de capacidad: coloque graduaciones \u00fatiles para un seguimiento conveniente del usuario.<\/li>\n<li>Forma personalizada: cambie la extensi\u00f3n de la curvatura de la forma \u201cregordeta\u201d para presentar una imagen de marca diferente.<\/li>\n<li>Recubrimiento mate: un recubrimiento suave al tacto para un agarre continuo y placer visual.<\/li>\n<\/ul>\n<p>\u00bfQuieres darle un toque especial a tus cosas? Puedes conseguir estos preciosos frascos de vidrio con tapa herm\u00e9tica a precio de mayorista si te pones en contacto con nosotros hoy mismo.<\/p>","protected":false},"excerpt":{"rendered":"<p>Mant\u00e9n tu despensa organizada con nuestro frasco de vidrio con tapa herm\u00e9tica. Frascos de vidrio duraderos y limpios para almacenar alimentos en varios tama\u00f1os, disponibles con env\u00edo r\u00e1pido.<\/p>","protected":false},"featured_media":24120,"template":"","meta":[],"product_brand":[],"product_cat":[122,134,124],"product_tag":[],"class_list":{"0":"post-24110","1":"product","2":"type-product","3":"status-publish","4":"has-post-thumbnail","6":"product_cat-custom-glass-packaging","7":"product_cat-airtight-jars","8":"product_cat-custom-glass-jars","10":"first","11":"instock","12":"shipping-taxable","13":"product-type-simple"},"jetpack_sharing_enabled":true,"_links":{"self":[{"href":"https:\/\/yebodaglass.com\/es\/wp-json\/wp\/v2\/product\/24110","targetHints":{"allow":["GET"]}}],"collection":[{"href":"https:\/\/yebodaglass.com\/es\/wp-json\/wp\/v2\/product"}],"about":[{"href":"https:\/\/yebodaglass.com\/es\/wp-json\/wp\/v2\/types\/product"}],"version-history":[{"count":4,"href":"https:\/\/yebodaglass.com\/es\/wp-json\/wp\/v2\/product\/24110\/revisions"}],"predecessor-version":[{"id":24188,"href":"https:\/\/yebodaglass.com\/es\/wp-json\/wp\/v2\/product\/24110\/revisions\/24188"}],"wp:featuredmedia":[{"embeddable":true,"href":"https:\/\/yebodaglass.com\/es\/wp-json\/wp\/v2\/media\/24120"}],"wp:attachment":[{"href":"https:\/\/yebodaglass.com\/es\/wp-json\/wp\/v2\/media?parent=24110"}],"wp:term":[{"taxonomy":"product_brand","embeddable":true,"href":"https:\/\/yebodaglass.com\/es\/wp-json\/wp\/v2\/product_brand?post=24110"},{"taxonomy":"product_cat","embeddable":true,"href":"https:\/\/yebodaglass.com\/es\/wp-json\/wp\/v2\/product_cat?post=24110"},{"taxonomy":"product_tag","embeddable":true,"href":"https:\/\/yebodaglass.com\/es\/wp-json\/wp\/v2\/product_tag?post=24110"}],"curies":[{"name":"wp","href":"https:\/\/api.w.org\/{rel}","templated":true}]}}