{"id":24100,"date":"2025-11-26T12:11:49","date_gmt":"2025-11-26T04:11:49","guid":{"rendered":"https:\/\/yebodaglass.com\/?post_type=product&#038;p=24100"},"modified":"2026-04-15T15:15:39","modified_gmt":"2026-04-15T07:15:39","slug":"bulk-food-storage-glass-jars-with-airtight-clamp-lids","status":"publish","type":"product","link":"https:\/\/yebodaglass.com\/es\/bulk-food-storage-glass-jars-with-airtight-clamp-lids\/","title":{"rendered":"Tarros de vidrio para almacenar alimentos a granel con tapas herm\u00e9ticas de cierre herm\u00e9tico de 80 ml a 350 ml."},"content":{"rendered":"<p data-start=\"66\" data-end=\"288\">Los tarros de vidrio para almacenamiento tienen un dise\u00f1o cil\u00edndrico, est\u00e1n fabricados con vidrio transparente y vienen con tapas tradicionales de acero inoxidable con cierre a presi\u00f3n que utilizan fuertes clips met\u00e1licos combinados con anillos de sellado de goma para crear un cierre completamente herm\u00e9tico.<\/p>\n<h2>Caracter\u00edsticas del producto<\/h2>\n<ul>\n<li><strong>Protecci\u00f3n de sello real:<\/strong> La tapa a presi\u00f3n junto con un sello de goma evita por completo el paso del ox\u00edgeno y la humedad, por lo que el caf\u00e9, la harina, las especias o el t\u00e9 se mantendr\u00e1n frescos durante per\u00edodos m\u00e1s prolongados.<\/li>\n<li><strong>Funci\u00f3n de apertura amplia para un llenado y limpieza sencillos:<\/strong> La amplia apertura le permite sacar, verter o limpiar f\u00e1cilmente, lo que hace que los frascos sean m\u00e1s f\u00e1ciles de usar.<\/li>\n<li><strong>Vida amigable y duradera con estos frascos:<\/strong> Fabricados con vidrio resistente, estos frascos de almacenamiento tambi\u00e9n son aptos para lavavajillas, por lo que se pueden limpiar muy r\u00e1pidamente en la lavadora despu\u00e9s de cada uso diario.<\/li>\n<\/ul>\n<h2 style=\"text-align: left;\">Especificaciones clave<\/h2>\n<table class=\"aligncenter\" style=\"border-collapse: collapse; width: 807.02pt;\" border=\"0\" width=\"1076\" cellspacing=\"0\" cellpadding=\"0\">\n<tbody>\n<tr style=\"height: 13.50pt;\">\n<td style=\"height: 13.50pt; width: 99.75pt;\" width=\"133\" height=\"18\">Caracter\u00edstica<\/td>\n<td style=\"width: 707.25pt;\" width=\"943\">Detalles<\/td>\n<\/tr>\n<tr style=\"height: 13.50pt;\">\n<td style=\"height: 13.50pt;\" height=\"18\">Tama\u00f1o y capacidad<\/td>\n<td>80 ml: 6,1 \u00d7 7,3 cm \/ 100 ml: 6,3 \u00d7 7,1 cm \/ 150 ml: 7,5 \u00d7 7,2 cm \/ 180 ml: 7,9 \u00d7 8,1 cm \/ 200 ml: 7,6 \u00d7 8,2 cm \/ 220 ml: 7,6 \u00d7 9 cm \/ 300 ml: 7,8 \u00d7 10,3 cm \/ 350 ml: 9,2 \u00d7 9,7 cm<\/td>\n<\/tr>\n<tr style=\"height: 13.50pt;\">\n<td style=\"height: 13.50pt;\" height=\"18\">Material<\/td>\n<td>Tarro de vidrio s\u00f3dico-c\u00e1lcico transparente + tapa de vidrio templado<\/td>\n<\/tr>\n<tr style=\"height: 13.50pt;\">\n<td style=\"height: 13.50pt;\" height=\"18\">Adecuado para<\/td>\n<td>Frascos de vidrio para almacenar, frascos de vidrio para almacenar alimentos<\/td>\n<\/tr>\n<\/tbody>\n<\/table>\n<h2>Caso de \u00e9xito: Un pedido personalizado de una cadena nacional de cafeter\u00edas.<\/h2>\n<p>La cadena de cafeter\u00edas estadounidense seleccion\u00f3 nuestros frascos de vidrio aptos para alimentos, que personalizaron con clips de cobre y fechas de tueste impresas, para almacenar sus granos de caf\u00e9. Estos frascos personalizados lograron un rendimiento excepcional, ya que prolongaron la vida \u00fatil de los granos de caf\u00e9 en un 50 % en comparaci\u00f3n con el caf\u00e9 envasado y redujeron la tasa de roturas en un 60 % en comparaci\u00f3n con los envases anteriores. Gracias a su exitosa experiencia previa, realizaron un pedido adicional de 350 000 frascos para su nueva l\u00ednea de t\u00e9s especiales.<\/p>\n<h2>Opciones de personalizaci\u00f3n de frascos de vidrio para almacenamiento<\/h2>\n<ul>\n<li>Acabados de tapa personalizados: irradiando un aura de \u00e9lite, uno puede elegir cierres de cobre, oro o negro para la tapa del frasco.<\/li>\n<li>Los sellos de silicona de los frascos est\u00e1n pintados con diferentes colores: elige sellos que correspondan a los colores de tu marca<\/li>\n<li>Formas de frasco personalizadas: cambie la forma del frasco para darle una apariencia distintiva.<\/li>\n<\/ul>","protected":false},"excerpt":{"rendered":"<p>Descubra nuestros frascos de vidrio premium para almacenar alimentos, elaborados con vidrio transparente y grueso. Nuestros frascos herm\u00e9ticos para alimentos ofrecen frescura duradera y muestras gratis.<\/p>","protected":false},"featured_media":24101,"template":"","meta":[],"product_brand":[],"product_cat":[134,124,122],"product_tag":[],"class_list":{"0":"post-24100","1":"product","2":"type-product","3":"status-publish","4":"has-post-thumbnail","6":"product_cat-airtight-jars","7":"product_cat-custom-glass-jars","8":"product_cat-custom-glass-packaging","10":"first","11":"instock","12":"shipping-taxable","13":"product-type-simple"},"jetpack_sharing_enabled":true,"_links":{"self":[{"href":"https:\/\/yebodaglass.com\/es\/wp-json\/wp\/v2\/product\/24100","targetHints":{"allow":["GET"]}}],"collection":[{"href":"https:\/\/yebodaglass.com\/es\/wp-json\/wp\/v2\/product"}],"about":[{"href":"https:\/\/yebodaglass.com\/es\/wp-json\/wp\/v2\/types\/product"}],"version-history":[{"count":5,"href":"https:\/\/yebodaglass.com\/es\/wp-json\/wp\/v2\/product\/24100\/revisions"}],"predecessor-version":[{"id":25787,"href":"https:\/\/yebodaglass.com\/es\/wp-json\/wp\/v2\/product\/24100\/revisions\/25787"}],"wp:featuredmedia":[{"embeddable":true,"href":"https:\/\/yebodaglass.com\/es\/wp-json\/wp\/v2\/media\/24101"}],"wp:attachment":[{"href":"https:\/\/yebodaglass.com\/es\/wp-json\/wp\/v2\/media?parent=24100"}],"wp:term":[{"taxonomy":"product_brand","embeddable":true,"href":"https:\/\/yebodaglass.com\/es\/wp-json\/wp\/v2\/product_brand?post=24100"},{"taxonomy":"product_cat","embeddable":true,"href":"https:\/\/yebodaglass.com\/es\/wp-json\/wp\/v2\/product_cat?post=24100"},{"taxonomy":"product_tag","embeddable":true,"href":"https:\/\/yebodaglass.com\/es\/wp-json\/wp\/v2\/product_tag?post=24100"}],"curies":[{"name":"wp","href":"https:\/\/api.w.org\/{rel}","templated":true}]}}