{"id":24099,"date":"2025-11-26T12:11:20","date_gmt":"2025-11-26T04:11:20","guid":{"rendered":"https:\/\/yebodaglass.com\/?post_type=product&#038;p=24099"},"modified":"2025-11-27T17:06:46","modified_gmt":"2025-11-27T09:06:46","slug":"wholesale-clear-airtight-glass-jars-with-attached-lids","status":"publish","type":"product","link":"https:\/\/yebodaglass.com\/es\/wholesale-clear-airtight-glass-jars-with-attached-lids\/","title":{"rendered":"Frascos de vidrio herm\u00e9ticos transparentes con tapas, venta al por mayor, de 25 oz, 32 oz y 50 oz."},"content":{"rendered":"<p>Estos frascos herm\u00e9ticos de vidrio transparente vienen en tres elegantes formas redondas y delgadas. Cada frasco incluye una tapa de vidrio con tapa met\u00e1lica. La tapa herm\u00e9tica es ideal para mantener frescos diferentes tipos de alimentos, como t\u00e9 y pasta.<\/p>\n<h2>Caracter\u00edsticas del producto<\/h2>\n<ul>\n<li><strong>Material transparente, visi\u00f3n clara:<\/strong> El cuerpo del frasco es de vidrio totalmente transparente, por lo que el tipo y la cantidad del contenido son claramente visibles, por lo que no es necesario abrir el frasco para una r\u00e1pida identificaci\u00f3n.<\/li>\n<li><strong>Protecci\u00f3n de sellado real:<\/strong> Un anillo de sellado de goma grueso proporciona un sellado fuerte, rechazando as\u00ed eficazmente la humedad y las plagas, lo que a su vez mantiene los alimentos frescos.<\/li>\n<li><strong>Tapa de una sola pieza que nunca se pierde:<\/strong> La tapa est\u00e1 firmemente conectada al cuerpo del frasco, por lo que no hay problemas de perder la tapa y el funcionamiento de su cocina se vuelve m\u00e1s conveniente.<\/li>\n<\/ul>\n<h2 style=\"text-align: left;\">Especificaciones clave<\/h2>\n<table class=\"aligncenter\" style=\"border-collapse: collapse; width: 417.02pt;\" border=\"0\" width=\"556\" cellspacing=\"0\" cellpadding=\"0\">\n<tbody>\n<tr style=\"height: 13.50pt;\">\n<td style=\"height: 13.50pt; width: 99.75pt;\" width=\"133\" height=\"18\">Especificaci\u00f3n<\/td>\n<td style=\"width: 317.25pt;\" width=\"423\">Detalles<\/td>\n<\/tr>\n<tr style=\"height: 13.50pt;\">\n<td style=\"height: 13.50pt;\" height=\"18\">Capacidad<\/td>\n<td>750 ml (25 oz) \/ 1000 ml (32 oz) \/ 1500 ml (50 oz)<\/td>\n<\/tr>\n<tr style=\"height: 13.50pt;\">\n<td style=\"height: 13.50pt;\" height=\"18\">Dimensiones<\/td>\n<td>10,8\u00d714 cm \/ 11\u00d717 cm \/ 11,6\u00d721,8 cm<\/td>\n<\/tr>\n<tr style=\"height: 13.50pt;\">\n<td style=\"height: 13.50pt;\" height=\"18\">Material<\/td>\n<td>Vidrio transparente<\/td>\n<\/tr>\n<tr style=\"height: 13.50pt;\">\n<td style=\"height: 13.50pt;\" height=\"18\">Tipo de tapa<\/td>\n<td>Tapa con abrazadera met\u00e1lica adjunta y asa de alambre<\/td>\n<\/tr>\n<tr style=\"height: 13.50pt;\">\n<td style=\"height: 13.50pt;\" height=\"18\">Ideal para<\/td>\n<td>Frascos de vidrio herm\u00e9ticos, frascos de vidrio con tapas adjuntas<\/td>\n<\/tr>\n<\/tbody>\n<\/table>\n<h2>Historia de \u00e9xito: Soluci\u00f3n de almacenamiento de un minorista de alimentos especializados<\/h2>\n<p>Una tienda de alimentaci\u00f3n especializada ten\u00eda dificultades con un embalaje que no destacaba eficazmente sus productos premium. Posteriormente, comenzaron a utilizar nuestros frascos de vidrio de 1500 ml con tapas integradas en su secci\u00f3n de productos secos a granel. La tapa de una sola pieza reduce los da\u00f1os en la tapa al 100 % y facilita el autoservicio. Seg\u00fan los comentarios de los clientes, el cierre herm\u00e9tico es excelente, prolongando la vida \u00fatil de los cereales y la pasta hasta en un 50 %. Gracias a su notable eficacia, encarg\u00f3 m\u00e1s de 200\u00a0000 botellas para equipar todas sus tiendas.<\/p>\n<h2>Consejos para personalizar frascos de vidrio herm\u00e9ticos<\/h2>\n<ul>\n<li>Marcadores de capacidad elevados: agregue graduaciones elevadas para un f\u00e1cil control de las porciones<\/li>\n<li>Logotipo de marca serigrafiado: utiliza tinta cer\u00e1mica duradera para obtener resultados duraderos.<\/li>\n<li>Anillos de sellado de colores: elija un anillo de sellado de silicona que combine con el esquema de colores de su marca<\/li>\n<li>Proporciones de frasco personalizadas: ajuste la relaci\u00f3n de aspecto del frasco para lograr una silueta \u00fanica<\/li>\n<\/ul>","protected":false},"excerpt":{"rendered":"<p>Nuestros frascos de vidrio herm\u00e9ticos y frascos de vidrio con tapas adheridas est\u00e1n dise\u00f1ados para un almacenamiento seguro de alimentos y una presentaci\u00f3n limpia, respaldados por ofertas al por mayor para pedidos al por mayor.<\/p>","protected":false},"featured_media":24135,"template":"","meta":[],"product_brand":[],"product_cat":[122,134,124],"product_tag":[],"class_list":{"0":"post-24099","1":"product","2":"type-product","3":"status-publish","4":"has-post-thumbnail","6":"product_cat-custom-glass-packaging","7":"product_cat-airtight-jars","8":"product_cat-custom-glass-jars","10":"first","11":"instock","12":"shipping-taxable","13":"product-type-simple"},"jetpack_sharing_enabled":true,"_links":{"self":[{"href":"https:\/\/yebodaglass.com\/es\/wp-json\/wp\/v2\/product\/24099","targetHints":{"allow":["GET"]}}],"collection":[{"href":"https:\/\/yebodaglass.com\/es\/wp-json\/wp\/v2\/product"}],"about":[{"href":"https:\/\/yebodaglass.com\/es\/wp-json\/wp\/v2\/types\/product"}],"version-history":[{"count":5,"href":"https:\/\/yebodaglass.com\/es\/wp-json\/wp\/v2\/product\/24099\/revisions"}],"predecessor-version":[{"id":24146,"href":"https:\/\/yebodaglass.com\/es\/wp-json\/wp\/v2\/product\/24099\/revisions\/24146"}],"wp:featuredmedia":[{"embeddable":true,"href":"https:\/\/yebodaglass.com\/es\/wp-json\/wp\/v2\/media\/24135"}],"wp:attachment":[{"href":"https:\/\/yebodaglass.com\/es\/wp-json\/wp\/v2\/media?parent=24099"}],"wp:term":[{"taxonomy":"product_brand","embeddable":true,"href":"https:\/\/yebodaglass.com\/es\/wp-json\/wp\/v2\/product_brand?post=24099"},{"taxonomy":"product_cat","embeddable":true,"href":"https:\/\/yebodaglass.com\/es\/wp-json\/wp\/v2\/product_cat?post=24099"},{"taxonomy":"product_tag","embeddable":true,"href":"https:\/\/yebodaglass.com\/es\/wp-json\/wp\/v2\/product_tag?post=24099"}],"curies":[{"name":"wp","href":"https:\/\/api.w.org\/{rel}","templated":true}]}}