{"id":24084,"date":"2025-11-26T11:40:59","date_gmt":"2025-11-26T03:40:59","guid":{"rendered":"https:\/\/yebodaglass.com\/?post_type=product&#038;p=24084"},"modified":"2026-03-12T18:03:24","modified_gmt":"2026-03-12T10:03:24","slug":"custom-design-water-bottles-with-silicone-sleeve","status":"publish","type":"product","link":"https:\/\/yebodaglass.com\/es\/custom-design-water-bottles-with-silicone-sleeve\/","title":{"rendered":"Botellas de agua de vidrio de dise\u00f1o personalizado con funda de silicona de 250 ml, 350 ml y 500 ml."},"content":{"rendered":"<p>Estas botellas de agua de dise\u00f1o personalizado tienen forma cil\u00edndrica alta de vidrio con cuello delgado y cuerpo liso, con tapa de aluminio segura. Su transparencia les da un aspecto limpio y moderno, ideales para jugos, t\u00e9, leche, batidos y otras bebidas. Son port\u00e1tiles y pr\u00e1cticas para la hidrataci\u00f3n diaria, el deporte, cafeter\u00edas, marcas de jugos y para el envasado en tiendas.<\/p>\n<p>La tapa herm\u00e9tica se ajusta con una rosca, lo que permite transportar el producto de forma segura. Elementos como la funda de silicona y el asa son solo algunos ejemplos de pr\u00e1cticos complementos que facilitan el transporte de la botella, convirti\u00e9ndola en una compa\u00f1era ideal en cada uso. Estos recipientes de vidrio reutilizables y ecol\u00f3gicos son una excelente manera de mantenerse hidratado y, al mismo tiempo, minimizar el uso de pl\u00e1sticos desechables.<\/p>\n<h2>Especificaciones clave<\/h2>\n<table style=\"border-collapse: collapse; width: 80%; margin-left: auto; margin-right: auto;\" border=\"0\" width=\"868\" cellspacing=\"0\" cellpadding=\"0\">\n<tbody>\n<tr style=\"height: 13.50pt;\">\n<td style=\"height: 13.50pt; width: 138.00pt;\" width=\"184\" height=\"18\">Product<\/td>\n<td style=\"width: 513.00pt;\" width=\"684\">botella de agua de dise\u00f1o personalizado<\/td>\n<\/tr>\n<tr style=\"height: 13.50pt;\">\n<td style=\"height: 13.50pt; width: 138.00pt;\" width=\"184\" height=\"18\">Opciones de capacidad<\/td>\n<td style=\"width: 513.00pt;\" width=\"684\">250 ml \/ 350 ml \/ 500 ml<\/td>\n<\/tr>\n<tr style=\"height: 13.50pt;\">\n<td style=\"height: 13.50pt;\" height=\"18\">Material de la botella<\/td>\n<td>Vidrio s\u00f3dico-c\u00e1lcico sin plomo<\/td>\n<\/tr>\n<tr style=\"height: 13.50pt;\">\n<td style=\"height: 13.50pt;\" height=\"18\">Material de la tapa<\/td>\n<td>Tapa de aluminio con revestimiento de sellado<\/td>\n<\/tr>\n<tr style=\"height: 13.50pt;\">\n<td style=\"height: 13.50pt;\" height=\"18\">Boca de botella<\/td>\n<td>30 mm de di\u00e1metro interior<\/td>\n<\/tr>\n<tr style=\"height: 13.50pt;\">\n<td style=\"height: 13.50pt;\" height=\"18\">Estructura<\/td>\n<td>Botella de vidrio cil\u00edndrica delgada<\/td>\n<\/tr>\n<tr style=\"height: 13.50pt;\">\n<td style=\"height: 13.50pt;\" height=\"18\">Tipo de sello<\/td>\n<td>Tap\u00f3n roscado a prueba de fugas con anillo de sellado grueso<\/td>\n<\/tr>\n<tr style=\"height: 13.50pt;\">\n<td style=\"height: 13.50pt;\" height=\"18\">Accesorios opcionales<\/td>\n<td>Funda de silicona, asa de transporte, marcas de medici\u00f3n.<\/td>\n<\/tr>\n<tr style=\"height: 13.50pt;\">\n<td style=\"height: 13.50pt;\" height=\"18\">Opciones personalizadas<\/td>\n<td>Impresi\u00f3n de logotipo, color de la botella, estilo de tapa, cubierta de silicona, caja de embalaje<\/td>\n<\/tr>\n<tr style=\"height: 13.50pt;\">\n<td style=\"height: 13.50pt;\" height=\"18\">Aplicaciones<\/td>\n<td>Jugos, bebidas de t\u00e9, leche, batidos, agua en vaso reutilizable.<\/td>\n<\/tr>\n<\/tbody>\n<\/table>\n<h2>Aspectos destacados del producto<\/h2>\n<ol>\n<li><strong>Dise\u00f1o minimalista\/port\u00e1til<\/strong>La forma de la botella para beber es delgada y liviana, por lo que se adapta a cualquier bolso deportivo o de viaje, lo que la convierte en la opci\u00f3n ideal para mantener la ingesta diaria de agua.<\/li>\n<li><strong>Soluci\u00f3n reutilizable y ecol\u00f3gica<\/strong>Estos contenedores ecol\u00f3gicos y reutilizables ayudar\u00e1n a los consumidores a hidratarse de manera sustentable y a desperdiciar menos botellas de pl\u00e1stico.<\/li>\n<li><strong>Tapa herm\u00e9tica y segura<\/strong>Esta botella cuenta con una fina junta de silicona con rosca de precisi\u00f3n que la hace a prueba de fugas incluso dentro de bolsos o mochilas.<\/li>\n<\/ol>\n<h2>Caso B2B exitoso<\/h2>\n<p>Una marca de bebidas saludables de Australia se asoci\u00f3 con nosotros como su proveedor a largo plazo para el dise\u00f1o personalizado de envases de botellas de agua que se utilizan para jugos prensados \u200b\u200ben fr\u00edo.<\/p>\n<p>La empresa hab\u00eda encargado 15.000 unidades de botellas de agua de vidrio de 350 ml con funda de silicona como nuevo producto. Sus necesidades tradicionales eran:<\/p>\n<ul>\n<li>Logotipo impreso en la botella de vidrio.<\/li>\n<li>Protecci\u00f3n UV. Botella color \u00e1mbar.<\/li>\n<li>Dise\u00f1o de tapa de aluminio personalizado<\/li>\n<li>Cajas de embalaje de marca<\/li>\n<\/ul>\n<p>El lanzamiento del producto fue un gran \u00e9xito y la botella se convirti\u00f3 en uno de los formatos de envase de vidrio para agua embotellada m\u00e1s vendidos para zumos. La marca realiz\u00f3 un segundo pedido mayorista de 25\u00a0000 unidades en tan solo ocho meses, lo que demostr\u00f3 una vez m\u00e1s la alta demanda del mercado de envases reutilizables y ecol\u00f3gicos para bebidas.<\/p>\n<h2>Recomendaciones de individualizaci\u00f3n de aplicaciones B2B<\/h2>\n<ol>\n<li><strong>Marcas de zumos y bebidas<\/strong>: A\u00f1ade una funda de silicona o un revestimiento texturizado para crear una botella de agua de vidrio con tapa de silicona, mejorando el agarre y la diferenciaci\u00f3n de la marca.<\/li>\n<li><strong>Minoristas de fitness y estilo de vida<\/strong>: Cuenta con una presilla para transportarlo y marcas de medici\u00f3n impresas que ayudan a recordar a los clientes que controlen su consumo diario de agua y se mantengan hidratados durante las sesiones de entrenamiento.<\/li>\n<li><strong>Productos promocionales corporativos<\/strong>Ofrecemos opciones de botellas de agua con dise\u00f1o personalizado y logotipo impreso, con envases econ\u00f3micos para obsequios promocionales o campa\u00f1as de bienestar.<\/li>\n<\/ol>\n<p>Como fabricante consolidado de botellas de agua de vidrio, ofrecemos servicios confiables de abastecimiento al por mayor a distribuidores, marcas de bebidas y minoristas de todo el mundo. Nuestra f\u00e1brica nos permite una producci\u00f3n flexible a granel, y nuestros clientes han logrado fabricar botellas de agua de vidrio de alta calidad que combinan estilo, sostenibilidad y rendimiento.<\/p>","protected":false},"excerpt":{"rendered":"<p>Botella de agua de dise\u00f1o personalizado, fabricada en vidrio resistente con funda de silicona. Botellas de agua de vidrio ecol\u00f3gicas al por mayor, a prueba de fugas y reutilizables para la hidrataci\u00f3n diaria.<\/p>","protected":false},"featured_media":25425,"template":"","meta":[],"product_brand":[],"product_cat":[136,123,122],"product_tag":[],"class_list":{"0":"post-24084","1":"product","2":"type-product","3":"status-publish","4":"has-post-thumbnail","6":"product_cat-glass-water-bottles","7":"product_cat-custom-glass-bottles","8":"product_cat-custom-glass-packaging","10":"first","11":"instock","12":"shipping-taxable","13":"product-type-simple"},"jetpack_sharing_enabled":true,"_links":{"self":[{"href":"https:\/\/yebodaglass.com\/es\/wp-json\/wp\/v2\/product\/24084","targetHints":{"allow":["GET"]}}],"collection":[{"href":"https:\/\/yebodaglass.com\/es\/wp-json\/wp\/v2\/product"}],"about":[{"href":"https:\/\/yebodaglass.com\/es\/wp-json\/wp\/v2\/types\/product"}],"version-history":[{"count":5,"href":"https:\/\/yebodaglass.com\/es\/wp-json\/wp\/v2\/product\/24084\/revisions"}],"predecessor-version":[{"id":25427,"href":"https:\/\/yebodaglass.com\/es\/wp-json\/wp\/v2\/product\/24084\/revisions\/25427"}],"wp:featuredmedia":[{"embeddable":true,"href":"https:\/\/yebodaglass.com\/es\/wp-json\/wp\/v2\/media\/25425"}],"wp:attachment":[{"href":"https:\/\/yebodaglass.com\/es\/wp-json\/wp\/v2\/media?parent=24084"}],"wp:term":[{"taxonomy":"product_brand","embeddable":true,"href":"https:\/\/yebodaglass.com\/es\/wp-json\/wp\/v2\/product_brand?post=24084"},{"taxonomy":"product_cat","embeddable":true,"href":"https:\/\/yebodaglass.com\/es\/wp-json\/wp\/v2\/product_cat?post=24084"},{"taxonomy":"product_tag","embeddable":true,"href":"https:\/\/yebodaglass.com\/es\/wp-json\/wp\/v2\/product_tag?post=24084"}],"curies":[{"name":"wp","href":"https:\/\/api.w.org\/{rel}","templated":true}]}}