{"id":24080,"date":"2025-11-26T09:31:37","date_gmt":"2025-11-26T01:31:37","guid":{"rendered":"https:\/\/yebodaglass.com\/?post_type=product&#038;p=24080"},"modified":"2025-11-26T11:53:52","modified_gmt":"2025-11-26T03:53:52","slug":"wholesale-small-clear-glass-storage-jars-with-lids","status":"publish","type":"product","link":"https:\/\/yebodaglass.com\/es\/wholesale-small-clear-glass-storage-jars-with-lids\/","title":{"rendered":"Frascos peque\u00f1os de vidrio transparente con tapa, 80 ml, 100 ml y 150 ml, venta al por mayor"},"content":{"rendered":"<p data-start=\"66\" data-end=\"288\">Estos\u200b\u200d\u200b\u200c\u200d\u200b\u200d\u200c\u200b\u200d\u200b\u200c\u200d\u200b\u200d\u200c son frascos de almacenamiento con forma cil\u00edndrica, hechos de vidrio transparente. Cada frasco incluye una moderna tapa met\u00e1lica a presi\u00f3n.<\/p>\n<h2>Caracter\u00edsticas del producto<\/h2>\n<ul>\n<li><strong>Material transparente:<\/strong> Los frascos est\u00e1n hechos de vidrio totalmente transparente, lo que hace que el tipo y la cantidad de cosas que hay en el interior sean claramente visibles y as\u00ed uno puede identificarlos f\u00e1cilmente sin la necesidad de abrir la tapa.<\/li>\n<li><strong>Dise\u00f1o de sellado a presi\u00f3n:<\/strong> Est\u00e1 equipado con una tapa met\u00e1lica de cierre a presi\u00f3n que proporciona un excelente sellado y evita eficazmente la entrada de humedad, conservando as\u00ed la frescura. Abrir y cerrar es muy f\u00e1cil y r\u00e1pido.<\/li>\n<li><strong>Dise\u00f1o corto y estable:<\/strong> El cuerpo corto, robusto y redondeado de los frascos no solo garantiza que los frascos sean estables y duraderos en los estantes, sino que tambi\u00e9n se guardan en el espacio de almacenamiento y, por lo tanto, son adecuados para las cocinas, los casilleros y otros lugares.<\/li>\n<\/ul>\n<h2 style=\"text-align: left;\">Especificaciones clave<\/h2>\n<table class=\"aligncenter\" style=\"border-collapse: collapse; width: 519.77pt;\" border=\"0\" width=\"693\" cellspacing=\"0\" cellpadding=\"0\">\n<tbody>\n<tr style=\"height: 13.50pt;\">\n<td style=\"height: 13.50pt; width: 94.50pt;\" width=\"126\" height=\"18\">Caracter\u00edstica<\/td>\n<td style=\"width: 425.25pt;\" width=\"567\">Detalles<\/td>\n<\/tr>\n<tr style=\"height: 13.50pt;\">\n<td style=\"height: 13.50pt;\" height=\"18\">Dimensiones<\/td>\n<td>80 ml: 6,1 \u00d7 7,3 cm \/ 100 ml: 6,3 \u00d7 7,1 cm \/ 150 ml: 7,5 \u00d7 7,2 cm<\/td>\n<\/tr>\n<tr style=\"height: 13.50pt;\">\n<td style=\"height: 13.50pt;\" height=\"18\">Material<\/td>\n<td>Tarro de vidrio s\u00f3dico-c\u00e1lcico transparente + tapa de vidrio templado<\/td>\n<\/tr>\n<tr style=\"height: 13.50pt;\">\n<td style=\"height: 13.50pt;\" height=\"18\">Tipo de sello<\/td>\n<td>Clip de alambre sellado con tapas herm\u00e9ticas<\/td>\n<\/tr>\n<tr style=\"height: 13.50pt;\">\n<td style=\"height: 13.50pt;\" height=\"18\">Adecuado para<\/td>\n<td>Tarro de vidrio para almacenar alimentos<\/td>\n<\/tr>\n<\/tbody>\n<\/table>\n<h2>Historia de \u00e9xito: Mejora del almacenamiento de una marca de alimentos<\/h2>\n<p>Una empresa de alimentos especializados buscaba frascos de vidrio peque\u00f1os con tapa para envasar sus mezclas de especias premium. Nuestros frascos de vidrio de 150 ml fueron su elecci\u00f3n final. La satisfacci\u00f3n del cliente aument\u00f3 un 35 % gracias al excelente sellado de las tapas a presi\u00f3n, que mantuvieron las especias frescas durante m\u00e1s de 12 meses. Los clientes pod\u00edan apreciar claramente los vibrantes colores de las especias a trav\u00e9s de los frascos de vidrio que adquirieron, lo que se tradujo en un aumento del 20 % en las ventas en tienda. La empresa qued\u00f3 tan satisfecha que realiz\u00f3 otro pedido al por mayor de 200\u00a0000 frascos para expandir su negocio a nuevos mercados minoristas.<\/p>\n<h2>Soluciones de personalizaci\u00f3n de tarros de vidrio para almacenamiento<\/h2>\n<ul>\n<li>Etiquetas serigrafiadas: al implementar un m\u00e9todo de impresi\u00f3n cer\u00e1mica permanente, cree una identidad de marca visualmente impactante.<\/li>\n<li>Efecto de vidrio esmerilado: obtenga un acabado mate elegante utilizando un m\u00e9todo de grabado \u00e1cido.<\/li>\n<li>Marcas de capacidad: facilite la navegaci\u00f3n del usuario agregando graduaciones impresas o en relieve.<\/li>\n<li>Formas de frascos personalizadas: solo un peque\u00f1o cambio en el contorno para tener una apariencia \u00fanica.<\/li>\n<\/ul>\n<p>Si necesita personalizaci\u00f3n para un mercado determinado o desea agregar una lista de precios en funci\u00f3n de la capacidad, no dude en ponerse en contacto con \u200b\u200d\u200b\u200c\u200d\u200b\u200d\u200c\u200b\u200d\u200b\u200c\u200d\u200b\u200d\u200cnosotros.<\/p>","protected":false},"excerpt":{"rendered":"<p>Nuestro frasco redondo de vidrio ofrece un cierre herm\u00e9tico para especias, snacks y manualidades. Frascos de vidrio premium con tapa, listos para entrega inmediata. Env\u00edo r\u00e1pido.<\/p>","protected":false},"featured_media":24093,"template":"","meta":[],"product_brand":[],"product_cat":[122,134,124],"product_tag":[],"class_list":{"0":"post-24080","1":"product","2":"type-product","3":"status-publish","4":"has-post-thumbnail","6":"product_cat-custom-glass-packaging","7":"product_cat-airtight-jars","8":"product_cat-custom-glass-jars","10":"first","11":"instock","12":"shipping-taxable","13":"product-type-simple"},"jetpack_sharing_enabled":true,"_links":{"self":[{"href":"https:\/\/yebodaglass.com\/es\/wp-json\/wp\/v2\/product\/24080","targetHints":{"allow":["GET"]}}],"collection":[{"href":"https:\/\/yebodaglass.com\/es\/wp-json\/wp\/v2\/product"}],"about":[{"href":"https:\/\/yebodaglass.com\/es\/wp-json\/wp\/v2\/types\/product"}],"version-history":[{"count":3,"href":"https:\/\/yebodaglass.com\/es\/wp-json\/wp\/v2\/product\/24080\/revisions"}],"predecessor-version":[{"id":24098,"href":"https:\/\/yebodaglass.com\/es\/wp-json\/wp\/v2\/product\/24080\/revisions\/24098"}],"wp:featuredmedia":[{"embeddable":true,"href":"https:\/\/yebodaglass.com\/es\/wp-json\/wp\/v2\/media\/24093"}],"wp:attachment":[{"href":"https:\/\/yebodaglass.com\/es\/wp-json\/wp\/v2\/media?parent=24080"}],"wp:term":[{"taxonomy":"product_brand","embeddable":true,"href":"https:\/\/yebodaglass.com\/es\/wp-json\/wp\/v2\/product_brand?post=24080"},{"taxonomy":"product_cat","embeddable":true,"href":"https:\/\/yebodaglass.com\/es\/wp-json\/wp\/v2\/product_cat?post=24080"},{"taxonomy":"product_tag","embeddable":true,"href":"https:\/\/yebodaglass.com\/es\/wp-json\/wp\/v2\/product_tag?post=24080"}],"curies":[{"name":"wp","href":"https:\/\/api.w.org\/{rel}","templated":true}]}}