{"id":24044,"date":"2025-11-24T16:02:34","date_gmt":"2025-11-24T08:02:34","guid":{"rendered":"https:\/\/yebodaglass.com\/?post_type=product&#038;p=24044"},"modified":"2025-11-24T17:34:31","modified_gmt":"2025-11-24T09:34:31","slug":"vintage-spice-jars-with-wooden-lids-wholesale","status":"publish","type":"product","link":"https:\/\/yebodaglass.com\/es\/vintage-spice-jars-with-wooden-lids-wholesale\/","title":{"rendered":"Tarros de especias vintage con tapa de madera (410 ml) al por mayor"},"content":{"rendered":"<p>\u00bfCansado de los tarros de especias vintage que no conservan la frescura de las especias? Creamos tarros de especias vintage con tapa de madera para un toque vintage. Estos sets de tarros de especias convierten tu almacenamiento de especias en un im\u00e1n para tu marca. Los pedidos al por mayor incluyen acabados de madera personalizados que combinan con la aplicaci\u00f3n de tu etiqueta.<\/p>\n<h2>Caracter\u00edsticas del producto<\/h2>\n<p><strong>Dise\u00f1o de textura vintage<\/strong><\/p>\n<p>Vidrio esmerilado con dibujos en relieve: dise\u00f1ado para especias.<\/p>\n<p><strong>Sello de tapa de madera<\/strong><\/p>\n<p>La tapa de madera proporciona un cierre herm\u00e9tico y sellado que mantiene las especias frescas.<\/p>\n<p><strong>Capacidad vers\u00e1til de 410 ml<\/strong><\/p>\n<p>Puede contener cualquier tipo de especia, perfecto para compras al por mayor y a granel.<\/p>\n<h2>Especificaciones clave<\/h2>\n<table style=\"border-collapse: collapse; width: 80%; margin-left: auto; margin-right: auto;\" border=\"0\" width=\"216\" cellspacing=\"0\" cellpadding=\"0\">\n<tbody>\n<tr style=\"height: 13.50pt;\">\n<td style=\"height: 13.5pt; width: 54pt; text-align: center;\" width=\"72\" height=\"18\">Capacidad<\/td>\n<td style=\"width: 54pt; text-align: center;\" width=\"72\">Tama\u00f1o (cm)<\/td>\n<td style=\"width: 54pt; text-align: center;\" width=\"72\">Accesorios<\/td>\n<\/tr>\n<tr style=\"height: 13.50pt;\">\n<td style=\"height: 13.5pt; text-align: center;\" height=\"18\">410 ml<\/td>\n<td style=\"text-align: center;\">8,6 x 10,5<\/td>\n<td style=\"text-align: center;\">Cuchara de madera<\/td>\n<\/tr>\n<\/tbody>\n<\/table>\n<h2>Caso de \u00e9xito<\/h2>\n<p>Una marca de condimentos de alta gama de Vancouver estuvo pasando por un tiempo dif\u00edcil debido a la inconsistencia de su producto, lo que les dificultaba destacarse en los estantes de las tiendas. Eligieron estos frascos de especias vintage con tapa de madera y juego de cucharas. Al usar nuestra textura en relieve, tapa de madera oscura y opciones de tama\u00f1o personalizadas, lograron crear una identidad visual de marca con un aspecto m\u00e1s natural y artesanal.<\/p>\n<p>Durante los primeros tres meses tras el lanzamiento del nuevo producto, se observ\u00f3 un cambio dr\u00e1stico en la opini\u00f3n de los minoristas, destacando el \u00e9xito de ventas del set de regalo que lo acompa\u00f1aba. Los ingresos totales aumentaron aproximadamente un 28 % en comparaci\u00f3n con el embalaje anterior.<\/p>\n<h2>Tu manual de personalizaci\u00f3n<\/h2>\n<ol>\n<li><strong>Tapas de madera personalizables:<\/strong>Elija materiales como nogal, bamb\u00fa o roble para sus tapas y seleccione el color y la textura que mejor complementen el aspecto natural o lujoso de su marca.<\/li>\n<li><strong>Acabados texturizados y estampados de vidrio:<\/strong>Proporcione a sus clientes patrones de diamantes, ondulados, cuadros vintage o un logotipo en relieve personalizado para que su marca sea m\u00e1s reconocible.<\/li>\n<li><strong>Opciones de dise\u00f1o de capacidad y cuello:<\/strong>Puedes decidir el volumen del frasco entre 100 ml, 150 ml y 250 ml o puedes modificar el tama\u00f1o del cuello para que quepa la cuchara o la tapa con el colador.<\/li>\n<\/ol>","protected":false},"excerpt":{"rendered":"<p>Juego de especias inspirado en frascos de especias vintage que ofrece el encanto de un juego de frascos de especias, ideal para que busque un almacenamiento de condimentos elegante y personalizable.<\/p>","protected":false},"featured_media":24059,"template":"","meta":[],"product_brand":[],"product_cat":[128,124,122],"product_tag":[],"class_list":{"0":"post-24044","1":"product","2":"type-product","3":"status-publish","4":"has-post-thumbnail","6":"product_cat-spice-jars","7":"product_cat-custom-glass-jars","8":"product_cat-custom-glass-packaging","10":"first","11":"instock","12":"shipping-taxable","13":"product-type-simple"},"jetpack_sharing_enabled":true,"_links":{"self":[{"href":"https:\/\/yebodaglass.com\/es\/wp-json\/wp\/v2\/product\/24044","targetHints":{"allow":["GET"]}}],"collection":[{"href":"https:\/\/yebodaglass.com\/es\/wp-json\/wp\/v2\/product"}],"about":[{"href":"https:\/\/yebodaglass.com\/es\/wp-json\/wp\/v2\/types\/product"}],"version-history":[{"count":5,"href":"https:\/\/yebodaglass.com\/es\/wp-json\/wp\/v2\/product\/24044\/revisions"}],"predecessor-version":[{"id":24060,"href":"https:\/\/yebodaglass.com\/es\/wp-json\/wp\/v2\/product\/24044\/revisions\/24060"}],"wp:featuredmedia":[{"embeddable":true,"href":"https:\/\/yebodaglass.com\/es\/wp-json\/wp\/v2\/media\/24059"}],"wp:attachment":[{"href":"https:\/\/yebodaglass.com\/es\/wp-json\/wp\/v2\/media?parent=24044"}],"wp:term":[{"taxonomy":"product_brand","embeddable":true,"href":"https:\/\/yebodaglass.com\/es\/wp-json\/wp\/v2\/product_brand?post=24044"},{"taxonomy":"product_cat","embeddable":true,"href":"https:\/\/yebodaglass.com\/es\/wp-json\/wp\/v2\/product_cat?post=24044"},{"taxonomy":"product_tag","embeddable":true,"href":"https:\/\/yebodaglass.com\/es\/wp-json\/wp\/v2\/product_tag?post=24044"}],"curies":[{"name":"wp","href":"https:\/\/api.w.org\/{rel}","templated":true}]}}