{"id":24035,"date":"2025-11-24T14:21:56","date_gmt":"2025-11-24T06:21:56","guid":{"rendered":"https:\/\/yebodaglass.com\/?post_type=product&#038;p=24035"},"modified":"2025-11-24T17:30:11","modified_gmt":"2025-11-24T09:30:11","slug":"custom-vintage-pickle-jar-with-lids-wholesale","status":"publish","type":"product","link":"https:\/\/yebodaglass.com\/es\/custom-vintage-pickle-jar-with-lids-wholesale\/","title":{"rendered":"Tarro de pepinillos vintage personalizado de 50 ml a 380 ml con tapa, venta al por mayor"},"content":{"rendered":"<p>\u00bfCansado de los frascos de pepinillos que desti\u00f1en tu pepino? Creamos frascos vintage de pepinillos con tapa rojiza y blanca para un toque de nostalgia instant\u00e1neo. Estos frascos de cebolla encurtida convierten tus alimentos en un im\u00e1n para tu marca. Los pedidos al por mayor se personalizan para que coincidan con la aplicaci\u00f3n de tu etiqueta.<\/p>\n<h2>Caracter\u00edsticas del producto<\/h2>\n<p><strong>Aspecto retro cl\u00e1sico<\/strong><\/p>\n<p>Con un estilo retro a cuadros con tapa de rosca, este art\u00edculo eleva visualmente y puede ser una combinaci\u00f3n perfecta para alimentos artesanales, plantas de procesamiento agr\u00edcola y juegos de regalo de marca.<\/p>\n<p><strong>Varios tama\u00f1os disponibles<\/strong><\/p>\n<p>La l\u00ednea de productos tiene la capacidad de satisfacer las necesidades de envasado de mayoristas y f\u00e1bricas de alimentos para los diferentes tipos de productos encurtidos a trav\u00e9s de una gama de tama\u00f1os que va desde un peque\u00f1o frasco de muestra hasta un gran paquete familiar.<\/p>\n<p><strong>Alta resistencia al calor y al \u00e1cido<\/strong><\/p>\n<p>El vidrio es al\u00edcuota para el encurtido de verduras en una variedad de l\u00edquidos como vinagre, aceite de chile y jarabe de az\u00facar, y es resistente a los olores y la corrosi\u00f3n, por lo que garantiza un almacenamiento seguro durante mucho tiempo.<\/p>\n<h2>Especificaciones clave<\/h2>\n<table style=\"border-collapse: collapse; width: 80%; margin-left: auto; margin-right: auto;\" border=\"0\" width=\"288\" cellspacing=\"0\" cellpadding=\"0\">\n<tbody>\n<tr style=\"height: 13.50pt;\">\n<td style=\"height: 13.5pt; width: 54pt; text-align: center;\" width=\"72\" height=\"18\">Capacidad (ml)<\/td>\n<td style=\"width: 54pt; text-align: center;\" width=\"72\">Tama\u00f1o (cm)<\/td>\n<td style=\"width: 54pt; text-align: center;\" width=\"72\">Uso<\/td>\n<td style=\"width: 54pt; text-align: center;\" width=\"72\">Tapas<\/td>\n<\/tr>\n<tr style=\"height: 13.50pt;\">\n<td style=\"height: 13.5pt; text-align: center;\" align=\"right\" height=\"18\">50<\/td>\n<td style=\"text-align: center;\">4.4 * 5.5<\/td>\n<td class=\"et2\" style=\"text-align: center;\" rowspan=\"6\">Mermelada, encurtidos, miel<\/td>\n<td class=\"et2\" style=\"text-align: center;\" rowspan=\"6\">cubierta de hojalata<\/td>\n<\/tr>\n<tr style=\"height: 13.50pt;\">\n<td style=\"height: 13.5pt; text-align: center;\" align=\"right\" height=\"18\">100<\/td>\n<td style=\"text-align: center;\">5.9 * 6.4<\/td>\n<\/tr>\n<tr style=\"height: 13.50pt;\">\n<td style=\"height: 13.5pt; text-align: center;\" align=\"right\" height=\"18\">150<\/td>\n<td style=\"text-align: center;\">6.5 * 6.8<\/td>\n<\/tr>\n<tr style=\"height: 13.50pt;\">\n<td style=\"height: 13.5pt; text-align: center;\" align=\"right\" height=\"18\">200<\/td>\n<td style=\"text-align: center;\">6.5 * 8.5<\/td>\n<\/tr>\n<tr style=\"height: 13.50pt;\">\n<td style=\"height: 13.5pt; text-align: center;\" align=\"right\" height=\"18\">250<\/td>\n<td style=\"text-align: center;\">7.5 * 9.7<\/td>\n<\/tr>\n<tr style=\"height: 13.50pt;\">\n<td style=\"height: 13.5pt; text-align: center;\" align=\"right\" height=\"18\">380<\/td>\n<td style=\"text-align: center;\">8.4 * 11.5<\/td>\n<\/tr>\n<\/tbody>\n<\/table>\n<h2>Caso de \u00e9xito<\/h2>\n<p>La empresa polaca dedicada a la producci\u00f3n de productos agr\u00edcolas procesados \u200b\u200bnos contact\u00f3 con el reto de crear un envase que no solo reflejara el estilo tradicional y hogare\u00f1o, sino que tambi\u00e9n impulsara la visibilidad de la marca en los supermercados. Nuestra sugerencia fue el cl\u00e1sico tarro de pepinillos con una nost\u00e1lgica tapa a cuadros, e implementamos los cambios en el tama\u00f1o y el color de la tapa para las dos l\u00edneas de productos: cebollas encurtidas y verduras mixtas.<\/p>\n<p>Se registr\u00f3 un crecimiento de ventas del 35% en solo dos meses despu\u00e9s del primer lote de frascos de cebolla encurtida de las cadenas de supermercados locales debido a su aspecto atractivo y buen rendimiento de sellado.<\/p>\n<h2>Tu manual de personalizaci\u00f3n<\/h2>\n<ol>\n<li><strong>Haz que el dise\u00f1o de la tapa sea m\u00e1s personal:<\/strong> Coloque el logotipo de su empresa, la textura del borde o los bloques de color del tema seleccionado junto con el cl\u00e1sico patr\u00f3n de cuadros rojos y blancos en la tapa para convertirlo en un identificador \u00fanico.<\/li>\n<li><strong>Mejora la tela de la etiqueta:<\/strong> Elija un papel mate, un papel sint\u00e9tico oleof\u00f3bico o etiquetas met\u00e1licas para darle a su producto un estilo visual y una textura m\u00e1s refinada o \u201cretro r\u00fastico\u201d.<\/li>\n<\/ol>","protected":false},"excerpt":{"rendered":"<p>Tarro vintage para encurtidos con tapa, ideal para encurtir cebollas. Suministro directo de f\u00e1brica y personalizaci\u00f3n disponible. Entrega inmediata.<\/p>","protected":false},"featured_media":24036,"template":"","meta":[],"product_brand":[],"product_cat":[122,124,133],"product_tag":[],"class_list":{"0":"post-24035","1":"product","2":"type-product","3":"status-publish","4":"has-post-thumbnail","6":"product_cat-custom-glass-packaging","7":"product_cat-custom-glass-jars","8":"product_cat-pickle-jars","10":"first","11":"instock","12":"shipping-taxable","13":"product-type-simple"},"jetpack_sharing_enabled":true,"_links":{"self":[{"href":"https:\/\/yebodaglass.com\/es\/wp-json\/wp\/v2\/product\/24035","targetHints":{"allow":["GET"]}}],"collection":[{"href":"https:\/\/yebodaglass.com\/es\/wp-json\/wp\/v2\/product"}],"about":[{"href":"https:\/\/yebodaglass.com\/es\/wp-json\/wp\/v2\/types\/product"}],"version-history":[{"count":5,"href":"https:\/\/yebodaglass.com\/es\/wp-json\/wp\/v2\/product\/24035\/revisions"}],"predecessor-version":[{"id":24054,"href":"https:\/\/yebodaglass.com\/es\/wp-json\/wp\/v2\/product\/24035\/revisions\/24054"}],"wp:featuredmedia":[{"embeddable":true,"href":"https:\/\/yebodaglass.com\/es\/wp-json\/wp\/v2\/media\/24036"}],"wp:attachment":[{"href":"https:\/\/yebodaglass.com\/es\/wp-json\/wp\/v2\/media?parent=24035"}],"wp:term":[{"taxonomy":"product_brand","embeddable":true,"href":"https:\/\/yebodaglass.com\/es\/wp-json\/wp\/v2\/product_brand?post=24035"},{"taxonomy":"product_cat","embeddable":true,"href":"https:\/\/yebodaglass.com\/es\/wp-json\/wp\/v2\/product_cat?post=24035"},{"taxonomy":"product_tag","embeddable":true,"href":"https:\/\/yebodaglass.com\/es\/wp-json\/wp\/v2\/product_tag?post=24035"}],"curies":[{"name":"wp","href":"https:\/\/api.w.org\/{rel}","templated":true}]}}