{"id":24010,"date":"2025-11-21T14:34:47","date_gmt":"2025-11-21T06:34:47","guid":{"rendered":"https:\/\/yebodaglass.com\/?post_type=product&#038;p=24010"},"modified":"2025-11-21T14:52:06","modified_gmt":"2025-11-21T06:52:06","slug":"glass-pickle-jars-wholesale-with-high-top-lids","status":"publish","type":"product","link":"https:\/\/yebodaglass.com\/es\/glass-pickle-jars-wholesale-with-high-top-lids\/","title":{"rendered":"Venta al por mayor de tarros de cristal para encurtidos de 100 ml a 750 ml con tapas altas"},"content":{"rendered":"<p>\u00bfCansado de los frascos de pepinillos que gotean o manchan tus pepinos? Fabricamos frascos de vidrio para pepinillos al por mayor: \u00a1se acabaron los derrames de salmuera! Estos frascos convertir\u00e1n tu almacenamiento de alimentos en una soluci\u00f3n eficaz y con tu marca. Los pedidos al por mayor incluyen tama\u00f1os personalizados que se adaptan a tu marca.<\/p>\n<h2>Caracter\u00edsticas del producto<\/h2>\n<p><strong>Sello de tapa met\u00e1lica de tapa alta<\/strong><\/p>\n<p>La tapa met\u00e1lica conserva la salmuera y el sabor; los pepinillos se mantienen frescos, sin estropearse jam\u00e1s.<\/p>\n<p><strong>Visibilidad del vidrio cristalino<\/strong><\/p>\n<p>Sea testigo de la frescura de los eneldo: sus clientes conf\u00edan instant\u00e1neamente en sus frascos de vidrio.<\/p>\n<p><strong>M\u00faltiples opciones de capacidad<\/strong><\/p>\n<p>Desde 100 ml hasta 220 ml pueden servir para lotes peque\u00f1os o grandes necesidades a granel.<\/p>\n<h2>Especificaciones clave<\/h2>\n<table style=\"border-collapse: collapse; width: 80%; margin-left: auto; margin-right: auto;\" border=\"0\" width=\"216\" cellspacing=\"0\" cellpadding=\"0\">\n<tbody>\n<tr style=\"height: 13.50pt;\">\n<td style=\"height: 13.5pt; width: 54pt; text-align: center;\" width=\"72\" height=\"18\">Capacidad (ml)<\/td>\n<td style=\"width: 54pt; text-align: center;\" width=\"72\">Tama\u00f1o (cm)<\/td>\n<td style=\"width: 54pt; text-align: center;\" width=\"72\">Tapas<\/td>\n<\/tr>\n<tr style=\"height: 13.50pt;\">\n<td style=\"height: 13.5pt; text-align: center;\" align=\"right\" height=\"18\">100<\/td>\n<td style=\"text-align: center;\">6,2 x 6,8<\/td>\n<td class=\"et2\" style=\"text-align: center;\" rowspan=\"7\">Tapas met\u00e1licas altas<\/td>\n<\/tr>\n<tr style=\"height: 13.50pt;\">\n<td style=\"height: 13.5pt; text-align: center;\" align=\"right\" height=\"18\">150 \/ 5 onzas<\/td>\n<td style=\"text-align: center;\">7,5 x 6,6<\/td>\n<\/tr>\n<tr style=\"height: 13.50pt;\">\n<td style=\"height: 13.5pt; text-align: center;\" align=\"right\" height=\"18\">180 \/ 6 onzas<\/td>\n<td style=\"text-align: center;\">7,3 x 7,8<\/td>\n<\/tr>\n<tr style=\"height: 13.50pt;\">\n<td style=\"height: 13.5pt; text-align: center;\" align=\"right\" height=\"18\">220<\/td>\n<td style=\"text-align: center;\">6,6 x 10,6<\/td>\n<\/tr>\n<tr style=\"height: 13.50pt;\">\n<td style=\"height: 13.5pt; text-align: center;\" align=\"right\" height=\"18\">380<\/td>\n<td style=\"text-align: center;\">7,5 x 12,5<\/td>\n<\/tr>\n<tr style=\"height: 13.50pt;\">\n<td style=\"height: 13.5pt; text-align: center;\" align=\"right\" height=\"18\">500<\/td>\n<td style=\"text-align: center;\">7,5 x 14,9<\/td>\n<\/tr>\n<tr style=\"height: 13.50pt;\">\n<td style=\"height: 13.5pt; text-align: center;\" align=\"right\" height=\"18\">750 \/ 25 onzas<\/td>\n<td style=\"text-align: center;\">8,6 x 17,5<\/td>\n<\/tr>\n<\/tbody>\n<\/table>\n<h2>Historia de \u00e9xito<\/h2>\n<p>Una marca de encurtidos especiales del oeste de Canad\u00e1 nos contact\u00f3 para renovar su l\u00ednea de productos y eligi\u00f3 este frasco de vidrio alto para encurtidos. Sus nuevos productos eran una variedad de vegetales encurtidos y salmueras, y el empaque anterior sol\u00eda tener fugas y da\u00f1arse durante el env\u00edo. Les proporcionamos un frasco con paredes m\u00e1s gruesas y una tapa alta m\u00e1s resistente.<\/p>\n<p>Como resultado, el nuevo frasco de vidrio para pepinillos logr\u00f3 mejorar el sellado y las ventas del nuevo producto aumentaron en casi un 30% en tres meses.<\/p>\n<h2>Tu manual de personalizaci\u00f3n<\/h2>\n<ol>\n<li><strong>Admite m\u00faltiples tipos de tapas:<\/strong> Adem\u00e1s del tap\u00f3n alto sencillo, las opciones pueden consistir en tapones reforzados con juntas o tapones fabricados con diferentes materiales, lo que proporciona un estilo m\u00e1s armonioso y una mejor compatibilidad con las l\u00edneas de producci\u00f3n de taponado automatizadas.<\/li>\n<li><strong>\u00c1rea de etiqueta esmerilada:<\/strong> El envase puede ser esmerilado o tener una textura ligeramente antideslizante, lo que facilita la aplicaci\u00f3n de las etiquetas y mejora la calidad general del embalaje.<\/li>\n<li><strong>Vidrio de color a elecci\u00f3n para pedidos grandes:<\/strong> Se puede utilizar vidrio tintado de color \u00e1mbar, verde o de cualquier otro tipo no solo para mejorar las caracter\u00edsticas protectoras de los productos fotosensibles, sino tambi\u00e9n para fortalecer la marca.<\/li>\n<\/ol>","protected":false},"excerpt":{"rendered":"<p>Frascos de vidrio para encurtidos al por mayor con tapa herm\u00e9tica, ideales para marcas que necesitan una soluci\u00f3n de frascos para encurtidos a granel, suministro directo de f\u00e1brica y opciones personalizables.<\/p>","protected":false},"featured_media":24020,"template":"","meta":[],"product_brand":[],"product_cat":[122,124,133],"product_tag":[],"class_list":{"0":"post-24010","1":"product","2":"type-product","3":"status-publish","4":"has-post-thumbnail","6":"product_cat-custom-glass-packaging","7":"product_cat-custom-glass-jars","8":"product_cat-pickle-jars","10":"first","11":"instock","12":"shipping-taxable","13":"product-type-simple"},"jetpack_sharing_enabled":true,"_links":{"self":[{"href":"https:\/\/yebodaglass.com\/es\/wp-json\/wp\/v2\/product\/24010","targetHints":{"allow":["GET"]}}],"collection":[{"href":"https:\/\/yebodaglass.com\/es\/wp-json\/wp\/v2\/product"}],"about":[{"href":"https:\/\/yebodaglass.com\/es\/wp-json\/wp\/v2\/types\/product"}],"version-history":[{"count":5,"href":"https:\/\/yebodaglass.com\/es\/wp-json\/wp\/v2\/product\/24010\/revisions"}],"predecessor-version":[{"id":24021,"href":"https:\/\/yebodaglass.com\/es\/wp-json\/wp\/v2\/product\/24010\/revisions\/24021"}],"wp:featuredmedia":[{"embeddable":true,"href":"https:\/\/yebodaglass.com\/es\/wp-json\/wp\/v2\/media\/24020"}],"wp:attachment":[{"href":"https:\/\/yebodaglass.com\/es\/wp-json\/wp\/v2\/media?parent=24010"}],"wp:term":[{"taxonomy":"product_brand","embeddable":true,"href":"https:\/\/yebodaglass.com\/es\/wp-json\/wp\/v2\/product_brand?post=24010"},{"taxonomy":"product_cat","embeddable":true,"href":"https:\/\/yebodaglass.com\/es\/wp-json\/wp\/v2\/product_cat?post=24010"},{"taxonomy":"product_tag","embeddable":true,"href":"https:\/\/yebodaglass.com\/es\/wp-json\/wp\/v2\/product_tag?post=24010"}],"curies":[{"name":"wp","href":"https:\/\/api.w.org\/{rel}","templated":true}]}}