{"id":23979,"date":"2025-11-20T15:57:22","date_gmt":"2025-11-20T07:57:22","guid":{"rendered":"https:\/\/yebodaglass.com\/?post_type=product&#038;p=23979"},"modified":"2026-04-14T15:42:13","modified_gmt":"2026-04-14T07:42:13","slug":"double-ear-glass-pickle-jar-storage-wholesale","status":"publish","type":"product","link":"https:\/\/yebodaglass.com\/es\/double-ear-glass-pickle-jar-storage-wholesale\/","title":{"rendered":"Tarros de vidrio de doble asa para encurtidos (280 ml - 630 ml) - Venta al por mayor"},"content":{"rendered":"<p>\u00bfCansado de frascos de pepinillos que gotean o decoloran el pepino? Fabricamos frascos de pepinillos al por mayor: \u00a1se acabaron los derrames de salmuera! Estos frascos de vidrio para pepinillos transforman tu almacenamiento de alimentos en una potente herramienta de marketing. Los pedidos al por mayor incluyen tama\u00f1os personalizados que se adaptan a tu marca.<\/p>\n<h2>Caracter\u00edsticas del producto<\/h2>\n<ul>\n<li><strong>Double-handled design: <\/strong>La estructura redondeada de doble asa no solo mejora el agarre, sino que tambi\u00e9n le da al frasco de vidrio una apariencia \u00fanica.<\/li>\n<li><strong>Crystal clear glass: <\/strong>Cada ramita de eneldo es claramente visible; los clientes pueden confiar en su frasco con solo un vistazo.<\/li>\n<li><strong>Excellent airtight metal lid: <\/strong>Conserva de forma segura la salmuera y los deliciosos pepinillos, evitando que se estropeen.<\/li>\n<li><strong>Multiple sizes available: <\/strong>Desde 280 ml hasta 630 ml, satisfaciendo las necesidades de producci\u00f3n en lotes peque\u00f1os o grandes.<\/li>\n<\/ul>\n<h2>Especificaciones clave<\/h2>\n<table style=\"border-collapse: collapse; width: 80%; margin-left: auto; margin-right: auto;\" border=\"0\" width=\"216\" cellspacing=\"0\" cellpadding=\"0\">\n<tbody>\n<tr style=\"height: 13.50pt;\">\n<td style=\"height: 13.5pt; width: 54pt; text-align: center;\" width=\"72\" height=\"18\">Capacidad (ml)<\/td>\n<td style=\"width: 54pt; text-align: center;\" width=\"72\">Tama\u00f1o (cm)<\/td>\n<td style=\"width: 54pt; text-align: center;\" width=\"72\">Opciones de tapas<\/td>\n<\/tr>\n<tr style=\"height: 13.50pt;\">\n<td style=\"height: 13.5pt; text-align: center;\" height=\"18\">280<\/td>\n<td style=\"text-align: center;\">7,8 x 8,8<\/td>\n<td class=\"et2\" style=\"text-align: center;\" rowspan=\"4\">Tapa de aluminio, color personalizable<\/td>\n<\/tr>\n<tr style=\"height: 13.50pt;\">\n<td style=\"height: 13.5pt; text-align: center;\" height=\"18\">350<\/td>\n<td style=\"text-align: center;\">8,8 x 9,5<\/td>\n<\/tr>\n<tr style=\"height: 13.50pt;\">\n<td style=\"height: 13.5pt; text-align: center;\" height=\"18\">500<\/td>\n<td style=\"text-align: center;\">9,9 x 10,0<\/td>\n<\/tr>\n<tr style=\"height: 13.50pt;\">\n<td style=\"height: 13.5pt; text-align: center;\" height=\"18\">630<\/td>\n<td style=\"text-align: center;\">10,4 x 10,7<\/td>\n<\/tr>\n<\/tbody>\n<\/table>\n<h2>Caso de \u00e9xito<\/h2>\n<p>Una marca de encurtidos de Europa del Este nos contact\u00f3 para personalizar este tarro de pepinillos con doble asa. Modificamos el tama\u00f1o del tap\u00f3n de rosca para que coincidiera con su m\u00e1quina llenadora y tambi\u00e9n fabricamos una tapa met\u00e1lica de color exclusivo para la marca.<\/p>\n<p>Como resultado de su introducci\u00f3n, la accesibilidad del art\u00edculo en los estantes de los supermercados ha mejorado considerablemente y se registr\u00f3 un aumento del 22% en las ventas en el primer trimestre.<\/p>\n<h2>Tu manual de personalizaci\u00f3n<\/h2>\n<ol>\n<li>Si los ingredientes encurtidos son de un color determinado y el usuario desea utilizarlos, entonces hay tres opciones disponibles entre las que se puede elegir el acabado de la tapa, es decir, electrochapado, pintado o nacarado, para crear una apariencia m\u00e1s unificada para todo el conjunto del frasco de encurtidos.<\/li>\n<li>Al utilizar patrones como motivos de frutas y verduras, iniciales de marcas o texturas geom\u00e9tricas, se puede lograr que los frascos destaquen y, por lo tanto, que el almacenamiento de frascos de pepinillos sea f\u00e1cilmente reconocible en el estante.<\/li>\n<\/ol>","protected":false},"excerpt":{"rendered":"<p>Frascos de vidrio para encurtidos, ideales para conservar frutas y verduras. Suministro directo de f\u00e1brica; aceptamos pedidos al por mayor con tapas personalizadas y opciones de marca.<\/p>","protected":false},"featured_media":23981,"template":"","meta":[],"product_brand":[],"product_cat":[133,124,122],"product_tag":[],"class_list":{"0":"post-23979","1":"product","2":"type-product","3":"status-publish","4":"has-post-thumbnail","6":"product_cat-pickle-jars","7":"product_cat-custom-glass-jars","8":"product_cat-custom-glass-packaging","10":"first","11":"instock","12":"shipping-taxable","13":"product-type-simple"},"jetpack_sharing_enabled":true,"_links":{"self":[{"href":"https:\/\/yebodaglass.com\/es\/wp-json\/wp\/v2\/product\/23979","targetHints":{"allow":["GET"]}}],"collection":[{"href":"https:\/\/yebodaglass.com\/es\/wp-json\/wp\/v2\/product"}],"about":[{"href":"https:\/\/yebodaglass.com\/es\/wp-json\/wp\/v2\/types\/product"}],"version-history":[{"count":4,"href":"https:\/\/yebodaglass.com\/es\/wp-json\/wp\/v2\/product\/23979\/revisions"}],"predecessor-version":[{"id":25782,"href":"https:\/\/yebodaglass.com\/es\/wp-json\/wp\/v2\/product\/23979\/revisions\/25782"}],"wp:featuredmedia":[{"embeddable":true,"href":"https:\/\/yebodaglass.com\/es\/wp-json\/wp\/v2\/media\/23981"}],"wp:attachment":[{"href":"https:\/\/yebodaglass.com\/es\/wp-json\/wp\/v2\/media?parent=23979"}],"wp:term":[{"taxonomy":"product_brand","embeddable":true,"href":"https:\/\/yebodaglass.com\/es\/wp-json\/wp\/v2\/product_brand?post=23979"},{"taxonomy":"product_cat","embeddable":true,"href":"https:\/\/yebodaglass.com\/es\/wp-json\/wp\/v2\/product_cat?post=23979"},{"taxonomy":"product_tag","embeddable":true,"href":"https:\/\/yebodaglass.com\/es\/wp-json\/wp\/v2\/product_tag?post=23979"}],"curies":[{"name":"wp","href":"https:\/\/api.w.org\/{rel}","templated":true}]}}