{"id":23970,"date":"2025-11-20T14:40:02","date_gmt":"2025-11-20T06:40:02","guid":{"rendered":"https:\/\/yebodaglass.com\/?post_type=product&#038;p=23970"},"modified":"2025-11-20T14:40:03","modified_gmt":"2025-11-20T06:40:03","slug":"double-handle-glass-jar-for-pickles-bulk","status":"publish","type":"product","link":"https:\/\/yebodaglass.com\/es\/double-handle-glass-jar-for-pickles-bulk\/","title":{"rendered":"Tarro de cristal de doble asa de 80 ml a 200 ml para encurtidos a granel"},"content":{"rendered":"<p>\u00bfCansado de los frascos de pepinillos que se te resbalan de las manos? Creamos frascos especiales para pepinillos con asas dobles para un agarre f\u00e1cil. Estos frascos de vidrio para pepinillos transforman el almacenamiento de tus alimentos en una declaraci\u00f3n de marca. Los pedidos al por mayor incluyen tama\u00f1os personalizados que se adaptan a tu marca.<\/p>\n<h2>Caracter\u00edsticas del producto<\/h2>\n<p><strong>Dise\u00f1o de agarre de doble oreja<\/strong><\/p>\n<p>Suj\u00e9talo con facilidad: \u00a1no m\u00e1s latas de pepino que se te caigan!<\/p>\n<p><strong>Visibilidad del vidrio cristalino<\/strong><\/p>\n<p>Se ve cada ramita de eneldo: los clientes conf\u00edan al instante en tus tarros de cristal.<\/p>\n<p><strong>Tapa met\u00e1lica con sello herm\u00e9tico<\/strong><\/p>\n<p>Conserva la salmuera y el sabor de los encurtidos, evitando que se estropeen jam\u00e1s.<\/p>\n<h2>Especificaciones clave<\/h2>\n<table style=\"border-collapse: collapse; width: 80%; margin-left: auto; margin-right: auto;\" border=\"0\" width=\"216\" cellspacing=\"0\" cellpadding=\"0\">\n<tbody>\n<tr style=\"height: 13.50pt;\">\n<td style=\"height: 13.5pt; width: 54pt; text-align: center;\" width=\"72\" height=\"18\">Capacidad (ml)<\/td>\n<td style=\"width: 54pt; text-align: center;\" width=\"72\">Tama\u00f1o (cm)<\/td>\n<td style=\"width: 54pt; text-align: center;\" width=\"72\">Forma<\/td>\n<\/tr>\n<tr style=\"height: 13.50pt;\">\n<td style=\"height: 13.5pt; text-align: center;\" align=\"right\" height=\"18\">80<\/td>\n<td style=\"text-align: center;\">6,9 x 4,4<\/td>\n<td class=\"et2\" style=\"text-align: center;\" rowspan=\"4\">Redondo<\/td>\n<\/tr>\n<tr style=\"height: 13.50pt;\">\n<td style=\"height: 13.5pt; text-align: center;\" align=\"right\" height=\"18\">100<\/td>\n<td style=\"text-align: center;\">7,6 x 4,6<\/td>\n<\/tr>\n<tr style=\"height: 13.50pt;\">\n<td style=\"height: 13.5pt; text-align: center;\" align=\"right\" height=\"18\">150<\/td>\n<td style=\"text-align: center;\">8,0 x 5,4<\/td>\n<\/tr>\n<tr style=\"height: 13.50pt;\">\n<td style=\"height: 13.5pt; text-align: center;\" align=\"right\" height=\"18\">200<\/td>\n<td style=\"text-align: center;\">8,9 x 5,5<\/td>\n<\/tr>\n<\/tbody>\n<\/table>\n<h2>Caso de \u00e9xito<\/h2>\n<p>Un productor de condimentos del sudeste asi\u00e1tico mejor\u00f3 su empaque al cambiar a nuestros frascos de kimchi con doble asa. Su personal necesitaba un frasco que facilitara el agarre durante el llenado en caliente y que fuera lo suficientemente resistente para el transporte a larga distancia.<\/p>\n<p>Su eficiencia de llenado aument\u00f3 un 22% gracias al uso de nuestro cuerpo de frasco de vidrio reforzado, el dise\u00f1o de boca ancha y la tapa herm\u00e9tica, y la incidencia de roturas durante el transporte se ha reducido considerablemente.<\/p>\n<p>Herb &amp; Spice Co. cambi\u00f3 a nuestra l\u00ednea de frascos de vidrio para pepinillos. \u00bfEl resultado? Se agotaron 15 veces m\u00e1s r\u00e1pido y recibieron rese\u00f1as de 5 estrellas. \u00bfPor qu\u00e9? El agarre de doble asa les permiti\u00f3 manipular pepinos enteros con facilidad, y las tapas met\u00e1licas rojas personalizadas combinaban con su marca. Ahora son un \u00e9xito de ventas en m\u00e1s de 200 tiendas.<\/p>\n<h2>Tu manual de personalizaci\u00f3n<\/h2>\n<ol>\n<li><strong>Tapas mejoradas:<\/strong> Pueden ser tapas met\u00e1licas, de colores, galvanizadas y con precinto de seguridad, con la opci\u00f3n adicional de colocar una junta de sellado para una mejor conservaci\u00f3n.<\/li>\n<li><strong>El grosor y el contorno del vidrio:<\/strong> Se puede fabricar con un vidrio reforzado m\u00e1s grueso para una mayor resistencia a la presi\u00f3n y un transporte seguro; adem\u00e1s, se puede modificar la curvatura del frasco y las dimensiones del asa.<\/li>\n<li><strong>Marca personalizada:<\/strong> El frasco de vidrio para pepinillos se puede personalizar mediante procesos de pintura en aerosol, impresi\u00f3n, estampado en caliente y etiquetado.<\/li>\n<\/ol>","protected":false},"excerpt":{"rendered":"<p>Frasco para pepinillos con doble asa, ideal para envasado a granel. Este frasco de vidrio para pepinillos ofrece un cierre herm\u00e9tico, suministro directo de f\u00e1brica y opciones personalizables.<\/p>","protected":false},"featured_media":23971,"template":"","meta":[],"product_brand":[],"product_cat":[122,124,133],"product_tag":[],"class_list":{"0":"post-23970","1":"product","2":"type-product","3":"status-publish","4":"has-post-thumbnail","6":"product_cat-custom-glass-packaging","7":"product_cat-custom-glass-jars","8":"product_cat-pickle-jars","10":"first","11":"instock","12":"shipping-taxable","13":"product-type-simple"},"jetpack_sharing_enabled":true,"_links":{"self":[{"href":"https:\/\/yebodaglass.com\/es\/wp-json\/wp\/v2\/product\/23970","targetHints":{"allow":["GET"]}}],"collection":[{"href":"https:\/\/yebodaglass.com\/es\/wp-json\/wp\/v2\/product"}],"about":[{"href":"https:\/\/yebodaglass.com\/es\/wp-json\/wp\/v2\/types\/product"}],"version-history":[{"count":4,"href":"https:\/\/yebodaglass.com\/es\/wp-json\/wp\/v2\/product\/23970\/revisions"}],"predecessor-version":[{"id":23978,"href":"https:\/\/yebodaglass.com\/es\/wp-json\/wp\/v2\/product\/23970\/revisions\/23978"}],"wp:featuredmedia":[{"embeddable":true,"href":"https:\/\/yebodaglass.com\/es\/wp-json\/wp\/v2\/media\/23971"}],"wp:attachment":[{"href":"https:\/\/yebodaglass.com\/es\/wp-json\/wp\/v2\/media?parent=23970"}],"wp:term":[{"taxonomy":"product_brand","embeddable":true,"href":"https:\/\/yebodaglass.com\/es\/wp-json\/wp\/v2\/product_brand?post=23970"},{"taxonomy":"product_cat","embeddable":true,"href":"https:\/\/yebodaglass.com\/es\/wp-json\/wp\/v2\/product_cat?post=23970"},{"taxonomy":"product_tag","embeddable":true,"href":"https:\/\/yebodaglass.com\/es\/wp-json\/wp\/v2\/product_tag?post=23970"}],"curies":[{"name":"wp","href":"https:\/\/api.w.org\/{rel}","templated":true}]}}