{"id":23940,"date":"2025-11-19T14:08:56","date_gmt":"2025-11-19T06:08:56","guid":{"rendered":"https:\/\/yebodaglass.com\/?post_type=product&#038;p=23940"},"modified":"2025-11-19T17:21:31","modified_gmt":"2025-11-19T09:21:31","slug":"custom-glass-jar-for-pickle-with-airtight-cap-bulk","status":"publish","type":"product","link":"https:\/\/yebodaglass.com\/es\/custom-glass-jar-for-pickle-with-airtight-cap-bulk\/","title":{"rendered":"Frasco de vidrio personalizado para pepinillos con tapa herm\u00e9tica de 100 onzas"},"content":{"rendered":"<p>\u00bfCansado de frascos de pepinillos que gotean o decoloran el pepino? Fabricamos frascos de vidrio especiales para pepinillos: \u00a1se acabaron los derrames de salmuera! Estos frascos de vidrio para encurtidos transforman tu almacenamiento de alimentos en una soluci\u00f3n de marca de alto impacto. Los pedidos al por mayor incluyen acabados personalizados que combinan con tu marca.<\/p>\n<h2>Caracter\u00edsticas del producto<\/h2>\n<p><strong>Estructura de volumen grande<\/strong><\/p>\n<p>Puede utilizarse para encurtir una verdura entera o una gran cantidad de ingredientes, satisfaciendo as\u00ed las necesidades de almacenamiento de familias, grandes restaurantes o f\u00e1bricas de alimentos.<\/p>\n<p><strong>Tapa de vidrio + Estructura de sellado con cierre a presi\u00f3n de metal<\/strong><\/p>\n<p>El mecanismo de cierre a presi\u00f3n refuerza la hermeticidad, por lo que es una forma eficaz de reducir la entrada de aire, lo que lo convierte en un dispositivo adecuado para la fermentaci\u00f3n, el encurtido y el almacenamiento a largo plazo.<\/p>\n<p><strong>Vidrio s\u00faper transparente<\/strong><\/p>\n<p>El frasco muestra visualmente el color y el estado de los productos encurtidos, por lo que resulta muy f\u00e1cil controlar la fermentaci\u00f3n o cualquier cambio en la calidad.<\/p>\n<h2>Especificaciones clave<\/h2>\n<table style=\"border-collapse: collapse; width: 80%; margin-left: AUTO; margin-right: AUTO;\" border=\"0\" width=\"288\" cellspacing=\"0\" cellpadding=\"0\">\n<tbody>\n<tr style=\"height: 13.50pt;\">\n<td style=\"height: 13.5pt; width: 54pt; text-align: center;\" width=\"72\" height=\"18\">Capacidad<\/td>\n<td style=\"width: 54pt; text-align: center;\" width=\"72\">Material<\/td>\n<td style=\"width: 54pt; text-align: center;\" width=\"72\">Tipo de tapa<\/td>\n<td style=\"width: 54pt; text-align: center;\" width=\"72\">Forma<\/td>\n<\/tr>\n<tr style=\"height: 13.50pt;\">\n<td style=\"height: 13.5pt; text-align: center;\" height=\"18\">3000 ml (personalizado)<\/td>\n<td style=\"text-align: center;\">Vidrio superior<\/td>\n<td style=\"text-align: center;\">Tapas herm\u00e9ticas con abrazadera<\/td>\n<td style=\"text-align: center;\">Redondo (personalizable)<\/td>\n<\/tr>\n<\/tbody>\n<\/table>\n<h2>Caso de \u00e9xito<\/h2>\n<p>La gran planta procesadora de alimentos que produce encurtidos tradicionales decidi\u00f3 utilizar nuestro frasco de vidrio de gran capacidad para sus encurtidos cuando buscaban una mejor soluci\u00f3n de envasado para su proceso de fermentaci\u00f3n. Para poder cumplir con las exigencias de su prolongado ciclo de fermentaci\u00f3n, la planta aument\u00f3 el grosor de las paredes del frasco e instal\u00f3 juntas de sellado resistentes a la sal y al \u00e1cido, de modo que la estructura de cierre met\u00e1lico se mantenga estable incluso en ambientes con alta salinidad durante un tiempo prolongado.<\/p>\n<p>Gracias a su mejora, los pepinillos se han vuelto visualmente accesibles durante la fermentaci\u00f3n, la tasa de defectos de lotes ha disminuido en alrededor del 22% y la gesti\u00f3n del almac\u00e9n se ha convertido m\u00e1s en un trabajo de personas.<\/p>\n<h2>Tu manual de personalizaci\u00f3n<\/h2>\n<ol>\n<li><strong>Actualizaci\u00f3n del sistema de sellado:<\/strong>Los cierres met\u00e1licos pueden tener un acabado electrochapado, pintado o de acero inoxidable, y las juntas resistentes a los \u00e1cidos, as\u00ed como los anillos de silicona, pueden cambiarse para lograr un mejor sellado.<\/li>\n<li><strong>Materiales y acabados de vidrio:<\/strong>Existen materiales como vidrio de alta transparencia, esmerilado, semitransparente y a prueba de explosiones. Adem\u00e1s, los logotipos pueden grabarse en relieve en el cuerpo o en la base de la botella.<\/li>\n<li><strong>Opciones de accesorios:<\/strong>Cucharas medidoras, adhesivos de sellado, etiquetas colgantes de marca y dise\u00f1os de etiquetas externas son todos productos compatibles que puede utilizar para crear un portafolio de productos m\u00e1s completo con su marca.<\/li>\n<\/ol>","protected":false},"excerpt":{"rendered":"<p>Glass jar for pickle are available with free samples for testing. And glass jars for pickling, ideal for bulk buyers with factory-direct supply. Custom available.<\/p>","protected":false},"featured_media":23941,"template":"","meta":[],"product_brand":[],"product_cat":[122,124,133],"product_tag":[],"class_list":{"0":"post-23940","1":"product","2":"type-product","3":"status-publish","4":"has-post-thumbnail","6":"product_cat-custom-glass-packaging","7":"product_cat-custom-glass-jars","8":"product_cat-pickle-jars","10":"first","11":"instock","12":"shipping-taxable","13":"product-type-simple"},"jetpack_sharing_enabled":true,"_links":{"self":[{"href":"https:\/\/yebodaglass.com\/es\/wp-json\/wp\/v2\/product\/23940","targetHints":{"allow":["GET"]}}],"collection":[{"href":"https:\/\/yebodaglass.com\/es\/wp-json\/wp\/v2\/product"}],"about":[{"href":"https:\/\/yebodaglass.com\/es\/wp-json\/wp\/v2\/types\/product"}],"version-history":[{"count":5,"href":"https:\/\/yebodaglass.com\/es\/wp-json\/wp\/v2\/product\/23940\/revisions"}],"predecessor-version":[{"id":23954,"href":"https:\/\/yebodaglass.com\/es\/wp-json\/wp\/v2\/product\/23940\/revisions\/23954"}],"wp:featuredmedia":[{"embeddable":true,"href":"https:\/\/yebodaglass.com\/es\/wp-json\/wp\/v2\/media\/23941"}],"wp:attachment":[{"href":"https:\/\/yebodaglass.com\/es\/wp-json\/wp\/v2\/media?parent=23940"}],"wp:term":[{"taxonomy":"product_brand","embeddable":true,"href":"https:\/\/yebodaglass.com\/es\/wp-json\/wp\/v2\/product_brand?post=23940"},{"taxonomy":"product_cat","embeddable":true,"href":"https:\/\/yebodaglass.com\/es\/wp-json\/wp\/v2\/product_cat?post=23940"},{"taxonomy":"product_tag","embeddable":true,"href":"https:\/\/yebodaglass.com\/es\/wp-json\/wp\/v2\/product_tag?post=23940"}],"curies":[{"name":"wp","href":"https:\/\/api.w.org\/{rel}","templated":true}]}}