{"id":23903,"date":"2025-11-18T16:15:47","date_gmt":"2025-11-18T08:15:47","guid":{"rendered":"https:\/\/yebodaglass.com\/?post_type=product&#038;p=23903"},"modified":"2026-03-26T14:10:56","modified_gmt":"2026-03-26T06:10:56","slug":"wholesale-clear-32-oz-swing-top-bottles-with-stripes","status":"publish","type":"product","link":"https:\/\/yebodaglass.com\/es\/wholesale-clear-32-oz-swing-top-bottles-with-stripes\/","title":{"rendered":"Botellas transparentes al por mayor de 16 oz y 32 oz con tapa abatible y rayas"},"content":{"rendered":"<p data-start=\"66\" data-end=\"288\">Estas botellas de 946 ml (32 oz) con tapa abatible son de vidrio transparente con un elegante dise\u00f1o de rayas verticales. La tapa met\u00e1lica a presi\u00f3n no solo es un excelente detalle de dise\u00f1o, sino que adem\u00e1s proporciona un cierre herm\u00e9tico muy fiable, lo que las convierte en botellas perfectas para almacenar l\u00edquidos.<\/p>\n<h2>Caracter\u00edsticas del producto<\/h2>\n<ul>\n<li><strong>Material del vidrio transparente:<\/strong> El vidrio transparente facilita mucho la identificaci\u00f3n de l\u00edquidos desde el exterior, ya que permite comprobar f\u00e1cilmente tanto el color como el volumen.<\/li>\n<li><strong>Raya vertical:<\/strong> El patr\u00f3n de rayas verticales contribuye a la belleza y singularidad del producto, al mismo tiempo que facilita un mejor agarre para el usuario.<\/li>\n<li><strong>Dise\u00f1o de sellado a presi\u00f3n:<\/strong> Se trata de un tap\u00f3n met\u00e1lico a presi\u00f3n que cierra herm\u00e9ticamente, sellando as\u00ed de forma eficiente y manteniendo el contenido fresco, adem\u00e1s de facilitar la apertura y el cierre.<\/li>\n<\/ul>\n<h2 style=\"text-align: left;\">Especificaciones clave<\/h2>\n<table class=\"aligncenter\" style=\"border-collapse: collapse; width: 474.77pt;\" border=\"0\" width=\"633\" cellspacing=\"0\" cellpadding=\"0\">\n<tbody>\n<tr style=\"height: 13.50pt;\">\n<td style=\"height: 13.50pt; width: 98.25pt;\" width=\"131\" height=\"18\">Especificaci\u00f3n<\/td>\n<td style=\"width: 376.50pt;\" width=\"502\">Detalles<\/td>\n<\/tr>\n<tr style=\"height: 13.50pt;\">\n<td style=\"height: 13.50pt;\" height=\"18\">Dimensiones<\/td>\n<td>500 ml (16 oz): 7 cm \u00d7 26,6 cm \/ 1000 ml (32 oz): 8,5 cm \u00d7 31,5 cm<\/td>\n<\/tr>\n<tr style=\"height: 13.50pt;\">\n<td style=\"height: 13.50pt;\" height=\"18\">Material<\/td>\n<td>Vidrio transparente de alta claridad<\/td>\n<\/tr>\n<tr style=\"height: 13.50pt;\">\n<td style=\"height: 13.50pt;\" height=\"18\">Textura de la superficie<\/td>\n<td>Patr\u00f3n de rayas verticales para mayor agarre y est\u00e9tica<\/td>\n<\/tr>\n<tr style=\"height: 13.50pt;\">\n<td style=\"height: 13.50pt;\" height=\"18\">Sistema de cierre<\/td>\n<td>Tapas abatibles de acero inoxidable con tap\u00f3n naranja\/blanco<\/td>\n<\/tr>\n<tr style=\"height: 13.50pt;\">\n<td style=\"height: 13.50pt;\" height=\"18\">Ideal para<\/td>\n<td>Botellas con tapa abatible, botellas con tapa giratoria al por mayor<\/td>\n<\/tr>\n<\/tbody>\n<\/table>\n<h2>Caso de \u00e9xito: La transformaci\u00f3n premium de un fabricante de refrescos artesanales<\/h2>\n<p>Una marca de refrescos artesanales buscaba expandirse al mercado de regalos de alta gama. Para destacar su bebida estrella, decidieron utilizar nuestras botellas con tap\u00f3n de rosca decoradas con un patr\u00f3n de rayas verticales. Esta singular raya result\u00f3 ser un factor clave en el \u00e9xito de la marca. Mejor\u00f3 el agarre del usuario al tap\u00f3n, reduciendo as\u00ed los accidentes por resbalones y ca\u00eddas en un 42% y, en consecuencia, aumentando las ventas en un 75%. Impulsada por estas reacciones tan positivas de los consumidores, la marca actualmente realiza pedidos de 200.000 botellas por lote, convirtiendo este dise\u00f1o en su \u00fanico envase para su producto estrella.<\/p>\n<h2>Personaliza tu botella con tapa abatible texturizada<\/h2>\n<p>Utilice estas opciones de personalizaci\u00f3n centradas en el producto para crear una botella con tap\u00f3n de rosca de marca que no pueda ser copiada por otros productos:<\/p>\n<ul>\n<li><strong>Selecci\u00f3n de color del anillo de sellado:<\/strong> Personaliza el anillo de sellado con el color de tu marca y as\u00ed volver\u00e1 a tener el color de tu marca en el estante.<\/li>\n<li><strong>Vidrieras:<\/strong> El uso de vidrio \u00e1mbar o verde en lugar de transparente est\u00e1 pensado para bebidas sensibles a la luz como la cerveza.<\/li>\n<li><strong>Textura escarchada:<\/strong> El acabado esmerilado de las costillas crea un contraste dram\u00e1tico, adem\u00e1s de una experiencia t\u00e1ctil m\u00e1s texturizada.<\/li>\n<li><strong>Esmalte de color especializado:<\/strong> La adici\u00f3n de la tira de vidrio coloreado en la parte inferior o el cuello de la botella da como resultado una apariencia \u00fanica.<\/li>\n<\/ul>\n<p>P\u00f3ngase en contacto con nosotros si desea conocer los precios al por mayor de botellas de 32 oz con tapa abatible.<\/p>","protected":false},"excerpt":{"rendered":"<p>Botellas elegantes de 946 ml (32 oz) con tapa abatible y rayas, con sellos herm\u00e9ticos de alta calidad, dise\u00f1adas para bebidas, fermentaci\u00f3n y envasado de alimentos. Precios al por mayor disponibles.<\/p>","protected":false},"featured_media":25628,"template":"","meta":[],"product_brand":[],"product_cat":[132,123,122],"product_tag":[],"class_list":{"0":"post-23903","1":"product","2":"type-product","3":"status-publish","4":"has-post-thumbnail","6":"product_cat-glass-flip-top-bottles","7":"product_cat-custom-glass-bottles","8":"product_cat-custom-glass-packaging","10":"first","11":"instock","12":"shipping-taxable","13":"product-type-simple"},"jetpack_sharing_enabled":true,"_links":{"self":[{"href":"https:\/\/yebodaglass.com\/es\/wp-json\/wp\/v2\/product\/23903","targetHints":{"allow":["GET"]}}],"collection":[{"href":"https:\/\/yebodaglass.com\/es\/wp-json\/wp\/v2\/product"}],"about":[{"href":"https:\/\/yebodaglass.com\/es\/wp-json\/wp\/v2\/types\/product"}],"version-history":[{"count":4,"href":"https:\/\/yebodaglass.com\/es\/wp-json\/wp\/v2\/product\/23903\/revisions"}],"predecessor-version":[{"id":23921,"href":"https:\/\/yebodaglass.com\/es\/wp-json\/wp\/v2\/product\/23903\/revisions\/23921"}],"wp:featuredmedia":[{"embeddable":true,"href":"https:\/\/yebodaglass.com\/es\/wp-json\/wp\/v2\/media\/25628"}],"wp:attachment":[{"href":"https:\/\/yebodaglass.com\/es\/wp-json\/wp\/v2\/media?parent=23903"}],"wp:term":[{"taxonomy":"product_brand","embeddable":true,"href":"https:\/\/yebodaglass.com\/es\/wp-json\/wp\/v2\/product_brand?post=23903"},{"taxonomy":"product_cat","embeddable":true,"href":"https:\/\/yebodaglass.com\/es\/wp-json\/wp\/v2\/product_cat?post=23903"},{"taxonomy":"product_tag","embeddable":true,"href":"https:\/\/yebodaglass.com\/es\/wp-json\/wp\/v2\/product_tag?post=23903"}],"curies":[{"name":"wp","href":"https:\/\/api.w.org\/{rel}","templated":true}]}}