{"id":23900,"date":"2025-11-18T17:00:16","date_gmt":"2025-11-18T09:00:16","guid":{"rendered":"https:\/\/yebodaglass.com\/?post_type=product&#038;p=23900"},"modified":"2025-11-18T17:00:18","modified_gmt":"2025-11-18T09:00:18","slug":"wholesale-square-glass-jars-for-pickle-for-packing","status":"publish","type":"product","link":"https:\/\/yebodaglass.com\/es\/wholesale-square-glass-jars-for-pickle-for-packing\/","title":{"rendered":"Frascos de vidrio cuadrados al por mayor para encurtidos, para envasar de 50 ml a 150 ml"},"content":{"rendered":"<p>\u00bfCansado de frascos de pepinillos que gotean o arruinan el sabor de tus pepinos? Fabricamos frascos de vidrio para pepinillos: \u00a1se acabaron los derrames de salmuera! Estos frascos vac\u00edos para pepinillos transforman tu almacenamiento de alimentos en una potente herramienta de marketing. Los pedidos al por mayor se personalizan seg\u00fan tu marca.<\/p>\n<h2>Caracter\u00edsticas del producto<\/h2>\n<p><strong>Vidrio de alta transparencia<\/strong><\/p>\n<p>El tarro transparente hace visibles las coloridas verduras y los productos en conserva, dando as\u00ed un toque de color a los estantes de las tiendas.<\/p>\n<p><strong>Junta de la tapa de rosca met\u00e1lica<\/strong><\/p>\n<p>Gracias a su almohadilla interior, es muy herm\u00e9tica y se evita la oxidaci\u00f3n, por lo que puede utilizarse para el almacenamiento durante largos per\u00edodos.<\/p>\n<p><strong>Espacio de etiqueta limpia<\/strong><\/p>\n<p>La superficie uniforme de la botella es una buena \u00e1rea para imprimir y etiquetar, por lo tanto, la presentaci\u00f3n de la marca se vuelve m\u00e1s consistente y profesional.<\/p>\n<h2>Especificaciones clave<\/h2>\n<table style=\"border-collapse: collapse; width: 80%; margin-left: auto; margin-right: auto;\" border=\"0\" width=\"216\" cellspacing=\"0\" cellpadding=\"0\">\n<tbody>\n<tr style=\"height: 13.50pt;\">\n<td style=\"height: 13.5pt; width: 54pt; text-align: center;\" width=\"72\" height=\"18\">Capacidad<\/td>\n<td style=\"width: 54pt; text-align: center;\" width=\"72\">Tama\u00f1o (cm)<\/td>\n<td style=\"width: 54pt; text-align: center;\" width=\"72\">Tipo de cierre<\/td>\n<\/tr>\n<tr style=\"height: 13.50pt;\">\n<td style=\"height: 13.5pt; text-align: center;\" height=\"18\">50 ml<\/td>\n<td style=\"text-align: center;\">4,5 x 5,6<\/td>\n<td class=\"et2\" style=\"text-align: center;\" rowspan=\"4\">Roscado (Pl\u00e1stico\/Metal)<\/td>\n<\/tr>\n<tr style=\"height: 13.50pt;\">\n<td style=\"height: 13.5pt; text-align: center;\" height=\"18\">80 ml<\/td>\n<td style=\"text-align: center;\">5,0 x 5,5<\/td>\n<\/tr>\n<tr style=\"height: 13.50pt;\">\n<td style=\"height: 13.5pt; text-align: center;\" height=\"18\">100 ml<\/td>\n<td style=\"text-align: center;\">5,4 x 7,5<\/td>\n<\/tr>\n<tr style=\"height: 13.50pt;\">\n<td style=\"height: 13.5pt; text-align: center;\" height=\"18\">150 ml<\/td>\n<td style=\"text-align: center;\">5,7 x 7,6<\/td>\n<\/tr>\n<\/tbody>\n<\/table>\n<h2>Caso de \u00e9xito<\/h2>\n<p>Cuando una f\u00e1brica de alimentos especializada en pimientos encurtidos y ensaladas decidi\u00f3 modernizar su empaque, opt\u00f3 por nuestros frascos cuadrados vac\u00edos para encurtidos. El vidrio transparente y brillante realza considerablemente la visibilidad de sus productos en los estantes del supermercado, aumentando as\u00ed su atractivo para el consumidor. Fabricamos las tapas negras herm\u00e9ticas y el \u00e1rea para la etiqueta a la medida, de modo que su l\u00ednea de llenado pudiera comenzar a producir de inmediato sin necesidad de modificaciones.<\/p>\n<p>Como resultado del cambio de empaque, las ventas de nuevos productos de la marca han crecido un 29% en dos trimestres.<\/p>\n<h2>Tu gu\u00eda de personalizaci\u00f3n para frascos de pepinillos vac\u00edos<\/h2>\n<ol>\n<li><strong>Procesos de impresi\u00f3n y etiquetado de botellas:<\/strong>Las marcas pueden utilizar la serigraf\u00eda, el grabado en relieve, el estampado en caliente o las etiquetas autoadhesivas transparentes para presentar sus logotipos de una manera m\u00e1s atractiva y resistente al aceite y al desgaste.<\/li>\n<li><strong>Opciones de material y color para la tapa de la botella:<\/strong>Existen tapones met\u00e1licos negros, tapones met\u00e1licos de colores o tapones de pl\u00e1stico apto para uso alimentario, a los que se puede a\u00f1adir anillos de seguridad, juntas herm\u00e9ticas o estructuras de refuerzo de sellado.<\/li>\n<li><strong>Acabados de superficie y mejoras de botellas:<\/strong>El vidrio puede ser esmerilado, semitransparente o texturizado, adem\u00e1s de llevar el logotipo y el n\u00famero de lote grabados en la parte inferior de la botella para potenciar el reconocimiento de la marca.<\/li>\n<\/ol>","protected":false},"excerpt":{"rendered":"<p>Ofrecemos frascos de vidrio para encurtidos, que puede personalizar con su marca. Estos frascos vac\u00edos para encurtidos est\u00e1n disponibles directamente de f\u00e1brica, con precios al por mayor.<\/p>","protected":false},"featured_media":23904,"template":"","meta":[],"product_brand":[],"product_cat":[122,124,133],"product_tag":[],"class_list":{"0":"post-23900","1":"product","2":"type-product","3":"status-publish","4":"has-post-thumbnail","6":"product_cat-custom-glass-packaging","7":"product_cat-custom-glass-jars","8":"product_cat-pickle-jars","10":"first","11":"instock","12":"shipping-taxable","13":"product-type-simple"},"jetpack_sharing_enabled":true,"_links":{"self":[{"href":"https:\/\/yebodaglass.com\/es\/wp-json\/wp\/v2\/product\/23900","targetHints":{"allow":["GET"]}}],"collection":[{"href":"https:\/\/yebodaglass.com\/es\/wp-json\/wp\/v2\/product"}],"about":[{"href":"https:\/\/yebodaglass.com\/es\/wp-json\/wp\/v2\/types\/product"}],"version-history":[{"count":5,"href":"https:\/\/yebodaglass.com\/es\/wp-json\/wp\/v2\/product\/23900\/revisions"}],"predecessor-version":[{"id":23913,"href":"https:\/\/yebodaglass.com\/es\/wp-json\/wp\/v2\/product\/23900\/revisions\/23913"}],"wp:featuredmedia":[{"embeddable":true,"href":"https:\/\/yebodaglass.com\/es\/wp-json\/wp\/v2\/media\/23904"}],"wp:attachment":[{"href":"https:\/\/yebodaglass.com\/es\/wp-json\/wp\/v2\/media?parent=23900"}],"wp:term":[{"taxonomy":"product_brand","embeddable":true,"href":"https:\/\/yebodaglass.com\/es\/wp-json\/wp\/v2\/product_brand?post=23900"},{"taxonomy":"product_cat","embeddable":true,"href":"https:\/\/yebodaglass.com\/es\/wp-json\/wp\/v2\/product_cat?post=23900"},{"taxonomy":"product_tag","embeddable":true,"href":"https:\/\/yebodaglass.com\/es\/wp-json\/wp\/v2\/product_tag?post=23900"}],"curies":[{"name":"wp","href":"https:\/\/api.w.org\/{rel}","templated":true}]}}