{"id":23894,"date":"2025-11-18T15:02:38","date_gmt":"2025-11-18T07:02:38","guid":{"rendered":"https:\/\/yebodaglass.com\/?post_type=product&#038;p=23894"},"modified":"2026-04-10T09:36:18","modified_gmt":"2026-04-10T01:36:18","slug":"empty-clear-glass-flip-top-bottles-wholesale","status":"publish","type":"product","link":"https:\/\/yebodaglass.com\/es\/empty-clear-glass-flip-top-bottles-wholesale\/","title":{"rendered":"Botellas de vidrio transparente vac\u00edas con tapa abatible de 350 ml a 1000 ml al por mayor"},"content":{"rendered":"<p data-start=\"66\" data-end=\"288\"><span aria-haspopup=\"dialog\" aria-expanded=\"false\" aria-controls=\"radix-_r_8f_\" data-state=\"closed\" data-slot=\"popover-trigger\">Una botella tradicional y conveniente con un cuerpo suave y ligeramente c\u00f3nico y un cuello delgado, esta botella de vidrio con tapa abatible es un cl\u00e1sico.<\/span> <span aria-haspopup=\"dialog\" aria-expanded=\"false\" aria-controls=\"radix-_r_8g_\" data-state=\"closed\" data-slot=\"popover-trigger\">La botella est\u00e1 compuesta de vidrio transparente con una tapa abatible que cierra la botella y sujeta firmemente el cierre en la parte superior.<\/span> <span aria-haspopup=\"dialog\" aria-expanded=\"false\" aria-controls=\"radix-_r_8h_\" data-state=\"closed\" data-slot=\"popover-trigger\">Este edificio forma una cubierta herm\u00e9tica, que conserva la frescura adem\u00e1s de evitar fugas.<\/span> <span aria-haspopup=\"dialog\" aria-expanded=\"false\" aria-controls=\"radix-_r_8i_\" data-state=\"closed\" data-slot=\"popover-trigger\">La serie ofrece flexibilidad en los requisitos de envasado al estar disponible desde 350 ml hasta 1000 ml.<\/span> <span aria-haspopup=\"dialog\" aria-expanded=\"false\" aria-controls=\"radix-_r_8j_\" data-state=\"closed\" data-slot=\"popover-trigger\">Estas son botellas comunes para almacenar bebidas como refrescos, jugos y kombucha. Ofrecemos botellas con tapa abatible al por mayor.<\/span><\/p>\n<h2>Caracter\u00edsticas del producto<\/h2>\n<ul>\n<li><strong>Dise\u00f1o de sellado a presi\u00f3n:<\/strong> Los tapones met\u00e1licos rojos y blancos a presi\u00f3n ofrecen un buen cierre herm\u00e9tico, lo que permite que el contenido se conserve durante m\u00e1s tiempo. Adem\u00e1s, son muy f\u00e1ciles de abrir y cerrar.<\/li>\n<li><strong>Diferentes formas y tama\u00f1os de botellas:<\/strong> Cuatro formas y tama\u00f1os diferentes de botellas permiten satisfacer diversas necesidades, tanto volum\u00e9tricas como visuales. Adem\u00e1s, pueden utilizarse para bebidas, salsas y otros productos.<\/li>\n<li><strong>Dise\u00f1o de la serie:<\/strong> Los contenedores con un mismo estilo de dise\u00f1o pueden utilizarse en serie, mejorando as\u00ed la armon\u00eda general de almacenamiento y uso.<\/li>\n<\/ul>\n<h2 style=\"text-align: left;\">Especificaciones clave<\/h2>\n<table style=\"border-collapse: collapse; width: 80%; margin-left: auto; margin-right: auto;\" border=\"0\" width=\"144\" cellspacing=\"0\" cellpadding=\"0\">\n<tbody>\n<tr style=\"height: 13.50pt;\">\n<td style=\"height: 13.5pt; width: 54pt; text-align: center;\" width=\"72\" height=\"18\">Especificaci\u00f3n<\/td>\n<td style=\"width: 54pt; text-align: center;\" width=\"72\">Detalles<\/td>\n<\/tr>\n<tr style=\"height: 13.50pt;\">\n<td style=\"height: 13.5pt; text-align: center;\" height=\"18\">Capacidades<\/td>\n<td style=\"text-align: center;\">350 ml (12 oz) \/ 500 ml (16 oz) \/ 750 ml (25 oz) \/ 1000 ml (32 oz)<\/td>\n<\/tr>\n<tr style=\"height: 13.50pt;\">\n<td style=\"height: 13.5pt; text-align: center;\" height=\"18\">Abertura del cuello<\/td>\n<td style=\"text-align: center;\">1,9 cm (350.500 ml) \u2022 1,8 cm (750.1000 ml)<\/td>\n<\/tr>\n<tr style=\"height: 13.50pt;\">\n<td style=\"height: 13.5pt; text-align: center;\" height=\"18\">Cierre<\/td>\n<td style=\"text-align: center;\">Tapa abatible met\u00e1lica con tap\u00f3n rojo\/blanco y junta de silicona reemplazable<\/td>\n<\/tr>\n<tr style=\"height: 13.50pt;\">\n<td style=\"height: 13.5pt; text-align: center;\" height=\"18\">Material<\/td>\n<td style=\"text-align: center;\">Vidrio transparente de alta claridad<\/td>\n<\/tr>\n<tr style=\"height: 13.50pt;\">\n<td style=\"height: 13.5pt; text-align: center;\" height=\"18\">Tipo de sello<\/td>\n<td style=\"text-align: center;\">Tapa sellada por compresi\u00f3n con arandela similar a la goma<\/td>\n<\/tr>\n<\/tbody>\n<\/table>\n<h2>Historia de \u00e9xito<\/h2>\n<p><span aria-haspopup=\"dialog\" aria-expanded=\"false\" aria-controls=\"radix-_r_8k_\" data-state=\"closed\" data-slot=\"popover-trigger\">Una de las marcas alemanas de bebidas artesanales estaba a punto de presentar una nueva l\u00ednea de productos de limonada con gas que se elaborar\u00eda de forma artesanal.<\/span> <span aria-haspopup=\"dialog\" aria-expanded=\"false\" aria-controls=\"radix-_r_8l_\" data-state=\"closed\" data-slot=\"popover-trigger\">Se decidieron por nuestras botellas de vidrio con cierre a presi\u00f3n de 25 oz despu\u00e9s de comparar varios proveedores.<\/span> <span aria-haspopup=\"dialog\" aria-expanded=\"false\" aria-controls=\"radix-_r_8m_\" data-state=\"closed\" data-slot=\"popover-trigger\">Su marca est\u00e1 impresa en la botella con cer\u00e1mica blanca y la tapa de rosca de acero inoxidable tiene un sello de silicona amarilla de grado alimenticio que le dar\u00eda a la botella una efervescencia duradera y sugiere el tema del lim\u00f3n.<\/span><\/p>\n<p><span aria-haspopup=\"dialog\" aria-expanded=\"false\" aria-controls=\"radix-_r_8n_\" data-state=\"closed\" data-slot=\"popover-trigger\">En seis meses, la marca vendi\u00f3 su nuevo envase con un volumen un 28 por ciento mayor que cuando se lanz\u00f3 el nuevo paquete.<\/span> <span aria-haspopup=\"dialog\" aria-expanded=\"false\" aria-controls=\"radix-_r_8o_\" data-state=\"closed\" data-slot=\"popover-trigger\">El cliente tambi\u00e9n realiz\u00f3 tres pedidos al por mayor durante el primer a\u00f1o debido a la respuesta positiva del mercado.<\/span><\/p>\n<h2>Dise\u00f1a tus botellas con tapa abatible<\/h2>\n<ul>\n<li><strong>Color del sello personalizado:<\/strong> Convierte las partes rojas y blancas del sello al color de tu marca para facilitar un reconocimiento r\u00e1pido y sencillo.<\/li>\n<li><strong>Tintado de cristales:<\/strong> Si desea proteger un producto fotosensible como la cerveza o el vinagre de los rayos UV, utilice vidrio \u00e1mbar o verde.<\/li>\n<li><strong>Logotipo con cara de \u00e1cido:<\/strong> Imprime tu logotipo en el cristal mediante grabado al \u00e1cido para conseguir un estilo esmerilado elegante, duradero e indeleble.<\/li>\n<li><strong>Acabado del cierre a presi\u00f3n:<\/strong> Consiga un aspecto m\u00e1s personalizado seleccionando un acabado espec\u00edfico para el broche met\u00e1lico, como negro o galvanizado.<\/li>\n<\/ul>\n<p>Ofrecemos botellas con tap\u00f3n abatible al por mayor, disponibles a precio de mayorista con env\u00edo r\u00e1pido. Cont\u00e1ctenos para solicitar un presupuesto de esta botella multiusos de vidrio con tap\u00f3n de rosca.<\/p>","protected":false},"excerpt":{"rendered":"<p>Botellas de vidrio resistentes con tapa abatible al por mayor, con cierres de rosca fuertes y herm\u00e9ticos. Perfectas para marcas que buscan botellas con tapa abatible al por mayor. Muestras gratuitas.<\/p>","protected":false},"featured_media":23895,"template":"","meta":[],"product_brand":[],"product_cat":[132,123,122],"product_tag":[],"class_list":{"0":"post-23894","1":"product","2":"type-product","3":"status-publish","4":"has-post-thumbnail","6":"product_cat-glass-flip-top-bottles","7":"product_cat-custom-glass-bottles","8":"product_cat-custom-glass-packaging","10":"first","11":"instock","12":"shipping-taxable","13":"product-type-simple"},"jetpack_sharing_enabled":true,"_links":{"self":[{"href":"https:\/\/yebodaglass.com\/es\/wp-json\/wp\/v2\/product\/23894","targetHints":{"allow":["GET"]}}],"collection":[{"href":"https:\/\/yebodaglass.com\/es\/wp-json\/wp\/v2\/product"}],"about":[{"href":"https:\/\/yebodaglass.com\/es\/wp-json\/wp\/v2\/types\/product"}],"version-history":[{"count":5,"href":"https:\/\/yebodaglass.com\/es\/wp-json\/wp\/v2\/product\/23894\/revisions"}],"predecessor-version":[{"id":25398,"href":"https:\/\/yebodaglass.com\/es\/wp-json\/wp\/v2\/product\/23894\/revisions\/25398"}],"wp:featuredmedia":[{"embeddable":true,"href":"https:\/\/yebodaglass.com\/es\/wp-json\/wp\/v2\/media\/23895"}],"wp:attachment":[{"href":"https:\/\/yebodaglass.com\/es\/wp-json\/wp\/v2\/media?parent=23894"}],"wp:term":[{"taxonomy":"product_brand","embeddable":true,"href":"https:\/\/yebodaglass.com\/es\/wp-json\/wp\/v2\/product_brand?post=23894"},{"taxonomy":"product_cat","embeddable":true,"href":"https:\/\/yebodaglass.com\/es\/wp-json\/wp\/v2\/product_cat?post=23894"},{"taxonomy":"product_tag","embeddable":true,"href":"https:\/\/yebodaglass.com\/es\/wp-json\/wp\/v2\/product_tag?post=23894"}],"curies":[{"name":"wp","href":"https:\/\/api.w.org\/{rel}","templated":true}]}}