{"id":23879,"date":"2025-11-18T13:42:49","date_gmt":"2025-11-18T05:42:49","guid":{"rendered":"https:\/\/yebodaglass.com\/?post_type=product&#038;p=23879"},"modified":"2026-03-26T13:58:11","modified_gmt":"2026-03-26T05:58:11","slug":"wholesale-clear-cylindrical-glass-resealable-bottles","status":"publish","type":"product","link":"https:\/\/yebodaglass.com\/es\/wholesale-clear-cylindrical-glass-resealable-bottles\/","title":{"rendered":"Botellas cil\u00edndricas de vidrio transparente resellables al por mayor, 600 ml y 1000 ml"},"content":{"rendered":"<p>Our glass resealable bottles ( 600ml and 1000ml capacities ) feature a clean cylindrical shape with a distinct shoulder and thick, stable base. The bottles are made of clear glass that gives the product a high visibility. The durable swing top topper is attached to each unit, consisting of a metal wire bail and a food grade sealing gasket to provide airtight protection. There is also easy branding and labelling done on the smooth surface.<\/p>\n<h2 style=\"text-align: left;\">Especificaciones clave<\/h2>\n<table class=\"aligncenter\" style=\"border-collapse: collapse; width: 581.27pt;\" border=\"0\" width=\"775\" cellspacing=\"0\" cellpadding=\"0\">\n<tbody>\n<tr style=\"height: 13.50pt;\">\n<td style=\"height: 13.50pt; width: 164.25pt;\" width=\"219\" height=\"18\">Especificaci\u00f3n<\/td>\n<td style=\"width: 417.00pt;\" width=\"556\">Detalles<\/td>\n<\/tr>\n<tr style=\"height: 13.50pt;\">\n<td style=\"height: 13.50pt;\" height=\"18\">Dimensiones (D \u00d7 H)<\/td>\n<td>600 ml (20 oz) 7,4 \u00d7 23,7 cm \/ 1000 ml (32 oz) 8,1 \u00d7 28,9 cm<\/td>\n<\/tr>\n<tr style=\"height: 13.50pt;\">\n<td style=\"height: 13.50pt;\" height=\"18\">Di\u00e1metro interior del cuello de la botella<\/td>\n<td>2,8 cm de di\u00e1metro<\/td>\n<\/tr>\n<tr style=\"height: 13.50pt;\">\n<td style=\"height: 13.50pt;\" height=\"18\">Tipo de cierre<\/td>\n<td>swing top<\/td>\n<\/tr>\n<tr style=\"height: 13.50pt;\">\n<td style=\"height: 13.50pt;\" height=\"18\">Material<\/td>\n<td>Lead-free soda-lime glass, stainless steel, silicone pad<\/td>\n<\/tr>\n<tr style=\"height: 13.50pt;\">\n<td style=\"height: 13.50pt;\" height=\"18\">ustomization Options:<\/td>\n<td>C Color, Size, Surface Finish, Logo, Packaging<\/td>\n<\/tr>\n<\/tbody>\n<\/table>\n<h2>Solicitud<\/h2>\n<p>These sealable glass bottles are widely used across food and beverage industries where airtight storage is essential. They can be used to store oils, vinegar, syrups and homemade beverages or to package water, juices, kombucha, beer and other fermented beverages. The resealable secure closure ensures that they can be distributed to retailers as well as used repeatedly by consumers. Moreover, they are also widely utilised in the hospitality, cafes, breweries, and line of their own products to provide quality preservation and maintenance of the quality of products during storing and transportation.<\/p>\n<h2>Caso de \u00e9xito: La elecci\u00f3n perfecta para una cervecer\u00eda artesanal<\/h2>\n<p>Una peque\u00f1a cervecer\u00eda que elaboraba refrescos artesanales necesitaba un envase resistente para su ginger ale de alta carbonataci\u00f3n. Gracias a nuestras botellas de vidrio sellables, registraron una p\u00e9rdida de di\u00f3xido de carbono inferior al 2 % en 7 d\u00edas y las quejas de los clientes por cerveza sin gas desaparecieron por completo. Adem\u00e1s, la tasa de reemplazo de la junta fue inferior al 0,5 % tras cinco embotellados por botella. Tan satisfechos quedaron que decidieron realizar tres nuevos pedidos en seis meses, aumentando as\u00ed su volumen de pedidos de 1200 a 200\u00a0000 botellas al final de ese periodo.<\/p>\n<h2>Personaliza tus botellas con tap\u00f3n de rosca<\/h2>\n<ul>\n<li><strong>Serigraf\u00eda:<\/strong> Aplique el dise\u00f1o de su etiqueta directamente sobre la botella mediante serigraf\u00eda, un acabado muy duradero y de aspecto profesional.<\/li>\n<li><strong>Acabados de broches a presi\u00f3n:<\/strong> Por ejemplo, algunas de las opciones de acabado para los broches met\u00e1licos incluyen negro o galvanizado, que puede elegir para darle una apariencia \u00fanica a su producto.<\/li>\n<li><strong>Vidrio \u00e1mbar o verde:<\/strong> Optar por vidrio de color puede ser una forma de proteger bebidas sensibles a la luz, como la cerveza o el vinagre.<\/li>\n<li><strong>Marcas de volumen:<\/strong> Tambi\u00e9n se pueden incluir marcas de volumen, ya sean grabadas en relieve o impresas, en el lateral de la botella, tanto por motivos pr\u00e1cticos como profesionales.<\/li>\n<\/ul>\n<p>\u00bfListo para dise\u00f1ar el envase ideal? Nuestras botellas con tap\u00f3n de rosca est\u00e1n disponibles para compra inmediata y podemos entreg\u00e1rselas en breve. Si desea negociar precios al por mayor para estas botellas reutilizables con sello de vidrio, cont\u00e1ctenos hoy mismo.<\/p>","protected":false},"excerpt":{"rendered":"<p>Botellas de vidrio resellables con tap\u00f3n de rosca blanco, ideales para alimentos, bebidas o fermentaci\u00f3n. Botellas de vidrio sellables disponibles al por mayor. Env\u00edo r\u00e1pido.<\/p>","protected":false},"featured_media":25624,"template":"","meta":[],"product_brand":[],"product_cat":[132,123,122,80,81,20],"product_tag":[],"class_list":{"0":"post-23879","1":"product","2":"type-product","3":"status-publish","4":"has-post-thumbnail","6":"product_cat-glass-flip-top-bottles","7":"product_cat-custom-glass-bottles","8":"product_cat-custom-glass-packaging","9":"product_cat-glass-bottles","10":"product_cat-flip-top-bottles","11":"product_cat-glass-containers","13":"first","14":"instock","15":"shipping-taxable","16":"product-type-simple"},"jetpack_sharing_enabled":true,"_links":{"self":[{"href":"https:\/\/yebodaglass.com\/es\/wp-json\/wp\/v2\/product\/23879","targetHints":{"allow":["GET"]}}],"collection":[{"href":"https:\/\/yebodaglass.com\/es\/wp-json\/wp\/v2\/product"}],"about":[{"href":"https:\/\/yebodaglass.com\/es\/wp-json\/wp\/v2\/types\/product"}],"version-history":[{"count":5,"href":"https:\/\/yebodaglass.com\/es\/wp-json\/wp\/v2\/product\/23879\/revisions"}],"predecessor-version":[{"id":25617,"href":"https:\/\/yebodaglass.com\/es\/wp-json\/wp\/v2\/product\/23879\/revisions\/25617"}],"wp:featuredmedia":[{"embeddable":true,"href":"https:\/\/yebodaglass.com\/es\/wp-json\/wp\/v2\/media\/25624"}],"wp:attachment":[{"href":"https:\/\/yebodaglass.com\/es\/wp-json\/wp\/v2\/media?parent=23879"}],"wp:term":[{"taxonomy":"product_brand","embeddable":true,"href":"https:\/\/yebodaglass.com\/es\/wp-json\/wp\/v2\/product_brand?post=23879"},{"taxonomy":"product_cat","embeddable":true,"href":"https:\/\/yebodaglass.com\/es\/wp-json\/wp\/v2\/product_cat?post=23879"},{"taxonomy":"product_tag","embeddable":true,"href":"https:\/\/yebodaglass.com\/es\/wp-json\/wp\/v2\/product_tag?post=23879"}],"curies":[{"name":"wp","href":"https:\/\/api.w.org\/{rel}","templated":true}]}}