{"id":23874,"date":"2025-11-18T14:12:37","date_gmt":"2025-11-18T06:12:37","guid":{"rendered":"https:\/\/yebodaglass.com\/?post_type=product&#038;p=23874"},"modified":"2025-11-18T14:12:38","modified_gmt":"2025-11-18T06:12:38","slug":"pickling-jar-wholesale-glass-jar-factory","status":"publish","type":"product","link":"https:\/\/yebodaglass.com\/es\/pickling-jar-wholesale-glass-jar-factory\/","title":{"rendered":"Frascos de vidrio transparente para encurtidos, ideales para envasado al por mayor. Disponibles en tama\u00f1os de 220 ml, 250 ml y 280 ml."},"content":{"rendered":"<p>\u00bfCansado de frascos de conservas que gotean o arruinan el sabor de tus pepinos? Fabricamos frascos de vidrio para conservas: \u00a1se acabaron los derrames de salmuera! Estos frascos transforman el almacenamiento de tus alimentos en una declaraci\u00f3n de marca. Los pedidos al por mayor incluyen colores personalizados que combinan con tu marca.<\/p>\n<h2>Caracter\u00edsticas del producto<\/h2>\n<p><strong>Base de botella antideslizante<\/strong><\/p>\n<p>La incorporaci\u00f3n de un dise\u00f1o antideslizante en la base de la botella no solo estabiliza el frasco de verduras encurtidas, sino que tambi\u00e9n hace que su manejo sea m\u00e1s seguro.<\/p>\n<p><strong>superficie texturizada 3D<\/strong><\/p>\n<p>La textura del lateral del tarro de conservas no solo ayuda al usuario a sujetar la botella firmemente, sino que tambi\u00e9n hace que el contenido del tarro sea visualmente m\u00e1s atractivo.<\/p>\n<p><strong>dise\u00f1o de sellado de la tapa de rosca<\/strong><\/p>\n<p>El tap\u00f3n de rosca rojo est\u00e1 fabricado con una estructura roscada ajustada que ofrece un rendimiento a prueba de fugas excepcional, lo que permite el llenado en caliente y el almacenamiento a temperatura ambiente.<\/p>\n<h2>Especificaciones clave<\/h2>\n<table style=\"border-collapse: collapse; width: 80%; margin-left: auto; margin-right: auto;\" border=\"0\" width=\"216\" cellspacing=\"0\" cellpadding=\"0\">\n<tbody>\n<tr style=\"height: 13.50pt;\">\n<td style=\"height: 13.5pt; width: 54pt; text-align: center;\" width=\"72\" height=\"18\">Capacidad (ml)<\/td>\n<td style=\"width: 54pt; text-align: center;\" width=\"72\">Tama\u00f1o (cm)<\/td>\n<td style=\"width: 54pt; text-align: center;\" width=\"72\">Opciones personalizadas<\/td>\n<\/tr>\n<tr style=\"height: 13.50pt;\">\n<td style=\"height: 13.5pt; text-align: center;\" align=\"right\" height=\"18\">220<\/td>\n<td style=\"text-align: center;\">6,2 x 11,3<\/td>\n<td class=\"et2\" style=\"text-align: center;\" rowspan=\"3\">Tapas, color, etiqueta, logotipo<\/td>\n<\/tr>\n<tr style=\"height: 13.50pt;\">\n<td style=\"height: 13.5pt; text-align: center;\" align=\"right\" height=\"18\">250<\/td>\n<td style=\"text-align: center;\">6,5 x 12,7<\/td>\n<\/tr>\n<tr style=\"height: 13.50pt;\">\n<td style=\"height: 13.5pt; text-align: center;\" align=\"right\" height=\"18\">280<\/td>\n<td style=\"text-align: center;\">6,5 x 13,5<\/td>\n<\/tr>\n<\/tbody>\n<\/table>\n<h2>Caso de \u00e9xito<\/h2>\n<p>Una marca de verduras encurtidas de Europa del Este seleccion\u00f3 nuestro tarro para encurtidos para renovar su imagen de marca. Para resaltar la calidad del producto, crearon una etiqueta exclusiva y una tapa herm\u00e9tica negra que complementa la botella de alta transparencia.<\/p>\n<p>Su nuevo paquete fue fundamental para lograr un crecimiento de ventas del 28% en el \u00faltimo trimestre del a\u00f1o despu\u00e9s del lanzamiento.<\/p>\n<h2>Tu gu\u00eda de personalizaci\u00f3n para frascos de encurtidos<\/h2>\n<ol>\n<li><strong>Impresi\u00f3n y personalizaci\u00f3n de etiquetas de botellas:<\/strong> Puedes optar por uno de los m\u00e9todos de impresi\u00f3n, como la serigraf\u00eda o la impresi\u00f3n por transferencia t\u00e9rmica, para imprimir el logotipo de tu marca, un gr\u00e1fico o un texto directamente en el frasco de conservas; o elegir etiquetas de colores o transparentes para diferentes necesidades de estilo de embalaje.<\/li>\n<li><strong>Selecci\u00f3n de material y color de la tapa de la botella:<\/strong> Se pueden elegir tapones de rosca met\u00e1licos con acabado electrochapado, pintura horneada o mate para satisfacer sus necesidades; o bien, se puede elegir un tap\u00f3n de rosca de pl\u00e1stico con un color que se puede personalizar para que coincida con el estilo de la botella, lo que facilitar\u00e1 la producci\u00f3n en masa.<\/li>\n<\/ol>\n<p>&nbsp;<\/p>","protected":false},"excerpt":{"rendered":"<p>Frasco para encurtidos directo de f\u00e1brica para marcas de alimentos; este frasco para vegetales encurtidos admite pedidos al por mayor, tapas y etiquetas personalizadas, y ofrece un embalaje confiable para los compradores.<\/p>","protected":false},"featured_media":23880,"template":"","meta":[],"product_brand":[],"product_cat":[122,124,133],"product_tag":[],"class_list":{"0":"post-23874","1":"product","2":"type-product","3":"status-publish","4":"has-post-thumbnail","6":"product_cat-custom-glass-packaging","7":"product_cat-custom-glass-jars","8":"product_cat-pickle-jars","10":"first","11":"instock","12":"shipping-taxable","13":"product-type-simple"},"jetpack_sharing_enabled":true,"_links":{"self":[{"href":"https:\/\/yebodaglass.com\/es\/wp-json\/wp\/v2\/product\/23874","targetHints":{"allow":["GET"]}}],"collection":[{"href":"https:\/\/yebodaglass.com\/es\/wp-json\/wp\/v2\/product"}],"about":[{"href":"https:\/\/yebodaglass.com\/es\/wp-json\/wp\/v2\/types\/product"}],"version-history":[{"count":2,"href":"https:\/\/yebodaglass.com\/es\/wp-json\/wp\/v2\/product\/23874\/revisions"}],"predecessor-version":[{"id":23884,"href":"https:\/\/yebodaglass.com\/es\/wp-json\/wp\/v2\/product\/23874\/revisions\/23884"}],"wp:featuredmedia":[{"embeddable":true,"href":"https:\/\/yebodaglass.com\/es\/wp-json\/wp\/v2\/media\/23880"}],"wp:attachment":[{"href":"https:\/\/yebodaglass.com\/es\/wp-json\/wp\/v2\/media?parent=23874"}],"wp:term":[{"taxonomy":"product_brand","embeddable":true,"href":"https:\/\/yebodaglass.com\/es\/wp-json\/wp\/v2\/product_brand?post=23874"},{"taxonomy":"product_cat","embeddable":true,"href":"https:\/\/yebodaglass.com\/es\/wp-json\/wp\/v2\/product_cat?post=23874"},{"taxonomy":"product_tag","embeddable":true,"href":"https:\/\/yebodaglass.com\/es\/wp-json\/wp\/v2\/product_tag?post=23874"}],"curies":[{"name":"wp","href":"https:\/\/api.w.org\/{rel}","templated":true}]}}