{"id":23813,"date":"2025-11-17T16:50:25","date_gmt":"2025-11-17T08:50:25","guid":{"rendered":"https:\/\/yebodaglass.com\/?post_type=product&#038;p=23813"},"modified":"2026-03-12T15:12:09","modified_gmt":"2026-03-12T07:12:09","slug":"amber-glass-pop-top-bottles-with-metal-clamp-wholesale","status":"publish","type":"product","link":"https:\/\/yebodaglass.com\/es\/amber-glass-pop-top-bottles-with-metal-clamp-wholesale\/","title":{"rendered":"Botellas de vidrio \u00e1mbar de 485 ml con tapa abatible y abrazadera met\u00e1lica, venta al por mayor"},"content":{"rendered":"<p data-start=\"66\" data-end=\"288\">Las botellas con tapa a presi\u00f3n tienen un dise\u00f1o minimalista y alargado, y est\u00e1n hechas de vidrio \u00e1mbar. Su cierre herm\u00e9tico, gracias a su tapa met\u00e1lica a presi\u00f3n, las convierte en la mejor opci\u00f3n para almacenar l\u00edquidos o condimentos.<\/p>\n<h2>Caracter\u00edsticas del producto<\/h2>\n<ul>\n<li>\n<div class=\"whitespace-pre-line p-2 sm:p-1 min-h-[80px] max-w-full overflow-x-auto\"><span aria-haspopup=\"dialog\" aria-expanded=\"false\" aria-controls=\"radix-_r_9a_\" data-state=\"closed\" data-slot=\"popover-trigger\"><strong>Vidrio protector UV de color \u00e1mbar:<\/strong> La botella est\u00e1 hecha de vidrio \u00e1mbar, lo que contribuye al rechazo de la luz ultravioleta, lo que preservar\u00e1 las bebidas sensibles como la cerveza y ayudar\u00e1 a mantener el sabor de la bebida a lo largo del tiempo.<\/span><\/div>\n<\/li>\n<li>\n<div class=\"whitespace-pre-line p-2 sm:p-1 min-h-[80px] max-w-full overflow-x-auto\"><span aria-haspopup=\"dialog\" aria-expanded=\"false\" aria-controls=\"radix-_r_9b_\" data-state=\"closed\" data-slot=\"popover-trigger\"><strong>Sistema de bloqueo mec\u00e1nico reutilizable:<\/strong> El sistema de tapa abatible se abrir\u00e1 y cerrar\u00e1 muchas veces sin necesidad de herramientas y har\u00e1 que la botella sea f\u00e1cil de reutilizar y de usar como recipiente para contener una bebida recargable.<\/span><\/div>\n<\/li>\n<li>\n<div class=\"whitespace-pre-line p-2 sm:p-1 min-h-[80px] max-w-full overflow-x-auto\"><span aria-haspopup=\"dialog\" aria-expanded=\"false\" aria-controls=\"radix-_r_9c_\" data-state=\"closed\" data-slot=\"popover-trigger\"><strong>Base plana:<\/strong> Fondo plano y ancho: el fondo plano mejora la estabilidad al reposar sobre mesas, estantes o mostradores de bar para reducir las posibilidades de que se caiga durante el uso o la exhibici\u00f3n.<\/span><\/div>\n<div class=\"bg-border shrink-0 data-[orientation=horizontal]:h-px data-[orientation=horizontal]:w-full data-[orientation=vertical]:h-full data-[orientation=vertical]:w-px my-2\" role=\"none\" data-orientation=\"horizontal\" data-slot=\"separator\"><\/div>\n<\/li>\n<\/ul>\n<h2 style=\"text-align: left;\">Especificaciones clave<\/h2>\n<table style=\"border-collapse: collapse; width: 80%; margin-left: auto; margin-right: auto;\" border=\"0\" width=\"856\" cellspacing=\"0\" cellpadding=\"0\">\n<tbody>\n<tr style=\"height: 13.50pt;\">\n<td style=\"height: 13.5pt; width: 128.25pt; text-align: center;\" width=\"171\" height=\"18\">Especificaci\u00f3n<\/td>\n<td style=\"width: 513.75pt; text-align: center;\" width=\"685\">Detalles<\/td>\n<\/tr>\n<tr style=\"height: 13.50pt;\">\n<td style=\"height: 13.5pt; text-align: center;\" height=\"18\">Capacidad<\/td>\n<td style=\"text-align: center;\">485 ml<\/td>\n<\/tr>\n<tr style=\"height: 13.50pt;\">\n<td style=\"height: 13.5pt; text-align: center;\" height=\"18\">Dimensiones<\/td>\n<td style=\"text-align: center;\">7,75 cm \u00d7 22,3 cm<\/td>\n<\/tr>\n<tr style=\"height: 13.50pt;\">\n<td style=\"height: 13.5pt; text-align: center;\" height=\"18\">Material<\/td>\n<td style=\"text-align: center;\">Vidrio marr\u00f3n (protecci\u00f3n UV)<\/td>\n<\/tr>\n<tr style=\"height: 13.50pt;\">\n<td style=\"height: 13.5pt; text-align: center;\" height=\"18\">Tipo de cierre<\/td>\n<td style=\"text-align: center;\">Tapas oscilantes de acero inoxidable con tap\u00f3n<\/td>\n<\/tr>\n<tr style=\"height: 13.50pt;\">\n<td style=\"height: 13.5pt; text-align: center;\" height=\"18\">Opciones de juntas<\/td>\n<td style=\"text-align: center;\">Caucho est\u00e1ndar o mejora a silicona resistente a \u00e1cidos y calor.<\/td>\n<\/tr>\n<tr style=\"height: 13.50pt;\">\n<td style=\"height: 13.5pt; text-align: center;\" height=\"18\">Rendimiento del sello<\/td>\n<td style=\"text-align: center;\">Herm\u00e9tico, probado a presi\u00f3n para carbonataci\u00f3n activa<\/td>\n<\/tr>\n<tr style=\"height: 13.50pt;\">\n<td style=\"height: 13.5pt; text-align: center;\" height=\"18\">Ideal para<\/td>\n<td style=\"text-align: center;\">Cerveza, kombucha, refrescos, vinagre, elaboraci\u00f3n de vino, bebida fermentada<\/td>\n<\/tr>\n<\/tbody>\n<\/table>\n<h2>Caso de \u00e9xito<\/h2>\n<p><span aria-haspopup=\"dialog\" aria-expanded=\"false\" aria-controls=\"radix-_r_97_\" data-state=\"closed\" data-slot=\"popover-trigger\">Una de las peque\u00f1as cervecer\u00edas decidi\u00f3 utilizar nuestras botellas de vidrio con tapa de rosca de color \u00e1mbar como su envase principal para lanzar su serie de cervezas de temporada de edici\u00f3n limitada.<\/span> <span aria-haspopup=\"dialog\" aria-expanded=\"false\" aria-controls=\"radix-_r_98_\" data-state=\"closed\" data-slot=\"popover-trigger\">Exigieron paredes de vidrio \u00e1mbar m\u00e1s resistentes para que fueran m\u00e1s duraderas cuando se sometieran a una fermentaci\u00f3n secundaria; un patr\u00f3n de rueda en relieve y el logotipo de la cervecer\u00eda en la secci\u00f3n inferior de la botella y una tapa de cer\u00e1mica que tuviera un anillo de sellado de color rojo intenso para corresponder con las etiquetas de sus cervezas.<\/span> <span aria-haspopup=\"dialog\" aria-expanded=\"false\" aria-controls=\"radix-_r_99_\" data-state=\"closed\" data-slot=\"popover-trigger\">Las cervezas especiales que comercializan tuvieron un crecimiento en ventas del 35% durante los dos primeros periodos de lanzamiento y con la buena acogida del mercado que tuvieron, la cervecer\u00eda seguir\u00e1 realizando pedidos regularmente.<\/span><\/p>\n<h2>Opciones de personalizaci\u00f3n<\/h2>\n<ul>\n<li><strong>Color de la tapa cer\u00e1mica personalizada:<\/strong> Elige un color para la tapa del envase para que tu marca capte la atenci\u00f3n de los consumidores en el estante.<\/li>\n<li><strong>Logotipo en relieve:<\/strong> Grabe un logotipo en relieve en el hombro o en la base de la botella para lograr una identidad de marca exclusiva y de primera calidad que se pueda sentir al tacto.<\/li>\n<li><strong>Marcado de volumen grabado al \u00e1cido:<\/strong> Consiga un aspecto profesional grabando con \u00e1cido una pulcra marca esmerilada de \u201c485ml\u201d en la parte inferior de la botella.<\/li>\n<li><strong>Marcado de volumen grabado al \u00e1cido:<\/strong> Se puede utilizar un revestimiento de epoxi negro o de color sobre la malla de alambre, ya sea para la decoraci\u00f3n de la malla de alambre o para que combine mejor con la totalidad de su dise\u00f1o.<\/li>\n<\/ul>","protected":false},"excerpt":{"rendered":"<p>Botellas de vidrio \u00e1mbar resellables con tapas de cierre herm\u00e9tico de alambre resistente: ideales para refrescos, cerveza o kombucha. Env\u00edo r\u00e1pido.<\/p>","protected":false},"featured_media":23831,"template":"","meta":[],"product_brand":[],"product_cat":[122,123,132],"product_tag":[],"class_list":{"0":"post-23813","1":"product","2":"type-product","3":"status-publish","4":"has-post-thumbnail","6":"product_cat-custom-glass-packaging","7":"product_cat-custom-glass-bottles","8":"product_cat-glass-flip-top-bottles","10":"first","11":"instock","12":"shipping-taxable","13":"product-type-simple"},"jetpack_sharing_enabled":true,"_links":{"self":[{"href":"https:\/\/yebodaglass.com\/es\/wp-json\/wp\/v2\/product\/23813","targetHints":{"allow":["GET"]}}],"collection":[{"href":"https:\/\/yebodaglass.com\/es\/wp-json\/wp\/v2\/product"}],"about":[{"href":"https:\/\/yebodaglass.com\/es\/wp-json\/wp\/v2\/types\/product"}],"version-history":[{"count":5,"href":"https:\/\/yebodaglass.com\/es\/wp-json\/wp\/v2\/product\/23813\/revisions"}],"predecessor-version":[{"id":25410,"href":"https:\/\/yebodaglass.com\/es\/wp-json\/wp\/v2\/product\/23813\/revisions\/25410"}],"wp:featuredmedia":[{"embeddable":true,"href":"https:\/\/yebodaglass.com\/es\/wp-json\/wp\/v2\/media\/23831"}],"wp:attachment":[{"href":"https:\/\/yebodaglass.com\/es\/wp-json\/wp\/v2\/media?parent=23813"}],"wp:term":[{"taxonomy":"product_brand","embeddable":true,"href":"https:\/\/yebodaglass.com\/es\/wp-json\/wp\/v2\/product_brand?post=23813"},{"taxonomy":"product_cat","embeddable":true,"href":"https:\/\/yebodaglass.com\/es\/wp-json\/wp\/v2\/product_cat?post=23813"},{"taxonomy":"product_tag","embeddable":true,"href":"https:\/\/yebodaglass.com\/es\/wp-json\/wp\/v2\/product_tag?post=23813"}],"curies":[{"name":"wp","href":"https:\/\/api.w.org\/{rel}","templated":true}]}}