{"id":23811,"date":"2025-11-17T17:24:30","date_gmt":"2025-11-17T09:24:30","guid":{"rendered":"https:\/\/yebodaglass.com\/?post_type=product&#038;p=23811"},"modified":"2025-11-18T10:20:05","modified_gmt":"2025-11-18T02:20:05","slug":"pickling-containers-bulk-glass-pickling-jar","status":"publish","type":"product","link":"https:\/\/yebodaglass.com\/es\/pickling-containers-bulk-glass-pickling-jar\/","title":{"rendered":"Frasco de vidrio para encurtidos de kimchi a granel de 350 ml a 730 ml"},"content":{"rendered":"<p>\u00bfCansado de frascos de pepinillos que gotean o pierden frescura? Fabricamos frascos de vidrio para encurtidos: \u00a1se acabaron los lotes de pepinillos o eneldo sin gracia! Estos recipientes transforman tu almacenamiento de alimentos en una potente herramienta de marketing. Los pedidos al por mayor se personalizan seg\u00fan las necesidades de tu negocio.<\/p>\n<h2>Caracter\u00edsticas del producto<\/h2>\n<p><strong>Vidrio transparente engrosado<\/strong><\/p>\n<p>Los laterales del recipiente son resistentes y duraderos, resistentes a los \u00e1cidos y a la sal, por lo que pueden utilizarse para encurtidos, fermentaci\u00f3n, salsas y una gran variedad de otros productos alimenticios.<\/p>\n<p><strong>Gran capacidad de sellado<\/strong><\/p>\n<p>El dise\u00f1o de la tapa de rosca, cuando se utiliza en conjunto, dificulta en gran medida la entrada de aire, manteniendo as\u00ed el sabor y la limpieza de los ingredientes.<\/p>\n<p><strong>botella de forma redonda<\/strong><\/p>\n<p>Al tener un aspecto m\u00e1s volum\u00e9trico, resulta ideal para productos de exhibici\u00f3n, lo que aumenta su atractivo en los estantes.<\/p>\n<h2>Especificaciones clave<\/h2>\n<table style=\"border-collapse: collapse; width: 80%; margin-left: auto; margin-right: auto;\" border=\"0\" width=\"216\" cellspacing=\"0\" cellpadding=\"0\">\n<tbody>\n<tr style=\"height: 13.50pt;\">\n<td style=\"height: 13.5pt; width: 54pt; text-align: center;\" width=\"72\" height=\"18\">Capacidad (ml)<\/td>\n<td style=\"width: 54pt; text-align: center;\" width=\"72\">Tama\u00f1o (cm)<\/td>\n<td style=\"width: 54pt; text-align: center;\" width=\"72\">Opciones personalizadas<\/td>\n<\/tr>\n<tr style=\"height: 13.50pt;\">\n<td style=\"height: 13.5pt; text-align: center;\" align=\"right\" height=\"18\">350<\/td>\n<td style=\"text-align: center;\">8,5 x 8,1 x 11,0<\/td>\n<td class=\"et2\" style=\"text-align: center;\" rowspan=\"3\">Tapas,Color,Logotipo...<\/td>\n<\/tr>\n<tr style=\"height: 13.50pt;\">\n<td style=\"height: 13.5pt; text-align: center;\" align=\"right\" height=\"18\">480<\/td>\n<td style=\"text-align: center;\">9,2 x 8,9 x 12,2<\/td>\n<\/tr>\n<tr style=\"height: 13.50pt;\">\n<td style=\"height: 13.5pt; text-align: center;\" align=\"right\" height=\"18\">730<\/td>\n<td style=\"text-align: center;\">9,5 x 14,5<\/td>\n<\/tr>\n<\/tbody>\n<\/table>\n<h2>Historia de \u00e9xito<\/h2>\n<p>Cuando una marca de salsa picante del sudeste asi\u00e1tico decidi\u00f3 renovar su envase, opt\u00f3 por nuestro tarro de cristal para encurtidos. El nuevo tarro redondo y transparente, en el estante, result\u00f3 muy atractivo para los consumidores, quienes pudieron apreciar de inmediato los ingredientes aut\u00e9nticos y sus trozos grandes. La tapa de rosca tambi\u00e9n contribuy\u00f3 a mantener el producto fresco durante m\u00e1s tiempo.<\/p>\n<p>En tan solo tres meses, las ventas de la nueva serie de envases se dispararon, lo que permiti\u00f3 a la marca abrirse paso en el mercado altamente competitivo de los condimentos.<\/p>\n<h2>Su manual de personalizaci\u00f3n de contenedores de encurtidos<\/h2>\n<ol>\n<li><strong>Tapones de sellado personalizados:<\/strong> Para un mejor sellado y conservaci\u00f3n de los encurtidos fermentados, puede seleccionar anillos de sellado de metal, pl\u00e1stico resistente a la humedad o silicona.<\/li>\n<li><strong>Operaciones de etiquetado e impresi\u00f3n:<\/strong> Satisface los requisitos visuales de la marca mediante la implementaci\u00f3n de cualquiera de las siguientes t\u00e9cnicas: esmalte horneado, serigraf\u00eda, relieve o dise\u00f1os de etiquetas completas.<\/li>\n<li><strong>Color y textura antideslizante de las tapas:<\/strong> Se utilizan tapas de diferentes colores, con o sin superficies texturizadas, para atraer la atenci\u00f3n del consumidor en el estante y proporcionar un mejor agarre al abrirlas.<\/li>\n<\/ol>","protected":false},"excerpt":{"rendered":"<p>Envases para encurtidos, ideales para salsas y alimentos fermentados. Nuestros tarros de cristal para encurtidos ofrecen una presentaci\u00f3n clara, un cierre herm\u00e9tico y un envasado a granel fiable para marcas.<\/p>","protected":false},"featured_media":23817,"template":"","meta":[],"product_brand":[],"product_cat":[122,124,133],"product_tag":[],"class_list":{"0":"post-23811","1":"product","2":"type-product","3":"status-publish","4":"has-post-thumbnail","6":"product_cat-custom-glass-packaging","7":"product_cat-custom-glass-jars","8":"product_cat-pickle-jars","10":"first","11":"instock","12":"shipping-taxable","13":"product-type-simple"},"jetpack_sharing_enabled":true,"_links":{"self":[{"href":"https:\/\/yebodaglass.com\/es\/wp-json\/wp\/v2\/product\/23811","targetHints":{"allow":["GET"]}}],"collection":[{"href":"https:\/\/yebodaglass.com\/es\/wp-json\/wp\/v2\/product"}],"about":[{"href":"https:\/\/yebodaglass.com\/es\/wp-json\/wp\/v2\/types\/product"}],"version-history":[{"count":5,"href":"https:\/\/yebodaglass.com\/es\/wp-json\/wp\/v2\/product\/23811\/revisions"}],"predecessor-version":[{"id":23836,"href":"https:\/\/yebodaglass.com\/es\/wp-json\/wp\/v2\/product\/23811\/revisions\/23836"}],"wp:featuredmedia":[{"embeddable":true,"href":"https:\/\/yebodaglass.com\/es\/wp-json\/wp\/v2\/media\/23817"}],"wp:attachment":[{"href":"https:\/\/yebodaglass.com\/es\/wp-json\/wp\/v2\/media?parent=23811"}],"wp:term":[{"taxonomy":"product_brand","embeddable":true,"href":"https:\/\/yebodaglass.com\/es\/wp-json\/wp\/v2\/product_brand?post=23811"},{"taxonomy":"product_cat","embeddable":true,"href":"https:\/\/yebodaglass.com\/es\/wp-json\/wp\/v2\/product_cat?post=23811"},{"taxonomy":"product_tag","embeddable":true,"href":"https:\/\/yebodaglass.com\/es\/wp-json\/wp\/v2\/product_tag?post=23811"}],"curies":[{"name":"wp","href":"https:\/\/api.w.org\/{rel}","templated":true}]}}