{"id":23801,"date":"2025-11-17T15:49:26","date_gmt":"2025-11-17T07:49:26","guid":{"rendered":"https:\/\/yebodaglass.com\/?post_type=product&#038;p=23801"},"modified":"2025-11-17T16:50:04","modified_gmt":"2025-11-17T08:50:04","slug":"custom-grooved-resealable-bottles-for-fermentation","status":"publish","type":"product","link":"https:\/\/yebodaglass.com\/es\/custom-grooved-resealable-bottles-for-fermentation\/","title":{"rendered":"Botellas personalizadas de 465 ml con ranuras y cierre herm\u00e9tico para fermentaci\u00f3n"},"content":{"rendered":"<p data-start=\"66\" data-end=\"288\">Fabricadas con vidrio transparente, estas botellas resellables presentan un dise\u00f1o estriado y un tap\u00f3n met\u00e1lico a presi\u00f3n, combinando as\u00ed estilo, comodidad y un cierre seguro para un atractivo contempor\u00e1neo y atemporal.<\/p>\n<h2>Caracter\u00edsticas del producto<\/h2>\n<ul>\n<li><strong>Botella acanalada:<\/strong> El dise\u00f1o acanalado no s\u00f3lo decora el producto y hace que la marca sea m\u00e1s reconocible, sino que tambi\u00e9n mejora el agarre y hace que sea menos probable que resbale.<\/li>\n<li><strong>Sellado a presi\u00f3n:<\/strong> Con un tap\u00f3n met\u00e1lico a presi\u00f3n, el cierre de estas botellas dista mucho de ser un problema, ya que tiene una gran capacidad de sellado, lo que refresca eficazmente el contenido y facilita la apertura y el cierre.<\/li>\n<li><strong>Excelente aspecto:<\/strong> El producto adquiere un aspecto lujoso gracias al dibujo texturizado y al tap\u00f3n de rosca de estilo vintage, por lo que se convierte en un verdadero reclamo en las estanter\u00edas de los comercios.<\/li>\n<\/ul>\n<h2 style=\"text-align: left;\">Especificaciones clave<\/h2>\n<table class=\"aligncenter\" style=\"border-collapse: collapse; width: 426.02pt;\" border=\"0\" width=\"568\" cellspacing=\"0\" cellpadding=\"0\">\n<tbody>\n<tr style=\"height: 13.50pt;\">\n<td style=\"height: 13.50pt; width: 105.75pt;\" width=\"141\" height=\"18\">Especificaci\u00f3n<\/td>\n<td style=\"width: 320.25pt;\" width=\"427\">Detalles<\/td>\n<\/tr>\n<tr style=\"height: 13.50pt;\">\n<td style=\"height: 13.50pt;\" height=\"18\">Capacidad<\/td>\n<td>465 ml<\/td>\n<\/tr>\n<tr style=\"height: 13.50pt;\">\n<td style=\"height: 13.50pt;\" height=\"18\">Dimensiones<\/td>\n<td>7,75 cm \u00d7 22,3 cm<\/td>\n<\/tr>\n<tr style=\"height: 13.50pt;\">\n<td style=\"height: 13.50pt;\" height=\"18\">Material<\/td>\n<td>Vidrio transparente de alta claridad<\/td>\n<\/tr>\n<tr style=\"height: 13.50pt;\">\n<td style=\"height: 13.50pt;\" height=\"18\">Dise\u00f1o de la carrocer\u00eda<\/td>\n<td>Ranuras verticales de agarre y refuerzo<\/td>\n<\/tr>\n<tr style=\"height: 13.50pt;\">\n<td style=\"height: 13.50pt;\" height=\"18\">Tipo de cierre<\/td>\n<td>Tapas giratorias de acero inoxidable con tap\u00f3n rojo\/blanco<\/td>\n<\/tr>\n<tr style=\"height: 13.50pt;\">\n<td style=\"height: 13.50pt;\" height=\"18\">Ideal para<\/td>\n<td>botella para fermentaci\u00f3n, botellas flip top<\/td>\n<\/tr>\n<\/tbody>\n<\/table>\n<h2>Historia de \u00e9xito\u200d\u200d\u200d\u200d\u200d: Mejorar la imagen de una marca de vinagre<\/h2>\n<p>Uno de los productores de vinagre artesanal necesitaba un envase capaz de aguantar la presi\u00f3n de la carbonizaci\u00f3n y que reflejara tambi\u00e9n el posicionamiento de gama alta del producto. Al final, optaron por nuestra botella ranurada para fermentaci\u00f3n. Gracias a la forma acanalada, fue posible reducir los derrames en 41%, y la p\u00e9rdida de sabor se redujo en 38%, ya que el tap\u00f3n de rosca que se utilizaba para mantener fresca la cerveza de forma eficaz tambi\u00e9n se utilizaba para cerrar herm\u00e9ticamente la botella. Con este logro como punto de partida, la empresa ha realizado cuatro pedidos consecutivos que ascienden a 500.000 botellas en total para ampliar su red de distribuci\u00f3n.<\/p>\n<h2>Opciones de personalizaci\u00f3n<\/h2>\n<p>Estas pueden ser sus botellas resellables personalizadas de mayor calidad si utiliza las siguientes opciones de personalizaci\u00f3n:<\/p>\n<ul>\n<li><strong>Groove Coloraci\u00f3n de alto brillo:<\/strong> Las ranuras verticales pueden decorarse con esmalte de color, lo que da lugar a un patr\u00f3n de rayas distintivo que pueden ser los colores de su marca.<\/li>\n<li><strong>Marca de volumen en relieve:<\/strong> A\u00f1ada una sutil marca en relieve de \"465 ml\" en el fondo o en la parte inferior de la botella para dar un aspecto m\u00e1s lujoso al producto.<\/li>\n<li><strong>Color de gorra personalizado:<\/strong> Puede elegir un color de tap\u00f3n cer\u00e1mico que combine bien con el esquema de colores primarios de la marca.<\/li>\n<li><strong>Logo grabado al \u00e1cido:<\/strong> Una superficie de cristal transparente con un logotipo esmerilado grabado al \u00e1cido no s\u00f3lo es un \u200d\u200d\u200dpresentador sofisticado, sino tambi\u00e9n duradero y una imagen de marca de primera calidad.<\/li>\n<\/ul>","protected":false},"excerpt":{"rendered":"<p>Botella de vidrio transparente para fermentaci\u00f3n con cuerpo acanalado y tap\u00f3n herm\u00e9tico giratorio. Botellas resellables, elegantes y duraderas, perfectas para la elaboraci\u00f3n de cerveza y el almacenamiento. Muestras gratuitas.<\/p>","protected":false},"featured_media":23804,"template":"","meta":[],"product_brand":[],"product_cat":[122,123,132],"product_tag":[],"class_list":{"0":"post-23801","1":"product","2":"type-product","3":"status-publish","4":"has-post-thumbnail","6":"product_cat-custom-glass-packaging","7":"product_cat-custom-glass-bottles","8":"product_cat-glass-flip-top-bottles","10":"first","11":"instock","12":"shipping-taxable","13":"product-type-simple"},"jetpack_sharing_enabled":true,"_links":{"self":[{"href":"https:\/\/yebodaglass.com\/es\/wp-json\/wp\/v2\/product\/23801","targetHints":{"allow":["GET"]}}],"collection":[{"href":"https:\/\/yebodaglass.com\/es\/wp-json\/wp\/v2\/product"}],"about":[{"href":"https:\/\/yebodaglass.com\/es\/wp-json\/wp\/v2\/types\/product"}],"version-history":[{"count":4,"href":"https:\/\/yebodaglass.com\/es\/wp-json\/wp\/v2\/product\/23801\/revisions"}],"predecessor-version":[{"id":23812,"href":"https:\/\/yebodaglass.com\/es\/wp-json\/wp\/v2\/product\/23801\/revisions\/23812"}],"wp:featuredmedia":[{"embeddable":true,"href":"https:\/\/yebodaglass.com\/es\/wp-json\/wp\/v2\/media\/23804"}],"wp:attachment":[{"href":"https:\/\/yebodaglass.com\/es\/wp-json\/wp\/v2\/media?parent=23801"}],"wp:term":[{"taxonomy":"product_brand","embeddable":true,"href":"https:\/\/yebodaglass.com\/es\/wp-json\/wp\/v2\/product_brand?post=23801"},{"taxonomy":"product_cat","embeddable":true,"href":"https:\/\/yebodaglass.com\/es\/wp-json\/wp\/v2\/product_cat?post=23801"},{"taxonomy":"product_tag","embeddable":true,"href":"https:\/\/yebodaglass.com\/es\/wp-json\/wp\/v2\/product_tag?post=23801"}],"curies":[{"name":"wp","href":"https:\/\/api.w.org\/{rel}","templated":true}]}}