{"id":23792,"date":"2025-11-17T14:17:35","date_gmt":"2025-11-17T06:17:35","guid":{"rendered":"https:\/\/yebodaglass.com\/?post_type=product&#038;p=23792"},"modified":"2026-03-26T14:20:30","modified_gmt":"2026-03-26T06:20:30","slug":"wholesale-clear-fermentation-bottles-with-handles","status":"publish","type":"product","link":"https:\/\/yebodaglass.com\/es\/wholesale-clear-fermentation-bottles-with-handles\/","title":{"rendered":"Mayorista Botellas de Fermentaci\u00f3n Transparentes con Asas 250ml 350ml 500ml"},"content":{"rendered":"<p>Intended to withstand usage, be easy to carry and manage, and provide assurance to good sealing ability, this glass bottle family ( 250ml, 350ml and 500ml picks ) will have built in handle and swing top closure. The bottles are made of pure, clear glass, with an easy, ergonomic handle and a rounded, smooth body that makes them easy to fill and pour in either the work or home setting.<\/p>\n<h2>Caracter\u00edsticas del producto<\/h2>\n<p>All bottles come packaged with a swivel-top (flip-top) system of bottle closure: A glass stopper, stainless wire bail, and a food grade sealing gasket. This construction provides an airtight sealed cover and the bottles can be used to preserve freshness and to facilitate the fermentation process. Product visibility is improved by the transparent glass body and therefore the ease with which users can track contents.<\/p>\n<h2 style=\"text-align: left;\">Especificaciones clave<\/h2>\n<table class=\"aligncenter\" style=\"border-collapse: collapse; width: 762.77pt;\" border=\"0\" width=\"1017\" cellspacing=\"0\" cellpadding=\"0\">\n<tbody>\n<tr style=\"height: 13.50pt;\">\n<td style=\"height: 13.50pt; width: 138.75pt;\" width=\"185\" height=\"18\">Especificaci\u00f3n<\/td>\n<td style=\"width: 624.00pt;\" width=\"832\">Detalles<\/td>\n<\/tr>\n<tr style=\"height: 13.50pt;\">\n<td style=\"height: 13.50pt;\" height=\"18\">Dimensiones<\/td>\n<td>250ml(8oz): 6,7 cm \u00d7 17,2 cm\/350ml(12oz): 7,6 cm \u00d7 20 cm\/500ml(16oz): 8,7 cm \u00d7 21,8 cm<\/td>\n<\/tr>\n<tr style=\"height: 13.50pt;\">\n<td style=\"height: 13.50pt;\" height=\"18\">Material<\/td>\n<td>Vidrio s\u00f3dico-c\u00e1lcico sin plomo<\/td>\n<\/tr>\n<tr style=\"height: 13.50pt;\">\n<td style=\"height: 13.50pt;\" height=\"18\">Dise\u00f1o del asa<\/td>\n<td>Asa ergon\u00f3mica moldeada en todos los tama\u00f1os<\/td>\n<\/tr>\n<tr style=\"height: 13.50pt;\">\n<td style=\"height: 13.50pt;\" height=\"18\">Tipo de cierre<\/td>\n<td>\u00a0swing top<\/td>\n<\/tr>\n<tr style=\"height: 13.50pt;\">\n<td style=\"height: 13.50pt;\" height=\"18\">Opciones de juntas<\/td>\n<td>Caucho o silicona aptos para uso alimentario<\/td>\n<\/tr>\n<tr style=\"height: 13.50pt;\">\n<td style=\"height: 13.50pt;\" height=\"18\">Rendimiento del sello<\/td>\n<td>Herm\u00e9tico, resistente a la presi\u00f3n, ideal para la carbonataci\u00f3n natural<\/td>\n<\/tr>\n<tr style=\"height: 13.50pt;\">\n<td style=\"height: 13.50pt;\" height=\"18\">Ideal para<\/td>\n<td>Cerveza, refrescos, vinificaci\u00f3n, t\u00f3nicos probi\u00f3ticos, Kombucha<\/td>\n<\/tr>\n<\/tbody>\n<\/table>\n<h2>Historia de \u00e9xito: Optimizaci\u00f3n de una l\u00ednea de producci\u00f3n artesanal de kombucha<\/h2>\n<p>La f\u00e1brica de kombucha se enfrentaba a un problema de inestabilidad en el proceso de producci\u00f3n, ya que utilizaba tanques de fermentaci\u00f3n para la fermentaci\u00f3n secundaria y luego vend\u00eda los productos en botellas normales. En consecuencia, la tasa de contaminaci\u00f3n era muy alta y la producci\u00f3n inestable. Cambiaron a nuestras botellas de fermentaci\u00f3n con asa y fue entonces cuando se dieron cuenta de que el \u00edndice de contaminaci\u00f3n se redujo en 38% debido al mejor sellado de las botellas. A los empleados tambi\u00e9n les result\u00f3 m\u00e1s f\u00e1cil tomar muestras en el mercado agr\u00edcola, ya que pod\u00edan agarrar las botellas por las asas, por lo que las roturas durante la manipulaci\u00f3n se redujeron en 15%. La f\u00e1brica de cerveza estaba tan satisfecha con el rendimiento del producto y la reacci\u00f3n de los clientes que decidi\u00f3 hacer tres pedidos m\u00e1s de 100.000 botellas cada uno.<\/p>\n<h2>Sugerencias de personalizaci\u00f3n para las botellas de fermentaci\u00f3n<\/h2>\n<p>Haga que las botellas funcionales para fermentaci\u00f3n sean m\u00e1s atractivas y reconozcan mejor su marca con estas opciones de personalizaci\u00f3n relacionadas con el producto:<\/p>\n<ul>\n<li><strong>L\u00edneas de capacidad ilustradas:<\/strong> Las l\u00edneas de volumen est\u00e1n claramente marcadas en el hombro de la botella para garantizar un volumen preciso para cada lote.<\/li>\n<li><strong>Serigraf\u00eda en vidrio:<\/strong> Los gr\u00e1ficos de la botella est\u00e1n hechos de un material duradero y resistente a los productos qu\u00edmicos, que se imprime directamente en el cuerpo de la botella, por lo que es capaz de soportar lavados y manipulaciones frecuentes.<\/li>\n<li><strong>Asas esmeriladas:<\/strong> Las asas tienen un aspecto esmerilado que se a\u00f1ade para un mejor agarre y una experiencia m\u00e1s lujosa.<\/li>\n<li><strong>Logotipo en relieve en la parte inferior:<\/strong> Peque\u00f1o, en relieve y sutil, el logotipo impreso en la parte inferior de la botella confiere al producto un aspecto profesional sin interferir con la etiqueta.<\/li>\n<\/ul>","protected":false},"excerpt":{"rendered":"<p>Durable fermentation bottles with swing top and handle. Clear ferment bottles in 250ml, 350ml, 500ml for brewing, storage, and beverage packaging.<\/p>","protected":false},"featured_media":25629,"template":"","meta":[],"product_brand":[],"product_cat":[132,123,122],"product_tag":[],"class_list":{"0":"post-23792","1":"product","2":"type-product","3":"status-publish","4":"has-post-thumbnail","6":"product_cat-glass-flip-top-bottles","7":"product_cat-custom-glass-bottles","8":"product_cat-custom-glass-packaging","10":"first","11":"instock","12":"shipping-taxable","13":"product-type-simple"},"jetpack_sharing_enabled":true,"_links":{"self":[{"href":"https:\/\/yebodaglass.com\/es\/wp-json\/wp\/v2\/product\/23792","targetHints":{"allow":["GET"]}}],"collection":[{"href":"https:\/\/yebodaglass.com\/es\/wp-json\/wp\/v2\/product"}],"about":[{"href":"https:\/\/yebodaglass.com\/es\/wp-json\/wp\/v2\/types\/product"}],"version-history":[{"count":5,"href":"https:\/\/yebodaglass.com\/es\/wp-json\/wp\/v2\/product\/23792\/revisions"}],"predecessor-version":[{"id":25615,"href":"https:\/\/yebodaglass.com\/es\/wp-json\/wp\/v2\/product\/23792\/revisions\/25615"}],"wp:featuredmedia":[{"embeddable":true,"href":"https:\/\/yebodaglass.com\/es\/wp-json\/wp\/v2\/media\/25629"}],"wp:attachment":[{"href":"https:\/\/yebodaglass.com\/es\/wp-json\/wp\/v2\/media?parent=23792"}],"wp:term":[{"taxonomy":"product_brand","embeddable":true,"href":"https:\/\/yebodaglass.com\/es\/wp-json\/wp\/v2\/product_brand?post=23792"},{"taxonomy":"product_cat","embeddable":true,"href":"https:\/\/yebodaglass.com\/es\/wp-json\/wp\/v2\/product_cat?post=23792"},{"taxonomy":"product_tag","embeddable":true,"href":"https:\/\/yebodaglass.com\/es\/wp-json\/wp\/v2\/product_tag?post=23792"}],"curies":[{"name":"wp","href":"https:\/\/api.w.org\/{rel}","templated":true}]}}