{"id":23764,"date":"2025-11-14T16:48:27","date_gmt":"2025-11-14T08:48:27","guid":{"rendered":"https:\/\/yebodaglass.com\/?post_type=product&#038;p=23764"},"modified":"2025-11-18T10:21:39","modified_gmt":"2025-11-18T02:21:39","slug":"wholesale-clear-grolsch-bottle-with-swing-top","status":"publish","type":"product","link":"https:\/\/yebodaglass.com\/es\/wholesale-clear-grolsch-bottle-with-swing-top\/","title":{"rendered":"Mayorista Botellas transparentes Grolsch de 16 oz con tapa abatible"},"content":{"rendered":"<p data-start=\"66\" data-end=\"288\">It\u200d\u200d\u200d\u200d\u200d\u200d es una botella grolsch de vidrio transparente con tap\u00f3n met\u00e1lico de cierre herm\u00e9tico y componentes de color rojo y blanco. Adem\u00e1s de su utilidad y su cierre herm\u00e9tico, es perfecta para guardar bebidas o productos alimenticios.<\/p>\n<h2>Caracter\u00edsticas del producto<\/h2>\n<ul>\n<li><strong>Material del vidrio transparente:<\/strong> Con el cristal transparente, el color y la cantidad del l\u00edquido pueden comprobarse visualmente sin abrir el envase, lo que facilita la identificaci\u00f3n y la inspecci\u00f3n del producto.<\/li>\n<li><strong>Dise\u00f1o de cierre a presi\u00f3n:<\/strong> El tap\u00f3n met\u00e1lico rojo y blanco de cierre a presi\u00f3n fijado al recipiente ofrece un gran sellado, por lo que la frescura del l\u00edquido del interior est\u00e1 garantizada, mientras que, al mismo tiempo, la tapa se puede quitar y poner f\u00e1cilmente.<\/li>\n<li><strong>Dise\u00f1o sencillo y pr\u00e1ctico:<\/strong> La botella est\u00e1 dotada de unas l\u00edneas limpias y fluidas y un estilo minimalista que resultan est\u00e9ticamente atractivos y pr\u00e1cticos al mismo tiempo, por lo que se obtiene un producto que no s\u00f3lo es f\u00e1cil de manejar, sino tambi\u00e9n de almacenar.<\/li>\n<\/ul>\n<h2 style=\"text-align: left;\">Especificaciones clave<\/h2>\n<table class=\"aligncenter\" style=\"border-collapse: collapse; width: 564.02pt;\" border=\"0\" width=\"752\" cellspacing=\"0\" cellpadding=\"0\">\n<tbody>\n<tr style=\"height: 13.50pt;\">\n<td style=\"height: 13.50pt; width: 115.50pt;\" width=\"154\" height=\"18\">Especificaci\u00f3n<\/td>\n<td style=\"width: 448.50pt;\" width=\"598\">Detalles<\/td>\n<\/tr>\n<tr style=\"height: 13.50pt;\">\n<td style=\"height: 13.50pt;\" height=\"18\">Dimensiones<\/td>\n<td>500ml(16oz): 8,1 cm \u00d7 22,3 cm<\/td>\n<\/tr>\n<tr style=\"height: 13.50pt;\">\n<td style=\"height: 13.50pt;\" height=\"18\">Material<\/td>\n<td>Vidrio transparente de alta claridad<\/td>\n<\/tr>\n<tr style=\"height: 13.50pt;\">\n<td style=\"height: 13.50pt;\" height=\"18\">Sistema de cierre<\/td>\n<td>Tapas giratorias de acero inoxidable con tap\u00f3n rojo\/blanco + junta alimentaria<\/td>\n<\/tr>\n<tr style=\"height: 13.50pt;\">\n<td style=\"height: 13.50pt;\" height=\"18\">Acabado del cuello<\/td>\n<td>Compatible con los recambios est\u00e1ndar ez cap y los kits de arandelas<\/td>\n<\/tr>\n<tr style=\"height: 13.50pt;\">\n<td style=\"height: 13.50pt;\" height=\"18\">Ideal para<\/td>\n<td>Kombucha, cerveza, refrescos, vinificaci\u00f3n, t\u00f3nicos fermentados<\/td>\n<\/tr>\n<\/tbody>\n<\/table>\n<h2>Historia de \u00e9xito: El negocio de los refrescos artesanales da un giro<\/h2>\n<p>Una peque\u00f1a empresa de refrescos ten\u00eda problemas por no disponer del tipo de envase adecuado que pudiera ayudarles a reflejar su imagen de marca de primera calidad. Al final se decidieron por nuestras botellas de 16 onzas con tapa abatible para envasar su refresco de jengibre y su zarzaparrilla. Las familias estaban muy contentas con los tama\u00f1os grandes. La p\u00e9rdida de carbonataci\u00f3n durante el almacenamiento fue el principal factor que se redujo en 43% gracias a los cierres herm\u00e9ticos de rosca, lo que, en consecuencia, minimiz\u00f3 las quejas por deterioro y aument\u00f3 la tasa de recompra en \u200d\u200d\u200d\u200d\u200d52%, por lo que puede decirse que la empresa est\u00e1 obteniendo buenos resultados en cuanto a fidelizaci\u00f3n de clientes. Esto ha dado lugar a muchas conversaciones positivas por parte de la empresa, el consumidor y el c\u00edrculo de distribuidores, lo que se ha traducido en un aumento de los pedidos hasta 250.000 unidades cada trimestre por parte de los puntos de distribuci\u00f3n.<\/p>\n<h2>Ideas de personalizaci\u00f3n de botellas de Grolsch<\/h2>\n<ul>\n<li><strong>Serigraf\u00eda en vidrio:<\/strong> Puede decorar el envase de vidrio transparente con logotipos de marca vivos e imprimibles a la moda u otros dise\u00f1os que duren mucho tiempo y sean ideales para presentar la imagen y la identidad de una marca.<\/li>\n<li><strong>Marcado de capacidad en relieve:<\/strong> Haga que el aspecto profesional de su envase sea m\u00e1s pronunciado a\u00f1adiendo un \"16 OZ\" o \"1 L\" en relieve sutilmente en la parte inferior o inferior de la botella.<\/li>\n<li><strong>Anillo de sellado de silicona de color:<\/strong> Puede tener un anillo de sellado de silicona que est\u00e9 en sinton\u00eda con los colores de su marca y que sirva como un peque\u00f1o pero bastante perceptible detalle personalizado cuando se abrocha el tap\u00f3n.<\/li>\n<li><strong>Paneles especiales de etiquetas brillantes\/mates:<\/strong> Introduzca diferentes texturas de cristal en t\u00e9rminos de brillo o mate en su zona de pegatinas para que su etiqueta principal reciba la atenci\u00f3n que \u200d\u200d\u200d\u200d merece.<\/li>\n<\/ul>","protected":false},"excerpt":{"rendered":"<p>Botellas premium de 16 oz con tapa abatible, con forma de botella Grolsch, con tapa abatible met\u00e1lica para almacenar bebidas de forma segura y reutilizable. Env\u00edo r\u00e1pido. Muestras gratuitas.<\/p>","protected":false},"featured_media":23788,"template":"","meta":[],"product_brand":[],"product_cat":[122,123,132],"product_tag":[],"class_list":{"0":"post-23764","1":"product","2":"type-product","3":"status-publish","4":"has-post-thumbnail","6":"product_cat-custom-glass-packaging","7":"product_cat-custom-glass-bottles","8":"product_cat-glass-flip-top-bottles","10":"first","11":"instock","12":"shipping-taxable","13":"product-type-simple"},"jetpack_sharing_enabled":true,"_links":{"self":[{"href":"https:\/\/yebodaglass.com\/es\/wp-json\/wp\/v2\/product\/23764","targetHints":{"allow":["GET"]}}],"collection":[{"href":"https:\/\/yebodaglass.com\/es\/wp-json\/wp\/v2\/product"}],"about":[{"href":"https:\/\/yebodaglass.com\/es\/wp-json\/wp\/v2\/types\/product"}],"version-history":[{"count":4,"href":"https:\/\/yebodaglass.com\/es\/wp-json\/wp\/v2\/product\/23764\/revisions"}],"predecessor-version":[{"id":23838,"href":"https:\/\/yebodaglass.com\/es\/wp-json\/wp\/v2\/product\/23764\/revisions\/23838"}],"wp:featuredmedia":[{"embeddable":true,"href":"https:\/\/yebodaglass.com\/es\/wp-json\/wp\/v2\/media\/23788"}],"wp:attachment":[{"href":"https:\/\/yebodaglass.com\/es\/wp-json\/wp\/v2\/media?parent=23764"}],"wp:term":[{"taxonomy":"product_brand","embeddable":true,"href":"https:\/\/yebodaglass.com\/es\/wp-json\/wp\/v2\/product_brand?post=23764"},{"taxonomy":"product_cat","embeddable":true,"href":"https:\/\/yebodaglass.com\/es\/wp-json\/wp\/v2\/product_cat?post=23764"},{"taxonomy":"product_tag","embeddable":true,"href":"https:\/\/yebodaglass.com\/es\/wp-json\/wp\/v2\/product_tag?post=23764"}],"curies":[{"name":"wp","href":"https:\/\/api.w.org\/{rel}","templated":true}]}}