{"id":23742,"date":"2025-11-14T16:48:48","date_gmt":"2025-11-14T08:48:48","guid":{"rendered":"https:\/\/yebodaglass.com\/?post_type=product&#038;p=23742"},"modified":"2026-04-14T16:03:36","modified_gmt":"2026-04-14T08:03:36","slug":"custom-pickle-container-pickles-jars-wholesale","status":"publish","type":"product","link":"https:\/\/yebodaglass.com\/es\/custom-pickle-container-pickles-jars-wholesale\/","title":{"rendered":"Venta al por mayor de envases de vidrio personalizados para encurtidos de 125 ml a 280 ml"},"content":{"rendered":"<p>\u00bfCansado de frascos de pepinillos que gotean o esconden el pepino? Fabricamos envases de vidrio para pepinillos: \u00a1se acabaron los derrames de salmuera! Estos juegos de frascos para pepinillos transforman el almacenamiento de tus alimentos en una declaraci\u00f3n de marca. Los pedidos al por mayor incluyen colores personalizados que combinan con tu marca.<\/p>\n<h2>Caracter\u00edsticas del producto<\/h2>\n<ul>\n<li><strong>Thick\u200b\u200d\u200b\u200c\u200d\u200b\u200d\u200c\u200b\u200d\u200b\u200c\u200d\u200b\u200d\u200c Glass Durability: <\/strong>No se rompe f\u00e1cilmente; conserva la calidad de las frutas encurtidas durante varios meses sin perder su color.<\/li>\n<li><strong>Airtight Metal Lid Seal: <\/strong>Evita la entrada de aire, manteniendo el eneldo, el vinagre y el sabor absolutamente frescos.<\/li>\n<li><strong>Wide Mouth Glass Opening: <\/strong>Pr\u00e1ctico para rellenar con verduras; el fermento se puede preparar sin ensuciar nada.<\/li>\n<\/ul>\n<h2>Especificaciones clave<\/h2>\n<p>&nbsp;<\/p>\n<table style=\"border-collapse: collapse; width: 80%; margin-left: auto; margin-right: auto;\" border=\"0\" width=\"288\" cellspacing=\"0\" cellpadding=\"0\">\n<tbody>\n<tr style=\"height: 13.50pt;\">\n<td style=\"height: 13.5pt; width: 54pt; text-align: center;\" width=\"72\" height=\"18\">Capacidad (ml)<\/td>\n<td style=\"width: 54pt; text-align: center;\" width=\"72\">Tama\u00f1o (cm)<\/td>\n<td style=\"width: 54pt; text-align: center;\" width=\"72\">Tipo de cierre<\/td>\n<\/tr>\n<tr style=\"height: 13.50pt;\">\n<td style=\"height: 13.5pt; text-align: center;\" height=\"18\">125<\/td>\n<td style=\"text-align: center;\">7.5 x 7.3<\/td>\n<td class=\"et2\" style=\"text-align: center;\" rowspan=\"3\">Roscado (Pl\u00e1stico\/Metal)<\/td>\n<\/tr>\n<tr style=\"height: 13.50pt;\">\n<td style=\"height: 13.5pt; text-align: center;\" height=\"18\">180<\/td>\n<td style=\"text-align: center;\">8.0 x 7.7<\/td>\n<\/tr>\n<tr style=\"height: 13.50pt;\">\n<td style=\"height: 13.5pt; text-align: center;\" height=\"18\">280<\/td>\n<td style=\"text-align: center;\">8.2 x 7.9<\/td>\n<\/tr>\n<\/tbody>\n<\/table>\n<h2>Caso de \u00e9xito<\/h2>\n<p>Cuando una marca de encurtidos del sudeste asi\u00e1tico decidi\u00f3 renovar su envase, opt\u00f3 por nuestro recipiente para encurtidos. El frasco curvo y transparente realza visualmente el atractivo del producto, lo que resulta muy atractivo en los estantes; adem\u00e1s, su mejor sellado ha contribuido a reducir la rotura durante el transporte en un 30 %.<\/p>\n<p>Las ventas de la gama de verduras encurtidas de la marca aumentaron un 22% en los tres meses posteriores al lanzamiento del nuevo producto, duplicando as\u00ed la exposici\u00f3n de la marca y la expansi\u00f3n de los canales de distribuci\u00f3n.<\/p>\n<h2>Tu gu\u00eda de personalizaci\u00f3n para el contenedor de pepinillos<\/h2>\n<ol>\n<li><strong>Capacidades personalizables:<\/strong> Se ofrecen diferentes tama\u00f1os de tapa, desde peque\u00f1os hasta grandes, para adaptarse a diversos contenidos de condimentos (fruta entera, rodajas o ingredientes triturados), lo que hace que la l\u00ednea de productos sea m\u00e1s completa.<\/li>\n<li><strong>Material y color de la tapa seleccionables:<\/strong> Hay tapas personalizables de metal, pl\u00e1stico o a prueba de explosiones con acabados de pintura horneada multicolor en plata, negro y oro para que usted elija.<\/li>\n<li><strong>Etiquetas personalizadas y grabado en relieve:<\/strong> Permite la personalizaci\u00f3n del logotipo de la marca en la botella y proporciona materiales de etiqueta resistentes al aceite y a la humedad, lo que le confiere una apariencia m\u00e1s profesional y duradera.<\/li>\n<\/ol>","protected":false},"excerpt":{"rendered":"<p>Recipiente de cristal duradero para encurtidos para f\u00e1bricas de alimentos; Y el tarro para encurtidos admite pedidos a granel, envasado con etiquetas personalizadas para productos fermentados o en conserva.<\/p>","protected":false},"featured_media":23743,"template":"","meta":[],"product_brand":[],"product_cat":[133,124,122],"product_tag":[],"class_list":{"0":"post-23742","1":"product","2":"type-product","3":"status-publish","4":"has-post-thumbnail","6":"product_cat-pickle-jars","7":"product_cat-custom-glass-jars","8":"product_cat-custom-glass-packaging","10":"first","11":"instock","12":"shipping-taxable","13":"product-type-simple"},"jetpack_sharing_enabled":true,"_links":{"self":[{"href":"https:\/\/yebodaglass.com\/es\/wp-json\/wp\/v2\/product\/23742","targetHints":{"allow":["GET"]}}],"collection":[{"href":"https:\/\/yebodaglass.com\/es\/wp-json\/wp\/v2\/product"}],"about":[{"href":"https:\/\/yebodaglass.com\/es\/wp-json\/wp\/v2\/types\/product"}],"version-history":[{"count":5,"href":"https:\/\/yebodaglass.com\/es\/wp-json\/wp\/v2\/product\/23742\/revisions"}],"predecessor-version":[{"id":25784,"href":"https:\/\/yebodaglass.com\/es\/wp-json\/wp\/v2\/product\/23742\/revisions\/25784"}],"wp:featuredmedia":[{"embeddable":true,"href":"https:\/\/yebodaglass.com\/es\/wp-json\/wp\/v2\/media\/23743"}],"wp:attachment":[{"href":"https:\/\/yebodaglass.com\/es\/wp-json\/wp\/v2\/media?parent=23742"}],"wp:term":[{"taxonomy":"product_brand","embeddable":true,"href":"https:\/\/yebodaglass.com\/es\/wp-json\/wp\/v2\/product_brand?post=23742"},{"taxonomy":"product_cat","embeddable":true,"href":"https:\/\/yebodaglass.com\/es\/wp-json\/wp\/v2\/product_cat?post=23742"},{"taxonomy":"product_tag","embeddable":true,"href":"https:\/\/yebodaglass.com\/es\/wp-json\/wp\/v2\/product_tag?post=23742"}],"curies":[{"name":"wp","href":"https:\/\/api.w.org\/{rel}","templated":true}]}}