{"id":23732,"date":"2025-11-14T15:47:14","date_gmt":"2025-11-14T07:47:14","guid":{"rendered":"https:\/\/yebodaglass.com\/?post_type=product&#038;p=23732"},"modified":"2025-11-14T17:05:53","modified_gmt":"2025-11-14T09:05:53","slug":"wholesale-brown-grolsch-beer-bottles-with-swing-top","status":"publish","type":"product","link":"https:\/\/yebodaglass.com\/es\/wholesale-brown-grolsch-beer-bottles-with-swing-top\/","title":{"rendered":"Botellas de cerveza Grolsch marrones al por mayor con tap\u00f3n de rosca, 485 ml y 500 ml"},"content":{"rendered":"<p data-start=\"66\" data-end=\"288\">Las botellas de cerveza Grolsch, fabricadas en vidrio marr\u00f3n y disponibles en dos tama\u00f1os, son los frascos perfectos para l\u00edquidos o cerveza.<\/p>\n<h2>Caracter\u00edsticas del producto<\/h2>\n<ul>\n<li><strong>Material del vidrio marr\u00f3n:<\/strong> El vidrio marr\u00f3n es un material ideal para la protecci\u00f3n contra la luz y adem\u00e1s le da al producto un aspecto antiguo.<\/li>\n<li><strong>Sellado a presi\u00f3n:<\/strong> La tapa met\u00e1lica roja y blanca a presi\u00f3n es la parte sellante de estas botellas, lo que las hace compatibles con la conservaci\u00f3n de la frescura durante un uso prolongado y proporciona un acceso r\u00e1pido a los usuarios.<\/li>\n<li><strong>Diferentes opciones para la tapa:<\/strong> La botella puede ser sin tap\u00f3n (con cierre a presi\u00f3n) o con tap\u00f3n corona dorado, lo que le brinda una opci\u00f3n diferente y tambi\u00e9n aumenta la versatilidad del producto.<\/li>\n<\/ul>\n<h2 style=\"text-align: left;\">Especificaciones clave<\/h2>\n<table class=\"aligncenter\" style=\"border-collapse: collapse; width: 541.52pt;\" border=\"0\" width=\"722\" cellspacing=\"0\" cellpadding=\"0\">\n<tbody>\n<tr style=\"height: 13.50pt;\">\n<td style=\"height: 13.50pt; width: 119.25pt;\" width=\"159\" height=\"18\">Caracter\u00edsticas<\/td>\n<td style=\"width: 422.25pt;\" width=\"563\">Describir<\/td>\n<\/tr>\n<tr style=\"height: 13.50pt;\">\n<td style=\"height: 13.50pt;\" height=\"18\">Capacidad<\/td>\n<td>485 ml\/500 ml<\/td>\n<\/tr>\n<tr style=\"height: 13.50pt;\">\n<td style=\"height: 13.50pt;\" height=\"18\">Dimensiones<\/td>\n<td>7,75 cm \u00d7 22,6 cm\/8,1 cm \u00d7 22,3 cm<\/td>\n<\/tr>\n<tr style=\"height: 13.50pt;\">\n<td style=\"height: 13.50pt;\" height=\"18\">Material<\/td>\n<td>Vidrio marr\u00f3n de paredes gruesas (bloqueo UV)<\/td>\n<\/tr>\n<tr style=\"height: 13.50pt;\">\n<td style=\"height: 13.50pt;\" height=\"18\">Tipo de cierre<\/td>\n<td>Tapas abatibles de acero inoxidable con tap\u00f3n rojo\/blanco o dorado<\/td>\n<\/tr>\n<tr style=\"height: 13.50pt;\">\n<td style=\"height: 13.50pt;\" height=\"18\">Material de la junta<\/td>\n<td>Caucho apto para uso alimentario (est\u00e1ndar) o mejor a\u00fan, silicona.<\/td>\n<\/tr>\n<tr style=\"height: 13.50pt;\">\n<td style=\"height: 13.50pt;\" height=\"18\">Ideal para<\/td>\n<td>Elaboraci\u00f3n de cerveza, vinagre, refrescos, elaboraci\u00f3n de vino, bebidas artesanales<\/td>\n<\/tr>\n<\/tbody>\n<\/table>\n<h2>Historia de \u00e9xito: Expansi\u00f3n de una cervecer\u00eda artesanal<\/h2>\n<p>La cervecer\u00eda artesanal del barrio, que produce principalmente cervezas tipo belga, buscaba un envase que reflejara visualmente la calidad de sus productos. Para su primer lote, optaron por nuestras botellas de vidrio marr\u00f3n con tap\u00f3n de rosca. Gracias al vidrio resistente a los rayos UV, la alteraci\u00f3n del sabor de la cerveza durante el almacenamiento se redujo en un 43%, lo que increment\u00f3 los pedidos en un 40%. Esto llev\u00f3 a la cervecer\u00eda a convertir estas botellas con tap\u00f3n de rosca en su envase est\u00e1ndar, y as\u00ed continuaron realizando pedidos durante tres trimestres consecutivos.<\/p>\n<h2>Sugerencias de personalizaci\u00f3n de botellas de cerveza Grolsch<\/h2>\n<ul>\n<li><strong>Color de gorra personalizado:<\/strong> Personaliza la tapa cer\u00e1mica con el color de tu marca (por ejemplo, dorado, blanco o negro) y reconoce tu marca inmediatamente.<\/li>\n<li><strong>Logotipo impreso:<\/strong> Imprime tu logotipo f\u00edsicamente en la botella de vidrio marr\u00f3n y experimenta la satisfacci\u00f3n de tus clientes al tocar la botella y sentir la diferencia.<\/li>\n<li><strong>Marcado grabado al \u00e1cido:<\/strong> Coloque un hermoso logotipo o dise\u00f1o en la botella utilizando la t\u00e9cnica de grabado al \u00e1cido, que integra permanentemente su marca con la botella.<\/li>\n<li><strong>Juntas de silicona de colores:<\/strong> Se pueden utilizar juntas de silicona de colores en el color de su marca para un detalle personalizado peque\u00f1o pero muy efectivo que llamar\u00e1 la atenci\u00f3n.<\/li>\n<\/ul>","protected":false},"excerpt":{"rendered":"<p>Botellas de cerveza grolsch estilo con un encanto vintage-nuestras botellas de vidrio marr\u00f3n swing top combinan durabilidad y practicidad. Ventas directas de f\u00e1brica, env\u00edo r\u00e1pido.<\/p>","protected":false},"featured_media":23751,"template":"","meta":[],"product_brand":[],"product_cat":[122,123,132],"product_tag":[],"class_list":{"0":"post-23732","1":"product","2":"type-product","3":"status-publish","4":"has-post-thumbnail","6":"product_cat-custom-glass-packaging","7":"product_cat-custom-glass-bottles","8":"product_cat-glass-flip-top-bottles","10":"first","11":"instock","12":"shipping-taxable","13":"product-type-simple"},"jetpack_sharing_enabled":true,"_links":{"self":[{"href":"https:\/\/yebodaglass.com\/es\/wp-json\/wp\/v2\/product\/23732","targetHints":{"allow":["GET"]}}],"collection":[{"href":"https:\/\/yebodaglass.com\/es\/wp-json\/wp\/v2\/product"}],"about":[{"href":"https:\/\/yebodaglass.com\/es\/wp-json\/wp\/v2\/types\/product"}],"version-history":[{"count":5,"href":"https:\/\/yebodaglass.com\/es\/wp-json\/wp\/v2\/product\/23732\/revisions"}],"predecessor-version":[{"id":23758,"href":"https:\/\/yebodaglass.com\/es\/wp-json\/wp\/v2\/product\/23732\/revisions\/23758"}],"wp:featuredmedia":[{"embeddable":true,"href":"https:\/\/yebodaglass.com\/es\/wp-json\/wp\/v2\/media\/23751"}],"wp:attachment":[{"href":"https:\/\/yebodaglass.com\/es\/wp-json\/wp\/v2\/media?parent=23732"}],"wp:term":[{"taxonomy":"product_brand","embeddable":true,"href":"https:\/\/yebodaglass.com\/es\/wp-json\/wp\/v2\/product_brand?post=23732"},{"taxonomy":"product_cat","embeddable":true,"href":"https:\/\/yebodaglass.com\/es\/wp-json\/wp\/v2\/product_cat?post=23732"},{"taxonomy":"product_tag","embeddable":true,"href":"https:\/\/yebodaglass.com\/es\/wp-json\/wp\/v2\/product_tag?post=23732"}],"curies":[{"name":"wp","href":"https:\/\/api.w.org\/{rel}","templated":true}]}}